{"id":1364,"date":"2024-11-03T10:20:07","date_gmt":"2024-11-03T09:20:07","guid":{"rendered":"https:\/\/herbalaproach.com\/?post_type=product&#038;p=1364"},"modified":"2026-03-10T08:45:33","modified_gmt":"2026-03-10T07:45:33","slug":"tornado-vape","status":"publish","type":"product","link":"https:\/\/herbalaproach.com\/ar\/product\/tornado-vape\/","title":{"rendered":"\u062a\u0648\u0631\u0646\u064a\u062f\u0648 \u0641\u064a\u0628"},"content":{"rendered":"<p class=\"serp-title\">Tornado vape\u060c \u0647\u0644 \u0627\u0643\u062a\u0641\u064a\u062a \u0645\u0646 \u0627\u0644\u0633\u062c\u0627\u0626\u0631 \u0627\u0644\u0625\u0644\u0643\u062a\u0631\u0648\u0646\u064a\u0629 \u0627\u0644\u0645\u0645\u0644\u0629\u061f <a href=\"https:\/\/www.youtube.com\/watch?v=BuOCC3e5o3I\" target=\"_blank\" rel=\"noopener\">\u0627\u0644\u0633\u062c\u0627\u0626\u0631 \u0627\u0644\u0625\u0644\u0643\u062a\u0631\u0648\u0646\u064a\u0629<\/a> \u0628\u0646\u0641\u0633 \u0627\u0644\u0639\u062f\u062f \u0627\u0644\u0642\u0644\u064a\u0644 \u0645\u0646 \u0627\u0644\u0646\u0641\u062e\u0627\u062a\u061f \u0647\u0627\u0647\u061f \u064a\u062a\u0648\u0641\u0631 \u0627\u0644\u0622\u0646 \u062c\u0647\u0627\u0632 \u0631\u0627\u0646\u062f \u0625\u0645 \u062a\u0648\u0631\u0646\u064a\u062f\u0648 9000 \u0646\u0641\u062b \u0641\u064a\u0628 9000 \u0627\u0644\u0642\u0627\u0628\u0644 \u0644\u0644\u062a\u0635\u0631\u0641 \u062d\u0635\u0631\u064a\u064b\u0627 \u0641\u064a \u0645\u062c\u0645\u0648\u0639\u0629 \u0643\u0628\u064a\u0631\u0629 \u0645\u0646 48 \u0646\u0643\u0647\u0629 \u0644\u0630\u064a\u0630\u0629 \u0633\u062a\u0628\u0647\u0631 \u0628\u0631\u0627\u0639\u0645 \u0627\u0644\u062a\u0630\u0648\u0642 \u0644\u062f\u064a\u0643 \u0639\u0644\u0649 \u0627\u0644\u0641\u0648\u0631! \u064a\u0623\u062a\u064a \u0645\u0645\u0644\u0648\u0621\u064b\u0627 \u0645\u0633\u0628\u0642\u064b\u0627 \u0628\u0643\u0645\u064a\u0629 \u0645\u062b\u0627\u0644\u064a\u0629 \u0645\u0646 \u0627\u0644\u0633\u0627\u0626\u0644 \u0627\u0644\u0625\u0644\u0643\u062a\u0631\u0648\u0646\u064a \u0628\u0633\u0639\u0629 18 \u0645\u0644\u0644\u064a\u062a\u0631\u060c \u0628\u0627\u0644\u0625\u0636\u0627\u0641\u0629 \u0625\u0644\u0649 \u0623\u0646\u0647 \u0642\u0627\u0628\u0644 \u0644\u0625\u0639\u0627\u062f\u0629 \u0627\u0644\u0634\u062d\u0646 \u0648\u064a\u062d\u062a\u0648\u064a \u0639\u0644\u0649 \u0645\u0648\u0635\u0644 \u0645\u0646 \u0627\u0644\u0646\u0648\u0639 C \u062d\u062a\u0649 \u062a\u0645\u0631 \u062a\u062c\u0631\u0628\u0629 \u0627\u0644\u062a\u062f\u062e\u064a\u0646 \u0627\u0644\u0625\u0644\u0643\u062a\u0631\u0648\u0646\u064a \u0628\u062f\u0648\u0646 \u0623\u064a \u062a\u0648\u062a\u0631. \u064a\u062d\u062a\u0648\u064a 9k RandM \u0639\u0644\u0649 \u0644\u0641\u0627\u0626\u0641 \u0634\u0628\u0643\u064a\u0629 \u0645\u062a\u0637\u0648\u0631\u0629 \u062a\u0636\u0645\u0646 \u0644\u0643 \u0639\u062f\u0645 \u062a\u0630\u0648\u0642 \u0627\u0644\u0646\u0643\u0647\u0629 \u0627\u0644\u0645\u062d\u062a\u0631\u0642\u0629. <span class=\"___SText_anxqe-kmt_\" data-ui-name=\"Link.Text\">\u062a\u0648\u0631\u0646\u064a\u062f\u0648 \u0641\u064a\u0628<\/span><\/p>\n<h2><b><strong>\u0627\u0644\u062a\u0633\u0639\u064a\u0631 \u0627\u0644\u062d\u0635\u0631\u064a \u0644\u0640 RandM Tornado Vape Puffs Vape \u0627\u0644\u0642\u0627\u0628\u0644 \u0644\u0644\u062a\u0635\u0631\u0641<\/strong><\/b><\/h2>\n<p>\u0647\u0644 \u062a\u0628\u062d\u062b \u0639\u0646 \u062a\u062c\u0631\u0628\u0629 vaping \u0639\u0627\u0644\u064a\u0629 \u0627\u0644\u062c\u0648\u062f\u0629 \u0648\u0644\u0643\u0646 \u0628\u0645\u064a\u0632\u0627\u0646\u064a\u0629 \u0645\u062d\u062f\u0648\u062f\u0629\u061f \u0644\u0642\u062f \u0642\u0645\u0646\u0627 \u0628\u062a\u063a\u0637\u064a\u062a\u0643 \u0639\u0644\u0649 \u0627\u0644\u0631\u063a\u0645 \u0645\u0646 \u0623\u0646\u0646\u0627 \u0644\u0627 \u0646\u0633\u0627\u0648\u0645 \u0639\u0644\u0649 \u0627\u0644\u062c\u0648\u062f\u0629\u060c \u0625\u0644\u0627 \u0623\u0646\u0646\u0627 \u0646\u0647\u062a\u0645 \u0628\u062a\u0648\u0641\u064a\u0631 \u062a\u062c\u0631\u0628\u0629 \u062a\u062f\u062e\u064a\u0646 \u0625\u0644\u0643\u062a\u0631\u0648\u0646\u064a\u0629 \u0631\u0627\u0626\u0639\u0629 \u0645\u0639 9k \u0631\u0627\u0646\u062f \u0625\u0645 \u0628\u0627\u0641\u0632 \u062f\u0648\u0646 \u0623\u0646 \u0646\u0643\u0644\u0641\u0643 \u0627\u0644\u0643\u062b\u064a\u0631 \u0645\u0646 \u0627\u0644\u0645\u0627\u0644 \u0639\u0644\u0649 \u0627\u0644\u0631\u063a\u0645 \u0645\u0646 \u0623\u0646 \u0627\u0644\u0633\u0639\u0631 \u064a\u0635\u0628\u062d \u0623\u062d\u0644\u0649 \u0645\u0639 \u0627\u0644\u0628\u0627\u0642\u0627\u062a \u0644\u0630\u0627 \u0644\u0627 \u062a\u0641\u0648\u062a \u0627\u0644\u0628\u0627\u0642\u0627\u062a \u0627\u0644\u062a\u0627\u0644\u064a\u0629 \u0627\u0644\u0623\u0643\u062b\u0631 \u0645\u0628\u064a\u0639\u064b\u0627!<\/p>\n<ul>\n<li><b><strong>\u0645\u062a\u0648\u0641\u0631 \u0628\u0634\u0643\u0644 \u0641\u0631\u062f\u064a \u0645\u0642\u0627\u0628\u0644 10.99 \u062c\u0646\u064a\u0647 \u0625\u0633\u062a\u0631\u0644\u064a\u0646\u064a \u0641\u0642\u0637!<\/strong><\/b><\/li>\n<li><b><strong>2 \u062d\u0632\u0645\u0629 \u0645\u0642\u0627\u0628\u0644 19.99 \u062c\u0646\u064a\u0647 \u0625\u0633\u062a\u0631\u0644\u064a\u0646\u064a<\/strong><\/b><\/li>\n<li><b><strong>\u0627\u0644\u0639\u0628\u0648\u0629 \u0627\u0644\u0645\u0643\u0648\u0646\u0629 \u0645\u0646 5 \u0642\u0637\u0639 \u0645\u0642\u0627\u0628\u0644 45.99 \u062c\u0646\u064a\u0647 \u0625\u0633\u062a\u0631\u0644\u064a\u0646\u064a \u0641\u0642\u0637<\/strong><\/b><\/li>\n<li><b><strong>\u0627\u0644\u0639\u0628\u0648\u0629 \u0627\u0644\u0645\u0643\u0648\u0646\u0629 \u0645\u0646 10 \u0642\u0637\u0639 \u0645\u0642\u0627\u0628\u0644 84.99 \u062c\u0646\u064a\u0647 \u0625\u0633\u062a\u0631\u0644\u064a\u0646\u064a \u0641\u0642\u0637!<\/strong><\/b><\/li>\n<\/ul>\n<h2><b><strong>\u0645\u0648\u0627\u0635\u0641\u0627\u062a \u062c\u0647\u0627\u0632 \u0627\u0644\u0628\u062e\u0627\u0631 \u0631\u0627\u0646\u062f\u0645 \u062a\u0648\u0631\u0646\u064a\u062f\u0648 9000 \u0646\u0641\u062e\u0629 \u0631\u0627\u0646\u062f\u0645 \u062a\u0648\u0631\u0646\u064a\u062f\u0648 9000 \u0646\u0641\u062e\u0629 \u064a\u0645\u0643\u0646 \u0627\u0644\u062a\u062e\u0644\u0635 \u0645\u0646\u0647\u0627<\/strong><\/b><\/h2>\n<ul>\n<li><b><strong>\u0623\u0643\u062b\u0631 \u0645\u0646 9000 \u0642\u0637\u0627\u0631<\/strong><\/b><\/li>\n<li><b><strong>48 \u0645\u062c\u0645\u0648\u0639\u0629 \u0645\u062a\u0646\u0648\u0639\u0629 \u0645\u0646 \u0627\u0644\u0646\u0643\u0647\u0627\u062a \u0627\u0644\u0631\u0627\u0626\u0639\u0629<\/strong><\/b><\/li>\n<li><b><strong>\u062c\u0647\u0627\u0632 \u0642\u0627\u0628\u0644 \u0644\u0625\u0639\u0627\u062f\u0629 \u0627\u0644\u0634\u062d\u0646<\/strong><\/b><\/li>\n<li><b><strong>18 \u0645\u0644 \u0645\u0646 \u0627\u0644\u0633\u0627\u0626\u0644 \u0627\u0644\u0625\u0644\u0643\u062a\u0631\u0648\u0646\u064a<\/strong><\/b><\/li>\n<li><b><strong>\u0628\u0637\u0627\u0631\u064a\u0629 850 \u0645\u0644\u0644\u064a \u0623\u0645\u0628\u064a\u0631\/\u0633\u0627\u0639\u0629<\/strong><\/b><\/li>\n<li><b><strong>\u0644\u0641\u0627\u0626\u0641 \u0634\u0628\u0643\u064a\u0629<\/strong><\/b><\/li>\n<li><b><strong>\u0634\u0627\u0634\u0629 RGB \u0623\u0646\u064a\u0642\u0629<\/strong><\/b><\/li>\n<\/ul>\n<h2><b><strong>\u0645\u062c\u0645\u0648\u0639\u0629 \u0636\u062e\u0645\u0629 \u0645\u0646 53 \u0646\u0643\u0647\u0629 \u0645\u062b\u064a\u0631\u0629 \u0644\u062a\u0639\u0632\u064a\u0632 \u0644\u0639\u0628\u062a\u0643 \u0627\u0644\u0633\u062d\u0627\u0628\u064a\u0629<\/strong><\/b><\/h2>\n<p>\u0627\u0633\u062a\u0631\u062e\u0650\u060c \u0641\u0627\u0644\u062a\u0646\u0648\u0639 \u0627\u0644\u0631\u0627\u0626\u0639 \u0644\u0640 53 \u0646\u0643\u0647\u0629 \u0633\u064a\u0635\u064a\u0628\u0643 \u0628\u0627\u0644\u062c\u0646\u0648\u0646. \u0645\u0627\u0630\u0627 \u062a\u0631\u064a\u062f \u063a\u064a\u0631 \u0630\u0644\u0643\u061f \u0642\u0645 \u0628\u062a\u062d\u0633\u064a\u0646 <a href=\"https:\/\/herbalaproach.com\/ar\/\">\u0644\u0639\u0628\u0629 \u0627\u0644\u0641\u064a\u0628\u064a\u0646\u062c<\/a>\u0645\u0646 \u062e\u0644\u0627\u0644 \u062a\u062e\u0632\u064a\u0646 \u0646\u0643\u0647\u0627\u062a \u0641\u0631\u064a\u062f\u0629 \u0645\u0646 \u0646\u0648\u0639\u0647\u0627 \u062d\u062a\u0649 \u062a\u062a\u0645\u0643\u0646 \u0645\u0646 \u062a\u062f\u0644\u064a\u0644 \u0628\u0631\u0627\u0639\u0645 \u0627\u0644\u062a\u0630\u0648\u0642 \u0644\u062f\u064a\u0643 \u0628\u0645\u062c\u0645\u0648\u0639\u0629 \u0645\u0646 \u0627\u0644\u0646\u0643\u0647\u0627\u062a \u0627\u0644\u0634\u0647\u064a\u0629. \u062a\u0648\u0631\u0646\u064a\u062f\u0648 \u0641\u064a\u0628<\/p>\n<ol>\n<li><b><strong>\u0622\u064a\u0633 \u0628\u0648\u0628<\/strong><\/b><\/li>\n<li><b><strong>\u0627\u0644\u0633\u064a\u062f \u0628\u0644\u0648<\/strong><\/b><\/li>\n<li><b><strong>\u0628\u0637\u064a\u062e \u0628\u0627\u0644\u0641\u0631\u0627\u0648\u0644\u0629 \u0648\u0627\u0644\u0628\u0637\u064a\u062e<\/strong><\/b><\/li>\n<li><b><strong>\u0635\u0648\u062f\u0627 \u0627\u0644\u0628\u0631\u062a\u0642\u0627\u0644<\/strong><\/b><\/li>\n<li><b><strong>\u0639\u0644\u0643\u0629 \u0627\u0644\u0628\u0637\u064a\u062e<\/strong><\/b><\/li>\n<li><b><strong>\u062d\u0644\u0648\u0649 \u0642\u0648\u0633 \u0642\u0632\u062d<\/strong><\/b><\/li>\n<li><b><strong>\u0639\u0635\u064a\u0631 \u0627\u0644\u0644\u064a\u0645\u0648\u0646\u0627\u0636\u0629 \u0627\u0644\u0648\u0631\u062f\u064a<\/strong><\/b><\/li>\n<li><b><strong>\u062e\u0648\u062e \u0645\u0627\u0646\u062c\u0648 \u0623\u0646\u0627\u0646\u0627\u0633 \u062e\u0648\u062e \u0645\u0627\u0646\u062c\u0648 \u0623\u0646\u0627\u0646\u0627\u0633<\/strong><\/b><\/li>\n<li><b><strong>\u0641\u0631\u0627\u0648\u0644\u0629-\u0645\u0648\u0632-\u0641\u0631\u0627\u0648\u0644\u0629<\/strong><\/b><\/li>\n<li><b><strong>\u0622\u064a\u0633 \u0643\u0631\u064a\u0645 \u0644\u0630\u064a\u0630<\/strong><\/b><\/li>\n<li><b><strong>\u062c\u0644\u064a\u062f \u0627\u0644\u062a\u0646\u064a\u0646 \u0627\u0644\u0623\u0633\u0648\u062f \u0627\u0644\u062a\u0646\u064a\u0646 \u0627\u0644\u0623\u0633\u0648\u062f<\/strong><\/b><\/li>\n<li><b><strong>\u0635\u0628\u0627\u0631 \u0627\u0644\u0639\u0646\u0628<\/strong><\/b><\/li>\n<li><b><strong>\u0622\u064a\u0633 \u0643\u0631\u064a\u0645 \u0628\u0644\u0648 \u0631\u0627\u0632<\/strong><\/b><\/li>\n<li><b><strong>\u0641\u0627\u0643\u0647\u0629 \u0627\u0644\u0643\u064a\u0648\u064a \u0648\u0627\u0644\u0628\u0627\u0634\u0646 \u0641\u0631\u0648\u062a \u0627\u0644\u062c\u0648\u0627\u0641\u0629<\/strong><\/b><\/li>\n<li><b><strong>\u062d\u0644\u0648\u0649 \u0627\u0644\u062f\u0628\u0628\u0629 \u0627\u0644\u0635\u0645\u063a\u064a\u0629<\/strong><\/b><\/li>\n<li><b><strong>\u062a\u0648\u062a \u0645\u0634\u0643\u0644<\/strong><\/b><\/li>\n<li><b><strong>\u0627\u0644\u0646\u0639\u0646\u0627\u0639 \u0627\u0644\u0631\u0627\u0626\u0639<\/strong><\/b><\/li>\n<li><b><strong>\u062a\u0648\u062a \u0627\u0644\u0639\u0644\u064a\u0642 \u0648\u0627\u0644\u0628\u0637\u064a\u062e<\/strong><\/b><\/li>\n<li><b><strong>\u0639\u0635\u064a\u0631 \u0644\u064a\u0645\u0648\u0646\u0627\u0636\u0629 \u0627\u0644\u062e\u0648\u062e<\/strong><\/b><\/li>\n<li><b><strong>\u0622\u064a\u0633 \u0643\u0631\u064a\u0645 \u0627\u0644\u062c\u0648\u0627\u0641\u0629<\/strong><\/b><\/li>\n<li><b><strong>\u0639\u0635\u064a\u0631 \u0644\u064a\u0645\u0648\u0646\u0627\u0636\u0629 \u0627\u0644\u0641\u0631\u0627\u0648\u0644\u0629<\/strong><\/b><\/li>\n<li><b><strong>\u0622\u064a\u0633 \u0643\u0631\u064a\u0645 \u0634\u0631\u0628\u0627\u062a \u0627\u0644\u0628\u0637\u064a\u062e \u0628\u0627\u0644\u0628\u0637\u064a\u062e<\/strong><\/b><\/li>\n<li><b><strong>\u0643\u0627\u0633\u062a\u0631\u062f \u0627\u0644\u0645\u0648\u0632<\/strong><\/b><\/li>\n<li><b><strong>\u062e\u0648\u062e-\u062a\u0648\u062a-\u062e\u0648\u062e<\/strong><\/b><\/li>\n<li><b><strong>\u0643\u0631\u064a\u0645\u0629 \u0627\u0644\u0641\u0631\u0627\u0648\u0644\u0629<\/strong><\/b><\/li>\n<li><b><strong>\u0627\u0644\u062d\u0644\u0648\u0649 \u0627\u0644\u062d\u0627\u0645\u0636\u0629<\/strong><\/b><\/li>\n<li><b><strong>\u0633\u0643\u064a\u062a\u0644\u0632<\/strong><\/b><\/li>\n<li><b><strong>\u0627\u0644\u0643\u0631\u0632 \u0627\u0644\u063a\u0627\u0632\u064a<\/strong><\/b><\/li>\n<li><b><strong>\u0627\u0644\u062a\u0648\u062a \u0627\u0644\u0623\u0632\u0631\u0642 \u0648\u0627\u0644\u0643\u0631\u0632 \u0648\u0627\u0644\u062a\u0648\u062a \u0627\u0644\u0628\u0631\u064a<\/strong><\/b><\/li>\n<li><b><strong>\u0641\u064a\u0645\u062a\u0648<\/strong><\/b><\/li>\n<li><b><strong>\u0627\u0644\u0643\u0631\u0632<\/strong><\/b><\/li>\n<li><b><strong>\u0627\u0644\u062c\u0644\u064a\u062f \u0627\u0644\u0623\u0633\u0648\u062f<\/strong><\/b><\/li>\n<li><b><strong>\u0627\u0644\u0639\u0646\u0628<\/strong><\/b><\/li>\n<li><b><strong>\u0622\u064a\u0633 \u0643\u0631\u064a\u0645 \u0628\u0644\u0648\u064a\u0644\u064a\u0634\u064a\u0633<\/strong><\/b><\/li>\n<li><b><strong>\u062b\u0644\u062c \u0627\u0644\u0641\u0631\u0627\u0648\u0644\u0629<\/strong><\/b><\/li>\n<li><b><strong>\u0628\u0644\u0648 \u0631\u0627\u0632 \u0643\u0648\u0634<\/strong><\/b><\/li>\n<li><b><strong>\u062a\u0648\u062a \u0623\u0632\u0631\u0642-\u062a\u0648\u062a \u0627\u0644\u0639\u0644\u064a\u0642<\/strong><\/b><\/li>\n<li><b><strong>\u062a\u0648\u062a \u0627\u0644\u0639\u0646\u0628 \u0627\u0644\u0628\u0631\u064a \u0628\u0627\u0644\u062a\u0648\u062a \u0627\u0644\u0623\u0632\u0631\u0642 \u0627\u0644\u062d\u0627\u0645\u0636<\/strong><\/b><\/li>\n<li><b><strong>\u0644\u064a\u0645\u0648\u0646 \u0648\u0644\u064a\u0645\u0648\u0646<\/strong><\/b><\/li>\n<li><b><strong>\u0622\u064a\u0633 \u0643\u0631\u064a\u0645 \u0627\u0644\u0641\u0631\u0627\u0648\u0644\u0629 \u0648\u0627\u0644\u062a\u0648\u062a \u0648\u0627\u0644\u0643\u0631\u0632<\/strong><\/b><\/li>\n<li><b><strong>\u0645\u0627\u0646\u062c\u0648 \u062b\u0644\u0627\u062b\u064a<\/strong><\/b><\/li>\n<li><b><strong>\u0623\u0646\u0627\u0646\u0627\u0633<\/strong><\/b><\/li>\n<li><b><strong>\u0639\u0635\u064a\u0631 \u0627\u0644\u0644\u064a\u0645\u0648\u0646\u0627\u0636\u0629 \u0628\u0627\u0644\u0643\u0631\u0632 \u0648\u0627\u0644\u062e\u0648\u062e<\/strong><\/b><\/li>\n<li><b><strong>\u0622\u064a\u0633 \u0643\u0631\u064a\u0645 \u0627\u0644\u062a\u0648\u062a \u0627\u0644\u0623\u0632\u0631\u0642<\/strong><\/b><\/li>\n<li><b><strong>\u0622\u064a\u0633 \u0643\u0631\u064a\u0645 \u0627\u0644\u0628\u0637\u064a\u062e<\/strong><\/b><\/li>\n<li><b><strong>\u0622\u064a\u0633 \u0643\u0631\u064a\u0645 \u0627\u0644\u0641\u0631\u0627\u0648\u0644\u0629 \u0648\u0627\u0644\u062a\u0648\u062a<\/strong><\/b><\/li>\n<li><b><strong>\u0628\u0637\u064a\u062e \u0628\u0627\u0644\u0641\u0631\u0627\u0648\u0644\u0629 \u0648\u0627\u0644\u0641\u0631\u0627\u0648\u0644\u0629<\/strong><\/b><\/li>\n<li><b><strong>\u0639\u0644\u0643\u0629 \u0627\u0644\u0641\u0631\u0627\u0648\u0644\u0629 \u0648\u0627\u0644\u0628\u0637\u064a\u062e \u0628\u0627\u0644\u0641\u0631\u0627\u0648\u0644\u0629 \u0648\u0627\u0644\u0628\u0637\u064a\u062e<\/strong><\/b><\/li>\n<li><b><strong>\u0627\u0644\u0643\u0631\u0632-\u0627\u0644\u062a\u0648\u062a<\/strong><\/b><\/li>\n<li><b><strong>\u0622\u064a\u0633 \u0643\u0631\u064a\u0645 \u0627\u0644\u062e\u0648\u062e \u0627\u0644\u0635\u064a\u0641\u064a<\/strong><\/b><\/li>\n<li><b><strong>\u0628\u0637\u064a\u062e \u0633\u0643\u064a\u062a\u0644\u0632 \u0628\u0627\u0644\u0628\u0637\u064a\u062e<\/strong><\/b><\/li>\n<li><b><strong>\u0645\u0627\u0646\u062c\u0648 \u0627\u0644\u0642\u0634<\/strong><\/b><\/li>\n<li><b><strong>\u0643\u0648\u0644\u0627 \u0628\u0627\u0644\u0643\u0631\u0632<\/strong><\/b><\/li>\n<\/ol>\n<p>&nbsp;<\/p>\n<h2><b><strong>\u0627\u0631\u0641\u0639 \u0645\u0646 \u0645\u0633\u062a\u0648\u0649 \u0644\u0639\u0628\u062a\u0643 \u0627\u0644\u0633\u062d\u0627\u0628\u064a\u0629 \u0645\u0639 \u0631\u0627\u0646\u062f \u0625\u0645 \u062a\u0648\u0631\u0646\u064a\u062f\u0648 9000 \u0646\u0641\u062b \u0641\u064a\u0628 \u064a\u0645\u0643\u0646 \u0627\u0644\u062a\u062e\u0644\u0635 \u0645\u0646\u0647<\/strong><\/b><\/h2>\n<p>\u0625\u0646 \u062c\u0647\u0627\u0632 \u0631\u0627\u0646\u062f \u0625\u0645 \u062a\u0648\u0631\u0646\u064a\u062f\u0648 9000 \u0627\u0644\u0623\u0635\u0644\u064a \u0647\u0648 \u0628\u0627\u0644\u062a\u0623\u0643\u064a\u062f \u062c\u0648\u0647\u0631\u0629 \u0641\u064a \u0645\u062c\u0645\u0648\u0639\u0629 \u0623\u062c\u0647\u0632\u0629 \u0627\u0644\u062a\u0628\u062e\u064a\u0631 \u0631\u0627\u0646\u062f \u0625\u0645 \u0627\u0644\u062a\u064a \u062a\u0633\u062a\u062e\u062f\u0645 \u0644\u0645\u0631\u0629 \u0648\u0627\u062d\u062f\u0629. \u0627\u0644\u0633\u0639\u0629 \u0627\u0644\u0636\u062e\u0645\u0629 \u0627\u0644\u062a\u064a \u062a\u0632\u064a\u062f \u0639\u0646 9000 \u0646\u0641\u062e\u0629 \u0645\u0639 \u0628\u0637\u0627\u0631\u064a\u0629 \u0642\u0627\u0628\u0644\u0629 \u0644\u0625\u0639\u0627\u062f\u0629 \u0627\u0644\u0634\u062d\u0646 \u0633\u062a\u062c\u0639\u0644 \u062a\u062c\u0631\u0628\u062a\u0643 \u0623\u0641\u0636\u0644 \u0645\u0646 \u0623\u064a \u0648\u0642\u062a \u0645\u0636\u0649. \u062f\u0639\u0646\u0627 \u0646\u0642\u0627\u0631\u0646\u0647\u0627 \u0628\u0623\u062c\u0647\u0632\u0629 \u0627\u0644\u062a\u0628\u062e\u064a\u0631 \u0627\u0644\u0623\u062e\u0631\u0649 \u0627\u0644\u062a\u064a \u062a\u0633\u062a\u062e\u062f\u0645 \u0644\u0645\u0631\u0629 \u0648\u0627\u062d\u062f\u0629 \u0641\u064a \u0627\u0644\u0633\u0648\u0642 \u0648\u0627\u0644\u062a\u064a \u062a\u062d\u062a\u0648\u064a \u0639\u0644\u0649 \u0639\u062f\u062f \u0642\u0644\u064a\u0644 \u0645\u0646 \u0627\u0644\u0646\u0641\u062b\u0627\u062a \u0648\u0639\u0627\u062f\u0629\u064b \u0645\u0627 \u062a\u0623\u062a\u064a \u0641\u064a \u0639\u0628\u0648\u0629 \u0631\u062f\u064a\u0626\u0629\u060c \u0628\u064a\u0646\u0645\u0627 \u0646\u062d\u0646 \u0646\u0647\u062f\u0641 \u0641\u0642\u0637 \u0625\u0644\u0649 \u062a\u0642\u062f\u064a\u0645 \u0623\u0641\u0636\u0644 \u0631\u062d\u0644\u0629 \u062a\u0628\u062e\u064a\u0631! \u0627\u0644\u0645\u0632\u064a\u062c \u0627\u0644\u0645\u062b\u0627\u0644\u064a \u0645\u0646 \u0646\u0643\u0647\u0627\u062a \u0627\u0644\u0641\u0627\u0643\u0647\u0629 \u0648\u0627\u0644\u0646\u0639\u0646\u0627\u0639 48 \u0646\u0643\u0647\u0629 \u0633\u062a\u0631\u0641\u0639 \u0645\u0646 \u0645\u0632\u0627\u062c\u0643 \u0628\u0627\u0644\u062a\u0623\u0643\u064a\u062f. \u0628\u064a\u0646\u0645\u0627 \u062a\u062a\u064a\u062d \u0644\u0643 \u0634\u0627\u0634\u0629 \u0627\u0644\u0639\u0631\u0636 \u0627\u0644\u0645\u062a\u0645\u064a\u0632\u0629 \u0645\u0648\u0627\u0643\u0628\u0629 \u0623\u062d\u062f\u062b \u0635\u064a\u062d\u0627\u062a \u0648\u0645\u064a\u0636 RGB. \u0627\u062d\u0635\u0644 \u0639\u0644\u0649 \u0631\u0627\u0646\u062f \u0625\u0645 \u062a\u0648\u0631\u0646\u064a\u062f\u0648 9000 \u0627\u0644\u0622\u0646!<\/p>\n<h2><b><strong>\u0639\u062f\u062f \u0623\u0643\u0628\u0631 \u0645\u0646 \u0627\u0644\u0645\u062e\u0627\u0632\u0646 \u0627\u0644\u0645\u0624\u0642\u062a\u0629<\/strong><\/b><\/h2>\n<p>\u0647\u0644 \u062a\u0631\u064a\u062f \u0623\u0646 \u062a\u0648\u0641\u0631 \u0639\u0644\u0649 \u0646\u0641\u0633\u0643 \u0639\u0646\u0627\u0621 \u062a\u063a\u064a\u064a\u0631 \u0627\u0644\u062c\u0647\u0627\u0632 \u0628\u0639\u062f \u0628\u0636\u0639 \u0646\u0641\u062b\u0627\u062a \u0641\u0642\u0637\u061f \u0645\u0639 \u0648\u0636\u0639 \u0627\u062d\u062a\u064a\u0627\u062c\u0627\u062a\u0643 \u0641\u064a \u0627\u0644\u0627\u0639\u062a\u0628\u0627\u0631\u060c \u0646\u0642\u062f\u0645 \u0644\u0643 \u062c\u0647\u0627\u0632 9k RandM \u0627\u0644\u0630\u064a \u064a\u0648\u0641\u0631 \u0623\u0643\u062b\u0631 \u0645\u0646 9000 \u0646\u0641\u062e\u0629 \u0644\u062c\u0639\u0644 \u0631\u062d\u0644\u062a\u0643 \u0641\u064a \u0627\u0644\u062a\u062f\u062e\u064a\u0646 \u0627\u0644\u0625\u0644\u0643\u062a\u0631\u0648\u0646\u064a \u0635\u062d\u064a\u0629.<\/p>\n<h2><b><strong>\u0634\u0627\u0634\u0629 \u0627\u0644\u0639\u0631\u0636 \u0627\u0644\u0639\u0635\u0631\u064a\u0629 \u0627\u0644\u0648\u0627\u0645\u0636\u0629 RGB<\/strong><\/b><\/h2>\n<p>\u0646\u062d\u0646 \u0646\u0631\u064a\u062f\u0643 \u062f\u0627\u0626\u0645\u064b\u0627 \u0623\u0646 \u062a\u0628\u062f\u0648 \u0623\u0646\u064a\u0642\u064b\u0627 \u0648\u0644\u0627 \u062a\u0634\u0639\u0631 \u0623\u0628\u062f\u064b\u0627 \u0628\u0623\u0646\u0643 \u0645\u0633\u062a\u0628\u0639\u062f \u0645\u0646 \u0623\u064a \u0645\u0646 \u0627\u0644\u0635\u064a\u062d\u0627\u062a \u0627\u0644\u0631\u0627\u0626\u062c\u0629\u060c \u064a\u0636\u0645\u0646 \u0644\u0643 \u062c\u0647\u0627\u0632 9k RandM \u0623\u0646 \u062a\u0631\u062a\u062f\u064a \u0645\u0644\u0627\u0628\u0633 \u0623\u0646\u064a\u0642\u0629 \u0623\u064a\u0646\u0645\u0627 \u0630\u0647\u0628\u062a \u0639\u0644\u0627\u0648\u0629 \u0639\u0644\u0649 \u0630\u0644\u0643 \u0633\u062a\u062d\u0628 \u0634\u0627\u0634\u0629 \u0627\u0644\u0639\u0631\u0636 \u0627\u0644\u0645\u0644\u0648\u0646\u0629 \u0627\u0644\u0645\u0644\u0633\u0627\u0621 RGB \u0627\u0644\u0645\u0630\u0647\u0644\u0629 \u0627\u0644\u062a\u064a \u062a\u0644\u0641\u062a \u0627\u0644\u0623\u0646\u0638\u0627\u0631.<\/p>\n<h2><b><strong>\u0628\u0637\u0627\u0631\u064a\u0629 850 \u0645\u0644\u0644\u064a \u0623\u0645\u0628\u064a\u0631 \u0642\u0627\u0628\u0644\u0629 \u0644\u0625\u0639\u0627\u062f\u0629 \u0627\u0644\u0634\u062d\u0646<\/strong><\/b><\/h2>\n<p>\u0627\u062d\u0635\u0644 \u062f\u0627\u0626\u0645\u064b\u0627 \u0639\u0644\u0649 \u0623\u0642\u0635\u0649 \u0627\u0633\u062a\u0641\u0627\u062f\u0629 \u0645\u0646 \u062c\u0647\u0627\u0632 \u0627\u0644\u062a\u0628\u062e\u064a\u0631 \u0627\u0644\u0630\u064a \u064a\u0633\u062a\u062e\u062f\u0645 \u0644\u0645\u0631\u0629 \u0648\u0627\u062d\u062f\u0629. \u064a\u062a\u0645\u064a\u0632 \u062c\u0647\u0627\u0632 \u0631\u0627\u0646\u062f \u0625\u0645 \u062a\u0648\u0631\u0646\u064a\u062f\u0648 9000 \u0646\u0641\u062b \u0645\u0646 \u0631\u0627\u0646\u062f \u0625\u0645 \u062a\u0648\u0631\u0646\u064a\u062f\u0648 9000 \u0628\u0628\u0637\u0627\u0631\u064a\u0629 \u0642\u0627\u0628\u0644\u0629 \u0644\u0625\u0639\u0627\u062f\u0629 \u0627\u0644\u0634\u062d\u0646 \u0648\u0645\u0646\u0641\u0630 \u0645\u0646 \u0627\u0644\u0646\u0648\u0639 C \u064a\u0633\u0645\u062d \u0628\u0627\u0644\u0634\u062d\u0646 \u0627\u0644\u0633\u0631\u064a\u0639\u060c \u062d\u062a\u0649 \u062a\u062a\u0645\u0643\u0646 \u0645\u0646 \u0627\u0644\u0627\u0633\u062a\u0645\u062a\u0627\u0639 \u0628\u0643\u0644 \u0645\u0627 \u0644\u062f\u064a\u0643 \u0645\u0646 \u0646\u0643\u0647\u0629 \u062f\u0648\u0646 \u0625\u0647\u062f\u0627\u0631 \u0623\u064a \u0645\u0646\u0647\u0627. \u062a\u0648\u0631\u0646\u064a\u062f\u0648 \u0641\u064a\u0628<\/p>","protected":false},"excerpt":{"rendered":"<p>Tornado vape, Haben Sie genug von langweiligen Vapes mit der immer gleichen geringen Anzahl an Puffs? Hm? Der RandM Tornado 9000 Puffs Disposable Vape ist jetzt exklusiv in einer riesigen Auswahl von 48 k\u00f6stlichen Geschmacksrichtungen erh\u00e4ltlich, die Ihre Geschmacksnerven sofort zum WOW! Es kommt mit nur eine perfekte Menge von 18 ML vorgef\u00fcllt e Fl\u00fcssigkeit [&hellip;]<\/p>\n","protected":false},"featured_media":1369,"comment_status":"open","ping_status":"closed","template":"","meta":{"ocean_post_layout":"","ocean_both_sidebars_style":"","ocean_both_sidebars_content_width":0,"ocean_both_sidebars_sidebars_width":0,"ocean_sidebar":"0","ocean_second_sidebar":"0","ocean_disable_margins":"enable","ocean_add_body_class":"","ocean_shortcode_before_top_bar":"","ocean_shortcode_after_top_bar":"","ocean_shortcode_before_header":"","ocean_shortcode_after_header":"","ocean_has_shortcode":"","ocean_shortcode_after_title":"","ocean_shortcode_before_footer_widgets":"","ocean_shortcode_after_footer_widgets":"","ocean_shortcode_before_footer_bottom":"","ocean_shortcode_after_footer_bottom":"","ocean_display_top_bar":"default","ocean_display_header":"default","ocean_header_style":"","ocean_center_header_left_menu":"0","ocean_custom_header_template":"0","ocean_custom_logo":0,"ocean_custom_retina_logo":0,"ocean_custom_logo_max_width":0,"ocean_custom_logo_tablet_max_width":0,"ocean_custom_logo_mobile_max_width":0,"ocean_custom_logo_max_height":0,"ocean_custom_logo_tablet_max_height":0,"ocean_custom_logo_mobile_max_height":0,"ocean_header_custom_menu":"0","ocean_menu_typo_font_family":"0","ocean_menu_typo_font_subset":"","ocean_menu_typo_font_size":0,"ocean_menu_typo_font_size_tablet":0,"ocean_menu_typo_font_size_mobile":0,"ocean_menu_typo_font_size_unit":"px","ocean_menu_typo_font_weight":"","ocean_menu_typo_font_weight_tablet":"","ocean_menu_typo_font_weight_mobile":"","ocean_menu_typo_transform":"","ocean_menu_typo_transform_tablet":"","ocean_menu_typo_transform_mobile":"","ocean_menu_typo_line_height":0,"ocean_menu_typo_line_height_tablet":0,"ocean_menu_typo_line_height_mobile":0,"ocean_menu_typo_line_height_unit":"","ocean_menu_typo_spacing":0,"ocean_menu_typo_spacing_tablet":0,"ocean_menu_typo_spacing_mobile":0,"ocean_menu_typo_spacing_unit":"","ocean_menu_link_color":"","ocean_menu_link_color_hover":"","ocean_menu_link_color_active":"","ocean_menu_link_background":"","ocean_menu_link_hover_background":"","ocean_menu_link_active_background":"","ocean_menu_social_links_bg":"","ocean_menu_social_hover_links_bg":"","ocean_menu_social_links_color":"","ocean_menu_social_hover_links_color":"","ocean_disable_title":"default","ocean_disable_heading":"default","ocean_post_title":"","ocean_post_subheading":"","ocean_post_title_style":"","ocean_post_title_background_color":"","ocean_post_title_background":0,"ocean_post_title_bg_image_position":"","ocean_post_title_bg_image_attachment":"","ocean_post_title_bg_image_repeat":"","ocean_post_title_bg_image_size":"","ocean_post_title_height":0,"ocean_post_title_bg_overlay":0.5,"ocean_post_title_bg_overlay_color":"","ocean_disable_breadcrumbs":"default","ocean_breadcrumbs_color":"","ocean_breadcrumbs_separator_color":"","ocean_breadcrumbs_links_color":"","ocean_breadcrumbs_links_hover_color":"","ocean_display_footer_widgets":"default","ocean_display_footer_bottom":"default","ocean_custom_footer_template":"0"},"product_brand":[],"product_cat":[60],"product_tag":[74],"class_list":{"0":"post-1364","1":"product","2":"type-product","3":"status-publish","4":"has-post-thumbnail","6":"product_cat-vapes","7":"product_tag-tornado-vape","9":"entry","10":"has-media","12":"first","13":"instock","14":"sale","15":"shipping-taxable","16":"purchasable","17":"product-type-variable","18":"has-product-nav","19":"col","20":"span_1_of_3","21":"owp-content-center","22":"owp-thumbs-layout-horizontal","23":"owp-btn-normal","24":"owp-tabs-layout-horizontal"},"_links":{"self":[{"href":"https:\/\/herbalaproach.com\/ar\/wp-json\/wp\/v2\/product\/1364","targetHints":{"allow":["GET"]}}],"collection":[{"href":"https:\/\/herbalaproach.com\/ar\/wp-json\/wp\/v2\/product"}],"about":[{"href":"https:\/\/herbalaproach.com\/ar\/wp-json\/wp\/v2\/types\/product"}],"replies":[{"embeddable":true,"href":"https:\/\/herbalaproach.com\/ar\/wp-json\/wp\/v2\/comments?post=1364"}],"wp:featuredmedia":[{"embeddable":true,"href":"https:\/\/herbalaproach.com\/ar\/wp-json\/wp\/v2\/media\/1369"}],"wp:attachment":[{"href":"https:\/\/herbalaproach.com\/ar\/wp-json\/wp\/v2\/media?parent=1364"}],"wp:term":[{"taxonomy":"product_brand","embeddable":true,"href":"https:\/\/herbalaproach.com\/ar\/wp-json\/wp\/v2\/product_brand?post=1364"},{"taxonomy":"product_cat","embeddable":true,"href":"https:\/\/herbalaproach.com\/ar\/wp-json\/wp\/v2\/product_cat?post=1364"},{"taxonomy":"product_tag","embeddable":true,"href":"https:\/\/herbalaproach.com\/ar\/wp-json\/wp\/v2\/product_tag?post=1364"}],"curies":[{"name":"\u062f\u0628\u0644\u064a\u0648 \u0628\u064a","href":"https:\/\/api.w.org\/{rel}","templated":true}]}}