{"id":1380,"date":"2024-11-05T22:12:54","date_gmt":"2024-11-05T21:12:54","guid":{"rendered":"https:\/\/herbalaproach.com\/?post_type=product&#038;p=1380"},"modified":"2026-01-12T00:08:07","modified_gmt":"2026-01-11T23:08:07","slug":"lost-mary-vape","status":"publish","type":"product","link":"https:\/\/herbalaproach.com\/ar\/product\/lost-mary-vape\/","title":{"rendered":"\u0641\u064a\u0628 \u0645\u0627\u0631\u064a \u0627\u0644\u0645\u0641\u0642\u0648\u062f (\u0641\u064a\u0628 \u064a\u0645\u0643\u0646 \u0627\u0644\u062a\u062e\u0644\u0635 \u0645\u0646\u0647)"},"content":{"rendered":"<p>\u062a\u0645 \u0627\u0644\u0639\u062b\u0648\u0631 \u0639\u0644\u0649 \u062c\u0647\u0627\u0632 Mary MO20000 Pro Vape \u0627\u0644\u0645\u0641\u0642\u0648\u062f! \u064a\u062c\u0645\u0639 \u0647\u0630\u0627 \u0627\u0644\u062c\u0647\u0627\u0632 \u0627\u0644\u0645\u062a\u0637\u0648\u0631 \u0628\u064a\u0646 \u0627\u0644\u0627\u0628\u062a\u0643\u0627\u0631 \u0648\u0627\u0644\u0623\u0646\u0627\u0642\u0629 \u0648\u0627\u0644\u0623\u062f\u0627\u0621 \u0627\u0644\u0639\u0627\u0644\u064a \u0644\u062f\u0641\u0639 \u0644\u0639\u0628\u0629 \u0627\u0644\u0640 vaping \u0625\u0644\u0649 \u0623\u0642\u0635\u0649 \u062d\u062f. \u0635\u064f\u0646\u0639 \u0647\u0630\u0627 \u0627\u0644\u062c\u0647\u0627\u0632 \u0628\u0647\u0646\u062f\u0633\u0629 \u062f\u0642\u064a\u0642\u0629 \u0648\u0645\u0648\u0627\u062f \u0645\u0645\u062a\u0627\u0632\u0629 \u0641\u0642\u0637\u060c \u0648\u0647\u0648 \u0645\u0635\u0645\u0645 \u0644\u062a\u0644\u0628\u064a\u0629 \u0627\u062d\u062a\u064a\u0627\u062c\u0627\u062a \u0627\u0644\u0633\u062c\u0627\u0626\u0631 \u0627\u0644\u0625\u0644\u0643\u062a\u0631\u0648\u0646\u064a\u0629 \u0627\u0644\u062c\u062f\u064a\u062f\u0629 \u0648\u0627\u0644\u0642\u062f\u0627\u0645\u0649 \u0639\u0644\u0649 \u062d\u062f \u0633\u0648\u0627\u0621. \u062f\u0639\u0648\u0646\u0627 \u0646\u0644\u0642\u064a \u0646\u0638\u0631\u0629 \u0639\u0644\u0649 \u0627\u0644\u0645\u064a\u0632\u0627\u062a \u0627\u0644\u0631\u0626\u064a\u0633\u064a\u0629 \u0627\u0644\u062a\u064a \u062a\u062c\u0639\u0644 \u062c\u0647\u0627\u0632 Lost Mary vape MO20000 Pro Vape MO20000 Pro Vape \u0645\u062a\u0645\u064a\u0632\u064b\u0627 \u0641\u064a \u0627\u0644\u0645\u0634\u0647\u062f \u0627\u0644\u0645\u0632\u062f\u062d\u0645 \u062c\u062f\u064b\u0627 \u0644\u0623\u062c\u0647\u0632\u0629 \u0627\u0644\u062a\u062f\u062e\u064a\u0646 \u0627\u0644\u0625\u0644\u0643\u062a\u0631\u0648\u0646\u064a \u0627\u0644\u064a\u0648\u0645:<\/p>\n<h3>\u0627\u0644\u0645\u064a\u0632\u0627\u062a \u0627\u0644\u0631\u0626\u064a\u0633\u064a\u0629:<\/h3>\n<ul>\n<li><b><strong>\u0628\u0637\u0627\u0631\u064a\u0629 \u0642\u0627\u0628\u0644\u0629 \u0644\u0625\u0639\u0627\u062f\u0629 \u0627\u0644\u0634\u062d\u0646 \u0639\u0627\u0644\u064a\u0629 \u0627\u0644\u0633\u0639\u0629:<\/strong><\/b> \u064a\u0623\u062a\u064a \u0647\u0630\u0627 \u0627\u0644\u0633\u064a\u062c\u0627\u0631\u0629 \u0627\u0644\u0625\u0644\u0643\u062a\u0631\u0648\u0646\u064a\u0629 \u0645\u0646 EBDesign \u0628\u0628\u0637\u0627\u0631\u064a\u0629 \u0645\u062f\u0645\u062c\u0629 \u0642\u0648\u064a\u0629 \u0628\u0642\u0648\u0629 20000 \u0645\u0644\u0644\u064a \u0623\u0645\u0628\u064a\u0631 \u0641\u064a \u0627\u0644\u0633\u0627\u0639\u0629. \u0647\u0630\u0627 \u064a\u0633\u0645\u062d \u0644\u0640 Lost Mary MO20000 Pro Vape \u0628\u0645\u0646\u062d\u0643 \u062c\u0644\u0633\u0627\u062a \u062a\u062f\u062e\u064a\u0646 \u0625\u0644\u0643\u062a\u0631\u0648\u0646\u064a\u0629 \u0645\u0645\u062a\u062f\u0629 \u0643\u0644 \u064a\u0648\u0645 \u062f\u0648\u0646 \u0627\u0644\u062d\u0627\u062c\u0629 \u0625\u0644\u0649 \u0625\u0639\u0627\u062f\u0629 \u0627\u0644\u0634\u062d\u0646 \u0627\u0644\u0645\u062a\u0643\u0631\u0631. \u0627\u0646\u0633\u064e \u0627\u0644\u062e\u0648\u0641 \u0645\u0646 \u0627\u0646\u062e\u0641\u0627\u0636 \u0637\u0627\u0642\u0629 \u0627\u0644\u0628\u0637\u0627\u0631\u064a\u0629 \u0648\u0627\u0633\u062a\u0645\u062a\u0639 \u0628\u0645\u062a\u0639\u0629 \u0627\u0644\u062a\u062f\u062e\u064a\u0646 \u0627\u0644\u0625\u0644\u0643\u062a\u0631\u0648\u0646\u064a \u062f\u0648\u0646 \u0627\u0646\u0642\u0637\u0627\u0639 \u0645\u0646 \u0627\u0644\u0622\u0646 \u0641\u0635\u0627\u0639\u062f\u064b\u0627. Lost mary vape<\/li>\n<\/ul>\n<ul>\n<li><b><strong>\u0633\u0639\u0629 \u0633\u0627\u0626\u0644 \u0625\u0644\u0643\u062a\u0631\u0648\u0646\u064a \u0643\u0628\u064a\u0631:<\/strong><\/b> \u0628\u0633\u0639\u0629 18 \u0645\u0644 \u0645\u0646 \u062d\u0627\u0648\u064a\u0629 \u0627\u0644\u0633\u0627\u0626\u0644 \u0627\u0644\u0625\u0644\u0643\u062a\u0631\u0648\u0646\u064a \u0628\u0633\u0639\u0629 18 \u0645\u0644\u060c \u062d\u0644\u0651\u062a \u0644\u0648\u0633\u062a \u0645\u0627\u0631\u064a \u0645\u0646 EBDesign vape \u0645\u0634\u0643\u0644\u0629 \u0625\u0639\u0627\u062f\u0629 \u0627\u0644\u062a\u0639\u0628\u0626\u0629 \u0627\u0644\u0645\u0633\u062a\u0645\u0631\u0629! \u0627\u0633\u062a\u0645\u062a\u0639 \u0628\u0627\u0644\u062a\u062f\u062e\u064a\u0646 \u062f\u0648\u0646 \u062a\u0648\u0642\u0641 \u062d\u062a\u0649 \u064a\u0645\u0644\u0623 \u0642\u0644\u0628\u0643! \u0633\u064a\u062a\u0641\u0642 \u0639\u0634\u0627\u0642 \u0627\u0644\u062a\u062f\u062e\u064a\u0646 \u0627\u0644\u0625\u0644\u0643\u062a\u0631\u0648\u0646\u064a \u0627\u0644\u0639\u0627\u062f\u064a\u0648\u0646 \u0648\u0639\u0634\u0627\u0642 \u0627\u0644\u0633\u062d\u0627\u0628\u0629 ... \u0627\u0644\u0633\u0639\u0629 \u0627\u0644\u0633\u062e\u064a\u0629 \u0644\u0644\u0633\u0627\u0626\u0644 \u0627\u0644\u0625\u0644\u0643\u062a\u0631\u0648\u0646\u064a \u0641\u064a \u0644\u0648\u0633\u062a \u0645\u0627\u0631\u064a MO20000 Pro \u062a\u0636\u0645\u0646 \u0644\u0643 \u062a\u062c\u0631\u0628\u0629 \u062a\u062f\u062e\u064a\u0646 \u0625\u0644\u0643\u062a\u0631\u0648\u0646\u064a\u0629 \u0645\u0631\u0636\u064a\u0629 \u0645\u0631\u0627\u0631\u064b\u0627 \u0648\u062a\u0643\u0631\u0627\u0631\u064b\u0627.<\/li>\n<\/ul>\n<ul>\n<li><b><strong>\u0642\u0648\u0629 \u0643\u0647\u0631\u0628\u0627\u0626\u064a\u0629 \u0642\u0627\u0628\u0644\u0629 \u0644\u0644\u062a\u0639\u062f\u064a\u0644:<\/strong><\/b> \u0645\u0639 \u0627\u0644\u0642\u0648\u0629 \u0627\u0644\u0643\u0647\u0631\u0628\u0627\u0626\u064a\u0629 \u0627\u0644\u0642\u0627\u0628\u0644\u0629 \u0644\u0644\u062a\u0639\u062f\u064a\u0644 \u0641\u064a <a href=\"https:\/\/herbalaproach.com\/ar\/\">\u0645\u0627\u0631\u064a \u0627\u0644\u0645\u0641\u0642\u0648\u062f\u0629 MO20000<\/a> \u064a\u0633\u0645\u062d \u0644\u0643 Pro \u0628\u0636\u0628\u0637 \u0642\u0648\u0629 \u0627\u0644\u0628\u062e\u0627\u0631 \u0648\u0641\u0642\u064b\u0627 \u0644\u062a\u0641\u0636\u064a\u0644\u0627\u062a\u0643 \u0627\u0644\u0634\u062e\u0635\u064a\u0629. \u0645\u0646 \u062e\u0644\u0627\u0644 \u0636\u0628\u0637 \u0627\u0644\u0642\u0648\u0629 \u0627\u0644\u0643\u0647\u0631\u0628\u0627\u0626\u064a\u0629\u060c \u064a\u0645\u0643\u0646\u0643 \u062a\u063a\u064a\u064a\u0631 \u0625\u0646\u062a\u0627\u062c \u0627\u0644\u0628\u062e\u0627\u0631 \u0648\u0643\u062b\u0627\u0641\u0629 \u0627\u0644\u0646\u0643\u0647\u0629 \u0641\u064a \u0623\u064a \u0648\u0642\u062a\u060c \u0645\u0645\u0627 \u064a\u0645\u0646\u062d\u0643 \u0627\u0644\u062a\u062d\u0643\u0645 \u0627\u0644\u0643\u0627\u0645\u0644 \u0641\u064a \u062a\u062c\u0631\u0628\u0629 \u0627\u0644\u062a\u062f\u062e\u064a\u0646 \u0627\u0644\u0625\u0644\u0643\u062a\u0631\u0648\u0646\u064a. \u0641\u0642\u062f\u062a \u0645\u0627\u0631\u064a \u0641\u064a\u0628<\/li>\n<li><\/li>\n<li>\n<ul>\n<li><b><strong>\u0634\u0627\u0634\u0629 OLED \u0628\u062f\u064a\u0647\u064a\u0629:<\/strong><\/b> \u0627\u0628\u0642\u064e \u0639\u0644\u0649 \u0627\u0637\u0644\u0627\u0639 \u0648\u062a\u062d\u0643\u0645 \u0645\u0639 \u0634\u0627\u0634\u0629 OLED \u0627\u0644\u0628\u062f\u064a\u0647\u064a\u0629 \u0627\u0644\u062a\u064a \u062a\u062a\u0645\u064a\u0632 \u0628\u0647\u0627 \u0645\u0627\u0643\u064a\u0646\u0629 Lost Mary MO20000 Pro. \u064a\u0645\u0643\u0646\u0643 \u0628\u0633\u0647\u0648\u0644\u0629 \u0645\u0631\u0627\u0642\u0628\u0629 \u0639\u0645\u0631 \u0627\u0644\u0628\u0637\u0627\u0631\u064a\u0629 \u0648\u0627\u0644\u0642\u0648\u0629 \u0627\u0644\u0643\u0647\u0631\u0628\u0627\u0626\u064a\u0629 \u0627\u0644\u0645\u062e\u0635\u0635\u0629 \u0648\u0645\u0642\u0627\u0648\u0645\u0629 \u0627\u0644\u0645\u0644\u0641 \u0648\u0627\u0644\u0645\u0632\u064a\u062f \u0641\u064a \u0644\u0645\u062d\u0629 \u0633\u0631\u064a\u0639\u0629. \u0645\u0644\u0627\u062d\u0638\u0627\u062a \u0641\u064a \u0627\u0644\u0648\u0642\u062a \u0627\u0644\u062d\u0642\u064a\u0642\u064a \u0644\u0639\u0634\u0627\u0642 \u0627\u0644\u0640 vape \u0627\u0644\u064a\u0648\u0645 \u0627\u0644\u0630\u064a\u0646 \u064a\u0628\u062d\u062b\u0648\u0646 \u0639\u0646 \u062a\u062c\u0627\u0631\u0628 vaping \u0627\u0644\u0645\u062d\u0633\u0651\u0646\u0629 \u0641\u0642\u0637.<\/li>\n<\/ul>\n<ul>\n<li><b><strong>\u0627\u0644\u0628\u0646\u0627\u0621 \u0627\u0644\u0625\u0628\u062f\u0627\u0639\u064a<\/strong><\/b>\u0635\u064f\u0645\u0645 \u062c\u0647\u0627\u0632 Lost Mary MO20000 Pro Vape MO20000 Pro \u0644\u064a\u062a\u062d\u0645\u0644 \u0642\u0633\u0648\u0629 \u0627\u0644\u0627\u0633\u062a\u062e\u062f\u0627\u0645 \u0627\u0644\u064a\u0648\u0645\u064a \u0627\u0644\u0645\u062a\u0643\u0631\u0631 \u0648\u064a\u062a\u0645\u064a\u0632 \u0628\u0628\u0646\u064a\u0629 \u0645\u062a\u064a\u0646\u0629 \u062a\u0645\u0646\u062d\u0643 \u0627\u0644\u062b\u0642\u0629 \u0648\u0627\u0644\u0645\u062a\u0639\u0629 \u0627\u0644\u062a\u064a \u062a\u062f\u0648\u0645 \u0637\u0648\u064a\u0644\u0627\u064b \u0648\u0627\u0644\u0623\u062f\u0627\u0621 \u0627\u0644\u0645\u062b\u0627\u0644\u064a. \u0645\u0646 \u0627\u0644\u063a\u0644\u0627\u0641 \u0627\u0644\u0645\u062a\u064a\u0646 \u0625\u0644\u0649 \u0627\u0644\u0645\u0643\u0648\u0646\u0627\u062a \u0639\u0627\u0644\u064a\u0629 \u0627\u0644\u062c\u0648\u062f\u0629\u060c \u062a\u0645 \u062a\u0635\u0645\u064a\u0645 \u0643\u0644 \u062c\u0627\u0646\u0628 \u0645\u0646 \u062c\u0648\u0627\u0646\u0628 \u0647\u0630\u0627 \u0627\u0644\u062c\u0647\u0627\u0632 \u0644\u062a\u062d\u0642\u064a\u0642 \u0627\u0644\u0645\u0648\u062b\u0648\u0642\u064a\u0629 \u0648\u0627\u0644\u0645\u062a\u0627\u0646\u0629.<\/li>\n<\/ul>\n<ul>\n<li><b><strong>\u0627\u062d\u062a\u064a\u0627\u0637\u0627\u062a \u0627\u0644\u0633\u0644\u0627\u0645\u0629:<\/strong><\/b> \u0628\u0641\u0636\u0644 \u0648\u0638\u0627\u0626\u0641 \u0627\u0644\u0633\u0644\u0627\u0645\u0629 \u0627\u0644\u0634\u0627\u0645\u0644\u0629 \u0641\u064a \u062c\u0647\u0627\u0632 Lost Mary MO20000 Pro\u060c \u064a\u0645\u0643\u0646\u0643 \u0627\u0644\u0627\u0633\u062a\u0645\u062a\u0627\u0639 \u0628\u0627\u0644\u0645\u062a\u0639\u0629 \u0645\u0639 \u0631\u0627\u062d\u0629 \u0627\u0644\u0628\u0627\u0644. \u062a\u0634\u062a\u0645\u0644 \u0627\u0644\u062d\u0645\u0627\u064a\u0629 \u0627\u0644\u0645\u062f\u0645\u062c\u0629 \u0639\u0644\u0649 \u0627\u0644\u062d\u0645\u0627\u064a\u0629 \u0645\u0646 \u0627\u0644\u0634\u062d\u0646 \u0627\u0644\u0632\u0627\u0626\u062f\u060c \u0648\u0627\u0644\u062d\u0645\u0627\u064a\u0629 \u0645\u0646 \u0642\u0635\u0631 \u0627\u0644\u062f\u0627\u0626\u0631\u0629\u060c \u0648\u062d\u062a\u0649 \u0627\u0644\u062d\u0645\u0627\u064a\u0629 \u0645\u0646 \u0627\u0646\u062e\u0641\u0627\u0636 \u0627\u0644\u062c\u0647\u062f. \u064a\u0645\u0643\u0646\u0643 \u0627\u0644\u0627\u0633\u062a\u0645\u062a\u0627\u0639 \u0628\u062a\u062c\u0631\u0628\u0629 \u062a\u062f\u062e\u064a\u0646 \u0622\u0645\u0646\u0629 \u0648\u0645\u0645\u062a\u0639\u0629 \u0645\u0639 \u0643\u0644 \u0646\u0641\u062e\u0629.<\/li>\n<\/ul>\n<ul>\n<li><b><strong>\u0633\u0647\u0648\u0644\u0629 \u0627\u0644\u0634\u062d\u0646 \u0639\u0628\u0631 USB-C:<\/strong><\/b> \u0645\u0639 \u0645\u0646\u0641\u0630 \u0627\u0644\u0634\u062d\u0646 USB-C \u0627\u0644\u062e\u0627\u0635 \u0628\u062c\u0647\u0627\u0632 Lost Mary MO20000 Pro\u060c \u0641\u0625\u0646 \u0627\u0644\u0623\u0645\u0631 \u0643\u0644\u0647 \u064a\u062a\u0639\u0644\u0642 \u0628\u0627\u0644\u0634\u062d\u0646 \u0627\u0644\u0633\u0631\u064a\u0639 \u0648\u0627\u0644\u0645\u0631\u064a\u062d. \u0633\u062a\u062d\u0628 \u0623\u0648\u0642\u0627\u062a \u0627\u0644\u0634\u062d\u0646 \u0627\u0644\u0633\u0631\u064a\u0639 \u0644\u0623\u0646\u0643 \u0633\u062a\u0642\u0636\u064a \u0648\u0642\u062a\u064b\u0627 \u0623\u0642\u0644 \u0641\u064a \u0627\u0644\u0627\u0646\u062a\u0638\u0627\u0631 \u0648\u0648\u0642\u062a\u064b\u0627 \u0623\u0637\u0648\u0644 \u0641\u064a \u0627\u0644\u062a\u062f\u062e\u064a\u0646 \u0627\u0644\u0625\u0644\u0643\u062a\u0631\u0648\u0646\u064a. Lost mary vape<\/li>\n<\/ul>\n<h3>\u0646\u0643\u0647\u0627\u062a \u0644\u0648\u0633\u062a \u0645\u0627\u0631\u064a \u0641\u064a\u0628<\/h3>\n<ul>\n<li><b><strong>\u0628\u0644\u0648 \u0631\u0627\u0632 \u0622\u064a\u0633<\/strong><\/b>\u062c\u0647\u0632 \u0646\u0641\u0633\u0643 \u0644\u0631\u062d\u0644\u0629 \u0645\u062b\u064a\u0631\u0629 \u0645\u0639 \u0628\u0644\u0648 \u0631\u0627\u0632 \u0622\u064a\u0633. \u0645\u0632\u064a\u062c \u0645\u0646 \u0627\u0644\u0646\u0643\u0647\u0629 \u0627\u0644\u062c\u0630\u0627\u0628\u0629 \u0627\u0644\u062a\u064a \u062a\u062c\u0630\u0628 \u0627\u0644\u0627\u0646\u062a\u0628\u0627\u0647 \u0648\u062a\u0639\u064a\u062f \u062e\u0644\u0642 \u0627\u0644\u0637\u0639\u0645 \u0627\u0644\u0643\u0644\u0627\u0633\u064a\u0643\u064a \u0644\u0644\u062a\u0648\u062a \u0627\u0644\u0623\u0632\u0631\u0642\u060c \u0645\u0639\u0632\u0632\u0629 \u0628\u0644\u0645\u0633\u0629 \u0646\u0647\u0627\u0626\u064a\u0629 \u0645\u0646 \u0627\u0644\u0645\u0646\u062b\u0648\u0644 \u0627\u0644\u0645\u062b\u0644\u062c \u0641\u064a \u0627\u0644\u0632\u0641\u064a\u0631. \u0642\u0645 \u0628\u0631\u062d\u0644\u0629 \u0628\u0644\u0648 \u0631\u0627\u0632 \u0627\u0644\u064a\u0648\u0645!<\/li>\n<li>\n<ul>\n<li><b><strong>\u0645\u0634\u0631\u0648\u0628 \u0627\u0644\u062a\u0646\u064a\u0646<\/strong><\/b>\u0627\u0633\u062a\u0645\u062a\u0639 \u0628\u0645\u063a\u0627\u0645\u0631\u0629 \u0633\u062d\u0631\u064a\u0629 \u0645\u0639 \u0646\u0643\u0647\u0629 \u0645\u0634\u0631\u0648\u0628 \u0627\u0644\u062a\u0646\u064a\u0646 \u0627\u0644\u0633\u062d\u0631\u064a \u0645\u0646 EBDesigns Dragon Drink. \u0647\u0630\u0647 \u0627\u0644\u0646\u0643\u0647\u0629 \u0627\u0644\u0633\u062d\u0631\u064a\u0629 <a href=\"https:\/\/www.youtube.com\/watch?v=WvMLOboFpPY\" target=\"_blank\" rel=\"noopener\">\u0627\u0644\u0633\u064a\u062c\u0627\u0631\u0629 \u0627\u0644\u0625\u0644\u0643\u062a\u0631\u0648\u0646\u064a\u0629<\/a> \u064a\u062c\u0633\u062f \u0646\u0643\u0647\u0629 \u0641\u0627\u0643\u0647\u0629 \u0627\u0644\u062a\u0646\u064a\u0646 \u0627\u0644\u063a\u0631\u064a\u0628\u0629 \u0648\u064a\u0645\u0632\u062c \u0628\u064a\u0646 \u062d\u0644\u0627\u0648\u062a\u0647\u0627 \u0627\u0644\u0641\u0631\u064a\u062f\u0629 \u0648\u0642\u0644\u064a\u0644 \u0645\u0646 \u0627\u0644\u0646\u0643\u0647\u0629 \u0627\u0644\u0627\u0633\u062a\u0648\u0627\u0626\u064a\u0629 \u0627\u0644\u0634\u0647\u064a\u0629. \u0627\u0634\u0639\u0631 \u0628\u0637\u0627\u0642\u0629 \u0627\u0644\u062a\u0646\u064a\u0646 \u0627\u0644\u062c\u0627\u0645\u062d\u0629 \u0627\u0644\u062a\u064a \u062a\u062f\u063a\u062f\u063a \u0628\u0631\u0627\u0639\u0645 \u0627\u0644\u062a\u0630\u0648\u0642 \u0644\u062f\u064a\u0643 \u0648\u062a\u062a\u0631\u0643\u0643 \u062a\u0631\u063a\u0628 \u0641\u064a \u0627\u0644\u0645\u0632\u064a\u062f.<\/li>\n<\/ul>\n<ul>\n<li><b><strong>\u0645\u064a\u0627\u0645\u064a \u0645\u064a\u0627\u0645\u064a \u0645\u064a\u0646\u062a<\/strong><\/b> \u0623\u062e\u064a\u0631\u064b\u0627\u060c \u0646\u0643\u0647\u0629 \u0631\u0627\u0626\u0639\u0629 \u0645\u062b\u0644\u0643! \u064a\u0645\u0643\u0646\u0643 \u0627\u0644\u0622\u0646 \u062a\u062c\u0631\u0628\u0629 \u0627\u0644\u062d\u064a\u0627\u0629 \u0627\u0644\u0644\u064a\u0644\u064a\u0629 \u0641\u064a \u0645\u064a\u0627\u0645\u064a \u0623\u062b\u0646\u0627\u0621 \u0627\u0644\u0627\u0633\u062a\u0645\u062a\u0627\u0639 \u0628\u0625\u062d\u0633\u0627\u0633 \u0627\u0644\u0645\u0646\u062b\u0648\u0644 \u0627\u0644\u062e\u0641\u064a\u0641 \u0627\u0644\u0645\u0646\u0639\u0634 \u0627\u0644\u0630\u064a \u062a\u0648\u0641\u0631\u0647 \u0646\u0643\u0647\u0629 \u0625\u064a \u0628\u064a \u062f\u064a\u0632\u0627\u064a\u0646 \u0641\u064a\u0628 \u0628\u0646\u0643\u0647\u0629 \u0625\u064a \u0628\u064a \u062f\u064a\u0632\u0627\u064a\u0646! \u062a\u0630\u0648\u0642 \u0627\u0644\u0646\u0636\u0627\u0631\u0629 \u0627\u0644\u0627\u0633\u062a\u0648\u0627\u0626\u064a\u0629 \u0627\u0644\u0645\u0646\u0639\u0634\u0629 \u0644\u0644\u0634\u0627\u0637\u0626 \u0627\u0644\u062c\u0646\u0648\u0628\u064a \u0645\u062b\u0644 \u0627\u0644\u0633\u0643\u0627\u0646 \u0627\u0644\u0645\u062d\u0644\u064a\u064a\u0646\u060c \u0648\u0627\u0635\u0646\u0639 \u0627\u0644\u0633\u062d\u0628 \u0627\u0644\u062e\u0627\u0635\u0629 \u0628\u0643 \u0623\u064a\u0636\u064b\u0627!<\/li>\n<\/ul>\n<ul>\n<li><b><strong>\u0622\u064a\u0633 \u0643\u0631\u064a\u0645 \u0627\u0644\u0623\u0646\u0627\u0646\u0627\u0633<\/strong><\/b>\u0627\u0644\u0623\u0646\u0627\u0646\u0627\u0633 \u0627\u0644\u0630\u0647\u0628\u064a \u0627\u0644\u0644\u0630\u064a\u0630 \u0647\u0648 \u0639\u0646\u0648\u0627\u0646 \u0627\u0644\u064a\u0648\u0645! \u0647\u0630\u0627 \u0627\u0644\u0639\u0637\u0631 \u0627\u0644\u0645\u0641\u0636\u0644 \u0641\u064a \u0627\u0644\u062c\u0632\u064a\u0631\u0629 \u0645\u0645\u0632\u0648\u062c \u0628\u0644\u0645\u0633\u0629 \u0628\u0627\u0631\u062f\u0629 \u0645\u0646 \u0627\u0644\u0645\u0646\u062b\u0648\u0644 \u0644\u062a\u062c\u0631\u0628\u0629 \u0641\u064a\u0628 \u0645\u0646\u0639\u0634\u0629 \u0648\u0641\u0631\u064a\u062f\u0629 \u0645\u0646 \u0646\u0648\u0639\u0647\u0627. \u0643\u0644 \u0646\u0641\u062e\u0629 \u062a\u0634\u0628\u0647 \u0627\u062d\u062a\u0633\u0627\u0621 \u0643\u0648\u0643\u062a\u064a\u0644 \u0627\u0644\u0623\u0646\u0627\u0646\u0627\u0633 \u0627\u0644\u0645\u062c\u0645\u062f \u0639\u0644\u0649 \u0627\u0644\u0634\u0627\u0637\u0626\u060c \u0645\u0645\u0627 \u064a\u062c\u0639\u0644\u0643 \u062a\u0634\u0639\u0631 \u0628\u0627\u0644\u0628\u0631\u0648\u062f\u0629 \u0648\u0627\u0644\u0627\u0646\u062a\u0639\u0627\u0634.<\/li>\n<\/ul>\n<ul>\n<li><b><strong>\u0634\u0631\u0628\u0627\u062a \u0642\u0648\u0633 \u0642\u0632\u062d<\/strong><\/b> \u0645\u0632\u064a\u062c \u0645\u0646 \u0627\u0644\u062d\u0645\u0636\u064a\u0627\u062a \u0627\u0644\u0645\u0646\u0639\u0634\u0629 \u0648\u0627\u0644\u062a\u0648\u062a \u0627\u0644\u062d\u0644\u0648 \u0627\u0644\u0637\u0628\u064a\u0639\u064a \u064a\u0648\u0641\u0631 \u0645\u0632\u064a\u062c \u0645\u0646 \u0627\u0644\u0646\u0643\u0647\u0629 \u0627\u0644\u0642\u0648\u064a\u0629 \u0645\u0639 \u0643\u0644 \u0646\u0641\u062e\u0629! \u0641\u0643\u0651\u0631 \u0641\u064a \u0634\u0631\u0628\u0627\u062a \u0628\u0644\u0648\u0646 \u0642\u0648\u0633 \u0642\u0632\u062d! \u0633\u0648\u0641 \u062a\u062a\u0630\u0643\u0631 \u0623\u064a\u0636\u0627\u064b \u0628\u0627\u0639\u062a\u0632\u0627\u0632 \u0628\u0639\u0636\u0627\u064b \u0645\u0646 \u0645\u062b\u0644\u062c\u0627\u062a \u0637\u0641\u0648\u0644\u062a\u0643 \u0627\u0644\u0645\u0641\u0636\u0644\u0629 \u0627\u0644\u062a\u064a \u062a\u062d\u062a\u0648\u064a\u0647\u0627 \u0643\u0644 \u0646\u0641\u062e\u0629.<\/li>\n<\/ul>\n<ul>\n<li><b><strong>\u0645\u0635\u0627\u0635\u0627\u062a \u0627\u0644\u0635\u0648\u0627\u0631\u064a\u062e<\/strong><\/b> \u0627\u0633\u062a\u0645\u062a\u0639 \u0628\u0631\u062d\u0644\u0629 \u0635\u063a\u064a\u0631\u0629 \u0641\u064a \u0630\u0643\u0631\u064a\u0627\u062a\u0643 \u0645\u0639 \u0631\u0648\u0643\u064a\u062a \u0628\u0648\u0628\u0633\u064a\u0643\u0644. \u0646\u0643\u0647\u0629 \u062d\u0644\u0648\u0629 \u0648\u0645\u0646\u0639\u0634\u0629 \u0645\u0646 \u0627\u0644\u0643\u0631\u0632 \u0648\u0627\u0644\u062a\u0648\u062a \u0627\u0644\u0623\u0632\u0631\u0642 \u0648\u0627\u0644\u0644\u064a\u0645\u0648\u0646\u060c \u062a\u0645\u0627\u0645\u0627\u064b \u0645\u062b\u0644 \u0627\u0644\u0645\u0635\u0627\u0635\u0629 \u0627\u0644\u062d\u0645\u0631\u0627\u0621 \u0648\u0627\u0644\u0628\u064a\u0636\u0627\u0621 \u0648\u0627\u0644\u0632\u0631\u0642\u0627\u0621 \u0627\u0644\u0634\u0647\u064a\u0631\u0629 \u0627\u0644\u062a\u064a \u0646\u0639\u0631\u0641\u0647\u0627 \u062c\u0645\u064a\u0639\u0627\u064b \u0648\u0646\u062d\u0628\u0647\u0627. \u062f\u0639 \u0646\u0643\u0647\u0627\u062a \u0627\u0644\u0635\u064a\u0641 \u062a\u0637\u0641\u0648 \u0639\u0644\u0649 \u0645\u0630\u0627\u0642\u0643 \u0648\u062a\u0634\u0639\u0631 \u0628\u0627\u0644\u0628\u0631\u0648\u062f\u0629 \u0648\u0627\u0644\u0625\u062b\u0627\u0631\u0629.<\/li>\n<\/ul>\n<\/li>\n<\/ul>\n<\/li>\n<\/ul>","protected":false},"excerpt":{"rendered":"<p>Das verlorene Mary MO20000 Pro Vape wurde gefunden! Dieses hochmoderne Ger\u00e4t kombiniert Innovation, Stil und hohe Leistung und bringt Ihr Vaping-Spiel an die Grenze. Hergestellt mit Pr\u00e4zisionstechnik und nur Premium-Materialien, ist dieses Ger\u00e4t entwickelt, um die Bed\u00fcrfnisse der neuen und langj\u00e4hrigen vapers gleicherma\u00dfen zu erf\u00fcllen. Lassen Sie uns einen Blick auf die Hauptmerkmale werfen, die [&hellip;]<\/p>\n","protected":false},"featured_media":1381,"comment_status":"open","ping_status":"closed","template":"","meta":{"ocean_post_layout":"","ocean_both_sidebars_style":"","ocean_both_sidebars_content_width":0,"ocean_both_sidebars_sidebars_width":0,"ocean_sidebar":"0","ocean_second_sidebar":"0","ocean_disable_margins":"enable","ocean_add_body_class":"","ocean_shortcode_before_top_bar":"","ocean_shortcode_after_top_bar":"","ocean_shortcode_before_header":"","ocean_shortcode_after_header":"","ocean_has_shortcode":"","ocean_shortcode_after_title":"","ocean_shortcode_before_footer_widgets":"","ocean_shortcode_after_footer_widgets":"","ocean_shortcode_before_footer_bottom":"","ocean_shortcode_after_footer_bottom":"","ocean_display_top_bar":"default","ocean_display_header":"default","ocean_header_style":"","ocean_center_header_left_menu":"0","ocean_custom_header_template":"0","ocean_custom_logo":0,"ocean_custom_retina_logo":0,"ocean_custom_logo_max_width":0,"ocean_custom_logo_tablet_max_width":0,"ocean_custom_logo_mobile_max_width":0,"ocean_custom_logo_max_height":0,"ocean_custom_logo_tablet_max_height":0,"ocean_custom_logo_mobile_max_height":0,"ocean_header_custom_menu":"0","ocean_menu_typo_font_family":"0","ocean_menu_typo_font_subset":"","ocean_menu_typo_font_size":0,"ocean_menu_typo_font_size_tablet":0,"ocean_menu_typo_font_size_mobile":0,"ocean_menu_typo_font_size_unit":"px","ocean_menu_typo_font_weight":"","ocean_menu_typo_font_weight_tablet":"","ocean_menu_typo_font_weight_mobile":"","ocean_menu_typo_transform":"","ocean_menu_typo_transform_tablet":"","ocean_menu_typo_transform_mobile":"","ocean_menu_typo_line_height":0,"ocean_menu_typo_line_height_tablet":0,"ocean_menu_typo_line_height_mobile":0,"ocean_menu_typo_line_height_unit":"","ocean_menu_typo_spacing":0,"ocean_menu_typo_spacing_tablet":0,"ocean_menu_typo_spacing_mobile":0,"ocean_menu_typo_spacing_unit":"","ocean_menu_link_color":"","ocean_menu_link_color_hover":"","ocean_menu_link_color_active":"","ocean_menu_link_background":"","ocean_menu_link_hover_background":"","ocean_menu_link_active_background":"","ocean_menu_social_links_bg":"","ocean_menu_social_hover_links_bg":"","ocean_menu_social_links_color":"","ocean_menu_social_hover_links_color":"","ocean_disable_title":"default","ocean_disable_heading":"default","ocean_post_title":"","ocean_post_subheading":"","ocean_post_title_style":"","ocean_post_title_background_color":"","ocean_post_title_background":0,"ocean_post_title_bg_image_position":"","ocean_post_title_bg_image_attachment":"","ocean_post_title_bg_image_repeat":"","ocean_post_title_bg_image_size":"","ocean_post_title_height":0,"ocean_post_title_bg_overlay":0.5,"ocean_post_title_bg_overlay_color":"","ocean_disable_breadcrumbs":"default","ocean_breadcrumbs_color":"","ocean_breadcrumbs_separator_color":"","ocean_breadcrumbs_links_color":"","ocean_breadcrumbs_links_hover_color":"","ocean_display_footer_widgets":"default","ocean_display_footer_bottom":"default","ocean_custom_footer_template":"0"},"product_brand":[],"product_cat":[60],"product_tag":[],"class_list":{"0":"post-1380","1":"product","2":"type-product","3":"status-publish","4":"has-post-thumbnail","6":"product_cat-vapes","8":"entry","9":"has-media","11":"first","12":"instock","13":"sale","14":"shipping-taxable","15":"purchasable","16":"product-type-simple","17":"has-product-nav","18":"col","19":"span_1_of_3","20":"owp-content-center","21":"owp-thumbs-layout-horizontal","22":"owp-btn-normal","23":"owp-tabs-layout-horizontal","24":"has-no-thumbnails"},"_links":{"self":[{"href":"https:\/\/herbalaproach.com\/ar\/wp-json\/wp\/v2\/product\/1380","targetHints":{"allow":["GET"]}}],"collection":[{"href":"https:\/\/herbalaproach.com\/ar\/wp-json\/wp\/v2\/product"}],"about":[{"href":"https:\/\/herbalaproach.com\/ar\/wp-json\/wp\/v2\/types\/product"}],"replies":[{"embeddable":true,"href":"https:\/\/herbalaproach.com\/ar\/wp-json\/wp\/v2\/comments?post=1380"}],"wp:featuredmedia":[{"embeddable":true,"href":"https:\/\/herbalaproach.com\/ar\/wp-json\/wp\/v2\/media\/1381"}],"wp:attachment":[{"href":"https:\/\/herbalaproach.com\/ar\/wp-json\/wp\/v2\/media?parent=1380"}],"wp:term":[{"taxonomy":"product_brand","embeddable":true,"href":"https:\/\/herbalaproach.com\/ar\/wp-json\/wp\/v2\/product_brand?post=1380"},{"taxonomy":"product_cat","embeddable":true,"href":"https:\/\/herbalaproach.com\/ar\/wp-json\/wp\/v2\/product_cat?post=1380"},{"taxonomy":"product_tag","embeddable":true,"href":"https:\/\/herbalaproach.com\/ar\/wp-json\/wp\/v2\/product_tag?post=1380"}],"curies":[{"name":"\u062f\u0628\u0644\u064a\u0648 \u0628\u064a","href":"https:\/\/api.w.org\/{rel}","templated":true}]}}