{"id":10,"date":"2024-10-25T22:15:43","date_gmt":"2024-10-25T21:15:43","guid":{"rendered":"https:\/\/herbalaproach.com\/?page_id=10"},"modified":"2024-10-26T00:53:09","modified_gmt":"2024-10-25T23:53:09","slug":"cannabis-legalisierung-deutschland","status":"publish","type":"page","link":"https:\/\/herbalaproach.com\/cs\/cannabis-legalisierung-deutschland\/","title":{"rendered":"Z\u00e1sady vracen\u00ed pen\u011bz a vr\u00e1cen\u00ed zbo\u017e\u00ed"},"content":{"rendered":"<p><strong>Z\u00e1sady vracen\u00ed a n\u00e1hrady pro <a href=\"https:\/\/herbalaproach.com\/cs\/\">HerbalAproach.com<\/a><\/strong><\/p>\n\n\n\n<p>Na HerbalAproach.com chceme, aby na\u0161i z\u00e1kazn\u00edci byli se sv\u00fdmi n\u00e1kupy zcela spokojeni. Na\u0161e Z\u00e1sady pro vracen\u00ed zbo\u017e\u00ed a vr\u00e1cen\u00ed pen\u011bz popisuj\u00ed podm\u00ednky, za kter\u00fdch se vr\u00e1cen\u00ed zbo\u017e\u00ed a vr\u00e1cen\u00ed pen\u011bz prov\u00e1d\u00ed. Pe\u010dliv\u011b si tyto z\u00e1sady p\u0159e\u010dt\u011bte a v p\u0159\u00edpad\u011b jak\u00fdchkoli dotaz\u016f n\u00e1s kontaktujte.<\/p>\n\n\n\n<div id=\"ez-toc-container\" class=\"ez-toc-v2_0_82_2 counter-hierarchy ez-toc-counter ez-toc-grey ez-toc-container-direction\">\n<div class=\"ez-toc-title-container\">\n<p class=\"ez-toc-title\" style=\"cursor:inherit\">Obsah<\/p>\n<span class=\"ez-toc-title-toggle\"><a href=\"#\" class=\"ez-toc-pull-right ez-toc-btn ez-toc-btn-xs ez-toc-btn-default ez-toc-toggle\" aria-label=\"P\u0159epnut\u00ed tabulky obsahu\"><span class=\"ez-toc-js-icon-con\"><span class=\"\"><span class=\"eztoc-hide\" style=\"display:none;\">P\u0159ep\u00edna\u010d<\/span><span class=\"ez-toc-icon-toggle-span\"><svg style=\"fill: #999;color:#999\" xmlns=\"http:\/\/www.w3.org\/2000\/svg\" class=\"list-377408\" width=\"20px\" height=\"20px\" viewbox=\"0 0 24 24\" fill=\"none\"><path d=\"M6 6H4v2h2V6zm14 0H8v2h12V6zM4 11h2v2H4v-2zm16 0H8v2h12v-2zM4 16h2v2H4v-2zm16 0H8v2h12v-2z\" fill=\"currentColor\"><\/path><\/svg><svg style=\"fill: #999;color:#999\" class=\"arrow-unsorted-368013\" xmlns=\"http:\/\/www.w3.org\/2000\/svg\" width=\"10px\" height=\"10px\" viewbox=\"0 0 24 24\" version=\"1.2\" baseprofile=\"tiny\"><path d=\"M18.2 9.3l-6.2-6.3-6.2 6.3c-.2.2-.3.4-.3.7s.1.5.3.7c.2.2.4.3.7.3h11c.3 0 .5-.1.7-.3.2-.2.3-.5.3-.7s-.1-.5-.3-.7zM5.8 14.7l6.2 6.3 6.2-6.3c.2-.2.3-.5.3-.7s-.1-.5-.3-.7c-.2-.2-.4-.3-.7-.3h-11c-.3 0-.5.1-.7.3-.2.2-.3.5-.3.7s.1.5.3.7z\"\/><\/svg><\/span><\/span><\/span><\/a><\/span><\/div>\n<nav><ul class='ez-toc-list ez-toc-list-level-1' ><li class='ez-toc-page-1 ez-toc-heading-level-3'><a class=\"ez-toc-link ez-toc-heading-1\" href=\"https:\/\/herbalaproach.com\/cs\/cannabis-legalisierung-deutschland\/#1_Ruckgabeberechtigung\" >1. povolen\u00ed k vr\u00e1cen\u00ed<\/a><\/li><li class='ez-toc-page-1 ez-toc-heading-level-3'><a class=\"ez-toc-link ez-toc-heading-2\" href=\"https:\/\/herbalaproach.com\/cs\/cannabis-legalisierung-deutschland\/#2_Ruckgabefrist\" >2. doba n\u00e1vratu<\/a><\/li><li class='ez-toc-page-1 ez-toc-heading-level-3'><a class=\"ez-toc-link ez-toc-heading-3\" href=\"https:\/\/herbalaproach.com\/cs\/cannabis-legalisierung-deutschland\/#3_Ruckgabeprozess\" >3. proces vracen\u00ed<\/a><\/li><li class='ez-toc-page-1 ez-toc-heading-level-3'><a class=\"ez-toc-link ez-toc-heading-4\" href=\"https:\/\/herbalaproach.com\/cs\/cannabis-legalisierung-deutschland\/#4_Ruckerstattungen\" >4. n\u00e1hrady<\/a><\/li><li class='ez-toc-page-1 ez-toc-heading-level-3'><a class=\"ez-toc-link ez-toc-heading-5\" href=\"https:\/\/herbalaproach.com\/cs\/cannabis-legalisierung-deutschland\/#5_Umtausch\" >5. v\u00fdm\u011bna<\/a><\/li><li class='ez-toc-page-1 ez-toc-heading-level-3'><a class=\"ez-toc-link ez-toc-heading-6\" href=\"https:\/\/herbalaproach.com\/cs\/cannabis-legalisierung-deutschland\/#6_Reduzierte_und_Werbeartikel\" >6. sn\u00ed\u017een\u00e9 a propaga\u010dn\u00ed p\u0159edm\u011bty<\/a><\/li><li class='ez-toc-page-1 ez-toc-heading-level-3'><a class=\"ez-toc-link ez-toc-heading-7\" href=\"https:\/\/herbalaproach.com\/cs\/cannabis-legalisierung-deutschland\/#7_Bestellstornierungen\" >7. zru\u0161en\u00ed objedn\u00e1vky<\/a><\/li><li class='ez-toc-page-1 ez-toc-heading-level-3'><a class=\"ez-toc-link ez-toc-heading-8\" href=\"https:\/\/herbalaproach.com\/cs\/cannabis-legalisierung-deutschland\/#8_Kontaktieren_Sie_uns\" >8. kontaktujte n\u00e1s<\/a><\/li><\/ul><\/nav><\/div>\n<h3 class=\"wp-block-heading\"><span class=\"ez-toc-section\" id=\"1_Ruckgabeberechtigung\"><\/span>1. <strong>Povolen\u00ed k vr\u00e1cen\u00ed<\/strong><span class=\"ez-toc-section-end\"><\/span><\/h3>\n\n\n\n<p>Vr\u00e1cen\u00ed zbo\u017e\u00ed p\u0159ij\u00edm\u00e1me za n\u00e1sleduj\u00edc\u00edch podm\u00ednek:<\/p>\n\n\n\n<ul class=\"wp-block-list\">\n<li><strong>Nepou\u017eit\u00e9 produkty<\/strong>Zbo\u017e\u00ed mus\u00ed b\u00fdt vr\u00e1ceno v p\u016fvodn\u00edm, neotev\u0159en\u00e9m obalu. V\u00fdrobky, kter\u00e9 byly pou\u017eity, otev\u0159eny nebo jakkoli upraveny, nelze vr\u00e1tit.<\/li>\n\n\n\n<li><strong>Po\u0161kozen\u00e9 nebo vadn\u00e9 polo\u017eky<\/strong>Pokud v\u00e1m zbo\u017e\u00ed doraz\u00ed po\u0161kozen\u00e9 nebo vadn\u00e9, neprodlen\u011b n\u00e1s kontaktujte. Poskytneme v\u00e1m pokyny, jak v\u00fdrobek vr\u00e1tit, a uhrad\u00edme n\u00e1klady na zp\u011btn\u00e9 zasl\u00e1n\u00ed.<\/li>\n\n\n\n<li><strong>\u0160patn\u00e9 produkty<\/strong>Pokud obdr\u017e\u00edte nespr\u00e1vn\u00e9 zbo\u017e\u00ed, informujte n\u00e1s o tom do 7 dn\u016f od obdr\u017een\u00ed a my zajist\u00edme v\u00fdm\u011bnu nebo vr\u00e1cen\u00ed pen\u011bz.<\/li>\n<\/ul>\n\n\n\n<h3 class=\"wp-block-heading\"><span class=\"ez-toc-section\" id=\"2_Ruckgabefrist\"><\/span>2. <strong>Doba n\u00e1vratu<\/strong><span class=\"ez-toc-section-end\"><\/span><\/h3>\n\n\n\n<p>Abyste m\u011bli n\u00e1rok na vr\u00e1cen\u00ed, mus\u00edte podat \u017e\u00e1dost o vr\u00e1cen\u00ed do. <strong>14 dn\u00ed<\/strong> po obdr\u017een\u00ed objedn\u00e1vky.<\/p>\n\n\n\n<h3 class=\"wp-block-heading\"><span class=\"ez-toc-section\" id=\"3_Ruckgabeprozess\"><\/span>3. <strong>Proces vracen\u00ed<\/strong><span class=\"ez-toc-section-end\"><\/span><\/h3>\n\n\n\n<p>Chcete-li po\u017e\u00e1dat o vr\u00e1cen\u00ed, postupujte takto:<\/p>\n\n\n\n<ul class=\"wp-block-list\">\n<li><strong>Spojte se s n\u00e1mi<\/strong>Napi\u0161te n\u00e1m na adresu herbalaproach@gmail.com a uve\u010fte \u010d\u00edslo sv\u00e9 objedn\u00e1vky, popis probl\u00e9mu a p\u0159\u00edpadn\u011b fotografie v\u00fdrobku (v p\u0159\u00edpad\u011b z\u00e1vady nebo po\u0161kozen\u00ed).<\/li>\n\n\n\n<li><strong>Autorizace a pokyny<\/strong>Po schv\u00e1len\u00ed vr\u00e1cen\u00ed obdr\u017e\u00edte pokyny, jak n\u00e1m v\u00fdrobek vr\u00e1tit.<\/li>\n\n\n\n<li><strong>N\u00e1klady na dopravu<\/strong>Z\u00e1kazn\u00edci nesou odpov\u011bdnost za n\u00e1klady na vr\u00e1cen\u00ed zbo\u017e\u00ed, pokud nebyl v\u00fdrobek p\u0159i p\u0159evzet\u00ed po\u0161kozen, vadn\u00fd nebo nespr\u00e1vn\u00fd.<\/li>\n<\/ul>\n\n\n\n<h3 class=\"wp-block-heading\"><span class=\"ez-toc-section\" id=\"4_Ruckerstattungen\"><\/span>4. <strong>N\u00e1hrady<\/strong><span class=\"ez-toc-section-end\"><\/span><\/h3>\n\n\n\n<p>Jakmile obdr\u017e\u00edme vr\u00e1cen\u00e9 zbo\u017e\u00ed, zkontrolujeme ho a informujeme v\u00e1s o stavu vr\u00e1cen\u00ed pen\u011bz. Pokud bude vr\u00e1cen\u00ed pen\u011bz schv\u00e1leno, bude provedeno n\u00e1sleduj\u00edc\u00edm zp\u016fsobem:<\/p>\n\n\n\n<ul class=\"wp-block-list\">\n<li><strong>P\u016fvodn\u00ed zp\u016fsob platby<\/strong>Vr\u00e1cen\u00ed pen\u011bz bude provedeno na v\u00e1\u0161 p\u016fvodn\u00ed zp\u016fsob platby v r\u00e1mci <strong>5-10 pracovn\u00edch dn\u016f<\/strong>.<\/li>\n\n\n\n<li><strong>\u010c\u00e1ste\u010dn\u00e9 n\u00e1hrady<\/strong>Vr\u00e1cen\u00e9 zbo\u017e\u00ed, kter\u00e9 je po\u0161kozeno v d\u016fsledku nespr\u00e1vn\u00e9 manipulace, m\u016f\u017ee b\u00fdt podle na\u0161eho uv\u00e1\u017een\u00ed \u010d\u00e1ste\u010dn\u011b vr\u00e1ceno.<\/li>\n\n\n\n<li><strong>Nevratn\u00e9 polo\u017eky<\/strong>N\u011bkter\u00e9 polo\u017eky, v\u010detn\u011b d\u00e1rkov\u00fdch karet a propaga\u010dn\u00edch p\u0159edm\u011bt\u016f, jsou nevratn\u00e9.<\/li>\n<\/ul>\n\n\n\n<h3 class=\"wp-block-heading\"><span class=\"ez-toc-section\" id=\"5_Umtausch\"><\/span>5. <strong>V\u00fdm\u011bna<\/strong><span class=\"ez-toc-section-end\"><\/span><\/h3>\n\n\n\n<p>Pokud si p\u0159ejete polo\u017eku vym\u011bnit, postupujte podle v\u00fd\u0161e popsan\u00e9ho postupu vr\u00e1cen\u00ed a zadejte novou objedn\u00e1vku po\u017eadovan\u00e9 polo\u017eky.<\/p>\n\n\n\n<h3 class=\"wp-block-heading\"><span class=\"ez-toc-section\" id=\"6_Reduzierte_und_Werbeartikel\"><\/span>6. <strong>Sn\u00ed\u017een\u00e9 a propaga\u010dn\u00ed p\u0159edm\u011bty<\/strong><span class=\"ez-toc-section-end\"><\/span><\/h3>\n\n\n\n<p>Vr\u00e1tit lze pouze b\u011b\u017en\u00e9 polo\u017eky. Polo\u017eky zakoupen\u00e9 v r\u00e1mci promo akc\u00ed nebo za speci\u00e1ln\u00ed ceny bohu\u017eel nelze vr\u00e1tit ani vym\u011bnit.<\/p>\n\n\n\n<h3 class=\"wp-block-heading\"><span class=\"ez-toc-section\" id=\"7_Bestellstornierungen\"><\/span>7. <strong>Zru\u0161en\u00ed objedn\u00e1vky<\/strong><span class=\"ez-toc-section-end\"><\/span><\/h3>\n\n\n\n<p>Pokud pot\u0159ebujete objedn\u00e1vku zru\u0161it, kontaktujte n\u00e1s co nejd\u0159\u00edve. Objedn\u00e1vky lze zru\u0161it pouze v p\u0159\u00edpad\u011b, \u017ee je\u0161t\u011b nebyly zpracov\u00e1ny nebo odesl\u00e1ny. Pokud ji\u017e byla objedn\u00e1vka odesl\u00e1na, je t\u0159eba ji vr\u00e1tit v souladu s v\u00fd\u0161e uveden\u00fdmi pokyny.<\/p>\n\n\n\n<h3 class=\"wp-block-heading\"><span class=\"ez-toc-section\" id=\"8_Kontaktieren_Sie_uns\"><\/span>8. <strong>Spojte se s n\u00e1mi<\/strong><span class=\"ez-toc-section-end\"><\/span><\/h3>\n\n\n\n<p>M\u00e1te-li jak\u00e9koli dotazy nebo p\u0159ipom\u00ednky k t\u011bmto z\u00e1sad\u00e1m vracen\u00ed pen\u011bz, kontaktujte n\u00e1s pros\u00edm na adrese:<\/p>\n\n\n\n<ul class=\"wp-block-list\">\n<li><strong>e-mail<\/strong>: herbalaproach@gmail.com<\/li>\n<\/ul>\n\n\n\n<p>Zad\u00e1n\u00edm objedn\u00e1vky na HerbalAproach.com souhlas\u00edte s podm\u00ednkami t\u011bchto Z\u00e1sad pro vr\u00e1cen\u00ed pen\u011bz.<\/p>","protected":false},"excerpt":{"rendered":"<p>R\u00fcckgabe- und Erstattungsrichtlinie f\u00fcr HerbalAproach.com Bei HerbalAproach.com m\u00f6chten wir, dass unsere Kunden mit ihren Eink\u00e4ufen vollst\u00e4ndig zufrieden sind. Unsere R\u00fcckgabe- und Erstattungsrichtlinie beschreibt die Bedingungen, unter denen R\u00fcckgaben und Erstattungen abgewickelt werden. Bitte lesen Sie diese Richtlinie sorgf\u00e4ltig und kontaktieren Sie uns, wenn Sie Fragen haben. 1. R\u00fcckgabeberechtigung Wir akzeptieren R\u00fcckgaben unter folgenden Bedingungen: 2. [&hellip;]<\/p>\n","protected":false},"author":1,"featured_media":0,"parent":0,"menu_order":0,"comment_status":"closed","ping_status":"closed","template":"","meta":{"ocean_post_layout":"","ocean_both_sidebars_style":"","ocean_both_sidebars_content_width":0,"ocean_both_sidebars_sidebars_width":0,"ocean_sidebar":"","ocean_second_sidebar":"","ocean_disable_margins":"enable","ocean_add_body_class":"","ocean_shortcode_before_top_bar":"","ocean_shortcode_after_top_bar":"","ocean_shortcode_before_header":"","ocean_shortcode_after_header":"","ocean_has_shortcode":"","ocean_shortcode_after_title":"","ocean_shortcode_before_footer_widgets":"","ocean_shortcode_after_footer_widgets":"","ocean_shortcode_before_footer_bottom":"","ocean_shortcode_after_footer_bottom":"","ocean_display_top_bar":"default","ocean_display_header":"default","ocean_header_style":"","ocean_center_header_left_menu":"","ocean_custom_header_template":"","ocean_custom_logo":0,"ocean_custom_retina_logo":0,"ocean_custom_logo_max_width":0,"ocean_custom_logo_tablet_max_width":0,"ocean_custom_logo_mobile_max_width":0,"ocean_custom_logo_max_height":0,"ocean_custom_logo_tablet_max_height":0,"ocean_custom_logo_mobile_max_height":0,"ocean_header_custom_menu":"","ocean_menu_typo_font_family":"","ocean_menu_typo_font_subset":"","ocean_menu_typo_font_size":0,"ocean_menu_typo_font_size_tablet":0,"ocean_menu_typo_font_size_mobile":0,"ocean_menu_typo_font_size_unit":"px","ocean_menu_typo_font_weight":"","ocean_menu_typo_font_weight_tablet":"","ocean_menu_typo_font_weight_mobile":"","ocean_menu_typo_transform":"","ocean_menu_typo_transform_tablet":"","ocean_menu_typo_transform_mobile":"","ocean_menu_typo_line_height":0,"ocean_menu_typo_line_height_tablet":0,"ocean_menu_typo_line_height_mobile":0,"ocean_menu_typo_line_height_unit":"","ocean_menu_typo_spacing":0,"ocean_menu_typo_spacing_tablet":0,"ocean_menu_typo_spacing_mobile":0,"ocean_menu_typo_spacing_unit":"","ocean_menu_link_color":"","ocean_menu_link_color_hover":"","ocean_menu_link_color_active":"","ocean_menu_link_background":"","ocean_menu_link_hover_background":"","ocean_menu_link_active_background":"","ocean_menu_social_links_bg":"","ocean_menu_social_hover_links_bg":"","ocean_menu_social_links_color":"","ocean_menu_social_hover_links_color":"","ocean_disable_title":"default","ocean_disable_heading":"default","ocean_post_title":"","ocean_post_subheading":"","ocean_post_title_style":"","ocean_post_title_background_color":"","ocean_post_title_background":0,"ocean_post_title_bg_image_position":"","ocean_post_title_bg_image_attachment":"","ocean_post_title_bg_image_repeat":"","ocean_post_title_bg_image_size":"","ocean_post_title_height":0,"ocean_post_title_bg_overlay":0.5,"ocean_post_title_bg_overlay_color":"","ocean_disable_breadcrumbs":"default","ocean_breadcrumbs_color":"","ocean_breadcrumbs_separator_color":"","ocean_breadcrumbs_links_color":"","ocean_breadcrumbs_links_hover_color":"","ocean_display_footer_widgets":"default","ocean_display_footer_bottom":"default","ocean_custom_footer_template":"","footnotes":""},"class_list":["post-10","page","type-page","status-publish","hentry","entry","owp-thumbs-layout-horizontal","owp-btn-normal","owp-tabs-layout-horizontal","has-no-thumbnails","has-product-nav"],"_links":{"self":[{"href":"https:\/\/herbalaproach.com\/cs\/wp-json\/wp\/v2\/pages\/10","targetHints":{"allow":["GET"]}}],"collection":[{"href":"https:\/\/herbalaproach.com\/cs\/wp-json\/wp\/v2\/pages"}],"about":[{"href":"https:\/\/herbalaproach.com\/cs\/wp-json\/wp\/v2\/types\/page"}],"author":[{"embeddable":true,"href":"https:\/\/herbalaproach.com\/cs\/wp-json\/wp\/v2\/users\/1"}],"replies":[{"embeddable":true,"href":"https:\/\/herbalaproach.com\/cs\/wp-json\/wp\/v2\/comments?post=10"}],"version-history":[{"count":2,"href":"https:\/\/herbalaproach.com\/cs\/wp-json\/wp\/v2\/pages\/10\/revisions"}],"predecessor-version":[{"id":1297,"href":"https:\/\/herbalaproach.com\/cs\/wp-json\/wp\/v2\/pages\/10\/revisions\/1297"}],"wp:attachment":[{"href":"https:\/\/herbalaproach.com\/cs\/wp-json\/wp\/v2\/media?parent=10"}],"curies":[{"name":"wp","href":"https:\/\/api.w.org\/{rel}","templated":true}]}}