{"id":3,"date":"2024-10-22T22:45:31","date_gmt":"2024-10-22T21:45:31","guid":{"rendered":"https:\/\/herbalaproach.com\/?page_id=3"},"modified":"2024-10-26T00:53:44","modified_gmt":"2024-10-25T23:53:44","slug":"gummies","status":"publish","type":"page","link":"https:\/\/herbalaproach.com\/cs\/gummies\/","title":{"rendered":"Na\u0159\u00edzen\u00ed o ochran\u011b \u00fadaj\u016f"},"content":{"rendered":"<p><strong>V\u00edtejte na str\u00e1nk\u00e1ch HerbalAproach.com.<\/strong> S <a href=\"https:\/\/herbalaproach.com\/cs\/\">HerbalAproach<\/a> respektujeme va\u0161e soukrom\u00ed a zavazujeme se chr\u00e1nit va\u0161e osobn\u00ed \u00fadaje. Tyto z\u00e1sady ochrany osobn\u00edch \u00fadaj\u016f vysv\u011btluj\u00ed, jak\u00e9 informace shroma\u017e\u010fujeme, jak je pou\u017e\u00edv\u00e1me a jak\u00e9 m\u00e1te mo\u017enosti volby t\u00fdkaj\u00edc\u00ed se va\u0161ich \u00fadaj\u016f. P\u0159e\u010dt\u011bte si pros\u00edm tyto z\u00e1sady pe\u010dliv\u011b, proto\u017ee pou\u017e\u00edv\u00e1n\u00ed na\u0161ich webov\u00fdch str\u00e1nek znamen\u00e1 v\u00e1\u0161 souhlas s t\u011bmito postupy.<\/p>\n\n\n\n<div id=\"ez-toc-container\" class=\"ez-toc-v2_0_82_2 counter-hierarchy ez-toc-counter ez-toc-grey ez-toc-container-direction\">\n<div class=\"ez-toc-title-container\">\n<p class=\"ez-toc-title\" style=\"cursor:inherit\">Obsah<\/p>\n<span class=\"ez-toc-title-toggle\"><a href=\"#\" class=\"ez-toc-pull-right ez-toc-btn ez-toc-btn-xs ez-toc-btn-default ez-toc-toggle\" aria-label=\"P\u0159epnut\u00ed tabulky obsahu\"><span class=\"ez-toc-js-icon-con\"><span class=\"\"><span class=\"eztoc-hide\" style=\"display:none;\">P\u0159ep\u00edna\u010d<\/span><span class=\"ez-toc-icon-toggle-span\"><svg style=\"fill: #999;color:#999\" xmlns=\"http:\/\/www.w3.org\/2000\/svg\" class=\"list-377408\" width=\"20px\" height=\"20px\" viewbox=\"0 0 24 24\" fill=\"none\"><path d=\"M6 6H4v2h2V6zm14 0H8v2h12V6zM4 11h2v2H4v-2zm16 0H8v2h12v-2zM4 16h2v2H4v-2zm16 0H8v2h12v-2z\" fill=\"currentColor\"><\/path><\/svg><svg style=\"fill: #999;color:#999\" class=\"arrow-unsorted-368013\" xmlns=\"http:\/\/www.w3.org\/2000\/svg\" width=\"10px\" height=\"10px\" viewbox=\"0 0 24 24\" version=\"1.2\" baseprofile=\"tiny\"><path d=\"M18.2 9.3l-6.2-6.3-6.2 6.3c-.2.2-.3.4-.3.7s.1.5.3.7c.2.2.4.3.7.3h11c.3 0 .5-.1.7-.3.2-.2.3-.5.3-.7s-.1-.5-.3-.7zM5.8 14.7l6.2 6.3 6.2-6.3c.2-.2.3-.5.3-.7s-.1-.5-.3-.7c-.2-.2-.4-.3-.7-.3h-11c-.3 0-.5.1-.7.3-.2.2-.3.5-.3.7s.1.5.3.7z\"\/><\/svg><\/span><\/span><\/span><\/a><\/span><\/div>\n<nav><ul class='ez-toc-list ez-toc-list-level-1' ><li class='ez-toc-page-1 ez-toc-heading-level-3'><a class=\"ez-toc-link ez-toc-heading-1\" href=\"https:\/\/herbalaproach.com\/cs\/gummies\/#1_Informationen_die_wir_sammeln\" >1. informace, kter\u00e9 shroma\u017e\u010fujeme<\/a><ul class='ez-toc-list-level-4' ><li class='ez-toc-heading-level-4'><a class=\"ez-toc-link ez-toc-heading-2\" href=\"https:\/\/herbalaproach.com\/cs\/gummies\/#a_Personliche_Informationen\" >a. Osobn\u00ed \u00fadaje:<\/a><\/li><li class='ez-toc-page-1 ez-toc-heading-level-4'><a class=\"ez-toc-link ez-toc-heading-3\" href=\"https:\/\/herbalaproach.com\/cs\/gummies\/#b_Nutzungsdaten\" >b. \u00dadaje o pou\u017eit\u00ed:<\/a><\/li><li class='ez-toc-page-1 ez-toc-heading-level-4'><a class=\"ez-toc-link ez-toc-heading-4\" href=\"https:\/\/herbalaproach.com\/cs\/gummies\/#c_Cookies_und_Tracking-Technologien\" >c. Soubory cookie a sledovac\u00ed technologie:<\/a><\/li><\/ul><\/li><li class='ez-toc-page-1 ez-toc-heading-level-3'><a class=\"ez-toc-link ez-toc-heading-5\" href=\"https:\/\/herbalaproach.com\/cs\/gummies\/#2_Wie_wir_Ihre_Informationen_verwenden\" >2. jak va\u0161e informace pou\u017e\u00edv\u00e1me<\/a><\/li><li class='ez-toc-page-1 ez-toc-heading-level-3'><a class=\"ez-toc-link ez-toc-heading-6\" href=\"https:\/\/herbalaproach.com\/cs\/gummies\/#3_Weitergabe_und_Offenlegung_Ihrer_Informationen\" >3. sd\u00edlen\u00ed a zp\u0159\u00edstupn\u011bn\u00ed va\u0161ich informac\u00ed<\/a><\/li><li class='ez-toc-page-1 ez-toc-heading-level-3'><a class=\"ez-toc-link ez-toc-heading-7\" href=\"https:\/\/herbalaproach.com\/cs\/gummies\/#4_Ihre_Rechte_und_Wahlmoglichkeiten\" >4. va\u0161e pr\u00e1va a mo\u017enosti volby<\/a><\/li><li class='ez-toc-page-1 ez-toc-heading-level-3'><a class=\"ez-toc-link ez-toc-heading-8\" href=\"https:\/\/herbalaproach.com\/cs\/gummies\/#5_Sicherheit_Ihrer_Informationen\" >5. zabezpe\u010den\u00ed va\u0161ich informac\u00ed<\/a><\/li><li class='ez-toc-page-1 ez-toc-heading-level-3'><a class=\"ez-toc-link ez-toc-heading-9\" href=\"https:\/\/herbalaproach.com\/cs\/gummies\/#6_Cookies_und_Tracking-Technologien\" >6. soubory cookie a sledovac\u00ed technologie<\/a><\/li><li class='ez-toc-page-1 ez-toc-heading-level-3'><a class=\"ez-toc-link ez-toc-heading-10\" href=\"https:\/\/herbalaproach.com\/cs\/gummies\/#7_Links_zu_Drittanbietern\" >7. odkazy na poskytovatele t\u0159et\u00edch stran<\/a><\/li><li class='ez-toc-page-1 ez-toc-heading-level-3'><a class=\"ez-toc-link ez-toc-heading-11\" href=\"https:\/\/herbalaproach.com\/cs\/gummies\/#8_Internationale_Datenubertragungen\" >8. mezin\u00e1rodn\u00ed p\u0159enosy dat<\/a><\/li><li class='ez-toc-page-1 ez-toc-heading-level-3'><a class=\"ez-toc-link ez-toc-heading-12\" href=\"https:\/\/herbalaproach.com\/cs\/gummies\/#9_Datenschutz_fur_Kinder\" >9. ochrana \u00fadaj\u016f u d\u011bt\u00ed<\/a><\/li><li class='ez-toc-page-1 ez-toc-heading-level-3'><a class=\"ez-toc-link ez-toc-heading-13\" href=\"https:\/\/herbalaproach.com\/cs\/gummies\/#10_Aktualisierungen_dieser_Datenschutzrichtlinie\" >10. aktualizace t\u011bchto z\u00e1sad ochrany osobn\u00edch \u00fadaj\u016f<\/a><\/li><li class='ez-toc-page-1 ez-toc-heading-level-3'><a class=\"ez-toc-link ez-toc-heading-14\" href=\"https:\/\/herbalaproach.com\/cs\/gummies\/#11_Kontaktieren_Sie_uns\" >11. kontaktujte n\u00e1s<\/a><\/li><\/ul><\/nav><\/div>\n<h3 class=\"wp-block-heading\"><span class=\"ez-toc-section\" id=\"1_Informationen_die_wir_sammeln\"><\/span>1. informace, kter\u00e9 shroma\u017e\u010fujeme<span class=\"ez-toc-section-end\"><\/span><\/h3>\n\n\n\n<p>Za \u00fa\u010delem poskytov\u00e1n\u00ed na\u0161ich slu\u017eeb m\u016f\u017eeme shroma\u017e\u010fovat a zpracov\u00e1vat r\u016fzn\u00e9 typy informac\u00ed, mimo jin\u00e9.<\/p>\n\n\n\n<h4 class=\"wp-block-heading\"><span class=\"ez-toc-section\" id=\"a_Personliche_Informationen\"><\/span>a. Osobn\u00ed \u00fadaje:<span class=\"ez-toc-section-end\"><\/span><\/h4>\n\n\n\n<ul class=\"wp-block-list\">\n<li><strong>Vytvo\u0159en\u00ed \u00fa\u010dtu<\/strong>P\u0159i vytv\u00e1\u0159en\u00ed \u00fa\u010dtu shroma\u017e\u010fujeme va\u0161e jm\u00e9no, e-mailovou adresu, po\u0161tovn\u00ed adresu, telefonn\u00ed \u010d\u00edslo a heslo.<\/li>\n\n\n\n<li><strong>Podrobnosti o objedn\u00e1vce<\/strong>P\u0159i n\u00e1kupu shroma\u017e\u010fujeme informace o transakci, nap\u0159\u00edklad faktura\u010dn\u00ed a dodac\u00ed adresu a platebn\u00ed \u00fadaje.<\/li>\n\n\n\n<li><strong>Ov\u011b\u0159en\u00ed v\u011bku<\/strong>Proto\u017ee jsou na\u0161e produkty ur\u010deny pouze pro dosp\u011bl\u00e9, m\u016f\u017eeme shroma\u017e\u010fovat \u00fadaje o narozen\u00ed, abychom ov\u011b\u0159ili va\u0161i zp\u016fsobilost.<\/li>\n<\/ul>\n\n\n\n<h4 class=\"wp-block-heading\"><span class=\"ez-toc-section\" id=\"b_Nutzungsdaten\"><\/span>b. \u00dadaje o pou\u017eit\u00ed:<span class=\"ez-toc-section-end\"><\/span><\/h4>\n\n\n\n<ul class=\"wp-block-list\">\n<li><strong>Pou\u017e\u00edv\u00e1n\u00ed webov\u00fdch str\u00e1nek<\/strong>Informace o tom, jak pou\u017e\u00edv\u00e1te na\u0161e str\u00e1nky, v\u010detn\u011b zobrazen\u00fdch str\u00e1nek, \u010dl\u00e1nk\u016f, na kter\u00e9 jste klikli, historie vyhled\u00e1v\u00e1n\u00ed a d\u00e9lky n\u00e1v\u0161t\u011bvy.<\/li>\n\n\n\n<li><strong>Informace o za\u0159\u00edzen\u00ed<\/strong>Informace o za\u0159\u00edzen\u00ed a prohl\u00ed\u017ee\u010di, kter\u00fd pou\u017e\u00edv\u00e1te, v\u010detn\u011b IP adresy, typu prohl\u00ed\u017ee\u010de a opera\u010dn\u00edho syst\u00e9mu.<\/li>\n<\/ul>\n\n\n\n<h4 class=\"wp-block-heading\"><span class=\"ez-toc-section\" id=\"c_Cookies_und_Tracking-Technologien\"><\/span>c. Soubory cookie a sledovac\u00ed technologie:<span class=\"ez-toc-section-end\"><\/span><\/h4>\n\n\n\n<ul class=\"wp-block-list\">\n<li>Soubory cookie, webov\u00e9 maj\u00e1ky a dal\u0161\u00ed podobn\u00e9 technologie pou\u017e\u00edv\u00e1me ke zlep\u0161en\u00ed funk\u010dnosti webov\u00fdch str\u00e1nek a ke shroma\u017e\u010fov\u00e1n\u00ed informac\u00ed o tom, jak n\u00e1v\u0161t\u011bvn\u00edci s na\u0161imi webov\u00fdmi str\u00e1nkami pracuj\u00ed.<\/li>\n<\/ul>\n\n\n\n<h3 class=\"wp-block-heading\"><span class=\"ez-toc-section\" id=\"2_Wie_wir_Ihre_Informationen_verwenden\"><\/span>2. jak va\u0161e informace pou\u017e\u00edv\u00e1me<span class=\"ez-toc-section-end\"><\/span><\/h3>\n\n\n\n<p>HerbalAproach pou\u017e\u00edv\u00e1 va\u0161e informace k poskytov\u00e1n\u00ed, zlep\u0161ov\u00e1n\u00ed a personalizaci va\u0161ich zku\u0161enost\u00ed, v\u010detn\u011b:<\/p>\n\n\n\n<ul class=\"wp-block-list\">\n<li><strong>Zpracov\u00e1n\u00ed objedn\u00e1vek<\/strong>Zpracov\u00e1vat va\u0161e n\u00e1kupy, prov\u00e1d\u011bt platby a doru\u010dovat produkty.<\/li>\n\n\n\n<li><strong>Z\u00e1kaznick\u00e1 podpora<\/strong>Odpov\u00eddat na va\u0161e dotazy, poskytovat technickou podporu a zlep\u0161ovat slu\u017eby z\u00e1kazn\u00edk\u016fm.<\/li>\n\n\n\n<li><strong>Marketingov\u00e1 komunikace<\/strong>zas\u00edl\u00e1n\u00ed nab\u00eddek, newsletter\u016f a aktualizac\u00ed, pokud jste se k jejich zas\u00edl\u00e1n\u00ed p\u0159ihl\u00e1sili. Z odb\u011bru t\u011bchto sd\u011blen\u00ed se m\u016f\u017eete kdykoli odhl\u00e1sit.<\/li>\n\n\n\n<li><strong>Optimalizace webov\u00fdch str\u00e1nek<\/strong>Analyzovat trendy, spravovat webov\u00e9 str\u00e1nky, sledovat pohyb u\u017eivatel\u016f a zlep\u0161ovat v\u00fdkon na\u0161ich webov\u00fdch str\u00e1nek.<\/li>\n\n\n\n<li><strong>Dodr\u017eov\u00e1n\u00ed pr\u00e1vn\u00edch p\u0159edpis\u016f<\/strong>dodr\u017eov\u00e1n\u00ed platn\u00fdch z\u00e1kon\u016f, p\u0159edpis\u016f a po\u017eadavk\u016f org\u00e1n\u016f \u010dinn\u00fdch v trestn\u00edm \u0159\u00edzen\u00ed.<\/li>\n<\/ul>\n\n\n\n<h3 class=\"wp-block-heading\"><span class=\"ez-toc-section\" id=\"3_Weitergabe_und_Offenlegung_Ihrer_Informationen\"><\/span>3. sd\u00edlen\u00ed a zp\u0159\u00edstupn\u011bn\u00ed va\u0161ich informac\u00ed<span class=\"ez-toc-section-end\"><\/span><\/h3>\n\n\n\n<p>Va\u0161e osobn\u00ed \u00fadaje m\u016f\u017eeme zp\u0159\u00edstupnit t\u0159et\u00edm stran\u00e1m v n\u00e1sleduj\u00edc\u00edch p\u0159\u00edpadech:<\/p>\n\n\n\n<ul class=\"wp-block-list\">\n<li><strong>Poskytovatel slu\u017eeb<\/strong>s poskytovateli t\u0159et\u00edch stran, kte\u0159\u00ed n\u00e1m pom\u00e1haj\u00ed poskytovat na\u0161e slu\u017eby, v\u010detn\u011b zpracov\u00e1n\u00ed plateb, p\u0159epravy, anal\u00fdzy a marketingu.<\/li>\n\n\n\n<li><strong>Pr\u00e1vn\u00ed povinnosti<\/strong>Pokud to vy\u017eaduje z\u00e1kon, nap\u0159. v reakci na p\u0159edvol\u00e1n\u00ed, soudn\u00ed p\u0159\u00edkaz nebo jin\u00fd pr\u00e1vn\u00ed postup.<\/li>\n\n\n\n<li><strong>P\u0159evody spole\u010dnost\u00ed<\/strong>V p\u0159\u00edpad\u011b f\u00faze, akvizice nebo prodeje majetku mohou b\u00fdt va\u0161e \u00fadaje p\u0159evedeny na nov\u00fd subjekt.<\/li>\n<\/ul>\n\n\n\n<p>Va\u0161e osobn\u00ed \u00fadaje neprod\u00e1v\u00e1me ani nepronaj\u00edm\u00e1me t\u0159et\u00edm stran\u00e1m.<\/p>\n\n\n\n<h3 class=\"wp-block-heading\"><span class=\"ez-toc-section\" id=\"4_Ihre_Rechte_und_Wahlmoglichkeiten\"><\/span>4. va\u0161e pr\u00e1va a mo\u017enosti volby<span class=\"ez-toc-section-end\"><\/span><\/h3>\n\n\n\n<p>V z\u00e1vislosti na m\u00edst\u011b, kde se nach\u00e1z\u00edte, m\u016f\u017eete m\u00edt v souvislosti se sv\u00fdmi osobn\u00edmi \u00fadaji n\u00e1sleduj\u00edc\u00ed pr\u00e1va:<\/p>\n\n\n\n<ul class=\"wp-block-list\">\n<li><strong>P\u0159\u00edstup na<\/strong>M\u016f\u017eete si vy\u017e\u00e1dat kopii osobn\u00edch \u00fadaj\u016f, kter\u00e9 o v\u00e1s uchov\u00e1v\u00e1me.<\/li>\n\n\n\n<li><strong>Oprava<\/strong>Sv\u00e9 osobn\u00ed \u00fadaje m\u016f\u017eete aktualizovat nebo opravit nep\u0159esnosti.<\/li>\n\n\n\n<li><strong>Zru\u0161en\u00ed<\/strong>S v\u00fdhradou ur\u010dit\u00fdch z\u00e1konn\u00fdch omezen\u00ed m\u016f\u017eete po\u017e\u00e1dat o vymaz\u00e1n\u00ed sv\u00fdch osobn\u00edch \u00fadaj\u016f.<\/li>\n\n\n\n<li><strong>Odhl\u00e1sit se od marketingu<\/strong>Zas\u00edl\u00e1n\u00ed marketingov\u00fdch sd\u011blen\u00ed m\u016f\u017eete odhl\u00e1sit podle pokyn\u016f k odhl\u00e1\u0161en\u00ed v na\u0161ich marketingov\u00fdch e-mailech.<\/li>\n<\/ul>\n\n\n\n<p>Chcete-li uplatnit n\u011bkter\u00e9 z t\u011bchto pr\u00e1v, kontaktujte n\u00e1s na adrese herbalaproach@gmail.com.<\/p>\n\n\n\n<h3 class=\"wp-block-heading\"><span class=\"ez-toc-section\" id=\"5_Sicherheit_Ihrer_Informationen\"><\/span>5. zabezpe\u010den\u00ed va\u0161ich informac\u00ed<span class=\"ez-toc-section-end\"><\/span><\/h3>\n\n\n\n<p>K ochran\u011b va\u0161ich \u00fadaj\u016f pou\u017e\u00edv\u00e1me standardn\u00ed opat\u0159en\u00ed. \u017d\u00e1dn\u00fd zp\u016fsob p\u0159enosu p\u0159es internet ani zp\u016fsob elektronick\u00e9ho ukl\u00e1d\u00e1n\u00ed v\u0161ak nen\u00ed bezpe\u010dn\u00fd. I kdy\u017e se sna\u017e\u00edme va\u0161e \u00fadaje chr\u00e1nit, nem\u016f\u017eeme zaru\u010dit jejich absolutn\u00ed bezpe\u010dnost.<\/p>\n\n\n\n<h3 class=\"wp-block-heading\"><span class=\"ez-toc-section\" id=\"6_Cookies_und_Tracking-Technologien\"><\/span>6. soubory cookie a sledovac\u00ed technologie<span class=\"ez-toc-section-end\"><\/span><\/h3>\n\n\n\n<p>Na\u0161e webov\u00e9 str\u00e1nky pou\u017e\u00edvaj\u00ed soubory cookie ke zlep\u0161en\u00ed va\u0161ich zku\u0161enost\u00ed a k anal\u00fdze n\u00e1v\u0161t\u011bvnosti webov\u00fdch str\u00e1nek. Soubory cookie n\u00e1m pom\u00e1haj\u00ed rozpoznat vracej\u00edc\u00ed se n\u00e1v\u0161t\u011bvn\u00edky a shroma\u017e\u010fovat \u00fadaje o pou\u017e\u00edv\u00e1n\u00ed webov\u00fdch str\u00e1nek, abychom mohli zlep\u0161ovat na\u0161e slu\u017eby. Nastaven\u00ed soubor\u016f cookie m\u016f\u017eete spravovat ve sv\u00e9m prohl\u00ed\u017ee\u010di.<\/p>\n\n\n\n<h3 class=\"wp-block-heading\"><span class=\"ez-toc-section\" id=\"7_Links_zu_Drittanbietern\"><\/span>7. odkazy na poskytovatele t\u0159et\u00edch stran<span class=\"ez-toc-section-end\"><\/span><\/h3>\n\n\n\n<p>Na\u0161e webov\u00e9 str\u00e1nky mohou obsahovat odkazy na webov\u00e9 str\u00e1nky t\u0159et\u00edch stran. Spole\u010dnost HerbalAproach neodpov\u00edd\u00e1 za ochranu osobn\u00edch \u00fadaj\u016f ani za obsah t\u011bchto webov\u00fdch str\u00e1nek. Doporu\u010dujeme v\u00e1m, abyste se sezn\u00e1mili se z\u00e1sadami ochrany osobn\u00edch \u00fadaj\u016f webov\u00fdch str\u00e1nek t\u0159et\u00edch stran, kter\u00e9 nav\u0161t\u00edv\u00edte.<\/p>\n\n\n\n<h3 class=\"wp-block-heading\"><span class=\"ez-toc-section\" id=\"8_Internationale_Datenubertragungen\"><\/span>8. mezin\u00e1rodn\u00ed p\u0159enosy dat<span class=\"ez-toc-section-end\"><\/span><\/h3>\n\n\n\n<p>Pokud na na\u0161e webov\u00e9 str\u00e1nky p\u0159istupujete ze zem\u00ed mimo Evropu, upozor\u0148ujeme, \u017ee va\u0161e \u00fadaje mohou b\u00fdt p\u0159eneseny, ulo\u017eeny a zpracov\u00e1ny v jin\u00e9 zemi, kde se nach\u00e1zej\u00ed na\u0161e servery. Pou\u017e\u00edv\u00e1n\u00edm na\u0161ich webov\u00fdch str\u00e1nek souhlas\u00edte s p\u0159enosem va\u0161ich \u00fadaj\u016f do na\u0161ich za\u0159\u00edzen\u00ed a t\u0159et\u00edm stran\u00e1m v souladu s t\u011bmito z\u00e1sadami.<\/p>\n\n\n\n<h3 class=\"wp-block-heading\"><span class=\"ez-toc-section\" id=\"9_Datenschutz_fur_Kinder\"><\/span>9. ochrana \u00fadaj\u016f u d\u011bt\u00ed<span class=\"ez-toc-section-end\"><\/span><\/h3>\n\n\n\n<p>Spole\u010dnost HerbalAproach v\u011bdom\u011b neshroma\u017e\u010fuje ani nevy\u017eaduje osobn\u00ed \u00fadaje od d\u011bt\u00ed mlad\u0161\u00edch 18 let. Na\u0161e slu\u017eby jsou ur\u010deny pouze pro dosp\u011bl\u00e9.<\/p>\n\n\n\n<h3 class=\"wp-block-heading\"><span class=\"ez-toc-section\" id=\"10_Aktualisierungen_dieser_Datenschutzrichtlinie\"><\/span>10. aktualizace t\u011bchto z\u00e1sad ochrany osobn\u00edch \u00fadaj\u016f<span class=\"ez-toc-section-end\"><\/span><\/h3>\n\n\n\n<p>Tyto z\u00e1sady ochrany osobn\u00edch \u00fadaj\u016f m\u016f\u017eeme \u010das od \u010dasu aktualizovat, aby odr\u00e1\u017eely zm\u011bny na\u0161ich postup\u016f nebo pr\u00e1vn\u00edch po\u017eadavk\u016f. Doporu\u010dujeme v\u00e1m, abyste se s t\u011bmito z\u00e1sadami sezn\u00e1mili poka\u017ed\u00e9, kdy\u017e nav\u0161t\u00edv\u00edte na\u0161e webov\u00e9 str\u00e1nky, abyste byli obezn\u00e1meni s na\u0161imi postupy p\u0159i zpracov\u00e1n\u00ed \u00fadaj\u016f.<\/p>\n\n\n\n<h3 class=\"wp-block-heading\"><span class=\"ez-toc-section\" id=\"11_Kontaktieren_Sie_uns\"><\/span>11. kontaktujte n\u00e1s<span class=\"ez-toc-section-end\"><\/span><\/h3>\n\n\n\n<p>M\u00e1te-li jak\u00e9koli dotazy nebo p\u0159ipom\u00ednky k t\u011bmto Z\u00e1sad\u00e1m ochrany osobn\u00edch \u00fadaj\u016f, kontaktujte n\u00e1s pros\u00edm na adrese:<\/p>\n\n\n\n<ul class=\"wp-block-list\">\n<li><strong>e-mail<\/strong>: herbalaproach@gmail.com<\/li>\n<\/ul>","protected":false},"excerpt":{"rendered":"<p>Willkommen auf HerbalAproach.com. Bei HerbalAproach respektieren wir Ihre Privatsph\u00e4re und verpflichten uns, Ihre pers\u00f6nlichen Daten zu sch\u00fctzen. Diese Datenschutzrichtlinie erkl\u00e4rt, welche Informationen wir sammeln, wie wir sie verwenden und welche Wahlm\u00f6glichkeiten Sie in Bezug auf Ihre Informationen haben. Bitte lesen Sie diese Richtlinie sorgf\u00e4ltig durch, da die Nutzung unserer Website Ihre Zustimmung zu diesen Praktiken [&hellip;]<\/p>\n","protected":false},"author":1,"featured_media":0,"parent":0,"menu_order":0,"comment_status":"closed","ping_status":"open","template":"","meta":{"ocean_post_layout":"","ocean_both_sidebars_style":"","ocean_both_sidebars_content_width":0,"ocean_both_sidebars_sidebars_width":0,"ocean_sidebar":"","ocean_second_sidebar":"","ocean_disable_margins":"enable","ocean_add_body_class":"","ocean_shortcode_before_top_bar":"","ocean_shortcode_after_top_bar":"","ocean_shortcode_before_header":"","ocean_shortcode_after_header":"","ocean_has_shortcode":"","ocean_shortcode_after_title":"","ocean_shortcode_before_footer_widgets":"","ocean_shortcode_after_footer_widgets":"","ocean_shortcode_before_footer_bottom":"","ocean_shortcode_after_footer_bottom":"","ocean_display_top_bar":"default","ocean_display_header":"default","ocean_header_style":"","ocean_center_header_left_menu":"","ocean_custom_header_template":"","ocean_custom_logo":0,"ocean_custom_retina_logo":0,"ocean_custom_logo_max_width":0,"ocean_custom_logo_tablet_max_width":0,"ocean_custom_logo_mobile_max_width":0,"ocean_custom_logo_max_height":0,"ocean_custom_logo_tablet_max_height":0,"ocean_custom_logo_mobile_max_height":0,"ocean_header_custom_menu":"","ocean_menu_typo_font_family":"","ocean_menu_typo_font_subset":"","ocean_menu_typo_font_size":0,"ocean_menu_typo_font_size_tablet":0,"ocean_menu_typo_font_size_mobile":0,"ocean_menu_typo_font_size_unit":"px","ocean_menu_typo_font_weight":"","ocean_menu_typo_font_weight_tablet":"","ocean_menu_typo_font_weight_mobile":"","ocean_menu_typo_transform":"","ocean_menu_typo_transform_tablet":"","ocean_menu_typo_transform_mobile":"","ocean_menu_typo_line_height":0,"ocean_menu_typo_line_height_tablet":0,"ocean_menu_typo_line_height_mobile":0,"ocean_menu_typo_line_height_unit":"","ocean_menu_typo_spacing":0,"ocean_menu_typo_spacing_tablet":0,"ocean_menu_typo_spacing_mobile":0,"ocean_menu_typo_spacing_unit":"","ocean_menu_link_color":"","ocean_menu_link_color_hover":"","ocean_menu_link_color_active":"","ocean_menu_link_background":"","ocean_menu_link_hover_background":"","ocean_menu_link_active_background":"","ocean_menu_social_links_bg":"","ocean_menu_social_hover_links_bg":"","ocean_menu_social_links_color":"","ocean_menu_social_hover_links_color":"","ocean_disable_title":"default","ocean_disable_heading":"default","ocean_post_title":"","ocean_post_subheading":"","ocean_post_title_style":"","ocean_post_title_background_color":"","ocean_post_title_background":0,"ocean_post_title_bg_image_position":"","ocean_post_title_bg_image_attachment":"","ocean_post_title_bg_image_repeat":"","ocean_post_title_bg_image_size":"","ocean_post_title_height":0,"ocean_post_title_bg_overlay":0.5,"ocean_post_title_bg_overlay_color":"","ocean_disable_breadcrumbs":"default","ocean_breadcrumbs_color":"","ocean_breadcrumbs_separator_color":"","ocean_breadcrumbs_links_color":"","ocean_breadcrumbs_links_hover_color":"","ocean_display_footer_widgets":"default","ocean_display_footer_bottom":"default","ocean_custom_footer_template":"","footnotes":""},"class_list":["post-3","page","type-page","status-publish","hentry","entry","owp-thumbs-layout-horizontal","owp-btn-normal","owp-tabs-layout-horizontal","has-no-thumbnails","has-product-nav"],"_links":{"self":[{"href":"https:\/\/herbalaproach.com\/cs\/wp-json\/wp\/v2\/pages\/3","targetHints":{"allow":["GET"]}}],"collection":[{"href":"https:\/\/herbalaproach.com\/cs\/wp-json\/wp\/v2\/pages"}],"about":[{"href":"https:\/\/herbalaproach.com\/cs\/wp-json\/wp\/v2\/types\/page"}],"author":[{"embeddable":true,"href":"https:\/\/herbalaproach.com\/cs\/wp-json\/wp\/v2\/users\/1"}],"replies":[{"embeddable":true,"href":"https:\/\/herbalaproach.com\/cs\/wp-json\/wp\/v2\/comments?post=3"}],"version-history":[{"count":2,"href":"https:\/\/herbalaproach.com\/cs\/wp-json\/wp\/v2\/pages\/3\/revisions"}],"predecessor-version":[{"id":1298,"href":"https:\/\/herbalaproach.com\/cs\/wp-json\/wp\/v2\/pages\/3\/revisions\/1298"}],"wp:attachment":[{"href":"https:\/\/herbalaproach.com\/cs\/wp-json\/wp\/v2\/media?parent=3"}],"curies":[{"name":"wp","href":"https:\/\/api.w.org\/{rel}","templated":true}]}}