{"id":1212,"date":"2024-10-24T00:09:59","date_gmt":"2024-10-23T23:09:59","guid":{"rendered":"https:\/\/herbalaproach.com\/?post_type=product&#038;p=1212"},"modified":"2024-10-24T00:10:53","modified_gmt":"2024-10-23T23:10:53","slug":"cherry-pie","status":"publish","type":"product","link":"https:\/\/herbalaproach.com\/cs\/product\/cherry-pie\/","title":{"rendered":"T\u0159e\u0161\u0148ov\u00fd kol\u00e1\u010d"},"content":{"rendered":"<p>Cherry Pie je odr\u016fda s dominanc\u00ed indiky. <a href=\"https:\/\/herbalaproach.com\/cs\/\">Hybridn\u00ed<\/a> od Grand Daddy Purple a Durban Poison. P\u0159esto\u017ee je t\u011b\u017ek\u00e9 naj\u00edt autentickou verzi tohoto konkr\u00e9tn\u00edho kmene l\u00e9ka\u0159sk\u00e9 marihuany, rozhodn\u011b nebude t\u011b\u017ek\u00e9 uv\u011b\u0159it, \u017ee se jedn\u00e1 o nejlep\u0161\u00ed druh kmene. Pokud jde o strukturn\u00ed slo\u017een\u00ed, m\u00e1 hust\u00e9 pupeny s oran\u017eov\u00fdmi chloupky po cel\u00e9m povrchu a vykazuje m\u00edrn\u00fd fialov\u00fd odst\u00edn. Inspirac\u00ed pro n\u00e1zev tohoto l\u00e9ka\u0159sk\u00e9ho kmene marihuany je aroma t\u0159e\u0161\u0148ov\u00e9ho kol\u00e1\u010de. Nej\u010dast\u011bji ji u\u017e\u00edvaj\u00ed pacienti, kte\u0159\u00ed trp\u00ed zjevn\u00fdmi p\u0159\u00edznaky tzv. <a href=\"https:\/\/www.youtube.com\/watch?v=cP0_uUZlD2w\" target=\"_blank\" rel=\"noopener\">PTSD<\/a>\u00fazkosti, bipol\u00e1rn\u00ed poruchy, migr\u00e9ny a dal\u0161\u00edch stresov\u00fdch syndrom\u016f.<\/p>\n<h3>\u00da\u010dinky<\/h3>\n<p>Kreativn\u00ed, Euforie, \u0160\u0165astn\u00fd, Relaxa\u010dn\u00ed<\/p>\n<h3>\u00da\u010dinky<\/h3>\n<p>P\u0159\u00edchu\u0165 bobule, t\u0159e\u0161e\u0148, sladk\u00e1<\/p>\n<h3>P\u0159\u00edchu\u0165<\/h3>\n<p>bor\u016fvkov\u00fd, t\u0159e\u0161\u0148ov\u00fd, zemit\u00fd, sladk\u00fd<\/p>\n<h3>Ulevuje t\u0159e\u0161\u0148ov\u00fd kol\u00e1\u010d<\/h3>\n<p>ADD\/ADHD, \u00fazkost, bipol\u00e1rn\u00ed porucha, chronick\u00e1 bolest, deprese, nespavost, ztr\u00e1ta chuti k j\u00eddlu, migr\u00e9na, posttraumatick\u00e1 stresov\u00e1 porucha, stres.<\/p>\n<p>&nbsp;<\/p>","protected":false},"excerpt":{"rendered":"<div class=\"woocommerce-product-details__short-description\">\n<p><strong>AA (26% - 27% THC)<\/strong><\/p>\n<\/div>","protected":false},"featured_media":1213,"comment_status":"open","ping_status":"closed","template":"","meta":{"ocean_post_layout":"","ocean_both_sidebars_style":"","ocean_both_sidebars_content_width":0,"ocean_both_sidebars_sidebars_width":0,"ocean_sidebar":"0","ocean_second_sidebar":"0","ocean_disable_margins":"enable","ocean_add_body_class":"","ocean_shortcode_before_top_bar":"","ocean_shortcode_after_top_bar":"","ocean_shortcode_before_header":"","ocean_shortcode_after_header":"","ocean_has_shortcode":"","ocean_shortcode_after_title":"","ocean_shortcode_before_footer_widgets":"","ocean_shortcode_after_footer_widgets":"","ocean_shortcode_before_footer_bottom":"","ocean_shortcode_after_footer_bottom":"","ocean_display_top_bar":"default","ocean_display_header":"default","ocean_header_style":"","ocean_center_header_left_menu":"0","ocean_custom_header_template":"0","ocean_custom_logo":0,"ocean_custom_retina_logo":0,"ocean_custom_logo_max_width":0,"ocean_custom_logo_tablet_max_width":0,"ocean_custom_logo_mobile_max_width":0,"ocean_custom_logo_max_height":0,"ocean_custom_logo_tablet_max_height":0,"ocean_custom_logo_mobile_max_height":0,"ocean_header_custom_menu":"0","ocean_menu_typo_font_family":"0","ocean_menu_typo_font_subset":"","ocean_menu_typo_font_size":0,"ocean_menu_typo_font_size_tablet":0,"ocean_menu_typo_font_size_mobile":0,"ocean_menu_typo_font_size_unit":"px","ocean_menu_typo_font_weight":"","ocean_menu_typo_font_weight_tablet":"","ocean_menu_typo_font_weight_mobile":"","ocean_menu_typo_transform":"","ocean_menu_typo_transform_tablet":"","ocean_menu_typo_transform_mobile":"","ocean_menu_typo_line_height":0,"ocean_menu_typo_line_height_tablet":0,"ocean_menu_typo_line_height_mobile":0,"ocean_menu_typo_line_height_unit":"","ocean_menu_typo_spacing":0,"ocean_menu_typo_spacing_tablet":0,"ocean_menu_typo_spacing_mobile":0,"ocean_menu_typo_spacing_unit":"","ocean_menu_link_color":"","ocean_menu_link_color_hover":"","ocean_menu_link_color_active":"","ocean_menu_link_background":"","ocean_menu_link_hover_background":"","ocean_menu_link_active_background":"","ocean_menu_social_links_bg":"","ocean_menu_social_hover_links_bg":"","ocean_menu_social_links_color":"","ocean_menu_social_hover_links_color":"","ocean_disable_title":"default","ocean_disable_heading":"default","ocean_post_title":"","ocean_post_subheading":"","ocean_post_title_style":"","ocean_post_title_background_color":"","ocean_post_title_background":0,"ocean_post_title_bg_image_position":"","ocean_post_title_bg_image_attachment":"","ocean_post_title_bg_image_repeat":"","ocean_post_title_bg_image_size":"","ocean_post_title_height":0,"ocean_post_title_bg_overlay":0.5,"ocean_post_title_bg_overlay_color":"","ocean_disable_breadcrumbs":"default","ocean_breadcrumbs_color":"","ocean_breadcrumbs_separator_color":"","ocean_breadcrumbs_links_color":"","ocean_breadcrumbs_links_hover_color":"","ocean_display_footer_widgets":"default","ocean_display_footer_bottom":"default","ocean_custom_footer_template":"0"},"product_brand":[],"product_cat":[35],"product_tag":[],"class_list":{"0":"post-1212","1":"product","2":"type-product","3":"status-publish","4":"has-post-thumbnail","6":"product_cat-blumen","8":"entry","9":"has-media","11":"first","12":"instock","13":"sale","14":"shipping-taxable","15":"purchasable","16":"product-type-variable","17":"has-product-nav","18":"col","19":"span_1_of_3","20":"owp-content-center","21":"owp-thumbs-layout-horizontal","22":"owp-btn-normal","23":"owp-tabs-layout-horizontal","24":"has-no-thumbnails"},"_links":{"self":[{"href":"https:\/\/herbalaproach.com\/cs\/wp-json\/wp\/v2\/product\/1212","targetHints":{"allow":["GET"]}}],"collection":[{"href":"https:\/\/herbalaproach.com\/cs\/wp-json\/wp\/v2\/product"}],"about":[{"href":"https:\/\/herbalaproach.com\/cs\/wp-json\/wp\/v2\/types\/product"}],"replies":[{"embeddable":true,"href":"https:\/\/herbalaproach.com\/cs\/wp-json\/wp\/v2\/comments?post=1212"}],"wp:featuredmedia":[{"embeddable":true,"href":"https:\/\/herbalaproach.com\/cs\/wp-json\/wp\/v2\/media\/1213"}],"wp:attachment":[{"href":"https:\/\/herbalaproach.com\/cs\/wp-json\/wp\/v2\/media?parent=1212"}],"wp:term":[{"taxonomy":"product_brand","embeddable":true,"href":"https:\/\/herbalaproach.com\/cs\/wp-json\/wp\/v2\/product_brand?post=1212"},{"taxonomy":"product_cat","embeddable":true,"href":"https:\/\/herbalaproach.com\/cs\/wp-json\/wp\/v2\/product_cat?post=1212"},{"taxonomy":"product_tag","embeddable":true,"href":"https:\/\/herbalaproach.com\/cs\/wp-json\/wp\/v2\/product_tag?post=1212"}],"curies":[{"name":"wp","href":"https:\/\/api.w.org\/{rel}","templated":true}]}}