{"id":1236,"date":"2024-10-24T22:25:27","date_gmt":"2024-10-24T21:25:27","guid":{"rendered":"https:\/\/herbalaproach.com\/?post_type=product&#038;p=1236"},"modified":"2024-10-24T22:27:51","modified_gmt":"2024-10-24T21:27:51","slug":"blue-meanie","status":"publish","type":"product","link":"https:\/\/herbalaproach.com\/cs\/product\/blue-meanie\/","title":{"rendered":"Blue Meanie"},"content":{"rendered":"<p>N\u00e1zev t\u00e9to odr\u016fdy je odvozen od v\u00fdrazn\u00e9ho modr\u00e9ho zbarven\u00ed, kter\u00e9 se tvo\u0159\u00ed kolem \u010depi\u010dek. Toto zbarven\u00ed se vyskytuje u v\u0161ech hub obsahuj\u00edc\u00edch psilocybin, ale je n\u00e1padn\u011bj\u0161\u00ed u v\u011bt\u0161\u00edch a sv\u011btlej\u0161\u00edch odr\u016fd, jako je tato. Blue Meanies jsou zn\u00e1m\u00e9 t\u00edm, \u017ee vytv\u00e1\u0159ej\u00ed velk\u00e9 mno\u017estv\u00ed plodnic a p\u0159i fyzick\u00e9m kontaktu snadno modraj\u00ed (modraj\u00ed). O\u010dek\u00e1vejte nadpr\u016fm\u011brnou intenzitu ve srovn\u00e1n\u00ed s ostatn\u00edmi odr\u016fdami hub Cubensis.<\/p>\n<h3>Jak pou\u017e\u00edvat<\/h3>\n<ul>\n<li><b><strong>Syrov\u00e9:<\/strong><\/b> Jezte je syrov\u00e9 ze s\u00e1\u010dku a d\u016fkladn\u011b je \u017ev\u00fdkejte, abyste z nich z\u00edskali co nejv\u00edce psilocybinu. T\u00edmto zp\u016fsobem z\u00edsk\u00e1te v\u0161echny chut\u011b spojen\u00e9 s houbami. Vy\u0161\u0161\u00ed d\u00e1vky mohou zp\u016fsobit nevolnost.<\/li>\n<li><b><strong>Uva\u0159te si \u010daj:<\/strong><\/b> P\u0159idejte po\u017eadovanou d\u00e1vku do 1-1,5 \u0161\u00e1lku vody a va\u0159te 10 minut. Pokud si p\u0159ejete, m\u016f\u017eete p\u0159idat dal\u0161\u00ed lahodn\u00e9 bylinky, aby byl \u010daj chu\u0165ov\u011b v\u00fdrazn\u011bj\u0161\u00ed, nap\u0159. p\u0159id\u00e1n\u00edm pta\u010dince \u017eabince. <a href=\"https:\/\/herbalaproach.com\/cs\/\">Houby<\/a> do sm\u011bsi \u010daje chai. \u00da\u010dinek je rychlej\u0161\u00ed ne\u017e p\u0159i konzumaci syrov\u00fdch hub a uv\u00e1d\u00ed se, \u017ee doch\u00e1z\u00ed k men\u0161\u00ed nevolnosti.<\/li>\n<li><b><strong>Lemon tek:<\/strong><\/b> Po\u017eadovanou d\u00e1vku rozemelte na pr\u00e1\u0161ek a vlo\u017ete do mal\u00e9ho \u0161\u00e1lku nebo misky. P\u0159idejte \u0161\u0165\u00e1vu z 1-2 citron\u016f, dokud nejsou houby pokryty citronovou \u0161\u0165\u00e1vou. Nechte 15-20 minut odst\u00e1t. Zcela spot\u0159ebujte. P\u016fsob\u00ed nejrychleji, nejsiln\u011bji a \u00fadajn\u011b s v\u00fdrazn\u011b men\u0161\u00ed nevolnost\u00ed.<\/li>\n<li><b><strong>S j\u00eddlem:<\/strong><\/b> Pizza, PB &amp; J, chipsy nebo smoothie - mo\u017enost\u00ed je nekone\u010dn\u011b mnoho! Vezm\u011bte si su\u0161en\u00e9 houby a sn\u011bzte je se svou obl\u00edbenou sva\u010dinkou.<\/li>\n<\/ul>\n<h3>D\u00e1vkov\u00e1n\u00ed<\/h3>\n<ul>\n<li><b><strong>0-0.25g:<\/strong><\/b> Mikrod\u00e1vka; velmi jemn\u00e9 psychedelick\u00e9 \u00fa\u010dinky. \u017d\u00e1dn\u00e9 vizu\u00e1ln\u00ed vjemy, \u017e\u00e1dn\u00e9 viditeln\u00e9 zm\u011bny, \u017e\u00e1dn\u00e1 ztr\u00e1ta kontroly. Za\u017eijte zlep\u0161en\u00ed n\u00e1lady, sn\u00ed\u017een\u00ed \u00fazkosti, zlep\u0161en\u00ed du\u0161evn\u00ed bd\u011blosti a zlep\u0161en\u00ed hladiny energie.<\/li>\n<\/ul>\n<p><b><strong>Makrod\u00e1vka -<\/strong><\/b><\/p>\n<ul>\n<li><b><strong>0.25-0.5g:<\/strong><\/b> Zv\u00fd\u0161en\u00ed; v\u00fdrazn\u011bj\u0161\u00ed psychedelick\u00e9 \u00fa\u010dinky; mo\u017en\u00e1 zm\u011bna koordinace a motoriky, zm\u011bna vid\u011bn\u00ed a n\u00e1lady, zv\u00fd\u0161en\u00e1 energie, chichot\u00e1n\u00ed, pronikav\u00e9 my\u0161lenky, n\u00e1pady a rozpozn\u00e1v\u00e1n\u00ed vzorc\u016f.<\/li>\n<\/ul>\n<p><b><strong>D\u00e1vka sv\u011btla -<\/strong><\/b><\/p>\n<ul>\n<li><b><strong>0,5-1g:<\/strong><\/b> Psychoaktivn\u00ed z\u00e1\u017eitek; v\u00fdrazn\u00e9 a zjevn\u00e9 psychedelick\u00e9 \u00fa\u010dinky; mohou v\u00e9st ke zm\u011bn\u011b vid\u011bn\u00ed, emoc\u00ed a n\u00e1lad, v\u00fdrazn\u00e9 zm\u011bn\u011b motoriky, zhor\u0161en\u00e9 koordinaci, nadlidsk\u00fdm hudebn\u00edm schopnostem, absurdn\u00edmu humoru a touze v\u011bnovat se um\u011bleck\u00e9 \u010dinnosti.<\/li>\n<\/ul>\n<p><b><strong>Obvykl\u00e1 d\u00e1vka -<\/strong><\/b><\/p>\n<ul>\n<li><b><strong>1-2g:<\/strong><\/b> Jste p\u0159ipraveni otev\u0159\u00edt se psychedelick\u00e9mu z\u00e1\u017eitku. Ale! Chcete b\u00fdt opatrn\u00ed. R\u00e1j pro za\u010d\u00e1te\u010dn\u00edky by mohl b\u00fdt t\u00edm prav\u00fdm m\u00edstem pro v\u00e1s. O\u010dek\u00e1vejte fyzick\u00e9 opojen\u00ed, hlubok\u00e9 rozhovory, sm\u00edch a dobrou n\u00e1ladu. Ujist\u011bte se, \u017ee jste ve spr\u00e1vn\u00e9m prost\u0159ed\u00ed a se spr\u00e1vn\u00fdmi lidmi, a \u010dek\u00e1 v\u00e1s p\u0159\u00e1telsk\u00e9 sezn\u00e1men\u00ed s psychedeliky.<\/li>\n<\/ul>\n<p><b><strong>Siln\u00e1 d\u00e1vka -<\/strong><\/b><\/p>\n<ul>\n<li><b><strong>2.5-5g:<\/strong><\/b> To je ono! Klasick\u00fd psychedelick\u00fd trip, o kter\u00e9m jste v\u017edycky sly\u0161eli. N\u011bkdy se c\u00edt\u00edte jako ve v\u00edru. Jindy se b\u011bhem tripu c\u00edt\u00edte mnohem v\u00edce pod kontrolou. B\u011bhem psychedelick\u00e9ho tripu budete c\u00edtit, myslet a vn\u00edmat nov\u00e9 v\u011bci. Jak\u00e9koli poznatky, kter\u00e9 jste b\u011bhem sv\u00e9ho tripu s psilocybinov\u00fdmi houbami z\u00edskali, si zapamatujte a vezm\u011bte si je s sebou.<\/li>\n<\/ul>\n<p><b><strong>Hrdinsk\u00e1 d\u00e1vka:<\/strong><\/b><\/p>\n<ul>\n<li><b><strong>5g+:<\/strong><\/b> N\u011bkte\u0159\u00ed lid\u00e9 maj\u00ed zku\u0161enosti s magick\u00fdm sv\u011btem <a href=\"https:\/\/www.youtube.com\/watch?v=m2hCjGP4plU\" target=\"_blank\" rel=\"noopener\">Psychedelika<\/a>. Dos\u00e1hli \u00farovn\u011b, na kter\u00e9 znaj\u00ed klasick\u00fd v\u00fdlet. Mo\u017en\u00e1 budou cht\u00edt experimentovat s vy\u0161\u0161\u00ed d\u00e1vkou. Existuj\u00ed p\u0159\u00edb\u011bhy o smrti ega, spojen\u00ed s vesm\u00edrem a pro\u017eit\u00ed velmi intenzivn\u00edho opojen\u00ed. A\u0165 u\u017e d\u011bl\u00e1te cokoli, nepou\u017e\u00edvejte vysokou d\u00e1vku k \u00faniku. Pou\u017e\u00edvejte ji jako dopln\u011bk sv\u00e9ho \u017eivota. Pora\u010fte se se zku\u0161en\u00fdmi psychonauty a ujist\u011bte se, \u017ee jste v dobr\u00e9m psychick\u00e9m stavu, kdy\u017e se rozhodnete let\u011bt s hv\u011bzdami.<\/li>\n<\/ul>\n<p><b><strong>Pozn\u00e1mka: D\u00e1vka a \u00fa\u010dinek se u jednotliv\u00fdch osob li\u0161\u00ed.<\/strong><\/b> <b><strong>Pokud jste houby nikdy p\u0159edt\u00edm nekonzumovali, je nejlep\u0161\u00ed za\u010d\u00edt s nejmen\u0161\u00ed mo\u017enou d\u00e1vkou, abyste dos\u00e1hli po\u017eadovan\u00e9ho \u00fa\u010dinku, a pomalu ji zvy\u0161ovat.<\/strong><\/b><\/p>","protected":false},"excerpt":{"rendered":"<p>Der Name dieser Sorte kommt von der ausgepr\u00e4gten blauen F\u00e4rbung, die sich um die Kappen bildet. Diese Verf\u00e4rbung tritt bei allen psilocybinhaltigen Pilzen auf, ist aber bei gr\u00f6\u00dferen und hellen Sorten wie dieser auff\u00e4lliger. Blue Meanies sind daf\u00fcr bekannt, dass sie sehr viele Fr\u00fcchte tragen und bei physischem Kontakt leicht gequetscht werden (Blueing). Erwarten Sie [&hellip;]<\/p>\n","protected":false},"featured_media":1237,"comment_status":"open","ping_status":"closed","template":"","meta":{"ocean_post_layout":"","ocean_both_sidebars_style":"","ocean_both_sidebars_content_width":0,"ocean_both_sidebars_sidebars_width":0,"ocean_sidebar":"0","ocean_second_sidebar":"0","ocean_disable_margins":"enable","ocean_add_body_class":"","ocean_shortcode_before_top_bar":"","ocean_shortcode_after_top_bar":"","ocean_shortcode_before_header":"","ocean_shortcode_after_header":"","ocean_has_shortcode":"","ocean_shortcode_after_title":"","ocean_shortcode_before_footer_widgets":"","ocean_shortcode_after_footer_widgets":"","ocean_shortcode_before_footer_bottom":"","ocean_shortcode_after_footer_bottom":"","ocean_display_top_bar":"default","ocean_display_header":"default","ocean_header_style":"","ocean_center_header_left_menu":"0","ocean_custom_header_template":"0","ocean_custom_logo":0,"ocean_custom_retina_logo":0,"ocean_custom_logo_max_width":0,"ocean_custom_logo_tablet_max_width":0,"ocean_custom_logo_mobile_max_width":0,"ocean_custom_logo_max_height":0,"ocean_custom_logo_tablet_max_height":0,"ocean_custom_logo_mobile_max_height":0,"ocean_header_custom_menu":"0","ocean_menu_typo_font_family":"0","ocean_menu_typo_font_subset":"","ocean_menu_typo_font_size":0,"ocean_menu_typo_font_size_tablet":0,"ocean_menu_typo_font_size_mobile":0,"ocean_menu_typo_font_size_unit":"px","ocean_menu_typo_font_weight":"","ocean_menu_typo_font_weight_tablet":"","ocean_menu_typo_font_weight_mobile":"","ocean_menu_typo_transform":"","ocean_menu_typo_transform_tablet":"","ocean_menu_typo_transform_mobile":"","ocean_menu_typo_line_height":0,"ocean_menu_typo_line_height_tablet":0,"ocean_menu_typo_line_height_mobile":0,"ocean_menu_typo_line_height_unit":"","ocean_menu_typo_spacing":0,"ocean_menu_typo_spacing_tablet":0,"ocean_menu_typo_spacing_mobile":0,"ocean_menu_typo_spacing_unit":"","ocean_menu_link_color":"","ocean_menu_link_color_hover":"","ocean_menu_link_color_active":"","ocean_menu_link_background":"","ocean_menu_link_hover_background":"","ocean_menu_link_active_background":"","ocean_menu_social_links_bg":"","ocean_menu_social_hover_links_bg":"","ocean_menu_social_links_color":"","ocean_menu_social_hover_links_color":"","ocean_disable_title":"default","ocean_disable_heading":"default","ocean_post_title":"","ocean_post_subheading":"","ocean_post_title_style":"","ocean_post_title_background_color":"","ocean_post_title_background":0,"ocean_post_title_bg_image_position":"","ocean_post_title_bg_image_attachment":"","ocean_post_title_bg_image_repeat":"","ocean_post_title_bg_image_size":"","ocean_post_title_height":0,"ocean_post_title_bg_overlay":0.5,"ocean_post_title_bg_overlay_color":"","ocean_disable_breadcrumbs":"default","ocean_breadcrumbs_color":"","ocean_breadcrumbs_separator_color":"","ocean_breadcrumbs_links_color":"","ocean_breadcrumbs_links_hover_color":"","ocean_display_footer_widgets":"default","ocean_display_footer_bottom":"default","ocean_custom_footer_template":"0"},"product_brand":[],"product_cat":[54],"product_tag":[],"class_list":{"0":"post-1236","1":"product","2":"type-product","3":"status-publish","4":"has-post-thumbnail","6":"product_cat-magische-pilze","8":"entry","9":"has-media","11":"first","12":"instock","13":"shipping-taxable","14":"product-type-simple","15":"has-product-nav","16":"col","17":"span_1_of_3","18":"owp-content-center","19":"owp-thumbs-layout-horizontal","20":"owp-btn-normal","21":"owp-tabs-layout-horizontal","22":"has-no-thumbnails"},"_links":{"self":[{"href":"https:\/\/herbalaproach.com\/cs\/wp-json\/wp\/v2\/product\/1236","targetHints":{"allow":["GET"]}}],"collection":[{"href":"https:\/\/herbalaproach.com\/cs\/wp-json\/wp\/v2\/product"}],"about":[{"href":"https:\/\/herbalaproach.com\/cs\/wp-json\/wp\/v2\/types\/product"}],"replies":[{"embeddable":true,"href":"https:\/\/herbalaproach.com\/cs\/wp-json\/wp\/v2\/comments?post=1236"}],"wp:featuredmedia":[{"embeddable":true,"href":"https:\/\/herbalaproach.com\/cs\/wp-json\/wp\/v2\/media\/1237"}],"wp:attachment":[{"href":"https:\/\/herbalaproach.com\/cs\/wp-json\/wp\/v2\/media?parent=1236"}],"wp:term":[{"taxonomy":"product_brand","embeddable":true,"href":"https:\/\/herbalaproach.com\/cs\/wp-json\/wp\/v2\/product_brand?post=1236"},{"taxonomy":"product_cat","embeddable":true,"href":"https:\/\/herbalaproach.com\/cs\/wp-json\/wp\/v2\/product_cat?post=1236"},{"taxonomy":"product_tag","embeddable":true,"href":"https:\/\/herbalaproach.com\/cs\/wp-json\/wp\/v2\/product_tag?post=1236"}],"curies":[{"name":"wp","href":"https:\/\/api.w.org\/{rel}","templated":true}]}}