{"id":1247,"date":"2024-10-25T12:22:34","date_gmt":"2024-10-25T11:22:34","guid":{"rendered":"https:\/\/herbalaproach.com\/?post_type=product&#038;p=1247"},"modified":"2024-10-25T12:24:52","modified_gmt":"2024-10-25T11:24:52","slug":"slimming-gummies","status":"publish","type":"product","link":"https:\/\/herbalaproach.com\/cs\/product\/slimming-gummies\/","title":{"rendered":"gumov\u00e9 bonb\u00f3ny na hubnut\u00ed - bor\u016fvkov\u00e9 gumov\u00e9 bonb\u00f3ny s THC"},"content":{"rendered":"<p>\u017dv\u00fdka\u010dky na hubnut\u00ed Ka\u017ed\u00e9 balen\u00ed obsahuje vysoce kvalitn\u00ed, eticky z\u00edskan\u00e9, vegansk\u00e9 a organick\u00e9 slo\u017eky. Na\u0161e laboratorn\u011b testovan\u00e9 produkty poskytuj\u00ed konzistentn\u00ed zp\u016fsob pod\u00e1v\u00e1n\u00ed pro u\u017e\u00edv\u00e1n\u00ed <a href=\"https:\/\/herbalaproach.com\/cs\/\">Konop\u00ed<\/a>. Nyn\u00ed si odpo\u010di\u0148te, dejte si nohy nahoru a u\u017e\u00edvejte si, co v\u00e1m matka p\u0159\u00edroda nab\u00edz\u00ed!<\/p>\n<h2>Podrobnosti o v\u00fdrob\u011b<\/h2>\n<p>Velikost porce: 1 gumov\u00fd bonb\u00f3n<\/p>\n<p>Porce na balen\u00ed: 4<\/p>\n<p>Mno\u017estv\u00ed THC v jedn\u00e9 d\u00e1vce: 250 mg THC<\/p>\n<p>P\u0159\u00edchu\u0165: bor\u016fvka<\/p>\n<h2>Jak pou\u017e\u00edvat<\/h2>\n<p>V p\u0159\u00edpad\u011b, \u017ee chcete za\u0159adit vy\u0161\u0161\u00ed rychlostn\u00ed stupe\u0148 - tyto gumy jsou opravdu siln\u00e9.<\/p>\n<p>Za\u010dn\u011bte s d\u00e1vkou 125 mg THC (polovina gumov\u00e9ho medv\u00eddka). Na\u0161e THC gumov\u00e9 medv\u00eddky jsou (opravdu) siln\u00e9 produkty. Doporu\u010dujeme za\u010d\u00edt s n\u00edzkou d\u00e1vkou a u\u017e\u00edvat ji pomalu. V n\u011bkter\u00fdch p\u0159\u00edpadech trv\u00e1 a\u017e 2 hodiny, ne\u017e se \u00fa\u010dinky dostav\u00ed, tak\u017ee v\u011b\u0159te tomuto procesu.<\/p>\n<p>Ni\u017e\u0161\u00ed d\u00e1vky pom\u00e1haj\u00ed minimalizovat \u00fazkost a <a href=\"https:\/\/www.youtube.com\/watch?v=fQZwVNbP0ME\" target=\"_blank\" rel=\"noopener\">Deprese<\/a> zlep\u0161uj\u00ed chu\u0165 k j\u00eddlu a aktivuj\u00ed dopaminov\u00e9 receptory. Vy\u0161\u0161\u00ed d\u00e1vky pom\u00e1haj\u00ed l\u00e9\u010dit bolest a z\u00e1n\u011bt, zlep\u0161uj\u00ed sp\u00e1nek a sni\u017euj\u00ed nespavost. Zat\u00edmco u n\u00edzk\u00fdch d\u00e1vek THC bylo studov\u00e1no, \u017ee zm\u00edr\u0148uj\u00ed \u00fazkost, vy\u0161\u0161\u00ed d\u00e1vky mohou napodobovat \u00fa\u010dinky (zrychlen\u00fd srde\u010dn\u00ed tep, sucho v \u00fastech, intoxikace), kter\u00e9 mohou b\u00fdt poci\u0165ov\u00e1ny jako \u00fazkost.<\/p>\n<h2>P\u0159\u00edsady<\/h2>\n<p>extrakt z kurkumy, extrakt ze z\u00e1zvoru, jable\u010dn\u00fd ocet, ovocn\u00e1 \u0161\u0165\u00e1va, pektin, kyselina citronov\u00e1, guma guar, konopn\u00fd extrakt THC,<\/p>","protected":false},"excerpt":{"rendered":"<div class=\"woocommerce-product-details__short-description\">\n<p>1000 mg THC<\/p>\n<\/div>","protected":false},"featured_media":1248,"comment_status":"open","ping_status":"closed","template":"","meta":{"ocean_post_layout":"","ocean_both_sidebars_style":"","ocean_both_sidebars_content_width":0,"ocean_both_sidebars_sidebars_width":0,"ocean_sidebar":"0","ocean_second_sidebar":"0","ocean_disable_margins":"enable","ocean_add_body_class":"","ocean_shortcode_before_top_bar":"","ocean_shortcode_after_top_bar":"","ocean_shortcode_before_header":"","ocean_shortcode_after_header":"","ocean_has_shortcode":"","ocean_shortcode_after_title":"","ocean_shortcode_before_footer_widgets":"","ocean_shortcode_after_footer_widgets":"","ocean_shortcode_before_footer_bottom":"","ocean_shortcode_after_footer_bottom":"","ocean_display_top_bar":"default","ocean_display_header":"default","ocean_header_style":"","ocean_center_header_left_menu":"0","ocean_custom_header_template":"0","ocean_custom_logo":0,"ocean_custom_retina_logo":0,"ocean_custom_logo_max_width":0,"ocean_custom_logo_tablet_max_width":0,"ocean_custom_logo_mobile_max_width":0,"ocean_custom_logo_max_height":0,"ocean_custom_logo_tablet_max_height":0,"ocean_custom_logo_mobile_max_height":0,"ocean_header_custom_menu":"0","ocean_menu_typo_font_family":"0","ocean_menu_typo_font_subset":"","ocean_menu_typo_font_size":0,"ocean_menu_typo_font_size_tablet":0,"ocean_menu_typo_font_size_mobile":0,"ocean_menu_typo_font_size_unit":"px","ocean_menu_typo_font_weight":"","ocean_menu_typo_font_weight_tablet":"","ocean_menu_typo_font_weight_mobile":"","ocean_menu_typo_transform":"","ocean_menu_typo_transform_tablet":"","ocean_menu_typo_transform_mobile":"","ocean_menu_typo_line_height":0,"ocean_menu_typo_line_height_tablet":0,"ocean_menu_typo_line_height_mobile":0,"ocean_menu_typo_line_height_unit":"","ocean_menu_typo_spacing":0,"ocean_menu_typo_spacing_tablet":0,"ocean_menu_typo_spacing_mobile":0,"ocean_menu_typo_spacing_unit":"","ocean_menu_link_color":"","ocean_menu_link_color_hover":"","ocean_menu_link_color_active":"","ocean_menu_link_background":"","ocean_menu_link_hover_background":"","ocean_menu_link_active_background":"","ocean_menu_social_links_bg":"","ocean_menu_social_hover_links_bg":"","ocean_menu_social_links_color":"","ocean_menu_social_hover_links_color":"","ocean_disable_title":"default","ocean_disable_heading":"default","ocean_post_title":"","ocean_post_subheading":"","ocean_post_title_style":"","ocean_post_title_background_color":"","ocean_post_title_background":0,"ocean_post_title_bg_image_position":"","ocean_post_title_bg_image_attachment":"","ocean_post_title_bg_image_repeat":"","ocean_post_title_bg_image_size":"","ocean_post_title_height":0,"ocean_post_title_bg_overlay":0.5,"ocean_post_title_bg_overlay_color":"","ocean_disable_breadcrumbs":"default","ocean_breadcrumbs_color":"","ocean_breadcrumbs_separator_color":"","ocean_breadcrumbs_links_color":"","ocean_breadcrumbs_links_hover_color":"","ocean_display_footer_widgets":"default","ocean_display_footer_bottom":"default","ocean_custom_footer_template":"0"},"product_brand":[],"product_cat":[61],"product_tag":[68],"class_list":{"0":"post-1247","1":"product","2":"type-product","3":"status-publish","4":"has-post-thumbnail","6":"product_cat-essbar","7":"product_tag-slimming-gummies","9":"entry","10":"has-media","12":"first","13":"instock","14":"sale","15":"shipping-taxable","16":"purchasable","17":"product-type-simple","18":"has-product-nav","19":"col","20":"span_1_of_3","21":"owp-content-center","22":"owp-thumbs-layout-horizontal","23":"owp-btn-normal","24":"owp-tabs-layout-horizontal","25":"has-no-thumbnails"},"_links":{"self":[{"href":"https:\/\/herbalaproach.com\/cs\/wp-json\/wp\/v2\/product\/1247","targetHints":{"allow":["GET"]}}],"collection":[{"href":"https:\/\/herbalaproach.com\/cs\/wp-json\/wp\/v2\/product"}],"about":[{"href":"https:\/\/herbalaproach.com\/cs\/wp-json\/wp\/v2\/types\/product"}],"replies":[{"embeddable":true,"href":"https:\/\/herbalaproach.com\/cs\/wp-json\/wp\/v2\/comments?post=1247"}],"wp:featuredmedia":[{"embeddable":true,"href":"https:\/\/herbalaproach.com\/cs\/wp-json\/wp\/v2\/media\/1248"}],"wp:attachment":[{"href":"https:\/\/herbalaproach.com\/cs\/wp-json\/wp\/v2\/media?parent=1247"}],"wp:term":[{"taxonomy":"product_brand","embeddable":true,"href":"https:\/\/herbalaproach.com\/cs\/wp-json\/wp\/v2\/product_brand?post=1247"},{"taxonomy":"product_cat","embeddable":true,"href":"https:\/\/herbalaproach.com\/cs\/wp-json\/wp\/v2\/product_cat?post=1247"},{"taxonomy":"product_tag","embeddable":true,"href":"https:\/\/herbalaproach.com\/cs\/wp-json\/wp\/v2\/product_tag?post=1247"}],"curies":[{"name":"wp","href":"https:\/\/api.w.org\/{rel}","templated":true}]}}