{"id":1249,"date":"2024-10-25T12:47:52","date_gmt":"2024-10-25T11:47:52","guid":{"rendered":"https:\/\/herbalaproach.com\/?post_type=product&#038;p=1249"},"modified":"2024-10-25T12:49:42","modified_gmt":"2024-10-25T11:49:42","slug":"hhc-gummies","status":"publish","type":"product","link":"https:\/\/herbalaproach.com\/cs\/product\/hhc-gummies\/","title":{"rendered":"PharmaTHC euforie mix gumov\u00fdch medv\u00eddk\u016f"},"content":{"rendered":"<p class=\"serp-title\">HHC gumov\u00e9 bonb\u00f3ny Op\u0159ete se, jako byste se nemuseli o nic na sv\u011bt\u011b starat, s <a href=\"https:\/\/herbalaproach.com\/cs\/\">PharmaTHC<\/a> Euphoria Blend Gummies - karibsk\u00fd ovocn\u00fd koktejl (celkem 4000 mg kanabinoid\u016f). Vychutnejte si jemn\u00fd kokos a sladk\u00e9 ostrovn\u00ed ovoce, kter\u00e9 tan\u010d\u00ed na jazyku, zat\u00edmco vysoce kvalitn\u00ed konopn\u00fd extrakt uvol\u0148uje mysl. Ka\u017ed\u00fd gumov\u00fd bonb\u00f3n vhodn\u00fd pro vegany obsahuje \u010dty\u0159i gramy cukru a pouh\u00fdch dvacet p\u011bt kalori\u00ed. Zakousn\u011bte se a p\u0159ipravte se na ostrovn\u00ed \u010das.<\/p>\n<p>PharmaTHC m\u00e1 dokonale vyv\u00e1\u017een\u00e9 slo\u017een\u00ed Delta 8, Delta 9, Delta 10 a HHC, kter\u00e9 navozuje povznesen\u00fd stav mysli, kter\u00fd mnoz\u00ed ozna\u010duj\u00ed jako naprostou euforii. Tento doprovod byl spojen s p\u0159\u00edchut\u011bmi, kter\u00e9 spole\u010dn\u011b vytv\u00e1\u0159ej\u00ed psychoaktivn\u00ed o\u00e1zu uvoln\u011bn\u00ed.<\/p>\n<p>Ka\u017ed\u00fd s\u00e1\u010dek obsahuje 20 gumov\u00fdch medv\u00eddk\u016f, z nich\u017e ka\u017ed\u00fd obsahuje 75 miligram\u016f Delta 8, 20 miligram\u016f Delta 9, 15 miligram\u016f Delta 10 a 90 miligram\u016f HHC. Jsou vyrobeny z plnospektr\u00e1ln\u00edch destil\u00e1t\u016f z\u00edskan\u00fdch z konop\u00ed p\u011bstovan\u00e9ho v USA, tak\u017ee nemaj\u00ed \u017e\u00e1dnou konopnou p\u0159\u00edchu\u0165!<\/p>\n<h2>V\u00fdhody HHC gumov\u00fdch bonbon\u016f:<\/h2>\n<p>U\u017eivatel\u00e9 konop\u00ed uv\u00e1d\u011bj\u00ed velmi siln\u00fd psychoaktivn\u00ed z\u00e1\u017eitek, po kter\u00e9m n\u00e1sleduje hlubok\u00e9 uvoln\u011bn\u00ed a letargie. Jin\u00ed uv\u00e1d\u011bj\u00ed povznesenou n\u00e1ladu a pocit klidu, a to i ve spole\u010densk\u00fdch situac\u00edch. Mezi b\u011b\u017en\u00e9 p\u0159\u00ednosy t\u00e9to jedine\u010dn\u00e9 kombinace kanabinoid\u016f pat\u0159\u00ed:<\/p>\n<p>\u00daleva od bolesti<br \/>\nZlep\u0161en\u00ed sp\u00e1nku<br \/>\nSn\u00ed\u017een\u00ed stresu<br \/>\nM\u00e9n\u011b soci\u00e1ln\u00ed \u00fazkosti<br \/>\nProtiz\u00e1n\u011btliv\u00fd \u00fa\u010dinek<\/p>\n<h2>Doporu\u010den\u00e9 pou\u017eit\u00ed:<\/h2>\n<p>Jedn\u00e1 se o vysoce \u00fa\u010dinn\u00fd gumov\u00fd medv\u00eddek, kter\u00fd se doporu\u010duje pouze zku\u0161en\u00fdm u\u017eivatel\u016fm. Konzumujte jej pros\u00edm s opatrnost\u00ed.<\/p>\n<p>P\u0159ed konzumac\u00ed cel\u00e9 gumy se doporu\u010duje za\u010d\u00edt s polovinou gumy, abyste posoudili jej\u00ed \u00fa\u010dinnost. Nevhodn\u00e9 pro konzumaci nezletil\u00fdmi, t\u011bhotn\u00fdmi \u017eenami nebo p\u0159i obsluze t\u011b\u017ek\u00fdch za\u0159\u00edzen\u00ed.<\/p>\n<p>Skladujte na chladn\u00e9m a such\u00e9m m\u00edst\u011b po dobu a\u017e 1 roku. Skladujte v chladni\u010dce.<\/p>\n<h3>Slo\u017een\u00ed:<\/h3>\n<p>Kuku\u0159i\u010dn\u00fd sirup, cukr, voda, sm\u011bs pektin\u016f, odkyselovadlo, kyselina citronov\u00e1, p\u0159\u00edrodn\u00ed aroma, um\u011bl\u00e1 barviva (filtrovan\u00e1 deionizovan\u00e1 voda, propylenglykol, FD&amp;C Red 40, kyselina citronov\u00e1, benzoan sodn\u00fd), rostlinn\u00fd olej a slune\u010dnicov\u00fd lecitin proti nevolnosti. Obsahuje konopn\u00fd <a href=\"https:\/\/m.youtube.com\/watch?v=l-0JbnWAtCs&amp;pp=ygUWI2hpZ2hxdWFsaXR5aGhjZ3VtbWllcw%3D%3D\" target=\"_blank\" rel=\"noopener\">Delta 8 THC<\/a>konopn\u00fd Delta 10 THC, konopn\u00fd HHC a konopn\u00fd Delta 9 THC.<\/p>\n<h3>V\u00fd\u017eivov\u00e9 \u00fadaje:<\/h3>\n<p>Velikost porce - 1 kus<br \/>\nPorce v balen\u00ed - 20 kus\u016f<\/p>\n<p>Mno\u017estv\u00ed na porci:<br \/>\nKalorie - 25<br \/>\nSacharidy celkem - 7 g<br \/>\nCukr - 4 g, z toho 4 g p\u0159idan\u00e9ho cukru<\/p>\n<p>Obsah konopn\u00e9ho Delta 8 THC - 75 mg<br \/>\nObsah THC v konop\u00ed delta 9 - 20 mg<br \/>\nKonop\u00ed Delta 10 obsah THC - 15 mg<br \/>\nObsah HHC z konop\u00ed - 90 mg<\/p>","protected":false},"excerpt":{"rendered":"<p>karibsk\u00fd ovocn\u00fd koktejl (celkem 4000 mg kanabinoid\u016f)<\/p>","protected":false},"featured_media":1250,"comment_status":"open","ping_status":"closed","template":"","meta":{"ocean_post_layout":"","ocean_both_sidebars_style":"","ocean_both_sidebars_content_width":0,"ocean_both_sidebars_sidebars_width":0,"ocean_sidebar":"0","ocean_second_sidebar":"0","ocean_disable_margins":"enable","ocean_add_body_class":"","ocean_shortcode_before_top_bar":"","ocean_shortcode_after_top_bar":"","ocean_shortcode_before_header":"","ocean_shortcode_after_header":"","ocean_has_shortcode":"","ocean_shortcode_after_title":"","ocean_shortcode_before_footer_widgets":"","ocean_shortcode_after_footer_widgets":"","ocean_shortcode_before_footer_bottom":"","ocean_shortcode_after_footer_bottom":"","ocean_display_top_bar":"default","ocean_display_header":"default","ocean_header_style":"","ocean_center_header_left_menu":"0","ocean_custom_header_template":"0","ocean_custom_logo":0,"ocean_custom_retina_logo":0,"ocean_custom_logo_max_width":0,"ocean_custom_logo_tablet_max_width":0,"ocean_custom_logo_mobile_max_width":0,"ocean_custom_logo_max_height":0,"ocean_custom_logo_tablet_max_height":0,"ocean_custom_logo_mobile_max_height":0,"ocean_header_custom_menu":"0","ocean_menu_typo_font_family":"0","ocean_menu_typo_font_subset":"","ocean_menu_typo_font_size":0,"ocean_menu_typo_font_size_tablet":0,"ocean_menu_typo_font_size_mobile":0,"ocean_menu_typo_font_size_unit":"px","ocean_menu_typo_font_weight":"","ocean_menu_typo_font_weight_tablet":"","ocean_menu_typo_font_weight_mobile":"","ocean_menu_typo_transform":"","ocean_menu_typo_transform_tablet":"","ocean_menu_typo_transform_mobile":"","ocean_menu_typo_line_height":0,"ocean_menu_typo_line_height_tablet":0,"ocean_menu_typo_line_height_mobile":0,"ocean_menu_typo_line_height_unit":"","ocean_menu_typo_spacing":0,"ocean_menu_typo_spacing_tablet":0,"ocean_menu_typo_spacing_mobile":0,"ocean_menu_typo_spacing_unit":"","ocean_menu_link_color":"","ocean_menu_link_color_hover":"","ocean_menu_link_color_active":"","ocean_menu_link_background":"","ocean_menu_link_hover_background":"","ocean_menu_link_active_background":"","ocean_menu_social_links_bg":"","ocean_menu_social_hover_links_bg":"","ocean_menu_social_links_color":"","ocean_menu_social_hover_links_color":"","ocean_disable_title":"default","ocean_disable_heading":"default","ocean_post_title":"","ocean_post_subheading":"","ocean_post_title_style":"","ocean_post_title_background_color":"","ocean_post_title_background":0,"ocean_post_title_bg_image_position":"","ocean_post_title_bg_image_attachment":"","ocean_post_title_bg_image_repeat":"","ocean_post_title_bg_image_size":"","ocean_post_title_height":0,"ocean_post_title_bg_overlay":0.5,"ocean_post_title_bg_overlay_color":"","ocean_disable_breadcrumbs":"default","ocean_breadcrumbs_color":"","ocean_breadcrumbs_separator_color":"","ocean_breadcrumbs_links_color":"","ocean_breadcrumbs_links_hover_color":"","ocean_display_footer_widgets":"default","ocean_display_footer_bottom":"default","ocean_custom_footer_template":"0"},"product_brand":[],"product_cat":[61],"product_tag":[69],"class_list":{"0":"post-1249","1":"product","2":"type-product","3":"status-publish","4":"has-post-thumbnail","6":"product_cat-essbar","7":"product_tag-hhc-gummies","9":"entry","10":"has-media","12":"first","13":"instock","14":"sale","15":"shipping-taxable","16":"purchasable","17":"product-type-simple","18":"has-product-nav","19":"col","20":"span_1_of_3","21":"owp-content-center","22":"owp-thumbs-layout-horizontal","23":"owp-btn-normal","24":"owp-tabs-layout-horizontal"},"_links":{"self":[{"href":"https:\/\/herbalaproach.com\/cs\/wp-json\/wp\/v2\/product\/1249","targetHints":{"allow":["GET"]}}],"collection":[{"href":"https:\/\/herbalaproach.com\/cs\/wp-json\/wp\/v2\/product"}],"about":[{"href":"https:\/\/herbalaproach.com\/cs\/wp-json\/wp\/v2\/types\/product"}],"replies":[{"embeddable":true,"href":"https:\/\/herbalaproach.com\/cs\/wp-json\/wp\/v2\/comments?post=1249"}],"wp:featuredmedia":[{"embeddable":true,"href":"https:\/\/herbalaproach.com\/cs\/wp-json\/wp\/v2\/media\/1250"}],"wp:attachment":[{"href":"https:\/\/herbalaproach.com\/cs\/wp-json\/wp\/v2\/media?parent=1249"}],"wp:term":[{"taxonomy":"product_brand","embeddable":true,"href":"https:\/\/herbalaproach.com\/cs\/wp-json\/wp\/v2\/product_brand?post=1249"},{"taxonomy":"product_cat","embeddable":true,"href":"https:\/\/herbalaproach.com\/cs\/wp-json\/wp\/v2\/product_cat?post=1249"},{"taxonomy":"product_tag","embeddable":true,"href":"https:\/\/herbalaproach.com\/cs\/wp-json\/wp\/v2\/product_tag?post=1249"}],"curies":[{"name":"wp","href":"https:\/\/api.w.org\/{rel}","templated":true}]}}