{"id":1329,"date":"2024-10-31T20:55:58","date_gmt":"2024-10-31T19:55:58","guid":{"rendered":"https:\/\/herbalaproach.com\/?post_type=product&#038;p=1329"},"modified":"2024-10-31T21:12:20","modified_gmt":"2024-10-31T20:12:20","slug":"microdose-pilze","status":"publish","type":"product","link":"https:\/\/herbalaproach.com\/cs\/product\/microdose-pilze\/","title":{"rendered":"Mikro mikrod\u00e1vky houbov\u00fdch kapsl\u00ed"},"content":{"rendered":"<p><b><strong>\u017dijte sv\u016fj nejlep\u0161\u00ed \u017eivot.<\/strong><\/b> Pro aktivn\u00ed i unaven\u00e9. N\u00e1\u0161 Micro Boost <a href=\"https:\/\/herbalaproach.com\/cs\/\">Kapsle<\/a> podporuje tvorbu energie sm\u011bs\u00ed cordycepsu, \u017een\u0161enu, z\u00e1zvoru, kofeinu a psilocybinov\u00fdch hub. Vezm\u011bte si den! <span class=\"___SText_anxqe-kmt_\" data-ui-name=\"Link.Text\">mikrod\u00e1vky hub<\/span><\/p>\n<h2>Jak pou\u017e\u00edvat<\/h2>\n<p><b><strong>Za\u010dn\u011bte pomalu a postupujte pomalu:<\/strong><\/b><\/p>\n<ul>\n<li>Micro Dose = 100-500mg | Mellow vibes o\u010dek\u00e1vat \u017e\u00e1dn\u00e9 <a href=\"https:\/\/www.youtube.com\/watch?v=fgQTvvCF5Ww\" target=\"_blank\" rel=\"noopener\">Halucinace<\/a><\/li>\n<\/ul>\n<p><b><strong>Pou\u017eit\u00ed:<\/strong><\/b> Za\u010d\u00e1te\u010dn\u00edk\u016fm doporu\u010dujeme u\u017e\u00edvat 1 kapsli denn\u011b r\u00e1no s lehk\u00fdm j\u00eddlem.<\/p>\n<p><b><strong>Skladov\u00e1n\u00ed:<\/strong><\/b> Skladujte na chladn\u00e9m a such\u00e9m m\u00edst\u011b, mimo dosah d\u011bt\u00ed a dom\u00e1c\u00edch zv\u00ed\u0159at. <span class=\"___SText_anxqe-kmt_\" data-ui-name=\"Link.Text\">mikrod\u00e1vky hub<\/span><\/p>\n<h2>Slo\u017een\u00ed<\/h2>\n<ul>\n<li><b><strong>100MG<\/strong><\/b> | Psilocybinov\u00e9 houby<\/li>\n<li><b><strong>200MG<\/strong><\/b> | Cordyceps (Cordyceps Militaris)<\/li>\n<li><b><strong>75MG<\/strong><\/b> | \u017den\u0161en prav\u00fd (Panax ginseng)<\/li>\n<li><b><strong>50MG<\/strong><\/b> | Ginger<\/li>\n<li><b><strong>50MG<\/strong><\/b> | Kofein<\/li>\n<\/ul>","protected":false},"excerpt":{"rendered":"<p>Podpora energie a produktivity<\/p>","protected":false},"featured_media":1330,"comment_status":"open","ping_status":"closed","template":"","meta":{"ocean_post_layout":"","ocean_both_sidebars_style":"","ocean_both_sidebars_content_width":0,"ocean_both_sidebars_sidebars_width":0,"ocean_sidebar":"0","ocean_second_sidebar":"0","ocean_disable_margins":"enable","ocean_add_body_class":"","ocean_shortcode_before_top_bar":"","ocean_shortcode_after_top_bar":"","ocean_shortcode_before_header":"","ocean_shortcode_after_header":"","ocean_has_shortcode":"","ocean_shortcode_after_title":"","ocean_shortcode_before_footer_widgets":"","ocean_shortcode_after_footer_widgets":"","ocean_shortcode_before_footer_bottom":"","ocean_shortcode_after_footer_bottom":"","ocean_display_top_bar":"default","ocean_display_header":"default","ocean_header_style":"","ocean_center_header_left_menu":"0","ocean_custom_header_template":"0","ocean_custom_logo":0,"ocean_custom_retina_logo":0,"ocean_custom_logo_max_width":0,"ocean_custom_logo_tablet_max_width":0,"ocean_custom_logo_mobile_max_width":0,"ocean_custom_logo_max_height":0,"ocean_custom_logo_tablet_max_height":0,"ocean_custom_logo_mobile_max_height":0,"ocean_header_custom_menu":"0","ocean_menu_typo_font_family":"0","ocean_menu_typo_font_subset":"","ocean_menu_typo_font_size":0,"ocean_menu_typo_font_size_tablet":0,"ocean_menu_typo_font_size_mobile":0,"ocean_menu_typo_font_size_unit":"px","ocean_menu_typo_font_weight":"","ocean_menu_typo_font_weight_tablet":"","ocean_menu_typo_font_weight_mobile":"","ocean_menu_typo_transform":"","ocean_menu_typo_transform_tablet":"","ocean_menu_typo_transform_mobile":"","ocean_menu_typo_line_height":0,"ocean_menu_typo_line_height_tablet":0,"ocean_menu_typo_line_height_mobile":0,"ocean_menu_typo_line_height_unit":"","ocean_menu_typo_spacing":0,"ocean_menu_typo_spacing_tablet":0,"ocean_menu_typo_spacing_mobile":0,"ocean_menu_typo_spacing_unit":"","ocean_menu_link_color":"","ocean_menu_link_color_hover":"","ocean_menu_link_color_active":"","ocean_menu_link_background":"","ocean_menu_link_hover_background":"","ocean_menu_link_active_background":"","ocean_menu_social_links_bg":"","ocean_menu_social_hover_links_bg":"","ocean_menu_social_links_color":"","ocean_menu_social_hover_links_color":"","ocean_disable_title":"default","ocean_disable_heading":"default","ocean_post_title":"","ocean_post_subheading":"","ocean_post_title_style":"","ocean_post_title_background_color":"","ocean_post_title_background":0,"ocean_post_title_bg_image_position":"","ocean_post_title_bg_image_attachment":"","ocean_post_title_bg_image_repeat":"","ocean_post_title_bg_image_size":"","ocean_post_title_height":0,"ocean_post_title_bg_overlay":0.5,"ocean_post_title_bg_overlay_color":"","ocean_disable_breadcrumbs":"default","ocean_breadcrumbs_color":"","ocean_breadcrumbs_separator_color":"","ocean_breadcrumbs_links_color":"","ocean_breadcrumbs_links_hover_color":"","ocean_display_footer_widgets":"default","ocean_display_footer_bottom":"default","ocean_custom_footer_template":"0"},"product_brand":[],"product_cat":[63],"product_tag":[71],"class_list":{"0":"post-1329","1":"product","2":"type-product","3":"status-publish","4":"has-post-thumbnail","6":"product_cat-mikrodosierkapseln","7":"product_tag-microdosing-pilze","9":"entry","10":"has-media","12":"first","13":"instock","14":"sale","15":"shipping-taxable","16":"purchasable","17":"product-type-variable","18":"has-product-nav","19":"col","20":"span_1_of_3","21":"owp-content-center","22":"owp-thumbs-layout-horizontal","23":"owp-btn-normal","24":"owp-tabs-layout-horizontal","25":"has-no-thumbnails"},"_links":{"self":[{"href":"https:\/\/herbalaproach.com\/cs\/wp-json\/wp\/v2\/product\/1329","targetHints":{"allow":["GET"]}}],"collection":[{"href":"https:\/\/herbalaproach.com\/cs\/wp-json\/wp\/v2\/product"}],"about":[{"href":"https:\/\/herbalaproach.com\/cs\/wp-json\/wp\/v2\/types\/product"}],"replies":[{"embeddable":true,"href":"https:\/\/herbalaproach.com\/cs\/wp-json\/wp\/v2\/comments?post=1329"}],"wp:featuredmedia":[{"embeddable":true,"href":"https:\/\/herbalaproach.com\/cs\/wp-json\/wp\/v2\/media\/1330"}],"wp:attachment":[{"href":"https:\/\/herbalaproach.com\/cs\/wp-json\/wp\/v2\/media?parent=1329"}],"wp:term":[{"taxonomy":"product_brand","embeddable":true,"href":"https:\/\/herbalaproach.com\/cs\/wp-json\/wp\/v2\/product_brand?post=1329"},{"taxonomy":"product_cat","embeddable":true,"href":"https:\/\/herbalaproach.com\/cs\/wp-json\/wp\/v2\/product_cat?post=1329"},{"taxonomy":"product_tag","embeddable":true,"href":"https:\/\/herbalaproach.com\/cs\/wp-json\/wp\/v2\/product_tag?post=1329"}],"curies":[{"name":"wp","href":"https:\/\/api.w.org\/{rel}","templated":true}]}}