{"id":1351,"date":"2024-11-02T00:35:29","date_gmt":"2024-11-01T23:35:29","guid":{"rendered":"https:\/\/herbalaproach.com\/?post_type=product&#038;p=1351"},"modified":"2026-04-01T11:50:18","modified_gmt":"2026-04-01T09:50:18","slug":"blueberry-hash","status":"publish","type":"product","link":"https:\/\/herbalaproach.com\/cs\/product\/blueberry-hash\/","title":{"rendered":"Bor\u016fvkov\u00fd ha\u0161i\u0161"},"content":{"rendered":"<p><span class=\"___SText_anxqe-kmt_\" data-ui-name=\"Link.Text\">$hash,\u00a0<\/span> Bor\u016fvkov\u00fd ha\u0161i\u0161 je forma ha\u0161i\u0161e s chut\u00ed a v\u016fn\u00ed bor\u016fvek. <a href=\"https:\/\/herbalaproach.com\/cs\/\">Blueberry Kush<\/a> fenotyp rostliny konop\u00ed. D\u00edky sv\u00e9mu jedine\u010dn\u00e9mu a lahodn\u00e9mu chu\u0165ov\u00e9mu profilu je mezi konzumenty konop\u00ed velmi vyhled\u00e1van\u00fdm produktem.<\/p>\n<h2>Jak pou\u017e\u00edvat <span class=\"___SText_anxqe-kmt_\" data-ui-name=\"Link.Text\">$hash<\/span><\/h2>\n<p>Co byste m\u011bli v\u011bd\u011bt o kou\u0159en\u00ed <a href=\"https:\/\/www.youtube.com\/watch?v=supxsqMKh_Y\" target=\"_blank\" rel=\"noopener\">Ha\u0161i\u0161<\/a> z\u00e1vis\u00ed na tom, jakou metodu preferujete. Zde jsou uvedeny n\u011bkter\u00e9 z nejb\u011b\u017en\u011bj\u0161\u00edch metod:<\/p>\n<ol>\n<li><b><strong>V jointu, \u0161luku nebo tup\u00e9 cigaret\u011b<\/strong><\/b><\/li>\n<li><b><strong>V misce, l\u017ei\u010dkov\u00e9 d\u00fdmce, bublinkova\u010di nebo bongu.<\/strong><\/b><\/li>\n<li><b><strong>Ve vaporiz\u00e9ru nebo dabovac\u00ed souprav\u011b<\/strong><\/b><\/li>\n<\/ol>","protected":false},"excerpt":{"rendered":"<p>AAA+<\/p>","protected":false},"featured_media":1352,"comment_status":"open","ping_status":"closed","template":"","meta":{"ocean_post_layout":"","ocean_both_sidebars_style":"","ocean_both_sidebars_content_width":0,"ocean_both_sidebars_sidebars_width":0,"ocean_sidebar":"0","ocean_second_sidebar":"0","ocean_disable_margins":"enable","ocean_add_body_class":"","ocean_shortcode_before_top_bar":"","ocean_shortcode_after_top_bar":"","ocean_shortcode_before_header":"","ocean_shortcode_after_header":"","ocean_has_shortcode":"","ocean_shortcode_after_title":"","ocean_shortcode_before_footer_widgets":"","ocean_shortcode_after_footer_widgets":"","ocean_shortcode_before_footer_bottom":"","ocean_shortcode_after_footer_bottom":"","ocean_display_top_bar":"default","ocean_display_header":"default","ocean_header_style":"","ocean_center_header_left_menu":"0","ocean_custom_header_template":"0","ocean_custom_logo":0,"ocean_custom_retina_logo":0,"ocean_custom_logo_max_width":0,"ocean_custom_logo_tablet_max_width":0,"ocean_custom_logo_mobile_max_width":0,"ocean_custom_logo_max_height":0,"ocean_custom_logo_tablet_max_height":0,"ocean_custom_logo_mobile_max_height":0,"ocean_header_custom_menu":"0","ocean_menu_typo_font_family":"0","ocean_menu_typo_font_subset":"","ocean_menu_typo_font_size":0,"ocean_menu_typo_font_size_tablet":0,"ocean_menu_typo_font_size_mobile":0,"ocean_menu_typo_font_size_unit":"px","ocean_menu_typo_font_weight":"","ocean_menu_typo_font_weight_tablet":"","ocean_menu_typo_font_weight_mobile":"","ocean_menu_typo_transform":"","ocean_menu_typo_transform_tablet":"","ocean_menu_typo_transform_mobile":"","ocean_menu_typo_line_height":0,"ocean_menu_typo_line_height_tablet":0,"ocean_menu_typo_line_height_mobile":0,"ocean_menu_typo_line_height_unit":"","ocean_menu_typo_spacing":0,"ocean_menu_typo_spacing_tablet":0,"ocean_menu_typo_spacing_mobile":0,"ocean_menu_typo_spacing_unit":"","ocean_menu_link_color":"","ocean_menu_link_color_hover":"","ocean_menu_link_color_active":"","ocean_menu_link_background":"","ocean_menu_link_hover_background":"","ocean_menu_link_active_background":"","ocean_menu_social_links_bg":"","ocean_menu_social_hover_links_bg":"","ocean_menu_social_links_color":"","ocean_menu_social_hover_links_color":"","ocean_disable_title":"default","ocean_disable_heading":"default","ocean_post_title":"","ocean_post_subheading":"","ocean_post_title_style":"","ocean_post_title_background_color":"","ocean_post_title_background":0,"ocean_post_title_bg_image_position":"","ocean_post_title_bg_image_attachment":"","ocean_post_title_bg_image_repeat":"","ocean_post_title_bg_image_size":"","ocean_post_title_height":0,"ocean_post_title_bg_overlay":0.5,"ocean_post_title_bg_overlay_color":"","ocean_disable_breadcrumbs":"default","ocean_breadcrumbs_color":"","ocean_breadcrumbs_separator_color":"","ocean_breadcrumbs_links_color":"","ocean_breadcrumbs_links_hover_color":"","ocean_display_footer_widgets":"default","ocean_display_footer_bottom":"default","ocean_custom_footer_template":"0"},"product_brand":[],"product_cat":[62],"product_tag":[72],"class_list":{"0":"post-1351","1":"product","2":"type-product","3":"status-publish","4":"has-post-thumbnail","6":"product_cat-konzentrate","7":"product_tag-hash","9":"entry","10":"has-media","12":"first","13":"instock","14":"sale","15":"shipping-taxable","16":"purchasable","17":"product-type-variable","18":"has-product-nav","19":"col","20":"span_1_of_3","21":"owp-content-center","22":"owp-thumbs-layout-horizontal","23":"owp-btn-normal","24":"owp-tabs-layout-horizontal","25":"has-no-thumbnails"},"_links":{"self":[{"href":"https:\/\/herbalaproach.com\/cs\/wp-json\/wp\/v2\/product\/1351","targetHints":{"allow":["GET"]}}],"collection":[{"href":"https:\/\/herbalaproach.com\/cs\/wp-json\/wp\/v2\/product"}],"about":[{"href":"https:\/\/herbalaproach.com\/cs\/wp-json\/wp\/v2\/types\/product"}],"replies":[{"embeddable":true,"href":"https:\/\/herbalaproach.com\/cs\/wp-json\/wp\/v2\/comments?post=1351"}],"wp:featuredmedia":[{"embeddable":true,"href":"https:\/\/herbalaproach.com\/cs\/wp-json\/wp\/v2\/media\/1352"}],"wp:attachment":[{"href":"https:\/\/herbalaproach.com\/cs\/wp-json\/wp\/v2\/media?parent=1351"}],"wp:term":[{"taxonomy":"product_brand","embeddable":true,"href":"https:\/\/herbalaproach.com\/cs\/wp-json\/wp\/v2\/product_brand?post=1351"},{"taxonomy":"product_cat","embeddable":true,"href":"https:\/\/herbalaproach.com\/cs\/wp-json\/wp\/v2\/product_cat?post=1351"},{"taxonomy":"product_tag","embeddable":true,"href":"https:\/\/herbalaproach.com\/cs\/wp-json\/wp\/v2\/product_tag?post=1351"}],"curies":[{"name":"wp","href":"https:\/\/api.w.org\/{rel}","templated":true}]}}