{"id":1380,"date":"2024-11-05T22:12:54","date_gmt":"2024-11-05T21:12:54","guid":{"rendered":"https:\/\/herbalaproach.com\/?post_type=product&#038;p=1380"},"modified":"2026-01-12T00:08:07","modified_gmt":"2026-01-11T23:08:07","slug":"lost-mary-vape","status":"publish","type":"product","link":"https:\/\/herbalaproach.com\/cs\/product\/lost-mary-vape\/","title":{"rendered":"ztracen\u00fd mary vape (jednor\u00e1zov\u00fd vape)"},"content":{"rendered":"<p>Ztracen\u00e1 Mary MO20000 Pro Vape byla nalezena! Toto nejmodern\u011bj\u0161\u00ed za\u0159\u00edzen\u00ed kombinuje inovace, styl a vysok\u00fd v\u00fdkon, aby posunulo va\u0161i vapingovou hru na maximum. Toto za\u0159\u00edzen\u00ed, vyroben\u00e9 s pou\u017eit\u00edm precizn\u00edho in\u017een\u00fdrstv\u00ed a pouze prvot\u0159\u00eddn\u00edch materi\u00e1l\u016f, je navr\u017eeno tak, aby spl\u0148ovalo pot\u0159eby nov\u00fdch i dlouholet\u00fdch vaper\u016f. Poj\u010fme se pod\u00edvat na kl\u00ed\u010dov\u00e9 vlastnosti, kter\u00fdmi Lost Mary vape MO20000 Pro Vape vynik\u00e1 v dne\u0161n\u00ed velmi p\u0159epln\u011bn\u00e9 nab\u00eddce vapovac\u00edch za\u0159\u00edzen\u00ed:<\/p>\n<h3>Hlavn\u00ed funkce:<\/h3>\n<ul>\n<li><b><strong>Vysokokapacitn\u00ed dob\u00edjec\u00ed baterie:<\/strong><\/b> Tento vape EBDesign je vybaven v\u00fdkonnou vestav\u011bnou bateri\u00ed o kapacit\u011b 20000 mAh. D\u00edky tomu v\u00e1m Lost Mary MO20000 Pro Vape umo\u017en\u00ed ka\u017edodenn\u00ed prodlou\u017een\u00e9 vapov\u00e1n\u00ed bez nutnosti \u010dast\u00e9ho dob\u00edjen\u00ed. Zapome\u0148te na strach z vybit\u00ed baterie a u\u017e\u00edvejte si od nyn\u011bj\u0161ka nep\u0159etr\u017eit\u00fd po\u017eitek z vapov\u00e1n\u00ed. lost mary vape<\/li>\n<\/ul>\n<ul>\n<li><b><strong>Velk\u00e1 kapacita e-liquidu:<\/strong><\/b> S kapacitou 18 ml n\u00e1dobky na e-liquid vy\u0159e\u0161ila Lost Mary by EBDesign vape probl\u00e9m neust\u00e1l\u00e9ho dopl\u0148ov\u00e1n\u00ed! Vapujte nonstop a\u017e do sytosti! P\u0159\u00edle\u017eitostn\u00ed vape\u0159i i milovn\u00edci mrak\u016f se shodnou... velkorys\u00e1 kapacita e-liquidu vapu Lost Mary MO20000 Pro zaru\u010duje uspokojiv\u00fd z\u00e1\u017eitek z vapov\u00e1n\u00ed, a to znovu a znovu.<\/li>\n<\/ul>\n<ul>\n<li><b><strong>Nastaviteln\u00fd p\u0159\u00edkon:<\/strong><\/b> S nastaviteln\u00fdm v\u00fdkonem <a href=\"https:\/\/herbalaproach.com\/cs\/\">Ztracen\u00e1 Mary MO20000<\/a> Pro umo\u017e\u0148uje nastavit s\u00edlu p\u00e1ry podle va\u0161ich osobn\u00edch preferenc\u00ed. Nastaven\u00edm v\u00fdkonu m\u016f\u017eete kdykoli zm\u011bnit produkci p\u00e1ry a intenzitu chuti, co\u017e v\u00e1m d\u00e1v\u00e1 plnou kontrolu nad va\u0161\u00edm vapingov\u00fdm z\u00e1\u017eitkem. lost mary vape<\/li>\n<li><\/li>\n<li>\n<ul>\n<li><b><strong>Intuitivn\u00ed displej OLED:<\/strong><\/b> Bu\u010fte informov\u00e1ni a m\u011bjte v\u0161e pod kontrolou d\u00edky intuitivn\u00edmu displeji OLED za\u0159\u00edzen\u00ed Lost Mary MO20000 Pro. Snadno a p\u0159ehledn\u011b m\u016f\u017eete sledovat \u017eivotnost baterie, vlastn\u00ed v\u00fdkony, odpor spir\u00e1lky a dal\u0161\u00ed \u00fadaje. Zp\u011btn\u00e1 vazba v re\u00e1ln\u00e9m \u010dase pro dne\u0161n\u00ed vapingov\u00e9 nad\u0161ence, kte\u0159\u00ed hledaj\u00ed pouze optimalizovan\u00e9 vapingov\u00e9 z\u00e1\u017eitky.<\/li>\n<\/ul>\n<ul>\n<li><b><strong>Kreativn\u00ed konstrukce<\/strong><\/b>Lost Mary MO20000 Pro Vape je vyroben tak, aby vydr\u017eel n\u00e1ro\u010dn\u00e9 ka\u017edodenn\u00ed pou\u017e\u00edv\u00e1n\u00ed, a m\u00e1 odolnou konstrukci, kter\u00e1 v\u00e1m poskytne jistotu, dlouhotrvaj\u00edc\u00ed pot\u011b\u0161en\u00ed a dokonal\u00fd v\u00fdkon. Ka\u017ed\u00fd aspekt tohoto za\u0159\u00edzen\u00ed, od robustn\u00edho pouzdra a\u017e po vysoce kvalitn\u00ed komponenty, je navr\u017een s ohledem na spolehlivost a odolnost.<\/li>\n<\/ul>\n<ul>\n<li><b><strong>Bezpe\u010dnostn\u00ed opat\u0159en\u00ed:<\/strong><\/b> D\u00edky komplexn\u00edm bezpe\u010dnostn\u00edm funkc\u00edm modelu Lost Mary MO20000 Pro si m\u016f\u017eete s klidn\u00fdm sv\u011bdom\u00edm u\u017e\u00edvat pot\u011b\u0161en\u00ed. Vestav\u011bn\u00e1 ochrana zahrnuje ochranu proti p\u0159ebit\u00ed, ochranu proti zkratu a dokonce i ochranu proti podp\u011bt\u00ed. Bezpe\u010dn\u00fd a p\u0159\u00edjemn\u00fd z\u00e1\u017eitek z vapov\u00e1n\u00ed si tak m\u016f\u017eete dop\u0159\u00e1t p\u0159i ka\u017ed\u00e9m \u0161lukov\u00e1n\u00ed.<\/li>\n<\/ul>\n<ul>\n<li><b><strong>Pohodln\u00e9 nab\u00edjen\u00ed p\u0159es USB-C:<\/strong><\/b> D\u00edky nab\u00edjec\u00edmu portu USB-C v za\u0159\u00edzen\u00ed Lost Mary MO20000 Pro je nab\u00edjen\u00ed rychl\u00e9 a pohodln\u00e9. Rychl\u00e9 nab\u00edjen\u00ed si zamilujete, proto\u017ee str\u00e1v\u00edte m\u00e9n\u011b \u010dasu \u010dek\u00e1n\u00edm a v\u00edce \u010dasu vapov\u00e1n\u00edm. lost mary vape<\/li>\n<\/ul>\n<h3>P\u0159\u00edchut\u011b Lost Mary Vape:<\/h3>\n<ul>\n<li><b><strong>Blue Razz Ice<\/strong><\/b>P\u0159ipravte se na vzru\u0161uj\u00edc\u00ed cestu s Blue Razz Ice. Pozornost upout\u00e1 kombinace chut\u00ed, kter\u00e1 obnovuje klasickou chu\u0165 modr\u00fdch malin, umocn\u011bnou ledov\u011b chladn\u00fdm mentolov\u00fdm z\u00e1v\u011brem p\u0159i v\u00fddechu. Vydejte se na v\u00fdlet Blue Razz je\u0161t\u011b dnes!<\/li>\n<li>\n<ul>\n<li><b><strong>Dra\u010d\u00ed n\u00e1poj<\/strong><\/b>Vapujte s p\u0159\u00edchut\u00ed EBDesigns Dragon Drink a pro\u017eijte mystick\u00e9 dobrodru\u017estv\u00ed. Tato kouzeln\u00e1 <a href=\"https:\/\/www.youtube.com\/watch?v=WvMLOboFpPY\" target=\"_blank\" rel=\"noopener\">Vape<\/a> zachycuje chu\u0165 exotick\u00e9ho dra\u010d\u00edho ovoce a m\u00eds\u00ed jeho jedine\u010dnou sladkost se \u0161petkou tropick\u00e9 dobroty. Poci\u0165te nespoutanou energii draka, kter\u00e1 polecht\u00e1 va\u0161e chu\u0165ov\u00e9 poh\u00e1rky a zanech\u00e1 ve v\u00e1s chu\u0165 na dal\u0161\u00ed.<\/li>\n<\/ul>\n<ul>\n<li><b><strong>Mincovna Miami:<\/strong><\/b> Kone\u010dn\u011b p\u0159\u00edchu\u0165, kter\u00e1 je stejn\u011b skv\u011bl\u00e1 jako vy! Nyn\u00ed m\u016f\u017eete za\u017e\u00edt no\u010dn\u00ed \u017eivot v Miami a z\u00e1rove\u0148 si vychutnat osv\u011b\u017euj\u00edc\u00ed lehk\u00fd mentolov\u00fd pocit, kter\u00fd tato p\u0159\u00edchu\u0165 EB Design vape p\u0159in\u00e1\u0161\u00ed! Ochutnejte tropickou sv\u011b\u017eest South Beach jako m\u00edstn\u00ed a vytvo\u0159te si tak\u00e9 vlastn\u00ed obl\u00e1\u010dky!<\/li>\n<\/ul>\n<ul>\n<li><b><strong>Ananasov\u00e1 zmrzlina<\/strong><\/b>\u0160\u0165avnat\u00fd, zlatav\u00fd ananas je na denn\u00edm po\u0159\u00e1dku! Tento obl\u00edben\u00fd ostrovn\u00ed n\u00e1poj je obohacen o chladiv\u00fd n\u00e1dech mentolu a p\u0159in\u00e1\u0161\u00ed osv\u011b\u017euj\u00edc\u00ed a jedine\u010dn\u00fd z\u00e1\u017eitek. Ka\u017ed\u00e9 \u0161luknut\u00ed je jako pop\u00edjen\u00ed zmrzl\u00e9ho ananasov\u00e9ho koktejlu na pl\u00e1\u017ei, po kter\u00e9m se budete c\u00edtit chladn\u011b a omlazen\u011b.<\/li>\n<\/ul>\n<ul>\n<li><b><strong>Duhov\u00fd \u0161erbet:<\/strong><\/b> Melan\u017e pikantn\u00edch citrus\u016f a p\u0159irozen\u011b sladk\u00fdch bobul\u00ed poskytuje siln\u00fd p\u0159\u00edval chuti p\u0159i ka\u017ed\u00e9m \u0161luknut\u00ed! P\u0159edstavte si duhov\u011b zbarven\u00fd sorbet! S l\u00e1skou si tak\u00e9 vzpomenete na n\u011bkter\u00e9 z obl\u00edben\u00fdch poh\u00e1r\u016f z d\u011btstv\u00ed, kter\u00e9 jsou obsa\u017eeny v ka\u017ed\u00e9m obl\u00e1\u010dku.<\/li>\n<\/ul>\n<ul>\n<li><b><strong>Raketov\u00e9 nanuky:<\/strong><\/b> Vydejte se na mal\u00fd v\u00fdlet do minulosti s nanuky Rocket. Sladk\u00e1, pikantn\u00ed p\u0159\u00edchu\u0165 t\u0159e\u0161n\u00ed, modr\u00fdch malin a citronu, stejn\u011b jako ikonick\u00fd \u010derven\u00fd, b\u00edl\u00fd a modr\u00fd nanuk, kter\u00fd v\u0161ichni zn\u00e1me a milujeme. Nechte na sv\u00e9 chu\u0165ov\u00e9 bu\u0148ky zaplavit p\u0159\u00edchut\u011b l\u00e9ta a ci\u0165te se chladiv\u011b a nad\u0161en\u011b.<\/li>\n<\/ul>\n<\/li>\n<\/ul>\n<\/li>\n<\/ul>","protected":false},"excerpt":{"rendered":"<p>Das verlorene Mary MO20000 Pro Vape wurde gefunden! Dieses hochmoderne Ger\u00e4t kombiniert Innovation, Stil und hohe Leistung und bringt Ihr Vaping-Spiel an die Grenze. Hergestellt mit Pr\u00e4zisionstechnik und nur Premium-Materialien, ist dieses Ger\u00e4t entwickelt, um die Bed\u00fcrfnisse der neuen und langj\u00e4hrigen vapers gleicherma\u00dfen zu erf\u00fcllen. Lassen Sie uns einen Blick auf die Hauptmerkmale werfen, die [&hellip;]<\/p>\n","protected":false},"featured_media":1381,"comment_status":"open","ping_status":"closed","template":"","meta":{"ocean_post_layout":"","ocean_both_sidebars_style":"","ocean_both_sidebars_content_width":0,"ocean_both_sidebars_sidebars_width":0,"ocean_sidebar":"0","ocean_second_sidebar":"0","ocean_disable_margins":"enable","ocean_add_body_class":"","ocean_shortcode_before_top_bar":"","ocean_shortcode_after_top_bar":"","ocean_shortcode_before_header":"","ocean_shortcode_after_header":"","ocean_has_shortcode":"","ocean_shortcode_after_title":"","ocean_shortcode_before_footer_widgets":"","ocean_shortcode_after_footer_widgets":"","ocean_shortcode_before_footer_bottom":"","ocean_shortcode_after_footer_bottom":"","ocean_display_top_bar":"default","ocean_display_header":"default","ocean_header_style":"","ocean_center_header_left_menu":"0","ocean_custom_header_template":"0","ocean_custom_logo":0,"ocean_custom_retina_logo":0,"ocean_custom_logo_max_width":0,"ocean_custom_logo_tablet_max_width":0,"ocean_custom_logo_mobile_max_width":0,"ocean_custom_logo_max_height":0,"ocean_custom_logo_tablet_max_height":0,"ocean_custom_logo_mobile_max_height":0,"ocean_header_custom_menu":"0","ocean_menu_typo_font_family":"0","ocean_menu_typo_font_subset":"","ocean_menu_typo_font_size":0,"ocean_menu_typo_font_size_tablet":0,"ocean_menu_typo_font_size_mobile":0,"ocean_menu_typo_font_size_unit":"px","ocean_menu_typo_font_weight":"","ocean_menu_typo_font_weight_tablet":"","ocean_menu_typo_font_weight_mobile":"","ocean_menu_typo_transform":"","ocean_menu_typo_transform_tablet":"","ocean_menu_typo_transform_mobile":"","ocean_menu_typo_line_height":0,"ocean_menu_typo_line_height_tablet":0,"ocean_menu_typo_line_height_mobile":0,"ocean_menu_typo_line_height_unit":"","ocean_menu_typo_spacing":0,"ocean_menu_typo_spacing_tablet":0,"ocean_menu_typo_spacing_mobile":0,"ocean_menu_typo_spacing_unit":"","ocean_menu_link_color":"","ocean_menu_link_color_hover":"","ocean_menu_link_color_active":"","ocean_menu_link_background":"","ocean_menu_link_hover_background":"","ocean_menu_link_active_background":"","ocean_menu_social_links_bg":"","ocean_menu_social_hover_links_bg":"","ocean_menu_social_links_color":"","ocean_menu_social_hover_links_color":"","ocean_disable_title":"default","ocean_disable_heading":"default","ocean_post_title":"","ocean_post_subheading":"","ocean_post_title_style":"","ocean_post_title_background_color":"","ocean_post_title_background":0,"ocean_post_title_bg_image_position":"","ocean_post_title_bg_image_attachment":"","ocean_post_title_bg_image_repeat":"","ocean_post_title_bg_image_size":"","ocean_post_title_height":0,"ocean_post_title_bg_overlay":0.5,"ocean_post_title_bg_overlay_color":"","ocean_disable_breadcrumbs":"default","ocean_breadcrumbs_color":"","ocean_breadcrumbs_separator_color":"","ocean_breadcrumbs_links_color":"","ocean_breadcrumbs_links_hover_color":"","ocean_display_footer_widgets":"default","ocean_display_footer_bottom":"default","ocean_custom_footer_template":"0"},"product_brand":[],"product_cat":[60],"product_tag":[],"class_list":{"0":"post-1380","1":"product","2":"type-product","3":"status-publish","4":"has-post-thumbnail","6":"product_cat-vapes","8":"entry","9":"has-media","11":"first","12":"instock","13":"sale","14":"shipping-taxable","15":"purchasable","16":"product-type-simple","17":"has-product-nav","18":"col","19":"span_1_of_3","20":"owp-content-center","21":"owp-thumbs-layout-horizontal","22":"owp-btn-normal","23":"owp-tabs-layout-horizontal","24":"has-no-thumbnails"},"_links":{"self":[{"href":"https:\/\/herbalaproach.com\/cs\/wp-json\/wp\/v2\/product\/1380","targetHints":{"allow":["GET"]}}],"collection":[{"href":"https:\/\/herbalaproach.com\/cs\/wp-json\/wp\/v2\/product"}],"about":[{"href":"https:\/\/herbalaproach.com\/cs\/wp-json\/wp\/v2\/types\/product"}],"replies":[{"embeddable":true,"href":"https:\/\/herbalaproach.com\/cs\/wp-json\/wp\/v2\/comments?post=1380"}],"wp:featuredmedia":[{"embeddable":true,"href":"https:\/\/herbalaproach.com\/cs\/wp-json\/wp\/v2\/media\/1381"}],"wp:attachment":[{"href":"https:\/\/herbalaproach.com\/cs\/wp-json\/wp\/v2\/media?parent=1380"}],"wp:term":[{"taxonomy":"product_brand","embeddable":true,"href":"https:\/\/herbalaproach.com\/cs\/wp-json\/wp\/v2\/product_brand?post=1380"},{"taxonomy":"product_cat","embeddable":true,"href":"https:\/\/herbalaproach.com\/cs\/wp-json\/wp\/v2\/product_cat?post=1380"},{"taxonomy":"product_tag","embeddable":true,"href":"https:\/\/herbalaproach.com\/cs\/wp-json\/wp\/v2\/product_tag?post=1380"}],"curies":[{"name":"wp","href":"https:\/\/api.w.org\/{rel}","templated":true}]}}