{"id":1238,"date":"2024-10-24T22:58:21","date_gmt":"2024-10-24T21:58:21","guid":{"rendered":"https:\/\/herbalaproach.com\/?post_type=product&#038;p=1238"},"modified":"2026-04-04T23:20:23","modified_gmt":"2026-04-04T21:20:23","slug":"albino-pilze","status":"publish","type":"product","link":"https:\/\/herbalaproach.com\/es\/product\/albino-pilze\/","title":{"rendered":"Setas albinas"},"content":{"rendered":"<p><b><strong>Setas albinas Treasure Coast Magic Mushrooms <\/strong><\/b>alias \"ATC\" (<b><strong><a href=\"https:\/\/herbalaproach.com\/es\/\">Psilocybe Cubensis<\/a>Albino de la Costa del Tesoro<\/strong><\/b>), es una variedad de P. Cubensis que debe su nombre a su lugar de origen, la Costa del Tesoro de Florida. Esta seta m\u00e1gica se encontr\u00f3 en esti\u00e9rcol de vaca y caballo en la costa sur del Golfo de Florida (Treasure Coast). Desde su descubrimiento, las setas Treasure Coast se han hecho un nombre entre psiconautas y mic\u00f3logos. <b><strong>Nombres<\/strong><\/b> hecho. Las setas albinas de la Costa del Tesoro <b><strong>tienden a tener a\u00fan m\u00e1s potencia en sus tapas esmeriladas<\/strong><\/b>.<\/p>\n<h2>C\u00f3mo utilizar las setas albinas<\/h2>\n<ul>\n<li><b><strong>Cruda:<\/strong><\/b> C\u00f3melas crudas de la bolsa, masticando bien para extraer la mayor cantidad posible de psilocibina. As\u00ed se obtienen todos los sabores asociados a las setas. Las dosis m\u00e1s altas pueden provocar algunas n\u00e1useas.<\/li>\n<li><b><strong>Prepara un t\u00e9:<\/strong><\/b> A\u00f1ada la dosis deseada a 1-1,5 tazas de agua y hi\u00e9rvala durante 10 minutos. Si lo desea, puede a\u00f1adir otras hierbas deliciosas para dar m\u00e1s sabor a la infusi\u00f3n, por ejemplo, a\u00f1adiendo las setas a una mezcla de t\u00e9 chai. El efecto es m\u00e1s r\u00e1pido que cuando se comen las setas crudas y hay informes de menos n\u00e1useas.<\/li>\n<li><b><strong>Lemon tek:<\/strong><\/b> Triturar la dosis deseada hasta convertirla en polvo y colocarla en una taza o cuenco peque\u00f1o. A\u00f1adir el zumo de 1-2 limones hasta que las setas queden cubiertas de zumo de lim\u00f3n. Dejar reposar durante 15-20 minutos. Consumir por completo. Funciona m\u00e1s r\u00e1pido, m\u00e1s fuerte y, seg\u00fan se dice, con muchas menos n\u00e1useas.<\/li>\n<li><b><strong>Con comida:<\/strong><\/b> Pizza, PB &amp; J, patatas fritas o en un batido: \u00a1las posibilidades son infinitas! Coge unas setas deshidratadas y c\u00f3metelas con tu aperitivo favorito.<\/li>\n<\/ul>\n<h2>Dosificaci\u00f3n<\/h2>\n<ul>\n<li><b><strong>0-0.25g:<\/strong><\/b> Una microdosis; efectos psicod\u00e9licos muy sutiles. Sin impresiones visuales, sin cambios visibles, sin p\u00e9rdida de control. Experimenta una mejora del estado de \u00e1nimo, una reducci\u00f3n de la ansiedad, una mejora de la agudeza mental y una mejora de los niveles de energ\u00eda.<\/li>\n<\/ul>\n<p><b><strong>Macrodosis -<\/strong><\/b><\/p>\n<ul>\n<li><b><strong>0.25-0.5g:<\/strong><\/b> Un aumento; efectos psicod\u00e9licos m\u00e1s pronunciados; posiblemente alteraci\u00f3n de la coordinaci\u00f3n y el control motor, alteraci\u00f3n de la visi\u00f3n y el estado de \u00e1nimo, aumento de la energ\u00eda, risitas, pensamientos perspicaces, ideas y reconocimiento de patrones.<\/li>\n<\/ul>\n<p><b><strong>Dosis de luz -<\/strong><\/b><\/p>\n<ul>\n<li><b><strong>0,5-1g:<\/strong><\/b> Una experiencia psicoactiva; pronunciada y evidente <a href=\"https:\/\/www.youtube.com\/watch?v=0A2IbYUxwmA\" target=\"_blank\" rel=\"noopener\">psicod\u00e9lico<\/a> Efectos: puede provocar alteraciones en la visi\u00f3n, las emociones y el estado de \u00e1nimo, un cambio significativo en el control motor, alteraciones de la coordinaci\u00f3n, habilidades musicales sobrehumanas, humor absurdo y un deseo de ser art\u00edstico.<\/li>\n<\/ul>\n<p><b><strong>Dosis habitual -<\/strong><\/b><\/p>\n<ul>\n<li><b><strong>1-2g:<\/strong><\/b> Est\u00e1s listo para abrirte a una experiencia psicod\u00e9lica. Pero... Quieres tener cuidado. Beginner's Paradise podr\u00eda ser el lugar para ti. Espera un subid\u00f3n f\u00edsico, conversaciones profundas, risas y buenas vibraciones. Aseg\u00farate de estar en el entorno adecuado y con la gente adecuada, y tendr\u00e1s una introducci\u00f3n amistosa a los psicod\u00e9licos.<\/li>\n<\/ul>\n<p><b><strong>Dosis fuerte -<\/strong><\/b><\/p>\n<ul>\n<li><b><strong>2.5-5g:<\/strong><\/b> Ya est\u00e1 aqu\u00ed. El cl\u00e1sico viaje psicod\u00e9lico del que siempre has o\u00eddo hablar. A veces se siente como un torbellino. Otras veces te sientes mucho m\u00e1s en control durante tu viaje. Durante un viaje psicod\u00e9lico sentir\u00e1s, pensar\u00e1s y percibir\u00e1s cosas nuevas. Sean cuales sean las percepciones que hayas obtenido en tu viaje con setas de psilocibina, tenlas presentes y ll\u00e9valas contigo.<\/li>\n<\/ul>\n<p><b><strong>Dosis heroica:<\/strong><\/b><\/p>\n<ul>\n<li><b><strong>5g+:<\/strong><\/b> Algunas personas tienen experiencia en el m\u00e1gico mundo de los psicod\u00e9licos. Han alcanzado un nivel en el que est\u00e1n familiarizados con el viaje cl\u00e1sico. Puede que quieran experimentar con una dosis m\u00e1s alta. Hay historias de la muerte del ego, conectando con el universo y experimentando un subid\u00f3n muy intenso. Hagas lo que hagas, no utilices una dosis alta para evadirte. \u00dasala como un complemento a tu vida. Habla con psiconautas experimentados y aseg\u00farate de estar en un buen estado mental cuando decidas volar con las estrellas.<\/li>\n<\/ul>\n<p><b><strong>Nota: La dosis y el efecto var\u00edan de una persona a otra.<\/strong><\/b> <b><strong>Si nunca ha consumido setas, lo mejor es empezar con la dosis m\u00e1s peque\u00f1a posible para conseguir el efecto deseado e ir aumentando poco a poco a partir de ah\u00ed.<\/strong><\/b><\/p>","protected":false},"excerpt":{"rendered":"<p>Resistencia - Media<\/p>","protected":false},"featured_media":1239,"comment_status":"open","ping_status":"closed","template":"","meta":{"ocean_post_layout":"","ocean_both_sidebars_style":"","ocean_both_sidebars_content_width":0,"ocean_both_sidebars_sidebars_width":0,"ocean_sidebar":"0","ocean_second_sidebar":"0","ocean_disable_margins":"enable","ocean_add_body_class":"","ocean_shortcode_before_top_bar":"","ocean_shortcode_after_top_bar":"","ocean_shortcode_before_header":"","ocean_shortcode_after_header":"","ocean_has_shortcode":"","ocean_shortcode_after_title":"","ocean_shortcode_before_footer_widgets":"","ocean_shortcode_after_footer_widgets":"","ocean_shortcode_before_footer_bottom":"","ocean_shortcode_after_footer_bottom":"","ocean_display_top_bar":"default","ocean_display_header":"default","ocean_header_style":"","ocean_center_header_left_menu":"0","ocean_custom_header_template":"0","ocean_custom_logo":0,"ocean_custom_retina_logo":0,"ocean_custom_logo_max_width":0,"ocean_custom_logo_tablet_max_width":0,"ocean_custom_logo_mobile_max_width":0,"ocean_custom_logo_max_height":0,"ocean_custom_logo_tablet_max_height":0,"ocean_custom_logo_mobile_max_height":0,"ocean_header_custom_menu":"0","ocean_menu_typo_font_family":"0","ocean_menu_typo_font_subset":"","ocean_menu_typo_font_size":0,"ocean_menu_typo_font_size_tablet":0,"ocean_menu_typo_font_size_mobile":0,"ocean_menu_typo_font_size_unit":"px","ocean_menu_typo_font_weight":"","ocean_menu_typo_font_weight_tablet":"","ocean_menu_typo_font_weight_mobile":"","ocean_menu_typo_transform":"","ocean_menu_typo_transform_tablet":"","ocean_menu_typo_transform_mobile":"","ocean_menu_typo_line_height":0,"ocean_menu_typo_line_height_tablet":0,"ocean_menu_typo_line_height_mobile":0,"ocean_menu_typo_line_height_unit":"","ocean_menu_typo_spacing":0,"ocean_menu_typo_spacing_tablet":0,"ocean_menu_typo_spacing_mobile":0,"ocean_menu_typo_spacing_unit":"","ocean_menu_link_color":"","ocean_menu_link_color_hover":"","ocean_menu_link_color_active":"","ocean_menu_link_background":"","ocean_menu_link_hover_background":"","ocean_menu_link_active_background":"","ocean_menu_social_links_bg":"","ocean_menu_social_hover_links_bg":"","ocean_menu_social_links_color":"","ocean_menu_social_hover_links_color":"","ocean_disable_title":"default","ocean_disable_heading":"default","ocean_post_title":"","ocean_post_subheading":"","ocean_post_title_style":"","ocean_post_title_background_color":"","ocean_post_title_background":0,"ocean_post_title_bg_image_position":"","ocean_post_title_bg_image_attachment":"","ocean_post_title_bg_image_repeat":"","ocean_post_title_bg_image_size":"","ocean_post_title_height":0,"ocean_post_title_bg_overlay":0.5,"ocean_post_title_bg_overlay_color":"","ocean_disable_breadcrumbs":"default","ocean_breadcrumbs_color":"","ocean_breadcrumbs_separator_color":"","ocean_breadcrumbs_links_color":"","ocean_breadcrumbs_links_hover_color":"","ocean_display_footer_widgets":"default","ocean_display_footer_bottom":"default","ocean_custom_footer_template":"0"},"product_brand":[],"product_cat":[54],"product_tag":[67],"class_list":{"0":"post-1238","1":"product","2":"type-product","3":"status-publish","4":"has-post-thumbnail","6":"product_cat-magische-pilze","7":"product_tag-albino-pilze","9":"entry","10":"has-media","12":"first","13":"instock","14":"sale","15":"shipping-taxable","16":"purchasable","17":"product-type-variable","18":"has-product-nav","19":"col","20":"span_1_of_3","21":"owp-content-center","22":"owp-thumbs-layout-horizontal","23":"owp-btn-normal","24":"owp-tabs-layout-horizontal","25":"has-no-thumbnails"},"_links":{"self":[{"href":"https:\/\/herbalaproach.com\/es\/wp-json\/wp\/v2\/product\/1238","targetHints":{"allow":["GET"]}}],"collection":[{"href":"https:\/\/herbalaproach.com\/es\/wp-json\/wp\/v2\/product"}],"about":[{"href":"https:\/\/herbalaproach.com\/es\/wp-json\/wp\/v2\/types\/product"}],"replies":[{"embeddable":true,"href":"https:\/\/herbalaproach.com\/es\/wp-json\/wp\/v2\/comments?post=1238"}],"wp:featuredmedia":[{"embeddable":true,"href":"https:\/\/herbalaproach.com\/es\/wp-json\/wp\/v2\/media\/1239"}],"wp:attachment":[{"href":"https:\/\/herbalaproach.com\/es\/wp-json\/wp\/v2\/media?parent=1238"}],"wp:term":[{"taxonomy":"product_brand","embeddable":true,"href":"https:\/\/herbalaproach.com\/es\/wp-json\/wp\/v2\/product_brand?post=1238"},{"taxonomy":"product_cat","embeddable":true,"href":"https:\/\/herbalaproach.com\/es\/wp-json\/wp\/v2\/product_cat?post=1238"},{"taxonomy":"product_tag","embeddable":true,"href":"https:\/\/herbalaproach.com\/es\/wp-json\/wp\/v2\/product_tag?post=1238"}],"curies":[{"name":"wp","href":"https:\/\/api.w.org\/{rel}","templated":true}]}}