{"id":1247,"date":"2024-10-25T12:22:34","date_gmt":"2024-10-25T11:22:34","guid":{"rendered":"https:\/\/herbalaproach.com\/?post_type=product&#038;p=1247"},"modified":"2024-10-25T12:24:52","modified_gmt":"2024-10-25T11:24:52","slug":"slimming-gummies","status":"publish","type":"product","link":"https:\/\/herbalaproach.com\/es\/product\/slimming-gummies\/","title":{"rendered":"gominolas adelgazantes - Gominolas de ar\u00e1ndano con THC"},"content":{"rendered":"<p>Gominolas adelgazantes Cada paquete contiene ingredientes de alta calidad, de origen \u00e9tico, vegano y org\u00e1nico. Nuestros productos probados en laboratorio proporcionan un m\u00e9todo de administraci\u00f3n consistente para tomar <a href=\"https:\/\/herbalaproach.com\/es\/\">Cannabis<\/a>. Ahora rel\u00e1jese, levante los pies y disfrute de lo que le ofrece la Madre Naturaleza.<\/p>\n<h2>Detalles de la producci\u00f3n<\/h2>\n<p>Tama\u00f1o de la porci\u00f3n: 1 gominola<\/p>\n<p>Raciones por envase: 4<\/p>\n<p>Cantidad de THC por porci\u00f3n: 250 mg de THC<\/p>\n<p>Sabor: Ar\u00e1ndano<\/p>\n<h2>C\u00f3mo utilizarlo<\/h2>\n<p>En caso de que quieras cambiar de marcha, estas gomas son realmente resistentes.<\/p>\n<p>Empieza con 125mg de THC (media gominola). Nuestras gominolas de THC son productos (realmente) fuertes. Recomendamos empezar poco a poco. En algunos casos, los efectos tardan hasta 2 horas en aparecer, as\u00ed que conf\u00eda en el proceso.<\/p>\n<p>Las dosis m\u00e1s bajas ayudan a minimizar la ansiedad y <a href=\"https:\/\/www.youtube.com\/watch?v=fQZwVNbP0ME\" target=\"_blank\" rel=\"noopener\">Depresi\u00f3n<\/a> mejorar el apetito y activar los receptores de dopamina. Las dosis m\u00e1s altas ayudan a tratar el dolor y la inflamaci\u00f3n, mejoran el sue\u00f1o y reducen el insomnio. Aunque se ha estudiado que dosis bajas de THC alivian la ansiedad, las dosis m\u00e1s altas pueden imitar efectos (taquicardia, sequedad de boca, intoxicaci\u00f3n) que pueden experimentarse como ansiedad.<\/p>\n<h2>Ingrediente<\/h2>\n<p>Extracto de c\u00farcuma, extracto de jengibre, vinagre de sidra de manzana, zumo de frutas, pectina, \u00e1cido c\u00edtrico, goma guar, extracto de cannabis THC,<\/p>","protected":false},"excerpt":{"rendered":"<div class=\"woocommerce-product-details__short-description\">\n<p>1000mg de THC<\/p>\n<\/div>","protected":false},"featured_media":1248,"comment_status":"open","ping_status":"closed","template":"","meta":{"ocean_post_layout":"","ocean_both_sidebars_style":"","ocean_both_sidebars_content_width":0,"ocean_both_sidebars_sidebars_width":0,"ocean_sidebar":"0","ocean_second_sidebar":"0","ocean_disable_margins":"enable","ocean_add_body_class":"","ocean_shortcode_before_top_bar":"","ocean_shortcode_after_top_bar":"","ocean_shortcode_before_header":"","ocean_shortcode_after_header":"","ocean_has_shortcode":"","ocean_shortcode_after_title":"","ocean_shortcode_before_footer_widgets":"","ocean_shortcode_after_footer_widgets":"","ocean_shortcode_before_footer_bottom":"","ocean_shortcode_after_footer_bottom":"","ocean_display_top_bar":"default","ocean_display_header":"default","ocean_header_style":"","ocean_center_header_left_menu":"0","ocean_custom_header_template":"0","ocean_custom_logo":0,"ocean_custom_retina_logo":0,"ocean_custom_logo_max_width":0,"ocean_custom_logo_tablet_max_width":0,"ocean_custom_logo_mobile_max_width":0,"ocean_custom_logo_max_height":0,"ocean_custom_logo_tablet_max_height":0,"ocean_custom_logo_mobile_max_height":0,"ocean_header_custom_menu":"0","ocean_menu_typo_font_family":"0","ocean_menu_typo_font_subset":"","ocean_menu_typo_font_size":0,"ocean_menu_typo_font_size_tablet":0,"ocean_menu_typo_font_size_mobile":0,"ocean_menu_typo_font_size_unit":"px","ocean_menu_typo_font_weight":"","ocean_menu_typo_font_weight_tablet":"","ocean_menu_typo_font_weight_mobile":"","ocean_menu_typo_transform":"","ocean_menu_typo_transform_tablet":"","ocean_menu_typo_transform_mobile":"","ocean_menu_typo_line_height":0,"ocean_menu_typo_line_height_tablet":0,"ocean_menu_typo_line_height_mobile":0,"ocean_menu_typo_line_height_unit":"","ocean_menu_typo_spacing":0,"ocean_menu_typo_spacing_tablet":0,"ocean_menu_typo_spacing_mobile":0,"ocean_menu_typo_spacing_unit":"","ocean_menu_link_color":"","ocean_menu_link_color_hover":"","ocean_menu_link_color_active":"","ocean_menu_link_background":"","ocean_menu_link_hover_background":"","ocean_menu_link_active_background":"","ocean_menu_social_links_bg":"","ocean_menu_social_hover_links_bg":"","ocean_menu_social_links_color":"","ocean_menu_social_hover_links_color":"","ocean_disable_title":"default","ocean_disable_heading":"default","ocean_post_title":"","ocean_post_subheading":"","ocean_post_title_style":"","ocean_post_title_background_color":"","ocean_post_title_background":0,"ocean_post_title_bg_image_position":"","ocean_post_title_bg_image_attachment":"","ocean_post_title_bg_image_repeat":"","ocean_post_title_bg_image_size":"","ocean_post_title_height":0,"ocean_post_title_bg_overlay":0.5,"ocean_post_title_bg_overlay_color":"","ocean_disable_breadcrumbs":"default","ocean_breadcrumbs_color":"","ocean_breadcrumbs_separator_color":"","ocean_breadcrumbs_links_color":"","ocean_breadcrumbs_links_hover_color":"","ocean_display_footer_widgets":"default","ocean_display_footer_bottom":"default","ocean_custom_footer_template":"0"},"product_brand":[],"product_cat":[61],"product_tag":[68],"class_list":{"0":"post-1247","1":"product","2":"type-product","3":"status-publish","4":"has-post-thumbnail","6":"product_cat-essbar","7":"product_tag-slimming-gummies","9":"entry","10":"has-media","12":"first","13":"instock","14":"sale","15":"shipping-taxable","16":"purchasable","17":"product-type-simple","18":"has-product-nav","19":"col","20":"span_1_of_3","21":"owp-content-center","22":"owp-thumbs-layout-horizontal","23":"owp-btn-normal","24":"owp-tabs-layout-horizontal","25":"has-no-thumbnails"},"_links":{"self":[{"href":"https:\/\/herbalaproach.com\/es\/wp-json\/wp\/v2\/product\/1247","targetHints":{"allow":["GET"]}}],"collection":[{"href":"https:\/\/herbalaproach.com\/es\/wp-json\/wp\/v2\/product"}],"about":[{"href":"https:\/\/herbalaproach.com\/es\/wp-json\/wp\/v2\/types\/product"}],"replies":[{"embeddable":true,"href":"https:\/\/herbalaproach.com\/es\/wp-json\/wp\/v2\/comments?post=1247"}],"wp:featuredmedia":[{"embeddable":true,"href":"https:\/\/herbalaproach.com\/es\/wp-json\/wp\/v2\/media\/1248"}],"wp:attachment":[{"href":"https:\/\/herbalaproach.com\/es\/wp-json\/wp\/v2\/media?parent=1247"}],"wp:term":[{"taxonomy":"product_brand","embeddable":true,"href":"https:\/\/herbalaproach.com\/es\/wp-json\/wp\/v2\/product_brand?post=1247"},{"taxonomy":"product_cat","embeddable":true,"href":"https:\/\/herbalaproach.com\/es\/wp-json\/wp\/v2\/product_cat?post=1247"},{"taxonomy":"product_tag","embeddable":true,"href":"https:\/\/herbalaproach.com\/es\/wp-json\/wp\/v2\/product_tag?post=1247"}],"curies":[{"name":"wp","href":"https:\/\/api.w.org\/{rel}","templated":true}]}}