{"id":3,"date":"2024-10-22T22:45:31","date_gmt":"2024-10-22T21:45:31","guid":{"rendered":"https:\/\/herbalaproach.com\/?page_id=3"},"modified":"2024-10-26T00:53:44","modified_gmt":"2024-10-25T23:53:44","slug":"gummies","status":"publish","type":"page","link":"https:\/\/herbalaproach.com\/fi\/gummies\/","title":{"rendered":"Tietosuojas\u00e4\u00e4nn\u00f6kset"},"content":{"rendered":"<p><strong>Tervetuloa HerbalAproach.com-sivustolle.<\/strong> Osoitteessa <a href=\"https:\/\/herbalaproach.com\/fi\/\">HerbalAproach<\/a> kunnioitamme yksityisyytt\u00e4si ja olemme sitoutuneet suojelemaan henkil\u00f6tietojasi. T\u00e4ss\u00e4 tietosuojak\u00e4yt\u00e4nn\u00f6ss\u00e4 selitet\u00e4\u00e4n, mit\u00e4 tietoja ker\u00e4\u00e4mme, miten k\u00e4yt\u00e4mme niit\u00e4 ja mit\u00e4 valintoja sinulla on tietojesi suhteen. Ole hyv\u00e4 ja lue t\u00e4m\u00e4 k\u00e4yt\u00e4nt\u00f6 huolellisesti, sill\u00e4 verkkosivustomme k\u00e4ytt\u00f6 merkitsee suostumustasi n\u00e4ihin k\u00e4yt\u00e4nt\u00f6ihin.<\/p>\n\n\n\n<div id=\"ez-toc-container\" class=\"ez-toc-v2_0_82_2 counter-hierarchy ez-toc-counter ez-toc-grey ez-toc-container-direction\">\n<div class=\"ez-toc-title-container\">\n<p class=\"ez-toc-title\" style=\"cursor:inherit\">Sis\u00e4llysluettelo<\/p>\n<span class=\"ez-toc-title-toggle\"><a href=\"#\" class=\"ez-toc-pull-right ez-toc-btn ez-toc-btn-xs ez-toc-btn-default ez-toc-toggle\" aria-label=\"Toggle Table of Content\"><span class=\"ez-toc-js-icon-con\"><span class=\"\"><span class=\"eztoc-hide\" style=\"display:none;\">Toggle<\/span><span class=\"ez-toc-icon-toggle-span\"><svg style=\"fill: #999;color:#999\" xmlns=\"http:\/\/www.w3.org\/2000\/svg\" class=\"list-377408\" width=\"20px\" height=\"20px\" viewbox=\"0 0 24 24\" fill=\"none\"><path d=\"M6 6H4v2h2V6zm14 0H8v2h12V6zM4 11h2v2H4v-2zm16 0H8v2h12v-2zM4 16h2v2H4v-2zm16 0H8v2h12v-2z\" fill=\"currentColor\"><\/path><\/svg><svg style=\"fill: #999;color:#999\" class=\"arrow-unsorted-368013\" xmlns=\"http:\/\/www.w3.org\/2000\/svg\" width=\"10px\" height=\"10px\" viewbox=\"0 0 24 24\" version=\"1.2\" baseprofile=\"tiny\"><path d=\"M18.2 9.3l-6.2-6.3-6.2 6.3c-.2.2-.3.4-.3.7s.1.5.3.7c.2.2.4.3.7.3h11c.3 0 .5-.1.7-.3.2-.2.3-.5.3-.7s-.1-.5-.3-.7zM5.8 14.7l6.2 6.3 6.2-6.3c.2-.2.3-.5.3-.7s-.1-.5-.3-.7c-.2-.2-.4-.3-.7-.3h-11c-.3 0-.5.1-.7.3-.2.2-.3.5-.3.7s.1.5.3.7z\"\/><\/svg><\/span><\/span><\/span><\/a><\/span><\/div>\n<nav><ul class='ez-toc-list ez-toc-list-level-1' ><li class='ez-toc-page-1 ez-toc-heading-level-3'><a class=\"ez-toc-link ez-toc-heading-1\" href=\"https:\/\/herbalaproach.com\/fi\/gummies\/#1_Informationen_die_wir_sammeln\" >1. ker\u00e4\u00e4m\u00e4mme tiedot<\/a><ul class='ez-toc-list-level-4' ><li class='ez-toc-heading-level-4'><a class=\"ez-toc-link ez-toc-heading-2\" href=\"https:\/\/herbalaproach.com\/fi\/gummies\/#a_Personliche_Informationen\" >a. Henkil\u00f6kohtaiset tiedot:<\/a><\/li><li class='ez-toc-page-1 ez-toc-heading-level-4'><a class=\"ez-toc-link ez-toc-heading-3\" href=\"https:\/\/herbalaproach.com\/fi\/gummies\/#b_Nutzungsdaten\" >b. K\u00e4ytt\u00f6tiedot:<\/a><\/li><li class='ez-toc-page-1 ez-toc-heading-level-4'><a class=\"ez-toc-link ez-toc-heading-4\" href=\"https:\/\/herbalaproach.com\/fi\/gummies\/#c_Cookies_und_Tracking-Technologien\" >c. Ev\u00e4steet ja seurantatekniikat:<\/a><\/li><\/ul><\/li><li class='ez-toc-page-1 ez-toc-heading-level-3'><a class=\"ez-toc-link ez-toc-heading-5\" href=\"https:\/\/herbalaproach.com\/fi\/gummies\/#2_Wie_wir_Ihre_Informationen_verwenden\" >2. miten k\u00e4yt\u00e4mme tietojasi<\/a><\/li><li class='ez-toc-page-1 ez-toc-heading-level-3'><a class=\"ez-toc-link ez-toc-heading-6\" href=\"https:\/\/herbalaproach.com\/fi\/gummies\/#3_Weitergabe_und_Offenlegung_Ihrer_Informationen\" >3. tietojesi jakaminen ja luovuttaminen<\/a><\/li><li class='ez-toc-page-1 ez-toc-heading-level-3'><a class=\"ez-toc-link ez-toc-heading-7\" href=\"https:\/\/herbalaproach.com\/fi\/gummies\/#4_Ihre_Rechte_und_Wahlmoglichkeiten\" >4. oikeutesi ja valintasi<\/a><\/li><li class='ez-toc-page-1 ez-toc-heading-level-3'><a class=\"ez-toc-link ez-toc-heading-8\" href=\"https:\/\/herbalaproach.com\/fi\/gummies\/#5_Sicherheit_Ihrer_Informationen\" >5. tietojesi turvallisuus<\/a><\/li><li class='ez-toc-page-1 ez-toc-heading-level-3'><a class=\"ez-toc-link ez-toc-heading-9\" href=\"https:\/\/herbalaproach.com\/fi\/gummies\/#6_Cookies_und_Tracking-Technologien\" >6. ev\u00e4steet ja seurantateknologiat<\/a><\/li><li class='ez-toc-page-1 ez-toc-heading-level-3'><a class=\"ez-toc-link ez-toc-heading-10\" href=\"https:\/\/herbalaproach.com\/fi\/gummies\/#7_Links_zu_Drittanbietern\" >7. linkit kolmansien osapuolten palveluntarjoajiin<\/a><\/li><li class='ez-toc-page-1 ez-toc-heading-level-3'><a class=\"ez-toc-link ez-toc-heading-11\" href=\"https:\/\/herbalaproach.com\/fi\/gummies\/#8_Internationale_Datenubertragungen\" >8. kansainv\u00e4liset tiedonsiirrot<\/a><\/li><li class='ez-toc-page-1 ez-toc-heading-level-3'><a class=\"ez-toc-link ez-toc-heading-12\" href=\"https:\/\/herbalaproach.com\/fi\/gummies\/#9_Datenschutz_fur_Kinder\" >9. lasten tietosuoja<\/a><\/li><li class='ez-toc-page-1 ez-toc-heading-level-3'><a class=\"ez-toc-link ez-toc-heading-13\" href=\"https:\/\/herbalaproach.com\/fi\/gummies\/#10_Aktualisierungen_dieser_Datenschutzrichtlinie\" >10. t\u00e4m\u00e4n tietosuojak\u00e4yt\u00e4nn\u00f6n p\u00e4ivitykset<\/a><\/li><li class='ez-toc-page-1 ez-toc-heading-level-3'><a class=\"ez-toc-link ez-toc-heading-14\" href=\"https:\/\/herbalaproach.com\/fi\/gummies\/#11_Kontaktieren_Sie_uns\" >11. Ota yhteytt\u00e4<\/a><\/li><\/ul><\/nav><\/div>\n<h3 class=\"wp-block-heading\"><span class=\"ez-toc-section\" id=\"1_Informationen_die_wir_sammeln\"><\/span>1. ker\u00e4\u00e4m\u00e4mme tiedot<span class=\"ez-toc-section-end\"><\/span><\/h3>\n\n\n\n<p>Voimme ker\u00e4t\u00e4 ja k\u00e4sitell\u00e4 erityyppisi\u00e4 tietoja tarjotaksemme palveluitamme, mukaan lukien, mutta ei rajoittuen, seuraaviin<\/p>\n\n\n\n<h4 class=\"wp-block-heading\"><span class=\"ez-toc-section\" id=\"a_Personliche_Informationen\"><\/span>a. Henkil\u00f6kohtaiset tiedot:<span class=\"ez-toc-section-end\"><\/span><\/h4>\n\n\n\n<ul class=\"wp-block-list\">\n<li><strong>Tilin luominen<\/strong>Kun luot tilin, ker\u00e4\u00e4mme nimesi, s\u00e4hk\u00f6postiosoitteesi, postiosoitteesi, puhelinnumerosi ja salasanasi.<\/li>\n\n\n\n<li><strong>Tilauksen tiedot<\/strong>Kun teet ostoksen, ker\u00e4\u00e4mme tietoja ostotapahtumasta, kuten laskutus- ja toimitusosoitteet sek\u00e4 maksutiedot.<\/li>\n\n\n\n<li><strong>I\u00e4n todentaminen<\/strong>Koska tuotteemme on tarkoitettu vain aikuisille, saatamme ker\u00e4t\u00e4 syntym\u00e4tietoja kelpoisuutesi tarkistamiseksi.<\/li>\n<\/ul>\n\n\n\n<h4 class=\"wp-block-heading\"><span class=\"ez-toc-section\" id=\"b_Nutzungsdaten\"><\/span>b. K\u00e4ytt\u00f6tiedot:<span class=\"ez-toc-section-end\"><\/span><\/h4>\n\n\n\n<ul class=\"wp-block-list\">\n<li><strong>Verkkosivuston k\u00e4ytt\u00f6<\/strong>Tiedot siit\u00e4, miten k\u00e4yt\u00e4t sivustoamme, mukaan lukien katsellut sivut, napsautetut artikkelit, hakuhistoria ja vierailun pituus.<\/li>\n\n\n\n<li><strong>Laitteen tiedot<\/strong>Tiedot k\u00e4ytt\u00e4m\u00e4st\u00e4si laitteesta ja selaimesta, mukaan lukien IP-osoite, selaimen tyyppi ja k\u00e4ytt\u00f6j\u00e4rjestelm\u00e4.<\/li>\n<\/ul>\n\n\n\n<h4 class=\"wp-block-heading\"><span class=\"ez-toc-section\" id=\"c_Cookies_und_Tracking-Technologien\"><\/span>c. Ev\u00e4steet ja seurantatekniikat:<span class=\"ez-toc-section-end\"><\/span><\/h4>\n\n\n\n<ul class=\"wp-block-list\">\n<li>K\u00e4yt\u00e4mme ev\u00e4steit\u00e4, verkkomajakoita ja muita vastaavia tekniikoita parantaaksemme verkkosivuston toimivuutta ja ker\u00e4t\u00e4ksemme tietoa siit\u00e4, miten k\u00e4vij\u00e4mme ovat vuorovaikutuksessa verkkosivustomme kanssa.<\/li>\n<\/ul>\n\n\n\n<h3 class=\"wp-block-heading\"><span class=\"ez-toc-section\" id=\"2_Wie_wir_Ihre_Informationen_verwenden\"><\/span>2. miten k\u00e4yt\u00e4mme tietojasi<span class=\"ez-toc-section-end\"><\/span><\/h3>\n\n\n\n<p>HerbalAproach k\u00e4ytt\u00e4\u00e4 tietojasi tarjotakseen, parantaakseen ja personoidakseen kokemuksesi, mukaan lukien:<\/p>\n\n\n\n<ul class=\"wp-block-list\">\n<li><strong>Tilausten k\u00e4sittely<\/strong>Ostosten k\u00e4sittely, maksujen suorittaminen ja tuotteiden toimittaminen.<\/li>\n\n\n\n<li><strong>Asiakastuki<\/strong>Vastataksemme kyselyihisi, antaaksemme teknist\u00e4 tukea ja parantaaksemme asiakaspalvelua.<\/li>\n\n\n\n<li><strong>Markkinointiviestint\u00e4<\/strong>l\u00e4hett\u00e4\u00e4 sinulle tarjouksia, uutiskirjeit\u00e4 ja p\u00e4ivityksi\u00e4, jos olet valinnut niiden vastaanottamisen. Voit peruuttaa n\u00e4iden viestien tilauksen milloin tahansa.<\/li>\n\n\n\n<li><strong>Verkkosivuston optimointi<\/strong>Suuntausten analysoimiseksi, verkkosivuston hallinnoimiseksi, k\u00e4ytt\u00e4jien liikkeiden seuraamiseksi ja verkkosivustomme suorituskyvyn parantamiseksi.<\/li>\n\n\n\n<li><strong>Lains\u00e4\u00e4d\u00e4nn\u00f6n noudattaminen<\/strong>Sovellettavien lakien, asetusten ja lainvalvontaviranomaisten pyynt\u00f6jen noudattaminen.<\/li>\n<\/ul>\n\n\n\n<h3 class=\"wp-block-heading\"><span class=\"ez-toc-section\" id=\"3_Weitergabe_und_Offenlegung_Ihrer_Informationen\"><\/span>3. tietojesi jakaminen ja luovuttaminen<span class=\"ez-toc-section-end\"><\/span><\/h3>\n\n\n\n<p>Voimme luovuttaa henkil\u00f6tietojasi kolmansille osapuolille seuraavissa tapauksissa:<\/p>\n\n\n\n<ul class=\"wp-block-list\">\n<li><strong>Palveluntarjoaja<\/strong>Kolmannen osapuolen palveluntarjoajien kanssa, jotka auttavat meit\u00e4 tarjoamaan palveluitamme, kuten maksujen k\u00e4sittely\u00e4, toimitusta, analytiikkaa ja markkinointia.<\/li>\n\n\n\n<li><strong>Lakis\u00e4\u00e4teiset velvoitteet<\/strong>jos laki sit\u00e4 vaatii, esimerkiksi vastauksena haasteeseen, tuomioistuimen m\u00e4\u00e4r\u00e4ykseen tai muuhun oikeudelliseen menettelyyn.<\/li>\n\n\n\n<li><strong>Yrityksen siirrot<\/strong>Jos kyseess\u00e4 on sulautuminen, yrityskauppa tai omaisuuden myynti, tietosi voidaan siirt\u00e4\u00e4 uudelle yritykselle.<\/li>\n<\/ul>\n\n\n\n<p>Emme myy tai vuokraa henkil\u00f6tietojasi kolmansille osapuolille.<\/p>\n\n\n\n<h3 class=\"wp-block-heading\"><span class=\"ez-toc-section\" id=\"4_Ihre_Rechte_und_Wahlmoglichkeiten\"><\/span>4. oikeutesi ja valintasi<span class=\"ez-toc-section-end\"><\/span><\/h3>\n\n\n\n<p>Sijainnistasi riippuen sinulla voi olla seuraavat henkil\u00f6tietoihisi liittyv\u00e4t oikeudet:<\/p>\n\n\n\n<ul class=\"wp-block-list\">\n<li><strong>P\u00e4\u00e4sy<\/strong>Voit pyyt\u00e4\u00e4 kopion sinusta hallussamme olevista henkil\u00f6tiedoista.<\/li>\n\n\n\n<li><strong>Korjaus<\/strong>Voit p\u00e4ivitt\u00e4\u00e4 tai korjata henkil\u00f6tietojesi ep\u00e4tarkkuudet.<\/li>\n\n\n\n<li><strong>Peruutus<\/strong>Voit pyyt\u00e4\u00e4 henkil\u00f6tietojesi poistamista tietyin oikeudellisin rajoituksin.<\/li>\n\n\n\n<li><strong>Poistu markkinoinnin tilauksesta<\/strong>Voit kielt\u00e4yty\u00e4 markkinointiviestinn\u00e4n vastaanottamisesta noudattamalla markkinointis\u00e4hk\u00f6posteissamme olevia tilauksen peruutusohjeita.<\/li>\n<\/ul>\n\n\n\n<p>Jos haluat k\u00e4ytt\u00e4\u00e4 n\u00e4it\u00e4 oikeuksia, ota meihin yhteytt\u00e4 osoitteeseen herbalaproach@gmail.com.<\/p>\n\n\n\n<h3 class=\"wp-block-heading\"><span class=\"ez-toc-section\" id=\"5_Sicherheit_Ihrer_Informationen\"><\/span>5. tietojesi turvallisuus<span class=\"ez-toc-section-end\"><\/span><\/h3>\n\n\n\n<p>K\u00e4yt\u00e4mme alan standardeja toimenpiteit\u00e4 tietojesi suojaamiseksi. Mik\u00e4\u00e4n Internetin v\u00e4lityksell\u00e4 tapahtuva siirtomenetelm\u00e4 tai s\u00e4hk\u00f6inen tallennusmenetelm\u00e4 ei kuitenkaan ole 100%-turvallinen. Vaikka pyrimme suojaamaan tietosi, emme voi taata niiden ehdotonta turvallisuutta.<\/p>\n\n\n\n<h3 class=\"wp-block-heading\"><span class=\"ez-toc-section\" id=\"6_Cookies_und_Tracking-Technologien\"><\/span>6. ev\u00e4steet ja seurantateknologiat<span class=\"ez-toc-section-end\"><\/span><\/h3>\n\n\n\n<p>Verkkosivustomme k\u00e4ytt\u00e4\u00e4 ev\u00e4steit\u00e4 parantaakseen k\u00e4ytt\u00f6kokemustasi ja analysoidakseen sivuston liikennett\u00e4. Ev\u00e4steet auttavat meit\u00e4 tunnistamaan palaavat k\u00e4vij\u00e4t ja ker\u00e4\u00e4m\u00e4\u00e4n verkkosivuston k\u00e4ytt\u00f6tietoja palveluidemme parantamiseksi. Voit hallita ev\u00e4steasetuksia selaimessasi.<\/p>\n\n\n\n<h3 class=\"wp-block-heading\"><span class=\"ez-toc-section\" id=\"7_Links_zu_Drittanbietern\"><\/span>7. linkit kolmansien osapuolten palveluntarjoajiin<span class=\"ez-toc-section-end\"><\/span><\/h3>\n\n\n\n<p>Verkkosivustomme voi sis\u00e4lt\u00e4\u00e4 linkkej\u00e4 kolmansien osapuolten verkkosivustoille. HerbalAproach ei ole vastuussa n\u00e4iden verkkosivustojen tietosuojak\u00e4yt\u00e4nn\u00f6ist\u00e4 tai sis\u00e4ll\u00f6st\u00e4. Kehotamme sinua tutustumaan vierailemiesi kolmansien osapuolten verkkosivustojen tietosuojak\u00e4yt\u00e4nt\u00f6ihin.<\/p>\n\n\n\n<h3 class=\"wp-block-heading\"><span class=\"ez-toc-section\" id=\"8_Internationale_Datenubertragungen\"><\/span>8. kansainv\u00e4liset tiedonsiirrot<span class=\"ez-toc-section-end\"><\/span><\/h3>\n\n\n\n<p>Jos k\u00e4yt\u00e4t verkkosivustoamme Euroopan ulkopuolelta, huomaa, ett\u00e4 tietosi voidaan siirt\u00e4\u00e4, tallentaa ja k\u00e4sitell\u00e4 toisessa maassa, jossa palvelimemme sijaitsevat. K\u00e4ytt\u00e4m\u00e4ll\u00e4 verkkosivustoamme annat suostumuksesi tietojesi siirt\u00e4miseen tiloihimme ja kolmansille osapuolille t\u00e4m\u00e4n k\u00e4yt\u00e4nn\u00f6n mukaisesti.<\/p>\n\n\n\n<h3 class=\"wp-block-heading\"><span class=\"ez-toc-section\" id=\"9_Datenschutz_fur_Kinder\"><\/span>9. lasten tietosuoja<span class=\"ez-toc-section-end\"><\/span><\/h3>\n\n\n\n<p>HerbalAproach ei tietoisesti ker\u00e4\u00e4 tai pyyd\u00e4 henkil\u00f6tietoja alle 18-vuotiailta lapsilta. Palvelumme on tarkoitettu vain aikuisten k\u00e4ytt\u00f6\u00f6n.<\/p>\n\n\n\n<h3 class=\"wp-block-heading\"><span class=\"ez-toc-section\" id=\"10_Aktualisierungen_dieser_Datenschutzrichtlinie\"><\/span>10. t\u00e4m\u00e4n tietosuojak\u00e4yt\u00e4nn\u00f6n p\u00e4ivitykset<span class=\"ez-toc-section-end\"><\/span><\/h3>\n\n\n\n<p>Saatamme ajoittain p\u00e4ivitt\u00e4\u00e4 t\u00e4t\u00e4 tietosuojak\u00e4yt\u00e4nt\u00f6\u00e4 vastaamaan k\u00e4yt\u00e4nt\u00f6jemme tai lakis\u00e4\u00e4teisten vaatimusten muutoksia. Kehotamme sinua tarkistamaan t\u00e4m\u00e4n k\u00e4yt\u00e4nn\u00f6n aina, kun vierailet verkkosivustollamme, jotta olet tietoinen tietok\u00e4yt\u00e4nn\u00f6ist\u00e4mme.<\/p>\n\n\n\n<h3 class=\"wp-block-heading\"><span class=\"ez-toc-section\" id=\"11_Kontaktieren_Sie_uns\"><\/span>11. Ota yhteytt\u00e4<span class=\"ez-toc-section-end\"><\/span><\/h3>\n\n\n\n<p>Jos sinulla on kysymyksi\u00e4 tai huolenaiheita t\u00e4st\u00e4 tietosuojak\u00e4yt\u00e4nn\u00f6st\u00e4, ota meihin yhteytt\u00e4 osoitteeseen:<\/p>\n\n\n\n<ul class=\"wp-block-list\">\n<li><strong>s\u00e4hk\u00f6postiosoite<\/strong>: herbalaproach@gmail.com<\/li>\n<\/ul>","protected":false},"excerpt":{"rendered":"<p>Willkommen auf HerbalAproach.com. Bei HerbalAproach respektieren wir Ihre Privatsph\u00e4re und verpflichten uns, Ihre pers\u00f6nlichen Daten zu sch\u00fctzen. Diese Datenschutzrichtlinie erkl\u00e4rt, welche Informationen wir sammeln, wie wir sie verwenden und welche Wahlm\u00f6glichkeiten Sie in Bezug auf Ihre Informationen haben. Bitte lesen Sie diese Richtlinie sorgf\u00e4ltig durch, da die Nutzung unserer Website Ihre Zustimmung zu diesen Praktiken [&hellip;]<\/p>\n","protected":false},"author":1,"featured_media":0,"parent":0,"menu_order":0,"comment_status":"closed","ping_status":"open","template":"","meta":{"ocean_post_layout":"","ocean_both_sidebars_style":"","ocean_both_sidebars_content_width":0,"ocean_both_sidebars_sidebars_width":0,"ocean_sidebar":"","ocean_second_sidebar":"","ocean_disable_margins":"enable","ocean_add_body_class":"","ocean_shortcode_before_top_bar":"","ocean_shortcode_after_top_bar":"","ocean_shortcode_before_header":"","ocean_shortcode_after_header":"","ocean_has_shortcode":"","ocean_shortcode_after_title":"","ocean_shortcode_before_footer_widgets":"","ocean_shortcode_after_footer_widgets":"","ocean_shortcode_before_footer_bottom":"","ocean_shortcode_after_footer_bottom":"","ocean_display_top_bar":"default","ocean_display_header":"default","ocean_header_style":"","ocean_center_header_left_menu":"","ocean_custom_header_template":"","ocean_custom_logo":0,"ocean_custom_retina_logo":0,"ocean_custom_logo_max_width":0,"ocean_custom_logo_tablet_max_width":0,"ocean_custom_logo_mobile_max_width":0,"ocean_custom_logo_max_height":0,"ocean_custom_logo_tablet_max_height":0,"ocean_custom_logo_mobile_max_height":0,"ocean_header_custom_menu":"","ocean_menu_typo_font_family":"","ocean_menu_typo_font_subset":"","ocean_menu_typo_font_size":0,"ocean_menu_typo_font_size_tablet":0,"ocean_menu_typo_font_size_mobile":0,"ocean_menu_typo_font_size_unit":"px","ocean_menu_typo_font_weight":"","ocean_menu_typo_font_weight_tablet":"","ocean_menu_typo_font_weight_mobile":"","ocean_menu_typo_transform":"","ocean_menu_typo_transform_tablet":"","ocean_menu_typo_transform_mobile":"","ocean_menu_typo_line_height":0,"ocean_menu_typo_line_height_tablet":0,"ocean_menu_typo_line_height_mobile":0,"ocean_menu_typo_line_height_unit":"","ocean_menu_typo_spacing":0,"ocean_menu_typo_spacing_tablet":0,"ocean_menu_typo_spacing_mobile":0,"ocean_menu_typo_spacing_unit":"","ocean_menu_link_color":"","ocean_menu_link_color_hover":"","ocean_menu_link_color_active":"","ocean_menu_link_background":"","ocean_menu_link_hover_background":"","ocean_menu_link_active_background":"","ocean_menu_social_links_bg":"","ocean_menu_social_hover_links_bg":"","ocean_menu_social_links_color":"","ocean_menu_social_hover_links_color":"","ocean_disable_title":"default","ocean_disable_heading":"default","ocean_post_title":"","ocean_post_subheading":"","ocean_post_title_style":"","ocean_post_title_background_color":"","ocean_post_title_background":0,"ocean_post_title_bg_image_position":"","ocean_post_title_bg_image_attachment":"","ocean_post_title_bg_image_repeat":"","ocean_post_title_bg_image_size":"","ocean_post_title_height":0,"ocean_post_title_bg_overlay":0.5,"ocean_post_title_bg_overlay_color":"","ocean_disable_breadcrumbs":"default","ocean_breadcrumbs_color":"","ocean_breadcrumbs_separator_color":"","ocean_breadcrumbs_links_color":"","ocean_breadcrumbs_links_hover_color":"","ocean_display_footer_widgets":"default","ocean_display_footer_bottom":"default","ocean_custom_footer_template":"","footnotes":""},"class_list":["post-3","page","type-page","status-publish","hentry","entry","owp-thumbs-layout-horizontal","owp-btn-normal","owp-tabs-layout-horizontal","has-no-thumbnails","has-product-nav"],"_links":{"self":[{"href":"https:\/\/herbalaproach.com\/fi\/wp-json\/wp\/v2\/pages\/3","targetHints":{"allow":["GET"]}}],"collection":[{"href":"https:\/\/herbalaproach.com\/fi\/wp-json\/wp\/v2\/pages"}],"about":[{"href":"https:\/\/herbalaproach.com\/fi\/wp-json\/wp\/v2\/types\/page"}],"author":[{"embeddable":true,"href":"https:\/\/herbalaproach.com\/fi\/wp-json\/wp\/v2\/users\/1"}],"replies":[{"embeddable":true,"href":"https:\/\/herbalaproach.com\/fi\/wp-json\/wp\/v2\/comments?post=3"}],"version-history":[{"count":2,"href":"https:\/\/herbalaproach.com\/fi\/wp-json\/wp\/v2\/pages\/3\/revisions"}],"predecessor-version":[{"id":1298,"href":"https:\/\/herbalaproach.com\/fi\/wp-json\/wp\/v2\/pages\/3\/revisions\/1298"}],"wp:attachment":[{"href":"https:\/\/herbalaproach.com\/fi\/wp-json\/wp\/v2\/media?parent=3"}],"curies":[{"name":"wp","href":"https:\/\/api.w.org\/{rel}","templated":true}]}}