{"id":1236,"date":"2024-10-24T22:25:27","date_gmt":"2024-10-24T21:25:27","guid":{"rendered":"https:\/\/herbalaproach.com\/?post_type=product&#038;p=1236"},"modified":"2024-10-24T22:27:51","modified_gmt":"2024-10-24T21:27:51","slug":"blue-meanie","status":"publish","type":"product","link":"https:\/\/herbalaproach.com\/fi\/product\/blue-meanie\/","title":{"rendered":"Blue Meanie"},"content":{"rendered":"<p>Lajikkeen nimi tulee korkkien ymp\u00e4rille muodostuvasta voimakkaasta sinisest\u00e4 v\u00e4rist\u00e4. T\u00e4t\u00e4 v\u00e4rimuutosta esiintyy kaikissa psilosybiinipitoisissa sieniss\u00e4, mutta se on selvempi t\u00e4m\u00e4n kaltaisissa suuremmissa ja vaaleammissa lajikkeissa. Blue Meanies -sienet tuottavat tunnetusti paljon hedelmi\u00e4, ja ne mustelmoituvat (sinistyv\u00e4t) helposti fyysisess\u00e4 kosketuksessa. Odota keskim\u00e4\u00e4r\u00e4ist\u00e4 suurempaa intensiteetti\u00e4 verrattuna muihin Cubensis-sienilajikkeisiin.<\/p>\n<h3>Kuinka k\u00e4ytt\u00e4\u00e4<\/h3>\n<ul>\n<li><b><strong>Raaka:<\/strong><\/b> Sy\u00f6 ne raakana pussista ja pureskele huolellisesti, jotta saat mahdollisimman paljon psilosybiini\u00e4. N\u00e4in saat kaikki sieniin liittyv\u00e4t maut. Suuremmat annokset voivat aiheuttaa pahoinvointia.<\/li>\n<li><b><strong>Hauduta teet\u00e4:<\/strong><\/b> Lis\u00e4\u00e4 haluttu annos 1-1,5 kuppiin vett\u00e4 ja keit\u00e4 10 minuuttia. Voit halutessasi lis\u00e4t\u00e4 muita herkullisia yrttej\u00e4, jotta teest\u00e4 tulisi maukkaampi, esim. lis\u00e4\u00e4m\u00e4ll\u00e4 siihen <a href=\"https:\/\/herbalaproach.com\/fi\/\">Sienet<\/a> chai-teen seokseen. Vaikutus on nopeampi kuin raakoja sieni\u00e4 sy\u00f6dess\u00e4, ja pahoinvointia on raportoitu esiintyv\u00e4n v\u00e4hemm\u00e4n.<\/li>\n<li><b><strong>Lemon tek:<\/strong><\/b> Jauha haluamasi annos jauheeksi ja laita se pieneen kuppiin tai kulhoon. Lis\u00e4\u00e4 1-2 sitruunan mehu, kunnes sienet ovat sitruunamehun peitossa. Anna seist\u00e4 15-20 minuuttia. Kuluta kokonaan. Toimii nopeimmin, voimakkaimmin ja kuulemma huomattavasti v\u00e4hemm\u00e4n pahoinvointia.<\/li>\n<li><b><strong>Ruoan kanssa:<\/strong><\/b> Pizza, PB &amp; J, sipsit tai smoothie - mahdollisuudet ovat rajattomat! Nappaa mukaan kuivattuja sieni\u00e4 ja sy\u00f6 niit\u00e4 suosikkiv\u00e4lipalasi kanssa.<\/li>\n<\/ul>\n<h3>Annostus<\/h3>\n<ul>\n<li><b><strong>0-0.25g:<\/strong><\/b> Mikroannos; hyvin hienovaraiset psykedeeliset vaikutukset. Ei visuaalisia vaikutelmia, ei n\u00e4kyvi\u00e4 muutoksia, ei hallinnan menetyst\u00e4. Koe mielialan kohoaminen, ahdistuksen v\u00e4heneminen, henkisen vireystilan paraneminen ja energiatasojen paraneminen.<\/li>\n<\/ul>\n<p><b><strong>Makrodoosi -<\/strong><\/b><\/p>\n<ul>\n<li><b><strong>0.25-0.5g:<\/strong><\/b> Lis\u00e4\u00e4ntyminen; voimakkaammat psykedeeliset vaikutukset; mahdollisesti muuttunut koordinaatio ja motorinen kontrolli, muuttunut n\u00e4k\u00f6 ja mieliala, lis\u00e4\u00e4ntynyt energia, kikatukset, oivaltavat ajatukset, ideat ja kuvioiden tunnistaminen.<\/li>\n<\/ul>\n<p><b><strong>Valoannos -<\/strong><\/b><\/p>\n<ul>\n<li><b><strong>0,5-1g:<\/strong><\/b> Psykoaktiivinen kokemus; voimakkaat ja selv\u00e4t psykedeeliset vaikutukset; voi johtaa n\u00e4k\u00f6kyvyn, tunteiden ja mielialojen muuttumiseen, merkitt\u00e4v\u00e4\u00e4n muutokseen motorisessa hallinnassa, heikentyneeseen koordinaatioon, yli-inhimillisiin musiikillisiin kykyihin, absurdiin huumoriin ja haluun harjoittaa taiteellista toimintaa.<\/li>\n<\/ul>\n<p><b><strong>Tavallinen annos -<\/strong><\/b><\/p>\n<ul>\n<li><b><strong>1-2g:<\/strong><\/b> Olet valmis avautumaan psykedeeliselle kokemukselle. Mutta! Haluat olla varovainen. Beginner's Paradise voisi olla oikea paikka sinulle. Odota fyysist\u00e4 huumaa, syv\u00e4llisi\u00e4 keskusteluja, naurua ja hyv\u00e4\u00e4 tunnelmaa. Varmista, ett\u00e4 olet oikeassa ymp\u00e4rist\u00f6ss\u00e4 ja oikeiden ihmisten kanssa, ja saat yst\u00e4v\u00e4llisen johdatuksen psykedeeleihin.<\/li>\n<\/ul>\n<p><b><strong>Vahva annos -<\/strong><\/b><\/p>\n<ul>\n<li><b><strong>2.5-5g:<\/strong><\/b> T\u00e4m\u00e4 on se! Klassinen psykedeelinen matka, josta olet aina kuullut. Joskus se tuntuu py\u00f6rremyrskylt\u00e4. Toisinaan taas tunnet olevasi paljon enemm\u00e4n hallinnassa matkasi aikana. Psykedeelisen tripin aikana tunnet, ajattelet ja havaitset uusia asioita. Mit\u00e4 tahansa oivalluksia oletkin saanut psilosybiinisienimatkallasi, pid\u00e4 ne mieless\u00e4si ja ota ne mukaasi.<\/li>\n<\/ul>\n<p><b><strong>Sankarillinen annos:<\/strong><\/b><\/p>\n<ul>\n<li><b><strong>5g+:<\/strong><\/b> Jotkut ihmiset ovat kokeneita maagisessa maailmassa. <a href=\"https:\/\/www.youtube.com\/watch?v=m2hCjGP4plU\" target=\"_blank\" rel=\"noopener\">Psykedeelit<\/a>. He ovat saavuttaneet tason, jolla he tuntevat klassisen matkan. He saattavat haluta kokeilla suurempaa annosta. On olemassa tarinoita egon kuolemasta, yhteydest\u00e4 maailmankaikkeuteen ja eritt\u00e4in voimakkaan huuman kokemisesta. Mit\u00e4 ikin\u00e4 teetkin, \u00e4l\u00e4 k\u00e4yt\u00e4 suurta annosta paetakseen. K\u00e4yt\u00e4 sit\u00e4 lis\u00e4yksen\u00e4 el\u00e4m\u00e4\u00e4si. Keskustele kokeneiden psykonauttien kanssa ja varmista, ett\u00e4 olet hyv\u00e4ss\u00e4 henkisess\u00e4 tilassa, kun p\u00e4\u00e4t\u00e4t lent\u00e4\u00e4 t\u00e4htien kanssa.<\/li>\n<\/ul>\n<p><b><strong>Huomautus: Annos ja vaikutus vaihtelevat henkil\u00f6itt\u00e4in.<\/strong><\/b> <b><strong>Jos et ole koskaan ennen k\u00e4ytt\u00e4nyt sieni\u00e4, on parasta aloittaa pienimm\u00e4ll\u00e4 mahdollisella annoksella, jolla saavutetaan haluttu vaikutus, ja lis\u00e4t\u00e4 annosta hitaasti.<\/strong><\/b><\/p>","protected":false},"excerpt":{"rendered":"<p>Der Name dieser Sorte kommt von der ausgepr\u00e4gten blauen F\u00e4rbung, die sich um die Kappen bildet. Diese Verf\u00e4rbung tritt bei allen psilocybinhaltigen Pilzen auf, ist aber bei gr\u00f6\u00dferen und hellen Sorten wie dieser auff\u00e4lliger. Blue Meanies sind daf\u00fcr bekannt, dass sie sehr viele Fr\u00fcchte tragen und bei physischem Kontakt leicht gequetscht werden (Blueing). Erwarten Sie [&hellip;]<\/p>\n","protected":false},"featured_media":1237,"comment_status":"open","ping_status":"closed","template":"","meta":{"ocean_post_layout":"","ocean_both_sidebars_style":"","ocean_both_sidebars_content_width":0,"ocean_both_sidebars_sidebars_width":0,"ocean_sidebar":"0","ocean_second_sidebar":"0","ocean_disable_margins":"enable","ocean_add_body_class":"","ocean_shortcode_before_top_bar":"","ocean_shortcode_after_top_bar":"","ocean_shortcode_before_header":"","ocean_shortcode_after_header":"","ocean_has_shortcode":"","ocean_shortcode_after_title":"","ocean_shortcode_before_footer_widgets":"","ocean_shortcode_after_footer_widgets":"","ocean_shortcode_before_footer_bottom":"","ocean_shortcode_after_footer_bottom":"","ocean_display_top_bar":"default","ocean_display_header":"default","ocean_header_style":"","ocean_center_header_left_menu":"0","ocean_custom_header_template":"0","ocean_custom_logo":0,"ocean_custom_retina_logo":0,"ocean_custom_logo_max_width":0,"ocean_custom_logo_tablet_max_width":0,"ocean_custom_logo_mobile_max_width":0,"ocean_custom_logo_max_height":0,"ocean_custom_logo_tablet_max_height":0,"ocean_custom_logo_mobile_max_height":0,"ocean_header_custom_menu":"0","ocean_menu_typo_font_family":"0","ocean_menu_typo_font_subset":"","ocean_menu_typo_font_size":0,"ocean_menu_typo_font_size_tablet":0,"ocean_menu_typo_font_size_mobile":0,"ocean_menu_typo_font_size_unit":"px","ocean_menu_typo_font_weight":"","ocean_menu_typo_font_weight_tablet":"","ocean_menu_typo_font_weight_mobile":"","ocean_menu_typo_transform":"","ocean_menu_typo_transform_tablet":"","ocean_menu_typo_transform_mobile":"","ocean_menu_typo_line_height":0,"ocean_menu_typo_line_height_tablet":0,"ocean_menu_typo_line_height_mobile":0,"ocean_menu_typo_line_height_unit":"","ocean_menu_typo_spacing":0,"ocean_menu_typo_spacing_tablet":0,"ocean_menu_typo_spacing_mobile":0,"ocean_menu_typo_spacing_unit":"","ocean_menu_link_color":"","ocean_menu_link_color_hover":"","ocean_menu_link_color_active":"","ocean_menu_link_background":"","ocean_menu_link_hover_background":"","ocean_menu_link_active_background":"","ocean_menu_social_links_bg":"","ocean_menu_social_hover_links_bg":"","ocean_menu_social_links_color":"","ocean_menu_social_hover_links_color":"","ocean_disable_title":"default","ocean_disable_heading":"default","ocean_post_title":"","ocean_post_subheading":"","ocean_post_title_style":"","ocean_post_title_background_color":"","ocean_post_title_background":0,"ocean_post_title_bg_image_position":"","ocean_post_title_bg_image_attachment":"","ocean_post_title_bg_image_repeat":"","ocean_post_title_bg_image_size":"","ocean_post_title_height":0,"ocean_post_title_bg_overlay":0.5,"ocean_post_title_bg_overlay_color":"","ocean_disable_breadcrumbs":"default","ocean_breadcrumbs_color":"","ocean_breadcrumbs_separator_color":"","ocean_breadcrumbs_links_color":"","ocean_breadcrumbs_links_hover_color":"","ocean_display_footer_widgets":"default","ocean_display_footer_bottom":"default","ocean_custom_footer_template":"0"},"product_brand":[],"product_cat":[54],"product_tag":[],"class_list":{"0":"post-1236","1":"product","2":"type-product","3":"status-publish","4":"has-post-thumbnail","6":"product_cat-magische-pilze","8":"entry","9":"has-media","11":"first","12":"instock","13":"shipping-taxable","14":"product-type-simple","15":"has-product-nav","16":"col","17":"span_1_of_3","18":"owp-content-center","19":"owp-thumbs-layout-horizontal","20":"owp-btn-normal","21":"owp-tabs-layout-horizontal","22":"has-no-thumbnails"},"_links":{"self":[{"href":"https:\/\/herbalaproach.com\/fi\/wp-json\/wp\/v2\/product\/1236","targetHints":{"allow":["GET"]}}],"collection":[{"href":"https:\/\/herbalaproach.com\/fi\/wp-json\/wp\/v2\/product"}],"about":[{"href":"https:\/\/herbalaproach.com\/fi\/wp-json\/wp\/v2\/types\/product"}],"replies":[{"embeddable":true,"href":"https:\/\/herbalaproach.com\/fi\/wp-json\/wp\/v2\/comments?post=1236"}],"wp:featuredmedia":[{"embeddable":true,"href":"https:\/\/herbalaproach.com\/fi\/wp-json\/wp\/v2\/media\/1237"}],"wp:attachment":[{"href":"https:\/\/herbalaproach.com\/fi\/wp-json\/wp\/v2\/media?parent=1236"}],"wp:term":[{"taxonomy":"product_brand","embeddable":true,"href":"https:\/\/herbalaproach.com\/fi\/wp-json\/wp\/v2\/product_brand?post=1236"},{"taxonomy":"product_cat","embeddable":true,"href":"https:\/\/herbalaproach.com\/fi\/wp-json\/wp\/v2\/product_cat?post=1236"},{"taxonomy":"product_tag","embeddable":true,"href":"https:\/\/herbalaproach.com\/fi\/wp-json\/wp\/v2\/product_tag?post=1236"}],"curies":[{"name":"wp","href":"https:\/\/api.w.org\/{rel}","templated":true}]}}