{"id":1254,"date":"2024-10-25T19:26:22","date_gmt":"2024-10-25T18:26:22","guid":{"rendered":"https:\/\/herbalaproach.com\/?post_type=product&#038;p=1254"},"modified":"2024-10-25T19:31:10","modified_gmt":"2024-10-25T18:31:10","slug":"muscimol-gummies","status":"publish","type":"product","link":"https:\/\/herbalaproach.com\/fi\/product\/muscimol-gummies\/","title":{"rendered":"muscimol-purukumit"},"content":{"rendered":"<p class=\"serp-title\">Muscimol-purukumit <a href=\"https:\/\/herbalaproach.com\/fi\/\">Taikasienet<\/a> Sieniuutepurukumit tarjoavat ainutlaatuisen kokemuksen huolellisesti valmistetun eri sienien sekoituksen ansiosta. N\u00e4m\u00e4 purukumit on suunniteltu antamaan energisoiva ja pirist\u00e4v\u00e4 tunne, joten ne sopivat t\u00e4ydellisesti hauskaan illanviettoon tai rentouttavaan iltaan kotona.<\/p>\n<p>Jokaisessa pakkauksessa on 4 nallekarkkia, joissa jokaisessa on 8 mg muskimolia, psykedeelisist\u00e4 vaikutuksistaan tunnettua luonnollista yhdistett\u00e4, joka on t\u00e4ydellinen sekoitus miellytt\u00e4v\u00e4\u00e4 ja l\u00e4mmint\u00e4 kokemusta varten.<\/p>\n<h2>Muscimol-purukumien ominaisuudet ja edut:<\/h2>\n<p>Energisoiva ja pirist\u00e4v\u00e4: ihanteellinen viihdytt\u00e4v\u00e4\u00e4n ulkoilmailtaan tai rentouttavaan koti-iltaan.<\/p>\n<h2>Sis\u00e4lt\u00e4\u00e4 muskimolia:<\/h2>\n<p>Jokainen nallekarkki sis\u00e4lt\u00e4\u00e4 8 mg muskimolia, joka on vastuussa n\u00e4iden nallekarkkien ominaisvaikutuksesta.<\/p>\n<h2>Parannetut aistit:<\/h2>\n<p>K\u00e4ytt\u00e4j\u00e4t raportoivat, ett\u00e4 v\u00e4rit, \u00e4\u00e4net, l\u00e4mp\u00f6tilat ja ymp\u00e4rist\u00f6t ovat muuttuneet.<\/p>\n<p>Helppo k\u00e4ytt\u00e4\u00e4: Ota yksi nallekarkki kevytt\u00e4 kokemusta varten tai molemmat syvemp\u00e4\u00e4 matkaa varten.<\/p>\n<p>Luonnolliset ainesosat:<\/p>\n<p>Makeutettu sokerilla ja glukoosilla, sis\u00e4lt\u00e4\u00e4 luonnollisia aromeja ja v\u00e4riaineita.<\/p>\n<h2>K\u00e4ytt\u00f6ohjeet:<\/h2>\n<p>Ota yksi kumi liev\u00e4\u00e4, miellytt\u00e4v\u00e4\u00e4 kokemusta varten, joka j\u00e4tt\u00e4\u00e4 sinulle l\u00e4mpim\u00e4n ja kodikkaan olon. Jos haluat intensiivisemm\u00e4n kokemuksen, ota molemmat kumit ja l\u00f6yd\u00e4 aistiesi syvempi ulottuvuus. Varmista, ett\u00e4 olet mukavassa ymp\u00e4rist\u00f6ss\u00e4 nauttiaksesi vaikutuksesta t\u00e4ysin.Muscimol kumit<\/p>\n<h2>Vinkkej\u00e4:<\/h2>\n<h3>Turvallinen ymp\u00e4rist\u00f6:<\/h3>\n<p>Varmista, ett\u00e4 olet tutussa ja turvallisessa ymp\u00e4rist\u00f6ss\u00e4, varsinkin jos olet<\/p>\n<p>ota molemmat hyytel\u00f6vauvat.<\/p>\n<h2>Ei alkoholia:<\/h2>\n<p>V\u00e4lt\u00e4 yhdist\u00e4m\u00e4st\u00e4 n\u00e4it\u00e4 nallekarkkeja alkoholin kanssa, sill\u00e4 t\u00e4m\u00e4 voi johtaa negatiiviseen vuorovaikutukseen sieniuutteen kanssa.<br \/>\nAloita hitaasti: Kun otat Muscimolia ensimm\u00e4ist\u00e4 kertaa, aloita hitaasti. <a href=\"https:\/\/www.youtube.com\/watch?v=8lDobfGQKO0\" target=\"_blank\" rel=\"noopener\">Kumikarhut<\/a>n\u00e4hd\u00e4ksesi, miten kehosi reagoi.<\/p>","protected":false},"excerpt":{"rendered":"<p>Muscimol gummies Magic Mushrooms Gummies mit Pilzextrakt bieten ein einzigartiges Erlebnis dank einer sorgf\u00e4ltig zusammengestellten Mischung aus verschiedenen Pilzen. Diese Gummis wurden entwickelt, um ein energiegeladenes und erhebendes Gef\u00fchl zu vermitteln, was sie perfekt f\u00fcr einen lustigen Abend im Freien oder einen entspannten Abend zu Hause macht. Jede Packung enth\u00e4lt 4 Gummib\u00e4rchen mit je 8 [&hellip;]<\/p>\n","protected":false},"featured_media":1255,"comment_status":"open","ping_status":"closed","template":"","meta":{"ocean_post_layout":"","ocean_both_sidebars_style":"","ocean_both_sidebars_content_width":0,"ocean_both_sidebars_sidebars_width":0,"ocean_sidebar":"0","ocean_second_sidebar":"0","ocean_disable_margins":"enable","ocean_add_body_class":"","ocean_shortcode_before_top_bar":"","ocean_shortcode_after_top_bar":"","ocean_shortcode_before_header":"","ocean_shortcode_after_header":"","ocean_has_shortcode":"","ocean_shortcode_after_title":"","ocean_shortcode_before_footer_widgets":"","ocean_shortcode_after_footer_widgets":"","ocean_shortcode_before_footer_bottom":"","ocean_shortcode_after_footer_bottom":"","ocean_display_top_bar":"default","ocean_display_header":"default","ocean_header_style":"","ocean_center_header_left_menu":"0","ocean_custom_header_template":"0","ocean_custom_logo":0,"ocean_custom_retina_logo":0,"ocean_custom_logo_max_width":0,"ocean_custom_logo_tablet_max_width":0,"ocean_custom_logo_mobile_max_width":0,"ocean_custom_logo_max_height":0,"ocean_custom_logo_tablet_max_height":0,"ocean_custom_logo_mobile_max_height":0,"ocean_header_custom_menu":"0","ocean_menu_typo_font_family":"0","ocean_menu_typo_font_subset":"","ocean_menu_typo_font_size":0,"ocean_menu_typo_font_size_tablet":0,"ocean_menu_typo_font_size_mobile":0,"ocean_menu_typo_font_size_unit":"px","ocean_menu_typo_font_weight":"","ocean_menu_typo_font_weight_tablet":"","ocean_menu_typo_font_weight_mobile":"","ocean_menu_typo_transform":"","ocean_menu_typo_transform_tablet":"","ocean_menu_typo_transform_mobile":"","ocean_menu_typo_line_height":0,"ocean_menu_typo_line_height_tablet":0,"ocean_menu_typo_line_height_mobile":0,"ocean_menu_typo_line_height_unit":"","ocean_menu_typo_spacing":0,"ocean_menu_typo_spacing_tablet":0,"ocean_menu_typo_spacing_mobile":0,"ocean_menu_typo_spacing_unit":"","ocean_menu_link_color":"","ocean_menu_link_color_hover":"","ocean_menu_link_color_active":"","ocean_menu_link_background":"","ocean_menu_link_hover_background":"","ocean_menu_link_active_background":"","ocean_menu_social_links_bg":"","ocean_menu_social_hover_links_bg":"","ocean_menu_social_links_color":"","ocean_menu_social_hover_links_color":"","ocean_disable_title":"default","ocean_disable_heading":"default","ocean_post_title":"","ocean_post_subheading":"","ocean_post_title_style":"","ocean_post_title_background_color":"","ocean_post_title_background":0,"ocean_post_title_bg_image_position":"","ocean_post_title_bg_image_attachment":"","ocean_post_title_bg_image_repeat":"","ocean_post_title_bg_image_size":"","ocean_post_title_height":0,"ocean_post_title_bg_overlay":0.5,"ocean_post_title_bg_overlay_color":"","ocean_disable_breadcrumbs":"default","ocean_breadcrumbs_color":"","ocean_breadcrumbs_separator_color":"","ocean_breadcrumbs_links_color":"","ocean_breadcrumbs_links_hover_color":"","ocean_display_footer_widgets":"default","ocean_display_footer_bottom":"default","ocean_custom_footer_template":"0"},"product_brand":[],"product_cat":[61],"product_tag":[70],"class_list":{"0":"post-1254","1":"product","2":"type-product","3":"status-publish","4":"has-post-thumbnail","6":"product_cat-essbar","7":"product_tag-muscimol-gummies","9":"entry","10":"has-media","12":"first","13":"instock","14":"sale","15":"shipping-taxable","16":"purchasable","17":"product-type-simple","18":"has-product-nav","19":"col","20":"span_1_of_3","21":"owp-content-center","22":"owp-thumbs-layout-horizontal","23":"owp-btn-normal","24":"owp-tabs-layout-horizontal","25":"has-no-thumbnails"},"_links":{"self":[{"href":"https:\/\/herbalaproach.com\/fi\/wp-json\/wp\/v2\/product\/1254","targetHints":{"allow":["GET"]}}],"collection":[{"href":"https:\/\/herbalaproach.com\/fi\/wp-json\/wp\/v2\/product"}],"about":[{"href":"https:\/\/herbalaproach.com\/fi\/wp-json\/wp\/v2\/types\/product"}],"replies":[{"embeddable":true,"href":"https:\/\/herbalaproach.com\/fi\/wp-json\/wp\/v2\/comments?post=1254"}],"wp:featuredmedia":[{"embeddable":true,"href":"https:\/\/herbalaproach.com\/fi\/wp-json\/wp\/v2\/media\/1255"}],"wp:attachment":[{"href":"https:\/\/herbalaproach.com\/fi\/wp-json\/wp\/v2\/media?parent=1254"}],"wp:term":[{"taxonomy":"product_brand","embeddable":true,"href":"https:\/\/herbalaproach.com\/fi\/wp-json\/wp\/v2\/product_brand?post=1254"},{"taxonomy":"product_cat","embeddable":true,"href":"https:\/\/herbalaproach.com\/fi\/wp-json\/wp\/v2\/product_cat?post=1254"},{"taxonomy":"product_tag","embeddable":true,"href":"https:\/\/herbalaproach.com\/fi\/wp-json\/wp\/v2\/product_tag?post=1254"}],"curies":[{"name":"wp","href":"https:\/\/api.w.org\/{rel}","templated":true}]}}