{"id":1380,"date":"2024-11-05T22:12:54","date_gmt":"2024-11-05T21:12:54","guid":{"rendered":"https:\/\/herbalaproach.com\/?post_type=product&#038;p=1380"},"modified":"2026-01-12T00:08:07","modified_gmt":"2026-01-11T23:08:07","slug":"lost-mary-vape","status":"publish","type":"product","link":"https:\/\/herbalaproach.com\/fi\/product\/lost-mary-vape\/","title":{"rendered":"lost mary vape (Kertak\u00e4ytt\u00f6inen Vape)"},"content":{"rendered":"<p>Kadonnut Mary MO20000 Pro Vape on l\u00f6ytynyt! T\u00e4ss\u00e4 huippuluokan laitteessa yhdistyv\u00e4t innovaatio, tyyli ja korkea suorituskyky, jotka viev\u00e4t h\u00f6yrystyspelisi \u00e4\u00e4rirajoille. Tarkalla suunnittelulla ja vain ensiluokkaisilla materiaaleilla valmistettu laite on suunniteltu t\u00e4ytt\u00e4m\u00e4\u00e4n sek\u00e4 uusien ett\u00e4 pitk\u00e4aikaisten h\u00f6yryst\u00e4jien tarpeet. Tutustutaanpa keskeisiin ominaisuuksiin, jotka tekev\u00e4t Lost Mary vape MO20000 Pro Vape -laitteesta erottuvan t\u00e4m\u00e4n p\u00e4iv\u00e4n hyvin ruuhkaisessa h\u00f6yrylaitteiden maisemassa:<\/p>\n<h3>T\u00e4rkeimm\u00e4t ominaisuudet:<\/h3>\n<ul>\n<li><b><strong>Suuren kapasiteetin ladattava akku:<\/strong><\/b> T\u00e4ss\u00e4 EBDesign-vapessa on tehokas 20000mAh:n sis\u00e4\u00e4nrakennettu akku. T\u00e4m\u00e4n ansiosta Lost Mary MO20000 Pro Vape voi antaa sinulle pitki\u00e4 h\u00f6yrystysistuntoja joka p\u00e4iv\u00e4 ilman usein toistuvaa lataamista. Unohda pelko akun tyhjenemisest\u00e4 ja nauti keskeytym\u00e4tt\u00f6m\u00e4st\u00e4 h\u00f6yrytt\u00e4misen ilosta t\u00e4st\u00e4 l\u00e4htien. lost mary vape<\/li>\n<\/ul>\n<ul>\n<li><b><strong>Suuri e-nesteen kapasiteetti:<\/strong><\/b> 18 ml:n e-nestes\u00e4ili\u00f6n kapasiteetin ansiosta Lost Mary by EBDesign vape on ratkaissut jatkuvan uudelleent\u00e4yt\u00f6n ongelman! Veet\u00e4 taukoamatta syd\u00e4mesi kyllyydest\u00e4! Satunnaiset h\u00f6yryst\u00e4j\u00e4t ja pilvien yst\u00e4v\u00e4t ovat samaa mielt\u00e4... Lost Mary MO20000 Pro:n runsas e-nestekapasiteetti takaa tyydytt\u00e4v\u00e4n h\u00f6yrytyskokemuksen kerta toisensa j\u00e4lkeen.<\/li>\n<\/ul>\n<ul>\n<li><b><strong>S\u00e4\u00e4dett\u00e4v\u00e4 teho:<\/strong><\/b> S\u00e4\u00e4dett\u00e4v\u00e4n tehon avulla <a href=\"https:\/\/herbalaproach.com\/fi\/\">Kadonnut Mary MO20000<\/a> Pron avulla voit s\u00e4\u00e4t\u00e4\u00e4 h\u00f6yryn voimakkuutta henkil\u00f6kohtaisten mieltymystesi mukaan. S\u00e4\u00e4t\u00e4m\u00e4ll\u00e4 wattim\u00e4\u00e4r\u00e4\u00e4 voit muuttaa h\u00f6yryn tuotantoa ja aromin voimakkuutta milloin tahansa, mik\u00e4 antaa sinulle t\u00e4yden hallinnan h\u00f6yrytyskokemuksestasi. lost mary vape<\/li>\n<li><\/li>\n<li>\n<ul>\n<li><b><strong>Intuitiivinen OLED-n\u00e4ytt\u00f6:<\/strong><\/b> Pysy ajan tasalla ja hallinnassa Lost Mary MO20000 Pron intuitiivisen OLED-n\u00e4yt\u00f6n avulla. Seuraa helposti akun k\u00e4ytt\u00f6ik\u00e4\u00e4, mukautettuja wattim\u00e4\u00e4ri\u00e4, kelan vastusta ja muuta yhdell\u00e4 silm\u00e4yksell\u00e4. Reaaliaikaista palautetta nykyp\u00e4iv\u00e4n h\u00f6yrystysharrastajille, jotka etsiv\u00e4t vain optimoituja h\u00f6yrytyskokemuksia.<\/li>\n<\/ul>\n<ul>\n<li><b><strong>Luova rakentaminen<\/strong><\/b>Lost Mary MO20000 Pro Vape on rakennettu kest\u00e4m\u00e4\u00e4n usein p\u00e4ivitt\u00e4isen k\u00e4yt\u00f6n kovia vaatimuksia, ja siin\u00e4 on kest\u00e4v\u00e4 rakenne, joka antaa sinulle luottamusta, pitk\u00e4aikaista nautintoa ja t\u00e4ydellist\u00e4 suorituskyky\u00e4. T\u00e4m\u00e4n laitteen jokainen osa-alue vankasta kotelosta laadukkaisiin komponentteihin on suunniteltu luotettavaksi ja kest\u00e4v\u00e4ksi.<\/li>\n<\/ul>\n<ul>\n<li><b><strong>Turvatoimet:<\/strong><\/b> Lost Mary MO20000 Pron kattavien turvatoimintojen ansiosta voit nauttia nautinnosta mielenrauhassa. Sis\u00e4\u00e4nrakennettuun suojaukseen kuuluu ylilataussuoja, oikosulkusuojaus ja jopa alij\u00e4nnitesuojaus. Turvallinen ja miellytt\u00e4v\u00e4 h\u00f6yrytt\u00e4miskokemus on mahdollista jokaisella puhalluksella.<\/li>\n<\/ul>\n<ul>\n<li><b><strong>USB-C-latausmukavuus:<\/strong><\/b> Lost Mary MO20000 Pron USB-C-latausportin ansiosta lataus on nopeaa ja k\u00e4tev\u00e4\u00e4. Tulet rakastamaan nopeita latausaikoja, kun k\u00e4yt\u00e4t v\u00e4hemm\u00e4n aikaa odotteluun ja enemm\u00e4n aikaa h\u00f6yryst\u00e4miseen. lost mary vape<\/li>\n<\/ul>\n<h3>Lost Mary Vape -maut:<\/h3>\n<ul>\n<li><b><strong>Sininen Razz Ice<\/strong><\/b>Valmistaudu j\u00e4nnitt\u00e4v\u00e4\u00e4n matkaan Blue Razz Ice -pelin kanssa. Huomiota her\u00e4tt\u00e4v\u00e4 makuyhdistelm\u00e4, joka luo uudelleen sinisen vadelman klassisen maun, jota t\u00e4ydent\u00e4\u00e4 j\u00e4\u00e4kylm\u00e4 mentolin loppu uloshengityksess\u00e4. L\u00e4hde Blue Razzin matkalle jo t\u00e4n\u00e4\u00e4n!<\/li>\n<li>\n<ul>\n<li><b><strong>Lohik\u00e4\u00e4rme juoma<\/strong><\/b>Vapauta itsesi mystiseen seikkailuun EBDesigns Dragon Drink -vapearaaka-aineen avulla. T\u00e4m\u00e4 maaginen <a href=\"https:\/\/www.youtube.com\/watch?v=WvMLOboFpPY\" target=\"_blank\" rel=\"noopener\">Vape<\/a> vangitsee eksoottisen lohik\u00e4\u00e4rmehedelm\u00e4n maun ja yhdist\u00e4\u00e4 sen ainutlaatuisen makeuden ja ripauksen trooppista hyvyytt\u00e4. Tunne lohik\u00e4\u00e4rmeen hillit\u00f6n energia, joka kutittaa makunystyr\u00f6it\u00e4si ja j\u00e4tt\u00e4\u00e4 sinut haluamaan lis\u00e4\u00e4.<\/li>\n<\/ul>\n<ul>\n<li><b><strong>Miami Mint:<\/strong><\/b> Vihdoinkin maku, joka on yht\u00e4 siisti kuin sin\u00e4! Nyt voit kokea Miamin y\u00f6el\u00e4m\u00e4n ja nauttia samalla virkist\u00e4v\u00e4n kevyest\u00e4 mentolin tuntumasta, jonka t\u00e4m\u00e4 EB Design -vapearuoka tarjoaa! Maista South Beachin trooppista raikkautta kuin paikallinen ja tee my\u00f6s omia pilvi\u00e4si!<\/li>\n<\/ul>\n<ul>\n<li><b><strong>Ananasj\u00e4\u00e4tel\u00f6<\/strong><\/b>Mehukas, kultainen ananas on p\u00e4iv\u00e4n sana! T\u00e4h\u00e4n saaristolais-suosikkiin on sekoitettu viile\u00e4 ripaus mentolia, joka takaa virkist\u00e4v\u00e4n ja ainutlaatuisen vappukokemuksen. Jokainen puhallus on kuin siemailisi j\u00e4\u00e4tynytt\u00e4 ananascocktailia rannalla, ja tunnet olosi viile\u00e4ksi ja virkistyneeksi.<\/li>\n<\/ul>\n<ul>\n<li><b><strong>Sateenkaarisorbetti:<\/strong><\/b> Kirpeiden sitrushedelmien ja luonnollisesti makeiden marjojen sekoitus antaa voimakkaan makupurkauksen jokaisella vedolla! Ajattele sateenkaaren v\u00e4rist\u00e4 sorbettia! Muistat my\u00f6s mielell\u00e4si joitakin lapsuutesi suosikkij\u00e4\u00e4tel\u00f6it\u00e4, jotka sis\u00e4ltyv\u00e4t jokaiseen puffetiin.<\/li>\n<\/ul>\n<ul>\n<li><b><strong>Rakettij\u00e4\u00e4tel\u00f6t:<\/strong><\/b> Tee pieni matka muistojen kaistalle Rocket Popsiclen kanssa. Kirsikan, sinisen vadelman ja sitruunan makea ja kirpe\u00e4 maku, aivan kuten ikoninen puna-valko-sininen popsicle, jonka me kaikki tunnemme ja rakastamme. Anna kes\u00e4n makujen leijua suussasi ja tunne olosi viile\u00e4ksi ja innostuneeksi.<\/li>\n<\/ul>\n<\/li>\n<\/ul>\n<\/li>\n<\/ul>","protected":false},"excerpt":{"rendered":"<p>Das verlorene Mary MO20000 Pro Vape wurde gefunden! Dieses hochmoderne Ger\u00e4t kombiniert Innovation, Stil und hohe Leistung und bringt Ihr Vaping-Spiel an die Grenze. Hergestellt mit Pr\u00e4zisionstechnik und nur Premium-Materialien, ist dieses Ger\u00e4t entwickelt, um die Bed\u00fcrfnisse der neuen und langj\u00e4hrigen vapers gleicherma\u00dfen zu erf\u00fcllen. Lassen Sie uns einen Blick auf die Hauptmerkmale werfen, die [&hellip;]<\/p>\n","protected":false},"featured_media":1381,"comment_status":"open","ping_status":"closed","template":"","meta":{"ocean_post_layout":"","ocean_both_sidebars_style":"","ocean_both_sidebars_content_width":0,"ocean_both_sidebars_sidebars_width":0,"ocean_sidebar":"0","ocean_second_sidebar":"0","ocean_disable_margins":"enable","ocean_add_body_class":"","ocean_shortcode_before_top_bar":"","ocean_shortcode_after_top_bar":"","ocean_shortcode_before_header":"","ocean_shortcode_after_header":"","ocean_has_shortcode":"","ocean_shortcode_after_title":"","ocean_shortcode_before_footer_widgets":"","ocean_shortcode_after_footer_widgets":"","ocean_shortcode_before_footer_bottom":"","ocean_shortcode_after_footer_bottom":"","ocean_display_top_bar":"default","ocean_display_header":"default","ocean_header_style":"","ocean_center_header_left_menu":"0","ocean_custom_header_template":"0","ocean_custom_logo":0,"ocean_custom_retina_logo":0,"ocean_custom_logo_max_width":0,"ocean_custom_logo_tablet_max_width":0,"ocean_custom_logo_mobile_max_width":0,"ocean_custom_logo_max_height":0,"ocean_custom_logo_tablet_max_height":0,"ocean_custom_logo_mobile_max_height":0,"ocean_header_custom_menu":"0","ocean_menu_typo_font_family":"0","ocean_menu_typo_font_subset":"","ocean_menu_typo_font_size":0,"ocean_menu_typo_font_size_tablet":0,"ocean_menu_typo_font_size_mobile":0,"ocean_menu_typo_font_size_unit":"px","ocean_menu_typo_font_weight":"","ocean_menu_typo_font_weight_tablet":"","ocean_menu_typo_font_weight_mobile":"","ocean_menu_typo_transform":"","ocean_menu_typo_transform_tablet":"","ocean_menu_typo_transform_mobile":"","ocean_menu_typo_line_height":0,"ocean_menu_typo_line_height_tablet":0,"ocean_menu_typo_line_height_mobile":0,"ocean_menu_typo_line_height_unit":"","ocean_menu_typo_spacing":0,"ocean_menu_typo_spacing_tablet":0,"ocean_menu_typo_spacing_mobile":0,"ocean_menu_typo_spacing_unit":"","ocean_menu_link_color":"","ocean_menu_link_color_hover":"","ocean_menu_link_color_active":"","ocean_menu_link_background":"","ocean_menu_link_hover_background":"","ocean_menu_link_active_background":"","ocean_menu_social_links_bg":"","ocean_menu_social_hover_links_bg":"","ocean_menu_social_links_color":"","ocean_menu_social_hover_links_color":"","ocean_disable_title":"default","ocean_disable_heading":"default","ocean_post_title":"","ocean_post_subheading":"","ocean_post_title_style":"","ocean_post_title_background_color":"","ocean_post_title_background":0,"ocean_post_title_bg_image_position":"","ocean_post_title_bg_image_attachment":"","ocean_post_title_bg_image_repeat":"","ocean_post_title_bg_image_size":"","ocean_post_title_height":0,"ocean_post_title_bg_overlay":0.5,"ocean_post_title_bg_overlay_color":"","ocean_disable_breadcrumbs":"default","ocean_breadcrumbs_color":"","ocean_breadcrumbs_separator_color":"","ocean_breadcrumbs_links_color":"","ocean_breadcrumbs_links_hover_color":"","ocean_display_footer_widgets":"default","ocean_display_footer_bottom":"default","ocean_custom_footer_template":"0"},"product_brand":[],"product_cat":[60],"product_tag":[],"class_list":{"0":"post-1380","1":"product","2":"type-product","3":"status-publish","4":"has-post-thumbnail","6":"product_cat-vapes","8":"entry","9":"has-media","11":"first","12":"instock","13":"sale","14":"shipping-taxable","15":"purchasable","16":"product-type-simple","17":"has-product-nav","18":"col","19":"span_1_of_3","20":"owp-content-center","21":"owp-thumbs-layout-horizontal","22":"owp-btn-normal","23":"owp-tabs-layout-horizontal","24":"has-no-thumbnails"},"_links":{"self":[{"href":"https:\/\/herbalaproach.com\/fi\/wp-json\/wp\/v2\/product\/1380","targetHints":{"allow":["GET"]}}],"collection":[{"href":"https:\/\/herbalaproach.com\/fi\/wp-json\/wp\/v2\/product"}],"about":[{"href":"https:\/\/herbalaproach.com\/fi\/wp-json\/wp\/v2\/types\/product"}],"replies":[{"embeddable":true,"href":"https:\/\/herbalaproach.com\/fi\/wp-json\/wp\/v2\/comments?post=1380"}],"wp:featuredmedia":[{"embeddable":true,"href":"https:\/\/herbalaproach.com\/fi\/wp-json\/wp\/v2\/media\/1381"}],"wp:attachment":[{"href":"https:\/\/herbalaproach.com\/fi\/wp-json\/wp\/v2\/media?parent=1380"}],"wp:term":[{"taxonomy":"product_brand","embeddable":true,"href":"https:\/\/herbalaproach.com\/fi\/wp-json\/wp\/v2\/product_brand?post=1380"},{"taxonomy":"product_cat","embeddable":true,"href":"https:\/\/herbalaproach.com\/fi\/wp-json\/wp\/v2\/product_cat?post=1380"},{"taxonomy":"product_tag","embeddable":true,"href":"https:\/\/herbalaproach.com\/fi\/wp-json\/wp\/v2\/product_tag?post=1380"}],"curies":[{"name":"wp","href":"https:\/\/api.w.org\/{rel}","templated":true}]}}