{"id":3,"date":"2024-10-22T22:45:31","date_gmt":"2024-10-22T21:45:31","guid":{"rendered":"https:\/\/herbalaproach.com\/?page_id=3"},"modified":"2024-10-26T00:53:44","modified_gmt":"2024-10-25T23:53:44","slug":"gummies","status":"publish","type":"page","link":"https:\/\/herbalaproach.com\/fr\/gummies\/","title":{"rendered":"Politique de confidentialit\u00e9"},"content":{"rendered":"<p><strong>Bienvenue sur HerbalAproach.com.<\/strong> Sur <a href=\"https:\/\/herbalaproach.com\/fr\/\">HerbalAproach<\/a> nous respectons votre vie priv\u00e9e et nous nous engageons \u00e0 prot\u00e9ger vos donn\u00e9es personnelles. Cette politique de confidentialit\u00e9 explique quelles informations nous collectons, comment nous les utilisons et quels choix vous pouvez faire concernant vos informations. Veuillez lire attentivement cette politique, car l'utilisation de notre site web constitue votre acceptation de ces pratiques.<\/p>\n\n\n\n<div id=\"ez-toc-container\" class=\"ez-toc-v2_0_82_2 counter-hierarchy ez-toc-counter ez-toc-grey ez-toc-container-direction\">\n<div class=\"ez-toc-title-container\">\n<p class=\"ez-toc-title\" style=\"cursor:inherit\">Table des mati\u00e8res<\/p>\n<span class=\"ez-toc-title-toggle\"><a href=\"#\" class=\"ez-toc-pull-right ez-toc-btn ez-toc-btn-xs ez-toc-btn-default ez-toc-toggle\" aria-label=\"Toggle Table of Content\"><span class=\"ez-toc-js-icon-con\"><span class=\"\"><span class=\"eztoc-hide\" style=\"display:none;\">Toggle<\/span><span class=\"ez-toc-icon-toggle-span\"><svg style=\"fill: #999;color:#999\" xmlns=\"http:\/\/www.w3.org\/2000\/svg\" class=\"list-377408\" width=\"20px\" height=\"20px\" viewbox=\"0 0 24 24\" fill=\"none\"><path d=\"M6 6H4v2h2V6zm14 0H8v2h12V6zM4 11h2v2H4v-2zm16 0H8v2h12v-2zM4 16h2v2H4v-2zm16 0H8v2h12v-2z\" fill=\"currentColor\"><\/path><\/svg><svg style=\"fill: #999;color:#999\" class=\"arrow-unsorted-368013\" xmlns=\"http:\/\/www.w3.org\/2000\/svg\" width=\"10px\" height=\"10px\" viewbox=\"0 0 24 24\" version=\"1.2\" baseprofile=\"tiny\"><path d=\"M18.2 9.3l-6.2-6.3-6.2 6.3c-.2.2-.3.4-.3.7s.1.5.3.7c.2.2.4.3.7.3h11c.3 0 .5-.1.7-.3.2-.2.3-.5.3-.7s-.1-.5-.3-.7zM5.8 14.7l6.2 6.3 6.2-6.3c.2-.2.3-.5.3-.7s-.1-.5-.3-.7c-.2-.2-.4-.3-.7-.3h-11c-.3 0-.5.1-.7.3-.2.2-.3.5-.3.7s.1.5.3.7z\"\/><\/svg><\/span><\/span><\/span><\/a><\/span><\/div>\n<nav><ul class='ez-toc-list ez-toc-list-level-1' ><li class='ez-toc-page-1 ez-toc-heading-level-3'><a class=\"ez-toc-link ez-toc-heading-1\" href=\"https:\/\/herbalaproach.com\/fr\/gummies\/#1_Informationen_die_wir_sammeln\" >1. les informations que nous collectons<\/a><ul class='ez-toc-list-level-4' ><li class='ez-toc-heading-level-4'><a class=\"ez-toc-link ez-toc-heading-2\" href=\"https:\/\/herbalaproach.com\/fr\/gummies\/#a_Personliche_Informationen\" >a. Informations personnelles :<\/a><\/li><li class='ez-toc-page-1 ez-toc-heading-level-4'><a class=\"ez-toc-link ez-toc-heading-3\" href=\"https:\/\/herbalaproach.com\/fr\/gummies\/#b_Nutzungsdaten\" >b. Donn\u00e9es d'utilisation :<\/a><\/li><li class='ez-toc-page-1 ez-toc-heading-level-4'><a class=\"ez-toc-link ez-toc-heading-4\" href=\"https:\/\/herbalaproach.com\/fr\/gummies\/#c_Cookies_und_Tracking-Technologien\" >c. Cookies et technologies de suivi :<\/a><\/li><\/ul><\/li><li class='ez-toc-page-1 ez-toc-heading-level-3'><a class=\"ez-toc-link ez-toc-heading-5\" href=\"https:\/\/herbalaproach.com\/fr\/gummies\/#2_Wie_wir_Ihre_Informationen_verwenden\" >2. comment nous utilisons vos informations<\/a><\/li><li class='ez-toc-page-1 ez-toc-heading-level-3'><a class=\"ez-toc-link ez-toc-heading-6\" href=\"https:\/\/herbalaproach.com\/fr\/gummies\/#3_Weitergabe_und_Offenlegung_Ihrer_Informationen\" >3. partage et divulgation de vos informations<\/a><\/li><li class='ez-toc-page-1 ez-toc-heading-level-3'><a class=\"ez-toc-link ez-toc-heading-7\" href=\"https:\/\/herbalaproach.com\/fr\/gummies\/#4_Ihre_Rechte_und_Wahlmoglichkeiten\" >4. vos droits et vos choix<\/a><\/li><li class='ez-toc-page-1 ez-toc-heading-level-3'><a class=\"ez-toc-link ez-toc-heading-8\" href=\"https:\/\/herbalaproach.com\/fr\/gummies\/#5_Sicherheit_Ihrer_Informationen\" >5. s\u00e9curit\u00e9 de vos informations<\/a><\/li><li class='ez-toc-page-1 ez-toc-heading-level-3'><a class=\"ez-toc-link ez-toc-heading-9\" href=\"https:\/\/herbalaproach.com\/fr\/gummies\/#6_Cookies_und_Tracking-Technologien\" >6. cookies et technologies de suivi<\/a><\/li><li class='ez-toc-page-1 ez-toc-heading-level-3'><a class=\"ez-toc-link ez-toc-heading-10\" href=\"https:\/\/herbalaproach.com\/fr\/gummies\/#7_Links_zu_Drittanbietern\" >7. liens vers des fournisseurs tiers<\/a><\/li><li class='ez-toc-page-1 ez-toc-heading-level-3'><a class=\"ez-toc-link ez-toc-heading-11\" href=\"https:\/\/herbalaproach.com\/fr\/gummies\/#8_Internationale_Datenubertragungen\" >8. transferts internationaux de donn\u00e9es<\/a><\/li><li class='ez-toc-page-1 ez-toc-heading-level-3'><a class=\"ez-toc-link ez-toc-heading-12\" href=\"https:\/\/herbalaproach.com\/fr\/gummies\/#9_Datenschutz_fur_Kinder\" >9. protection des donn\u00e9es pour les enfants<\/a><\/li><li class='ez-toc-page-1 ez-toc-heading-level-3'><a class=\"ez-toc-link ez-toc-heading-13\" href=\"https:\/\/herbalaproach.com\/fr\/gummies\/#10_Aktualisierungen_dieser_Datenschutzrichtlinie\" >10. mises \u00e0 jour de la pr\u00e9sente politique de confidentialit\u00e9<\/a><\/li><li class='ez-toc-page-1 ez-toc-heading-level-3'><a class=\"ez-toc-link ez-toc-heading-14\" href=\"https:\/\/herbalaproach.com\/fr\/gummies\/#11_Kontaktieren_Sie_uns\" >11. nous contacter<\/a><\/li><\/ul><\/nav><\/div>\n<h3 class=\"wp-block-heading\"><span class=\"ez-toc-section\" id=\"1_Informationen_die_wir_sammeln\"><\/span>1. les informations que nous collectons<span class=\"ez-toc-section-end\"><\/span><\/h3>\n\n\n\n<p>Nous pouvons collecter et traiter diff\u00e9rents types d'informations afin de fournir nos services, y compris, mais sans s'y limiter :<\/p>\n\n\n\n<h4 class=\"wp-block-heading\"><span class=\"ez-toc-section\" id=\"a_Personliche_Informationen\"><\/span>a. Informations personnelles :<span class=\"ez-toc-section-end\"><\/span><\/h4>\n\n\n\n<ul class=\"wp-block-list\">\n<li><strong>Cr\u00e9ation de comptes<\/strong>: Lorsque vous cr\u00e9ez un compte, nous recueillons votre nom, votre adresse \u00e9lectronique, votre adresse postale, votre num\u00e9ro de t\u00e9l\u00e9phone et votre mot de passe.<\/li>\n\n\n\n<li><strong>D\u00e9tails de la commande<\/strong>Lorsque vous effectuez un achat, nous collectons des informations sur la transaction, telles que les adresses de facturation et de livraison et les informations de paiement.<\/li>\n\n\n\n<li><strong>V\u00e9rification de l'\u00e2ge<\/strong>: Nos produits \u00e9tant r\u00e9serv\u00e9s aux adultes, nous pouvons collecter des donn\u00e9es de naissance afin de v\u00e9rifier votre \u00e9ligibilit\u00e9.<\/li>\n<\/ul>\n\n\n\n<h4 class=\"wp-block-heading\"><span class=\"ez-toc-section\" id=\"b_Nutzungsdaten\"><\/span>b. Donn\u00e9es d'utilisation :<span class=\"ez-toc-section-end\"><\/span><\/h4>\n\n\n\n<ul class=\"wp-block-list\">\n<li><strong>Utilisation du site web<\/strong>: informations sur la mani\u00e8re dont vous utilisez notre site, y compris les pages consult\u00e9es, les articles sur lesquels vous avez cliqu\u00e9, l'historique des recherches et la dur\u00e9e de la visite.<\/li>\n\n\n\n<li><strong>Informations sur l'appareil<\/strong>: informations sur l'appareil et le navigateur que vous utilisez, y compris l'adresse IP, le type de navigateur et le syst\u00e8me d'exploitation.<\/li>\n<\/ul>\n\n\n\n<h4 class=\"wp-block-heading\"><span class=\"ez-toc-section\" id=\"c_Cookies_und_Tracking-Technologien\"><\/span>c. Cookies et technologies de suivi :<span class=\"ez-toc-section-end\"><\/span><\/h4>\n\n\n\n<ul class=\"wp-block-list\">\n<li>Nous utilisons des cookies, des balises web et d'autres technologies similaires pour am\u00e9liorer la fonctionnalit\u00e9 du site et collecter des informations sur la mani\u00e8re dont nos visiteurs interagissent avec notre site.<\/li>\n<\/ul>\n\n\n\n<h3 class=\"wp-block-heading\"><span class=\"ez-toc-section\" id=\"2_Wie_wir_Ihre_Informationen_verwenden\"><\/span>2. comment nous utilisons vos informations<span class=\"ez-toc-section-end\"><\/span><\/h3>\n\n\n\n<p>HerbalAproach utilise vos informations pour fournir, am\u00e9liorer et personnaliser votre exp\u00e9rience, y compris<\/p>\n\n\n\n<ul class=\"wp-block-list\">\n<li><strong>Traitement des commandes<\/strong>Pour traiter vos achats, effectuer des paiements et livrer des produits.<\/li>\n\n\n\n<li><strong>Support client<\/strong>: Pour r\u00e9pondre \u00e0 vos demandes, fournir une assistance technique et am\u00e9liorer le service \u00e0 la client\u00e8le.<\/li>\n\n\n\n<li><strong>Communication marketing<\/strong>: Pour vous envoyer des offres, des newsletters et des mises \u00e0 jour si vous avez choisi de les recevoir. Vous pouvez vous d\u00e9sinscrire de ces communications \u00e0 tout moment.<\/li>\n\n\n\n<li><strong>Optimisation du site web<\/strong>Pour analyser les tendances, administrer le site, suivre les mouvements des utilisateurs et am\u00e9liorer les performances de notre site.<\/li>\n\n\n\n<li><strong>Respect de la l\u00e9gislation<\/strong>Pour se conformer aux lois et r\u00e8glements en vigueur et aux demandes des autorit\u00e9s charg\u00e9es de l'application de la loi.<\/li>\n<\/ul>\n\n\n\n<h3 class=\"wp-block-heading\"><span class=\"ez-toc-section\" id=\"3_Weitergabe_und_Offenlegung_Ihrer_Informationen\"><\/span>3. partage et divulgation de vos informations<span class=\"ez-toc-section-end\"><\/span><\/h3>\n\n\n\n<p>Nous pouvons partager vos donn\u00e9es personnelles avec des tiers dans les cas suivants :<\/p>\n\n\n\n<ul class=\"wp-block-list\">\n<li><strong>Prestataire de services<\/strong>: Avec des fournisseurs tiers qui nous aident \u00e0 fournir nos services, y compris le traitement des paiements, l'exp\u00e9dition, l'analyse et le marketing.<\/li>\n\n\n\n<li><strong>Obligations l\u00e9gales<\/strong>Lorsque la loi l'exige, par exemple en r\u00e9ponse \u00e0 une assignation \u00e0 compara\u00eetre, \u00e0 une d\u00e9cision de justice ou \u00e0 d'autres proc\u00e9dures l\u00e9gales.<\/li>\n\n\n\n<li><strong>Transmissions d'entreprises<\/strong>: En cas de fusion, d'acquisition ou de vente d'actifs, vos informations peuvent \u00eatre transf\u00e9r\u00e9es \u00e0 la nouvelle entit\u00e9.<\/li>\n<\/ul>\n\n\n\n<p>Nous ne vendons ni ne louons vos donn\u00e9es personnelles \u00e0 des tiers.<\/p>\n\n\n\n<h3 class=\"wp-block-heading\"><span class=\"ez-toc-section\" id=\"4_Ihre_Rechte_und_Wahlmoglichkeiten\"><\/span>4. vos droits et vos choix<span class=\"ez-toc-section-end\"><\/span><\/h3>\n\n\n\n<p>Selon l'endroit o\u00f9 vous vous trouvez, vous pouvez avoir les droits suivants en ce qui concerne vos donn\u00e9es personnelles :<\/p>\n\n\n\n<ul class=\"wp-block-list\">\n<li><strong>Acc\u00e8s<\/strong>Vous pouvez demander une copie des donn\u00e9es personnelles que nous d\u00e9tenons \u00e0 votre sujet.<\/li>\n\n\n\n<li><strong>Rectification<\/strong>Vous pouvez mettre \u00e0 jour ou corriger les inexactitudes dans vos donn\u00e9es personnelles.<\/li>\n\n\n\n<li><strong>Suppression<\/strong>: vous pouvez demander la suppression de vos donn\u00e9es personnelles, sous r\u00e9serve de certaines restrictions l\u00e9gales.<\/li>\n\n\n\n<li><strong>D\u00e9sinscription au marketing<\/strong>Vous pouvez refuser de recevoir des communications commerciales en suivant les instructions de d\u00e9sabonnement figurant dans nos e-mails marketing.<\/li>\n<\/ul>\n\n\n\n<p>Pour exercer l'un de ces droits, veuillez nous contacter \u00e0 l'adresse herbalaproach@gmail.com.<\/p>\n\n\n\n<h3 class=\"wp-block-heading\"><span class=\"ez-toc-section\" id=\"5_Sicherheit_Ihrer_Informationen\"><\/span>5. s\u00e9curit\u00e9 de vos informations<span class=\"ez-toc-section-end\"><\/span><\/h3>\n\n\n\n<p>Nous utilisons les mesures standard du secteur pour prot\u00e9ger vos donn\u00e9es. Cependant, aucune transmission sur Internet ou m\u00e9thode de stockage \u00e9lectronique n'est 100% s\u00fbre. Nous nous effor\u00e7ons de prot\u00e9ger vos donn\u00e9es, mais nous ne pouvons pas garantir une s\u00e9curit\u00e9 absolue.<\/p>\n\n\n\n<h3 class=\"wp-block-heading\"><span class=\"ez-toc-section\" id=\"6_Cookies_und_Tracking-Technologien\"><\/span>6. cookies et technologies de suivi<span class=\"ez-toc-section-end\"><\/span><\/h3>\n\n\n\n<p>Notre site web utilise des cookies pour am\u00e9liorer votre exp\u00e9rience et analyser le trafic du site. Les cookies nous aident \u00e0 reconna\u00eetre les visiteurs qui reviennent et \u00e0 collecter des donn\u00e9es sur l'utilisation du site afin d'am\u00e9liorer nos offres. Vous pouvez g\u00e9rer vos param\u00e8tres de cookies dans votre navigateur.<\/p>\n\n\n\n<h3 class=\"wp-block-heading\"><span class=\"ez-toc-section\" id=\"7_Links_zu_Drittanbietern\"><\/span>7. liens vers des fournisseurs tiers<span class=\"ez-toc-section-end\"><\/span><\/h3>\n\n\n\n<p>Notre site web peut contenir des liens vers des sites web de tiers. HerbalAproach n'est pas responsable des pratiques de confidentialit\u00e9 ou du contenu de ces sites. Nous vous recommandons de v\u00e9rifier les politiques de confidentialit\u00e9 des sites tiers que vous visitez.<\/p>\n\n\n\n<h3 class=\"wp-block-heading\"><span class=\"ez-toc-section\" id=\"8_Internationale_Datenubertragungen\"><\/span>8. transferts internationaux de donn\u00e9es<span class=\"ez-toc-section-end\"><\/span><\/h3>\n\n\n\n<p>Si vous acc\u00e9dez \u00e0 notre site web depuis l'ext\u00e9rieur de l'Europe, veuillez noter que vos donn\u00e9es peuvent \u00eatre transf\u00e9r\u00e9es, stock\u00e9es et trait\u00e9es dans un autre pays o\u00f9 se trouvent nos serveurs. En utilisant notre site, vous acceptez le transfert de vos donn\u00e9es \u00e0 nos installations et \u00e0 des tiers conform\u00e9ment \u00e0 la pr\u00e9sente politique.<\/p>\n\n\n\n<h3 class=\"wp-block-heading\"><span class=\"ez-toc-section\" id=\"9_Datenschutz_fur_Kinder\"><\/span>9. protection des donn\u00e9es pour les enfants<span class=\"ez-toc-section-end\"><\/span><\/h3>\n\n\n\n<p>HerbalAproach ne collecte ni ne demande sciemment aucune information personnelle \u00e0 des enfants de moins de 18 ans. Nos services sont uniquement destin\u00e9s \u00e0 \u00eatre utilis\u00e9s par des adultes.<\/p>\n\n\n\n<h3 class=\"wp-block-heading\"><span class=\"ez-toc-section\" id=\"10_Aktualisierungen_dieser_Datenschutzrichtlinie\"><\/span>10. mises \u00e0 jour de la pr\u00e9sente politique de confidentialit\u00e9<span class=\"ez-toc-section-end\"><\/span><\/h3>\n\n\n\n<p>Nous pouvons mettre \u00e0 jour cette politique de confidentialit\u00e9 de temps \u00e0 autre afin de refl\u00e9ter les changements dans nos pratiques ou les exigences l\u00e9gales. Nous vous encourageons \u00e0 consulter cette politique \u00e0 chaque fois que vous visitez notre site web afin d'\u00eatre inform\u00e9 de nos pratiques en mati\u00e8re de donn\u00e9es.<\/p>\n\n\n\n<h3 class=\"wp-block-heading\"><span class=\"ez-toc-section\" id=\"11_Kontaktieren_Sie_uns\"><\/span>11. nous contacter<span class=\"ez-toc-section-end\"><\/span><\/h3>\n\n\n\n<p>Si vous avez des questions ou des pr\u00e9occupations concernant cette politique de confidentialit\u00e9, veuillez nous contacter \u00e0 l'adresse suivante :<\/p>\n\n\n\n<ul class=\"wp-block-list\">\n<li><strong>Courrier \u00e9lectronique<\/strong>: herbalaproach@gmail.com<\/li>\n<\/ul>","protected":false},"excerpt":{"rendered":"<p>Willkommen auf HerbalAproach.com. Bei HerbalAproach respektieren wir Ihre Privatsph\u00e4re und verpflichten uns, Ihre pers\u00f6nlichen Daten zu sch\u00fctzen. Diese Datenschutzrichtlinie erkl\u00e4rt, welche Informationen wir sammeln, wie wir sie verwenden und welche Wahlm\u00f6glichkeiten Sie in Bezug auf Ihre Informationen haben. Bitte lesen Sie diese Richtlinie sorgf\u00e4ltig durch, da die Nutzung unserer Website Ihre Zustimmung zu diesen Praktiken [&hellip;]<\/p>\n","protected":false},"author":1,"featured_media":0,"parent":0,"menu_order":0,"comment_status":"closed","ping_status":"open","template":"","meta":{"ocean_post_layout":"","ocean_both_sidebars_style":"","ocean_both_sidebars_content_width":0,"ocean_both_sidebars_sidebars_width":0,"ocean_sidebar":"","ocean_second_sidebar":"","ocean_disable_margins":"enable","ocean_add_body_class":"","ocean_shortcode_before_top_bar":"","ocean_shortcode_after_top_bar":"","ocean_shortcode_before_header":"","ocean_shortcode_after_header":"","ocean_has_shortcode":"","ocean_shortcode_after_title":"","ocean_shortcode_before_footer_widgets":"","ocean_shortcode_after_footer_widgets":"","ocean_shortcode_before_footer_bottom":"","ocean_shortcode_after_footer_bottom":"","ocean_display_top_bar":"default","ocean_display_header":"default","ocean_header_style":"","ocean_center_header_left_menu":"","ocean_custom_header_template":"","ocean_custom_logo":0,"ocean_custom_retina_logo":0,"ocean_custom_logo_max_width":0,"ocean_custom_logo_tablet_max_width":0,"ocean_custom_logo_mobile_max_width":0,"ocean_custom_logo_max_height":0,"ocean_custom_logo_tablet_max_height":0,"ocean_custom_logo_mobile_max_height":0,"ocean_header_custom_menu":"","ocean_menu_typo_font_family":"","ocean_menu_typo_font_subset":"","ocean_menu_typo_font_size":0,"ocean_menu_typo_font_size_tablet":0,"ocean_menu_typo_font_size_mobile":0,"ocean_menu_typo_font_size_unit":"px","ocean_menu_typo_font_weight":"","ocean_menu_typo_font_weight_tablet":"","ocean_menu_typo_font_weight_mobile":"","ocean_menu_typo_transform":"","ocean_menu_typo_transform_tablet":"","ocean_menu_typo_transform_mobile":"","ocean_menu_typo_line_height":0,"ocean_menu_typo_line_height_tablet":0,"ocean_menu_typo_line_height_mobile":0,"ocean_menu_typo_line_height_unit":"","ocean_menu_typo_spacing":0,"ocean_menu_typo_spacing_tablet":0,"ocean_menu_typo_spacing_mobile":0,"ocean_menu_typo_spacing_unit":"","ocean_menu_link_color":"","ocean_menu_link_color_hover":"","ocean_menu_link_color_active":"","ocean_menu_link_background":"","ocean_menu_link_hover_background":"","ocean_menu_link_active_background":"","ocean_menu_social_links_bg":"","ocean_menu_social_hover_links_bg":"","ocean_menu_social_links_color":"","ocean_menu_social_hover_links_color":"","ocean_disable_title":"default","ocean_disable_heading":"default","ocean_post_title":"","ocean_post_subheading":"","ocean_post_title_style":"","ocean_post_title_background_color":"","ocean_post_title_background":0,"ocean_post_title_bg_image_position":"","ocean_post_title_bg_image_attachment":"","ocean_post_title_bg_image_repeat":"","ocean_post_title_bg_image_size":"","ocean_post_title_height":0,"ocean_post_title_bg_overlay":0.5,"ocean_post_title_bg_overlay_color":"","ocean_disable_breadcrumbs":"default","ocean_breadcrumbs_color":"","ocean_breadcrumbs_separator_color":"","ocean_breadcrumbs_links_color":"","ocean_breadcrumbs_links_hover_color":"","ocean_display_footer_widgets":"default","ocean_display_footer_bottom":"default","ocean_custom_footer_template":"","footnotes":""},"class_list":["post-3","page","type-page","status-publish","hentry","entry","owp-thumbs-layout-horizontal","owp-btn-normal","owp-tabs-layout-horizontal","has-no-thumbnails","has-product-nav"],"_links":{"self":[{"href":"https:\/\/herbalaproach.com\/fr\/wp-json\/wp\/v2\/pages\/3","targetHints":{"allow":["GET"]}}],"collection":[{"href":"https:\/\/herbalaproach.com\/fr\/wp-json\/wp\/v2\/pages"}],"about":[{"href":"https:\/\/herbalaproach.com\/fr\/wp-json\/wp\/v2\/types\/page"}],"author":[{"embeddable":true,"href":"https:\/\/herbalaproach.com\/fr\/wp-json\/wp\/v2\/users\/1"}],"replies":[{"embeddable":true,"href":"https:\/\/herbalaproach.com\/fr\/wp-json\/wp\/v2\/comments?post=3"}],"version-history":[{"count":2,"href":"https:\/\/herbalaproach.com\/fr\/wp-json\/wp\/v2\/pages\/3\/revisions"}],"predecessor-version":[{"id":1298,"href":"https:\/\/herbalaproach.com\/fr\/wp-json\/wp\/v2\/pages\/3\/revisions\/1298"}],"wp:attachment":[{"href":"https:\/\/herbalaproach.com\/fr\/wp-json\/wp\/v2\/media?parent=3"}],"curies":[{"name":"wp","href":"https:\/\/api.w.org\/{rel}","templated":true}]}}