{"id":1193,"date":"2024-10-23T13:32:57","date_gmt":"2024-10-23T12:32:57","guid":{"rendered":"https:\/\/herbalaproach.com\/?post_type=product&#038;p=1193"},"modified":"2024-10-23T19:03:18","modified_gmt":"2024-10-23T18:03:18","slug":"cereal-milk-strain","status":"publish","type":"product","link":"https:\/\/herbalaproach.com\/fr\/product\/cereal-milk-strain\/","title":{"rendered":"Cereal milk strain - Hybride"},"content":{"rendered":"<p><a href=\"https:\/\/herbalaproach.com\/fr\/\">Strain de lait de c\u00e9r\u00e9ales<\/a> est une vari\u00e9t\u00e9 hybride rare et uniform\u00e9ment \u00e9quilibr\u00e9e (50% Indica\/50% Sativa), issue du croisement des puissantes vari\u00e9t\u00e9s Snowman X Y-Life. Tu es \u00e0 la recherche d'un go\u00fbt super unique et d'un buzz de longue dur\u00e9e, parfait pour une journ\u00e9e de week-end paresseuse ? Avec Cereal Milk, tu l'as trouv\u00e9. Cette charmante dame a un go\u00fbt sucr\u00e9 et cr\u00e9meux de sucre avec une touche de fruits et de baies, presque comme un reste de bol de lait de c\u00e9r\u00e9ales. L'ar\u00f4me est tr\u00e8s similaire, bien qu'avec une l\u00e9g\u00e8re note d'herbes. <span class=\"___SText_anxqe-ko_\" data-ui-name=\"Link.Text\"><a href=\"https:\/\/www.youtube.com\/watch?v=uwCtfY2qbiE\" target=\"_blank\" rel=\"noopener\">lait de c\u00e9r\u00e9ales<\/a> stra<\/span><span class=\"___SText_anxqe-ko_\" data-ui-name=\"Link.Text\">i<\/span><span class=\"___SText_anxqe-ko_\" data-ui-name=\"Link.Text\">n<\/span><\/p>\n<h2>Cons\u00e9quences<\/h2>\n<p>Apaisant, Cr\u00e9atif, Focalis\u00e9, Relaxant, Sociable, Encourageant<\/p>\n<h2>Go\u00fbts<\/h2>\n<p>Baies, cr\u00e9meux, fruit\u00e9, sucr\u00e9, doux<\/p>\n<h2>Ar\u00f4me <span class=\"___SText_anxqe-ko_\" data-ui-name=\"Link.Text\">souche de lait de c\u00e9r\u00e9ales<\/span><\/h2>\n<p>Baies, Fruit\u00e9, Herbes, \u00c9pic\u00e9, Doux<\/p>\n<h2>Soulage<\/h2>\n<p>Douleurs chroniques, d\u00e9pression, fatigue, naus\u00e9es, stress<\/p>","protected":false},"excerpt":{"rendered":"<div class=\"woocommerce-product-details__short-description\">\n<p>AA (25% - 26% THC)<\/p>\n<\/div>","protected":false},"featured_media":1194,"comment_status":"open","ping_status":"closed","template":"","meta":{"ocean_post_layout":"","ocean_both_sidebars_style":"","ocean_both_sidebars_content_width":0,"ocean_both_sidebars_sidebars_width":0,"ocean_sidebar":"0","ocean_second_sidebar":"0","ocean_disable_margins":"enable","ocean_add_body_class":"","ocean_shortcode_before_top_bar":"","ocean_shortcode_after_top_bar":"","ocean_shortcode_before_header":"","ocean_shortcode_after_header":"","ocean_has_shortcode":"","ocean_shortcode_after_title":"","ocean_shortcode_before_footer_widgets":"","ocean_shortcode_after_footer_widgets":"","ocean_shortcode_before_footer_bottom":"","ocean_shortcode_after_footer_bottom":"","ocean_display_top_bar":"default","ocean_display_header":"default","ocean_header_style":"","ocean_center_header_left_menu":"0","ocean_custom_header_template":"0","ocean_custom_logo":0,"ocean_custom_retina_logo":0,"ocean_custom_logo_max_width":0,"ocean_custom_logo_tablet_max_width":0,"ocean_custom_logo_mobile_max_width":0,"ocean_custom_logo_max_height":0,"ocean_custom_logo_tablet_max_height":0,"ocean_custom_logo_mobile_max_height":0,"ocean_header_custom_menu":"0","ocean_menu_typo_font_family":"0","ocean_menu_typo_font_subset":"","ocean_menu_typo_font_size":0,"ocean_menu_typo_font_size_tablet":0,"ocean_menu_typo_font_size_mobile":0,"ocean_menu_typo_font_size_unit":"px","ocean_menu_typo_font_weight":"","ocean_menu_typo_font_weight_tablet":"","ocean_menu_typo_font_weight_mobile":"","ocean_menu_typo_transform":"","ocean_menu_typo_transform_tablet":"","ocean_menu_typo_transform_mobile":"","ocean_menu_typo_line_height":0,"ocean_menu_typo_line_height_tablet":0,"ocean_menu_typo_line_height_mobile":0,"ocean_menu_typo_line_height_unit":"","ocean_menu_typo_spacing":0,"ocean_menu_typo_spacing_tablet":0,"ocean_menu_typo_spacing_mobile":0,"ocean_menu_typo_spacing_unit":"","ocean_menu_link_color":"","ocean_menu_link_color_hover":"","ocean_menu_link_color_active":"","ocean_menu_link_background":"","ocean_menu_link_hover_background":"","ocean_menu_link_active_background":"","ocean_menu_social_links_bg":"","ocean_menu_social_hover_links_bg":"","ocean_menu_social_links_color":"","ocean_menu_social_hover_links_color":"","ocean_disable_title":"default","ocean_disable_heading":"default","ocean_post_title":"","ocean_post_subheading":"","ocean_post_title_style":"","ocean_post_title_background_color":"","ocean_post_title_background":0,"ocean_post_title_bg_image_position":"","ocean_post_title_bg_image_attachment":"","ocean_post_title_bg_image_repeat":"","ocean_post_title_bg_image_size":"","ocean_post_title_height":0,"ocean_post_title_bg_overlay":0.5,"ocean_post_title_bg_overlay_color":"","ocean_disable_breadcrumbs":"default","ocean_breadcrumbs_color":"","ocean_breadcrumbs_separator_color":"","ocean_breadcrumbs_links_color":"","ocean_breadcrumbs_links_hover_color":"","ocean_display_footer_widgets":"default","ocean_display_footer_bottom":"default","ocean_custom_footer_template":"0"},"product_brand":[],"product_cat":[35],"product_tag":[],"class_list":{"0":"post-1193","1":"product","2":"type-product","3":"status-publish","4":"has-post-thumbnail","6":"product_cat-blumen","8":"entry","9":"has-media","11":"first","12":"instock","13":"sale","14":"shipping-taxable","15":"purchasable","16":"product-type-variable","17":"has-product-nav","18":"col","19":"span_1_of_3","20":"owp-content-center","21":"owp-thumbs-layout-horizontal","22":"owp-btn-normal","23":"owp-tabs-layout-horizontal","24":"has-no-thumbnails"},"_links":{"self":[{"href":"https:\/\/herbalaproach.com\/fr\/wp-json\/wp\/v2\/product\/1193","targetHints":{"allow":["GET"]}}],"collection":[{"href":"https:\/\/herbalaproach.com\/fr\/wp-json\/wp\/v2\/product"}],"about":[{"href":"https:\/\/herbalaproach.com\/fr\/wp-json\/wp\/v2\/types\/product"}],"replies":[{"embeddable":true,"href":"https:\/\/herbalaproach.com\/fr\/wp-json\/wp\/v2\/comments?post=1193"}],"wp:featuredmedia":[{"embeddable":true,"href":"https:\/\/herbalaproach.com\/fr\/wp-json\/wp\/v2\/media\/1194"}],"wp:attachment":[{"href":"https:\/\/herbalaproach.com\/fr\/wp-json\/wp\/v2\/media?parent=1193"}],"wp:term":[{"taxonomy":"product_brand","embeddable":true,"href":"https:\/\/herbalaproach.com\/fr\/wp-json\/wp\/v2\/product_brand?post=1193"},{"taxonomy":"product_cat","embeddable":true,"href":"https:\/\/herbalaproach.com\/fr\/wp-json\/wp\/v2\/product_cat?post=1193"},{"taxonomy":"product_tag","embeddable":true,"href":"https:\/\/herbalaproach.com\/fr\/wp-json\/wp\/v2\/product_tag?post=1193"}],"curies":[{"name":"wp","href":"https:\/\/api.w.org\/{rel}","templated":true}]}}