{"id":1212,"date":"2024-10-24T00:09:59","date_gmt":"2024-10-23T23:09:59","guid":{"rendered":"https:\/\/herbalaproach.com\/?post_type=product&#038;p=1212"},"modified":"2024-10-24T00:10:53","modified_gmt":"2024-10-23T23:10:53","slug":"cherry-pie","status":"publish","type":"product","link":"https:\/\/herbalaproach.com\/fr\/product\/cherry-pie\/","title":{"rendered":"Tarte aux cerises"},"content":{"rendered":"<p>Cherry Pie est une vari\u00e9t\u00e9 \u00e0 dominance Indica. <a href=\"https:\/\/herbalaproach.com\/fr\/\">Hybride<\/a> de Grand Daddy Purple et de Durban Poison. Bien qu'il soit difficile de trouver la version authentique de cette vari\u00e9t\u00e9 de marijuana m\u00e9dicale particuli\u00e8re, il ne sera certainement pas difficile de croire qu'il s'agit du meilleur type de vari\u00e9t\u00e9. Dans la composition structurelle, il a des bourgeons denses avec des poils orange tout au long et montre une l\u00e9g\u00e8re teinte de violet. Inspirant le nom de cette vari\u00e9t\u00e9 de marijuana m\u00e9dicale, l'ar\u00f4me est celui du g\u00e2teau \u00e0 la cerise. Il est le plus souvent utilis\u00e9 par les patients qui souffrent de sympt\u00f4mes \u00e9vidents de <a href=\"https:\/\/www.youtube.com\/watch?v=cP0_uUZlD2w\" target=\"_blank\" rel=\"noopener\">ESPT<\/a>Les personnes qui souffrent de troubles de l'humeur, d'anxi\u00e9t\u00e9, de troubles bipolaires, de migraines et d'autres syndromes de stress ont recours \u00e0 cette m\u00e9thode.<\/p>\n<h3>Cons\u00e9quences<\/h3>\n<p>Cr\u00e9atif, Euphorique, Heureux, Relaxant<\/p>\n<h3>Cons\u00e9quences<\/h3>\n<p>Saveurs Baie, Cerise, Doux<\/p>\n<h3>Ar\u00f4me<\/h3>\n<p>myrtille, cerise, terreux, doux<\/p>\n<h3>Soulage la tarte aux cerises<\/h3>\n<p>ADD\/ADHD, Anxi\u00e9t\u00e9, Trouble bipolaire, Douleur chronique, D\u00e9pression, Insomnie, Perte d'app\u00e9tit, Migraine, ESPT, Stress<\/p>\n<p>&nbsp;<\/p>","protected":false},"excerpt":{"rendered":"<div class=\"woocommerce-product-details__short-description\">\n<p><strong>AA (26% - 27% THC)<\/strong><\/p>\n<\/div>","protected":false},"featured_media":1213,"comment_status":"open","ping_status":"closed","template":"","meta":{"ocean_post_layout":"","ocean_both_sidebars_style":"","ocean_both_sidebars_content_width":0,"ocean_both_sidebars_sidebars_width":0,"ocean_sidebar":"0","ocean_second_sidebar":"0","ocean_disable_margins":"enable","ocean_add_body_class":"","ocean_shortcode_before_top_bar":"","ocean_shortcode_after_top_bar":"","ocean_shortcode_before_header":"","ocean_shortcode_after_header":"","ocean_has_shortcode":"","ocean_shortcode_after_title":"","ocean_shortcode_before_footer_widgets":"","ocean_shortcode_after_footer_widgets":"","ocean_shortcode_before_footer_bottom":"","ocean_shortcode_after_footer_bottom":"","ocean_display_top_bar":"default","ocean_display_header":"default","ocean_header_style":"","ocean_center_header_left_menu":"0","ocean_custom_header_template":"0","ocean_custom_logo":0,"ocean_custom_retina_logo":0,"ocean_custom_logo_max_width":0,"ocean_custom_logo_tablet_max_width":0,"ocean_custom_logo_mobile_max_width":0,"ocean_custom_logo_max_height":0,"ocean_custom_logo_tablet_max_height":0,"ocean_custom_logo_mobile_max_height":0,"ocean_header_custom_menu":"0","ocean_menu_typo_font_family":"0","ocean_menu_typo_font_subset":"","ocean_menu_typo_font_size":0,"ocean_menu_typo_font_size_tablet":0,"ocean_menu_typo_font_size_mobile":0,"ocean_menu_typo_font_size_unit":"px","ocean_menu_typo_font_weight":"","ocean_menu_typo_font_weight_tablet":"","ocean_menu_typo_font_weight_mobile":"","ocean_menu_typo_transform":"","ocean_menu_typo_transform_tablet":"","ocean_menu_typo_transform_mobile":"","ocean_menu_typo_line_height":0,"ocean_menu_typo_line_height_tablet":0,"ocean_menu_typo_line_height_mobile":0,"ocean_menu_typo_line_height_unit":"","ocean_menu_typo_spacing":0,"ocean_menu_typo_spacing_tablet":0,"ocean_menu_typo_spacing_mobile":0,"ocean_menu_typo_spacing_unit":"","ocean_menu_link_color":"","ocean_menu_link_color_hover":"","ocean_menu_link_color_active":"","ocean_menu_link_background":"","ocean_menu_link_hover_background":"","ocean_menu_link_active_background":"","ocean_menu_social_links_bg":"","ocean_menu_social_hover_links_bg":"","ocean_menu_social_links_color":"","ocean_menu_social_hover_links_color":"","ocean_disable_title":"default","ocean_disable_heading":"default","ocean_post_title":"","ocean_post_subheading":"","ocean_post_title_style":"","ocean_post_title_background_color":"","ocean_post_title_background":0,"ocean_post_title_bg_image_position":"","ocean_post_title_bg_image_attachment":"","ocean_post_title_bg_image_repeat":"","ocean_post_title_bg_image_size":"","ocean_post_title_height":0,"ocean_post_title_bg_overlay":0.5,"ocean_post_title_bg_overlay_color":"","ocean_disable_breadcrumbs":"default","ocean_breadcrumbs_color":"","ocean_breadcrumbs_separator_color":"","ocean_breadcrumbs_links_color":"","ocean_breadcrumbs_links_hover_color":"","ocean_display_footer_widgets":"default","ocean_display_footer_bottom":"default","ocean_custom_footer_template":"0"},"product_brand":[],"product_cat":[35],"product_tag":[],"class_list":{"0":"post-1212","1":"product","2":"type-product","3":"status-publish","4":"has-post-thumbnail","6":"product_cat-blumen","8":"entry","9":"has-media","11":"first","12":"instock","13":"sale","14":"shipping-taxable","15":"purchasable","16":"product-type-variable","17":"has-product-nav","18":"col","19":"span_1_of_3","20":"owp-content-center","21":"owp-thumbs-layout-horizontal","22":"owp-btn-normal","23":"owp-tabs-layout-horizontal","24":"has-no-thumbnails"},"_links":{"self":[{"href":"https:\/\/herbalaproach.com\/fr\/wp-json\/wp\/v2\/product\/1212","targetHints":{"allow":["GET"]}}],"collection":[{"href":"https:\/\/herbalaproach.com\/fr\/wp-json\/wp\/v2\/product"}],"about":[{"href":"https:\/\/herbalaproach.com\/fr\/wp-json\/wp\/v2\/types\/product"}],"replies":[{"embeddable":true,"href":"https:\/\/herbalaproach.com\/fr\/wp-json\/wp\/v2\/comments?post=1212"}],"wp:featuredmedia":[{"embeddable":true,"href":"https:\/\/herbalaproach.com\/fr\/wp-json\/wp\/v2\/media\/1213"}],"wp:attachment":[{"href":"https:\/\/herbalaproach.com\/fr\/wp-json\/wp\/v2\/media?parent=1212"}],"wp:term":[{"taxonomy":"product_brand","embeddable":true,"href":"https:\/\/herbalaproach.com\/fr\/wp-json\/wp\/v2\/product_brand?post=1212"},{"taxonomy":"product_cat","embeddable":true,"href":"https:\/\/herbalaproach.com\/fr\/wp-json\/wp\/v2\/product_cat?post=1212"},{"taxonomy":"product_tag","embeddable":true,"href":"https:\/\/herbalaproach.com\/fr\/wp-json\/wp\/v2\/product_tag?post=1212"}],"curies":[{"name":"wp","href":"https:\/\/api.w.org\/{rel}","templated":true}]}}