{"id":1224,"date":"2024-10-24T01:58:06","date_gmt":"2024-10-24T00:58:06","guid":{"rendered":"https:\/\/herbalaproach.com\/?post_type=product&#038;p=1224"},"modified":"2024-10-24T18:25:03","modified_gmt":"2024-10-24T17:25:03","slug":"golden-teacher-pilze","status":"publish","type":"product","link":"https:\/\/herbalaproach.com\/fr\/product\/golden-teacher-pilze\/","title":{"rendered":"champignons golden teacher"},"content":{"rendered":"<p>Enseignant d'or <a href=\"https:\/\/herbalaproach.com\/fr\/\">Champignons<\/a> donnent un sentiment d'illumination, ils vous aident \u00e0 vous connecter avec la nature. Capacit\u00e9 \u00e9tonnante de gu\u00e9rir l'esprit et l'\u00e2me. Ces champignons magiques psych\u00e9d\u00e9liques sont <b><strong>aussi bien pour les d\u00e9butants que pour les v\u00e9t\u00e9rans<\/strong><\/b>.<\/p>\n<h3>Comment utiliser<\/h3>\n<ul>\n<li><b><strong>Brut :<\/strong><\/b> Mange-les crus dans le sachet, m\u00e2che-les bien pour en extraire le plus de psilocybine possible. De cette mani\u00e8re, tu obtiendras toutes les saveurs associ\u00e9es aux champignons. \u00c0 des doses plus \u00e9lev\u00e9es, il peut y avoir une certaine naus\u00e9e.<\/li>\n<li><b><strong>Pr\u00e9parez un th\u00e9 :<\/strong><\/b> Ajoutez la dose souhait\u00e9e dans 1-1,5 tasses d'eau et faites bouillir pendant 10 minutes. Si tu le souhaites, tu peux ajouter d'autres herbes d\u00e9licieuses pour rendre le th\u00e9 plus savoureux, par exemple en ajoutant les champignons \u00e0 un m\u00e9lange de th\u00e9 chai. Les effets se font sentir plus rapidement que si vous mangiez des champignons crus, et il est rapport\u00e9 que les naus\u00e9es sont moins fr\u00e9quentes.<\/li>\n<li><b><strong>Lemon tek :<\/strong><\/b> Moulez la dose souhait\u00e9e en une poudre et versez-la dans une petite tasse ou un bol. Ajoutez le jus de 1-2 citrons jusqu'\u00e0 ce que les champignons soient recouverts de jus de citron. Laissez reposer pendant 15-20 minutes. Consommez enti\u00e8rement. Agit le plus rapidement, le plus fortement et, para\u00eet-il, avec beaucoup moins de naus\u00e9es.<\/li>\n<li><b><strong>Avec nourriture :<\/strong><\/b> Pizza, PB &amp; J, chips ou dans un smoothie, les possibilit\u00e9s sont infinies ! Attrapez quelques champignons s\u00e9ch\u00e9s et mangez-les avec votre snack pr\u00e9f\u00e9r\u00e9.<\/li>\n<li>Dosage\n<ul>\n<li><b><strong>0-0.25g :<\/strong><\/b> Une microdose ; effets psych\u00e9d\u00e9liques tr\u00e8s subtils. Pas d'impressions visuelles, pas de changements visibles, pas de perte de contr\u00f4le. Exp\u00e9rience d'am\u00e9lioration de l'humeur, de diminution de l'anxi\u00e9t\u00e9, d'am\u00e9lioration de la vivacit\u00e9 d'esprit et d'am\u00e9lioration des niveaux d'\u00e9nergie.<\/li>\n<\/ul>\n<h3><b><strong>Macrodose\u00a0<\/strong><\/b><\/h3>\n<ul>\n<li><b><strong>0.25-0.5g :<\/strong><\/b> Une augmentation ; plus prononc\u00e9e <a href=\"https:\/\/www.youtube.com\/watch?v=pffeFfYD3AM\" target=\"_blank\" rel=\"noopener\">psych\u00e9d\u00e9lique<\/a> Effets ; \u00e9ventuellement modification de la coordination et du contr\u00f4le moteur, modification de la vision et de l'humeur, augmentation de l'\u00e9nergie, ricanement, pens\u00e9es r\u00e9v\u00e9latrices, id\u00e9es et reconnaissance de mod\u00e8les.<\/li>\n<\/ul>\n<p><b><strong>Dose l\u00e9g\u00e8re -<\/strong><\/b><\/p>\n<ul>\n<li><b><strong>0,5-1g :<\/strong><\/b> Une exp\u00e9rience psychoactive ; des effets psych\u00e9d\u00e9liques prononc\u00e9s et \u00e9vidents ; peut entra\u00eener une modification de la vision, des \u00e9motions et de l'humeur, un changement significatif du contr\u00f4le moteur, une coordination alt\u00e9r\u00e9e, des capacit\u00e9s musicales surhumaines, un humour absurde et un d\u00e9sir de pratiquer des activit\u00e9s artistiques.<\/li>\n<\/ul>\n<p><b><strong>Dose habituelle -<\/strong><\/b><\/p>\n<ul>\n<li><b><strong>1-2g :<\/strong><\/b> Tu es pr\u00eat \u00e0 t'ouvrir \u00e0 une exp\u00e9rience psych\u00e9d\u00e9lique. Mais ! Tu veux \u00eatre prudent. Beginner's Paradise pourrait \u00eatre l'endroit id\u00e9al pour toi. Attends-toi \u00e0 une d\u00e9fonce physique, des conversations profondes, des rires et de la bonne humeur. Assure-toi d'\u00eatre dans le bon environnement et avec les bonnes personnes, et tu auras une introduction amicale aux psych\u00e9d\u00e9liques.<b><strong>Dose forte -<\/strong><\/b>\n<ul>\n<li><b><strong>2.5-5g :<\/strong><\/b> C'est \u00e7a ! Le trip psych\u00e9d\u00e9lique classique dont tu as toujours entendu parler. Parfois, tu as l'impression d'\u00eatre dans un tourbillon. D'autres fois, tu as beaucoup plus de contr\u00f4le pendant ton trip. Pendant un trip psych\u00e9d\u00e9lique, tu vas ressentir, penser et percevoir de nouvelles choses. Quelles que soient les connaissances que tu as acquises pendant ton trip aux champignons psilocybine, garde-les en t\u00eate et emporte-les avec toi.<\/li>\n<\/ul>\n<p><b><strong>Dose h\u00e9ro\u00efque :<\/strong><\/b><\/p>\n<ul>\n<li><b><strong>5g+ :<\/strong><\/b> Certaines personnes sont exp\u00e9riment\u00e9es dans le monde magique des psych\u00e9d\u00e9liques. Elles ont atteint un niveau o\u00f9 le trip classique leur est familier. Ils peuvent souhaiter exp\u00e9rimenter une dose plus \u00e9lev\u00e9e. Il existe des histoires de mort de l'ego, de connexion avec l'univers et d'exp\u00e9rience d'une ivresse tr\u00e8s intense. Quoi que tu fasses, n'utilise pas une dose \u00e9lev\u00e9e pour t'\u00e9vader. Utilise-la comme compl\u00e9ment \u00e0 ta vie. Parle \u00e0 des psychonautes exp\u00e9riment\u00e9s et assure-toi que tu es dans une bonne condition mentale si tu d\u00e9cides de voler avec les \u00e9toiles.<\/li>\n<\/ul>\n<p><b><strong>Remarque : la dose et les effets varient d'une personne \u00e0 l'autre.<\/strong><\/b> <b><strong>Si tu n'as jamais consomm\u00e9 de champignons auparavant, il est pr\u00e9f\u00e9rable de commencer par la dose la plus faible possible pour obtenir l'effet souhait\u00e9 et d'augmenter progressivement \u00e0 partir de l\u00e0.<\/strong><\/b><\/li>\n<\/ul>\n<\/li>\n<\/ul>","protected":false},"excerpt":{"rendered":"<p>Force - Sup\u00e9rieure \u00e0 la moyenne<\/p>","protected":false},"featured_media":1225,"comment_status":"open","ping_status":"closed","template":"","meta":{"ocean_post_layout":"","ocean_both_sidebars_style":"","ocean_both_sidebars_content_width":0,"ocean_both_sidebars_sidebars_width":0,"ocean_sidebar":"0","ocean_second_sidebar":"0","ocean_disable_margins":"enable","ocean_add_body_class":"","ocean_shortcode_before_top_bar":"","ocean_shortcode_after_top_bar":"","ocean_shortcode_before_header":"","ocean_shortcode_after_header":"","ocean_has_shortcode":"","ocean_shortcode_after_title":"","ocean_shortcode_before_footer_widgets":"","ocean_shortcode_after_footer_widgets":"","ocean_shortcode_before_footer_bottom":"","ocean_shortcode_after_footer_bottom":"","ocean_display_top_bar":"default","ocean_display_header":"default","ocean_header_style":"","ocean_center_header_left_menu":"0","ocean_custom_header_template":"0","ocean_custom_logo":0,"ocean_custom_retina_logo":0,"ocean_custom_logo_max_width":0,"ocean_custom_logo_tablet_max_width":0,"ocean_custom_logo_mobile_max_width":0,"ocean_custom_logo_max_height":0,"ocean_custom_logo_tablet_max_height":0,"ocean_custom_logo_mobile_max_height":0,"ocean_header_custom_menu":"0","ocean_menu_typo_font_family":"0","ocean_menu_typo_font_subset":"","ocean_menu_typo_font_size":0,"ocean_menu_typo_font_size_tablet":0,"ocean_menu_typo_font_size_mobile":0,"ocean_menu_typo_font_size_unit":"px","ocean_menu_typo_font_weight":"","ocean_menu_typo_font_weight_tablet":"","ocean_menu_typo_font_weight_mobile":"","ocean_menu_typo_transform":"","ocean_menu_typo_transform_tablet":"","ocean_menu_typo_transform_mobile":"","ocean_menu_typo_line_height":0,"ocean_menu_typo_line_height_tablet":0,"ocean_menu_typo_line_height_mobile":0,"ocean_menu_typo_line_height_unit":"","ocean_menu_typo_spacing":0,"ocean_menu_typo_spacing_tablet":0,"ocean_menu_typo_spacing_mobile":0,"ocean_menu_typo_spacing_unit":"","ocean_menu_link_color":"","ocean_menu_link_color_hover":"","ocean_menu_link_color_active":"","ocean_menu_link_background":"","ocean_menu_link_hover_background":"","ocean_menu_link_active_background":"","ocean_menu_social_links_bg":"","ocean_menu_social_hover_links_bg":"","ocean_menu_social_links_color":"","ocean_menu_social_hover_links_color":"","ocean_disable_title":"default","ocean_disable_heading":"default","ocean_post_title":"","ocean_post_subheading":"","ocean_post_title_style":"","ocean_post_title_background_color":"","ocean_post_title_background":0,"ocean_post_title_bg_image_position":"","ocean_post_title_bg_image_attachment":"","ocean_post_title_bg_image_repeat":"","ocean_post_title_bg_image_size":"","ocean_post_title_height":0,"ocean_post_title_bg_overlay":0.5,"ocean_post_title_bg_overlay_color":"","ocean_disable_breadcrumbs":"default","ocean_breadcrumbs_color":"","ocean_breadcrumbs_separator_color":"","ocean_breadcrumbs_links_color":"","ocean_breadcrumbs_links_hover_color":"","ocean_display_footer_widgets":"default","ocean_display_footer_bottom":"default","ocean_custom_footer_template":"0"},"product_brand":[],"product_cat":[54],"product_tag":[66],"class_list":{"0":"post-1224","1":"product","2":"type-product","3":"status-publish","4":"has-post-thumbnail","6":"product_cat-magische-pilze","7":"product_tag-golden-teacher-pilze","9":"entry","10":"has-media","12":"first","13":"instock","14":"sale","15":"shipping-taxable","16":"purchasable","17":"product-type-variable","18":"has-product-nav","19":"col","20":"span_1_of_3","21":"owp-content-center","22":"owp-thumbs-layout-horizontal","23":"owp-btn-normal","24":"owp-tabs-layout-horizontal","25":"has-no-thumbnails"},"_links":{"self":[{"href":"https:\/\/herbalaproach.com\/fr\/wp-json\/wp\/v2\/product\/1224","targetHints":{"allow":["GET"]}}],"collection":[{"href":"https:\/\/herbalaproach.com\/fr\/wp-json\/wp\/v2\/product"}],"about":[{"href":"https:\/\/herbalaproach.com\/fr\/wp-json\/wp\/v2\/types\/product"}],"replies":[{"embeddable":true,"href":"https:\/\/herbalaproach.com\/fr\/wp-json\/wp\/v2\/comments?post=1224"}],"wp:featuredmedia":[{"embeddable":true,"href":"https:\/\/herbalaproach.com\/fr\/wp-json\/wp\/v2\/media\/1225"}],"wp:attachment":[{"href":"https:\/\/herbalaproach.com\/fr\/wp-json\/wp\/v2\/media?parent=1224"}],"wp:term":[{"taxonomy":"product_brand","embeddable":true,"href":"https:\/\/herbalaproach.com\/fr\/wp-json\/wp\/v2\/product_brand?post=1224"},{"taxonomy":"product_cat","embeddable":true,"href":"https:\/\/herbalaproach.com\/fr\/wp-json\/wp\/v2\/product_cat?post=1224"},{"taxonomy":"product_tag","embeddable":true,"href":"https:\/\/herbalaproach.com\/fr\/wp-json\/wp\/v2\/product_tag?post=1224"}],"curies":[{"name":"wp","href":"https:\/\/api.w.org\/{rel}","templated":true}]}}