{"id":1254,"date":"2024-10-25T19:26:22","date_gmt":"2024-10-25T18:26:22","guid":{"rendered":"https:\/\/herbalaproach.com\/?post_type=product&#038;p=1254"},"modified":"2024-10-25T19:31:10","modified_gmt":"2024-10-25T18:31:10","slug":"muscimol-gummies","status":"publish","type":"product","link":"https:\/\/herbalaproach.com\/fr\/product\/muscimol-gummies\/","title":{"rendered":"gommes muscimol"},"content":{"rendered":"<p class=\"serp-title\">Gommes de muscimol <a href=\"https:\/\/herbalaproach.com\/fr\/\">Champignons magiques<\/a> Les gommes \u00e0 l'extrait de champignon offrent une exp\u00e9rience unique gr\u00e2ce \u00e0 un m\u00e9lange soigneusement compos\u00e9 de diff\u00e9rents champignons. Ces gommes sont con\u00e7ues pour procurer une sensation \u00e9nergique et exaltante, ce qui les rend parfaites pour une soir\u00e9e amusante en plein air ou une soir\u00e9e de d\u00e9tente \u00e0 la maison.<\/p>\n<p>Chaque paquet contient 4 oursons en gomme contenant chacun 8 mg de muscimol, un compos\u00e9 naturel connu pour ses effets psych\u00e9d\u00e9liques, ce qui en fait un m\u00e9lange parfait pour une exp\u00e9rience agr\u00e9able et chaleureuse.<\/p>\n<h2>Caract\u00e9ristiques et avantages Muscimol gummies :<\/h2>\n<p>\u00c9nergique et stimulant : id\u00e9al pour une soir\u00e9e divertissante en plein air ou une soir\u00e9e de d\u00e9tente \u00e0 la maison.<\/p>\n<h2>Contient du muscimol :<\/h2>\n<p>Chaque ourson en gomme contient 8 mg de muscimol, qui assure l'effet caract\u00e9ristique de ces oursons en gomme.<\/p>\n<h2>Des sens am\u00e9lior\u00e9s :<\/h2>\n<p>Les utilisateurs font \u00e9tat d'une modification de la perception des couleurs, des sons, des temp\u00e9ratures et de l'environnement.<\/p>\n<p>Facile \u00e0 utiliser : prends une gomme pour une exp\u00e9rience l\u00e9g\u00e8re ou les deux pour un voyage plus profond.<\/p>\n<p>Ingr\u00e9dients naturels :<\/p>\n<p>\u00c9dulcor\u00e9 avec du sucre et du glucose, contient des ar\u00f4mes naturels et des colorants.<\/p>\n<h2>Mode d'emploi :<\/h2>\n<p>Prenez un seul animal en caoutchouc pour une exp\u00e9rience douce et agr\u00e9able, qui vous procurera une sensation de chaleur et de confort. Pour une exp\u00e9rience plus intense, prenez les deux gommes et d\u00e9couvrez une dimension plus profonde de vos sens. Veillez \u00e0 vous trouver dans un environnement agr\u00e9able pour en appr\u00e9cier pleinement les effets.Gommes Muscimol<\/p>\n<h2>Conseils :<\/h2>\n<h3>Un environnement s\u00fbr :<\/h3>\n<p>Assure-toi d'\u00eatre dans un environnement familier et s\u00fbr, surtout si tu es<\/p>\n<p>prendre les deux oursons en g\u00e9latine<\/p>\n<h2>Pas d'alcool :<\/h2>\n<p>\u00c9vitez de combiner ces gommes avec de l'alcool, car cela peut entra\u00eener une interaction n\u00e9gative avec l'extrait de champignon.<br \/>\nCommencez lentement : si vous prenez Muscimol pour la premi\u00e8re fois, commencez par un <a href=\"https:\/\/www.youtube.com\/watch?v=8lDobfGQKO0\" target=\"_blank\" rel=\"noopener\">Oursons en gomme<\/a>Pour voir comment votre corps r\u00e9agit, vous pouvez utiliser le test de grossesse.<\/p>","protected":false},"excerpt":{"rendered":"<p>Muscimol gummies Magic Mushrooms Gummies mit Pilzextrakt bieten ein einzigartiges Erlebnis dank einer sorgf\u00e4ltig zusammengestellten Mischung aus verschiedenen Pilzen. Diese Gummis wurden entwickelt, um ein energiegeladenes und erhebendes Gef\u00fchl zu vermitteln, was sie perfekt f\u00fcr einen lustigen Abend im Freien oder einen entspannten Abend zu Hause macht. Jede Packung enth\u00e4lt 4 Gummib\u00e4rchen mit je 8 [&hellip;]<\/p>\n","protected":false},"featured_media":1255,"comment_status":"open","ping_status":"closed","template":"","meta":{"ocean_post_layout":"","ocean_both_sidebars_style":"","ocean_both_sidebars_content_width":0,"ocean_both_sidebars_sidebars_width":0,"ocean_sidebar":"0","ocean_second_sidebar":"0","ocean_disable_margins":"enable","ocean_add_body_class":"","ocean_shortcode_before_top_bar":"","ocean_shortcode_after_top_bar":"","ocean_shortcode_before_header":"","ocean_shortcode_after_header":"","ocean_has_shortcode":"","ocean_shortcode_after_title":"","ocean_shortcode_before_footer_widgets":"","ocean_shortcode_after_footer_widgets":"","ocean_shortcode_before_footer_bottom":"","ocean_shortcode_after_footer_bottom":"","ocean_display_top_bar":"default","ocean_display_header":"default","ocean_header_style":"","ocean_center_header_left_menu":"0","ocean_custom_header_template":"0","ocean_custom_logo":0,"ocean_custom_retina_logo":0,"ocean_custom_logo_max_width":0,"ocean_custom_logo_tablet_max_width":0,"ocean_custom_logo_mobile_max_width":0,"ocean_custom_logo_max_height":0,"ocean_custom_logo_tablet_max_height":0,"ocean_custom_logo_mobile_max_height":0,"ocean_header_custom_menu":"0","ocean_menu_typo_font_family":"0","ocean_menu_typo_font_subset":"","ocean_menu_typo_font_size":0,"ocean_menu_typo_font_size_tablet":0,"ocean_menu_typo_font_size_mobile":0,"ocean_menu_typo_font_size_unit":"px","ocean_menu_typo_font_weight":"","ocean_menu_typo_font_weight_tablet":"","ocean_menu_typo_font_weight_mobile":"","ocean_menu_typo_transform":"","ocean_menu_typo_transform_tablet":"","ocean_menu_typo_transform_mobile":"","ocean_menu_typo_line_height":0,"ocean_menu_typo_line_height_tablet":0,"ocean_menu_typo_line_height_mobile":0,"ocean_menu_typo_line_height_unit":"","ocean_menu_typo_spacing":0,"ocean_menu_typo_spacing_tablet":0,"ocean_menu_typo_spacing_mobile":0,"ocean_menu_typo_spacing_unit":"","ocean_menu_link_color":"","ocean_menu_link_color_hover":"","ocean_menu_link_color_active":"","ocean_menu_link_background":"","ocean_menu_link_hover_background":"","ocean_menu_link_active_background":"","ocean_menu_social_links_bg":"","ocean_menu_social_hover_links_bg":"","ocean_menu_social_links_color":"","ocean_menu_social_hover_links_color":"","ocean_disable_title":"default","ocean_disable_heading":"default","ocean_post_title":"","ocean_post_subheading":"","ocean_post_title_style":"","ocean_post_title_background_color":"","ocean_post_title_background":0,"ocean_post_title_bg_image_position":"","ocean_post_title_bg_image_attachment":"","ocean_post_title_bg_image_repeat":"","ocean_post_title_bg_image_size":"","ocean_post_title_height":0,"ocean_post_title_bg_overlay":0.5,"ocean_post_title_bg_overlay_color":"","ocean_disable_breadcrumbs":"default","ocean_breadcrumbs_color":"","ocean_breadcrumbs_separator_color":"","ocean_breadcrumbs_links_color":"","ocean_breadcrumbs_links_hover_color":"","ocean_display_footer_widgets":"default","ocean_display_footer_bottom":"default","ocean_custom_footer_template":"0"},"product_brand":[],"product_cat":[61],"product_tag":[70],"class_list":{"0":"post-1254","1":"product","2":"type-product","3":"status-publish","4":"has-post-thumbnail","6":"product_cat-essbar","7":"product_tag-muscimol-gummies","9":"entry","10":"has-media","12":"first","13":"instock","14":"sale","15":"shipping-taxable","16":"purchasable","17":"product-type-simple","18":"has-product-nav","19":"col","20":"span_1_of_3","21":"owp-content-center","22":"owp-thumbs-layout-horizontal","23":"owp-btn-normal","24":"owp-tabs-layout-horizontal","25":"has-no-thumbnails"},"_links":{"self":[{"href":"https:\/\/herbalaproach.com\/fr\/wp-json\/wp\/v2\/product\/1254","targetHints":{"allow":["GET"]}}],"collection":[{"href":"https:\/\/herbalaproach.com\/fr\/wp-json\/wp\/v2\/product"}],"about":[{"href":"https:\/\/herbalaproach.com\/fr\/wp-json\/wp\/v2\/types\/product"}],"replies":[{"embeddable":true,"href":"https:\/\/herbalaproach.com\/fr\/wp-json\/wp\/v2\/comments?post=1254"}],"wp:featuredmedia":[{"embeddable":true,"href":"https:\/\/herbalaproach.com\/fr\/wp-json\/wp\/v2\/media\/1255"}],"wp:attachment":[{"href":"https:\/\/herbalaproach.com\/fr\/wp-json\/wp\/v2\/media?parent=1254"}],"wp:term":[{"taxonomy":"product_brand","embeddable":true,"href":"https:\/\/herbalaproach.com\/fr\/wp-json\/wp\/v2\/product_brand?post=1254"},{"taxonomy":"product_cat","embeddable":true,"href":"https:\/\/herbalaproach.com\/fr\/wp-json\/wp\/v2\/product_cat?post=1254"},{"taxonomy":"product_tag","embeddable":true,"href":"https:\/\/herbalaproach.com\/fr\/wp-json\/wp\/v2\/product_tag?post=1254"}],"curies":[{"name":"wp","href":"https:\/\/api.w.org\/{rel}","templated":true}]}}