{"id":1364,"date":"2024-11-03T10:20:07","date_gmt":"2024-11-03T09:20:07","guid":{"rendered":"https:\/\/herbalaproach.com\/?post_type=product&#038;p=1364"},"modified":"2026-03-10T08:45:33","modified_gmt":"2026-03-10T07:45:33","slug":"tornado-vape","status":"publish","type":"product","link":"https:\/\/herbalaproach.com\/fr\/product\/tornado-vape\/","title":{"rendered":"Tornado vape"},"content":{"rendered":"<p class=\"serp-title\">Tornado vape, Vous en avez assez de l'ennuyeux <a href=\"https:\/\/www.youtube.com\/watch?v=BuOCC3e5o3I\" target=\"_blank\" rel=\"noopener\">Vapes<\/a> avec toujours le m\u00eame petit nombre de puffs ? Hein ? La RandM Tornado 9000 Puffs Disposable Vape est maintenant disponible en exclusivit\u00e9 dans une \u00e9norme s\u00e9lection de 48 d\u00e9licieuses saveurs qui feront imm\u00e9diatement WOW \u00e0 vos papilles ! Il est livr\u00e9 avec seulement une quantit\u00e9 parfaite de 18 ML e liquide pr\u00e9-rempli en plus d'\u00eatre rechargeable et a un connecteur de type C, de sorte que votre exp\u00e9rience de vaping va sans stress. Le 9k RandM a avanc\u00e9 bobine de maille, ce qui assure que vous n'obtenez pas de go\u00fbter le go\u00fbt br\u00fbl\u00e9. <span class=\"___SText_anxqe-kmt_\" data-ui-name=\"Link.Text\">tornado vape<\/span><\/p>\n<h2><b><strong>Prix exclusif du RandM Tornado vape Puffs Disposable Vape<\/strong><\/b><\/h2>\n<p>Vous cherchez une exp\u00e9rience de vapotage de haute qualit\u00e9, mais avec un petit budget ? Nous vous avons couvert Bien que nous ne faisons pas de compromis sur la qualit\u00e9, mais nous nous soucions de fournir une exp\u00e9rience de vapotage remarquable avec les bouff\u00e9es 9k RandM sans vous donner un bras et une jambe Bien que le prix devient plus doux avec des faisceaux alors ne manquez pas sur les bundles suivants de vente \u00e0 chaud !<\/p>\n<ul>\n<li><b><strong>Disponible \u00e0 l'unit\u00e9 pour seulement \u00a310.99 !<\/strong><\/b><\/li>\n<li><b><strong>Pack de 2 pour \u00a319.99<\/strong><\/b><\/li>\n<li><b><strong>Le pack de 5 pour seulement \u00a345.99<\/strong><\/b><\/li>\n<li><b><strong>Le paquet de 10 pour seulement \u00a384.99 !<\/strong><\/b><\/li>\n<\/ul>\n<h2><b><strong>SP\u00c9CIFICATIONS DU VAPORISATEUR JETABLE RANDM TORNADO 9000 PUFFS<\/strong><\/b><\/h2>\n<ul>\n<li><b><strong>9000+ trains<\/strong><\/b><\/li>\n<li><b><strong>48 Une vari\u00e9t\u00e9 d'ar\u00f4mes \u00e9tonnants<\/strong><\/b><\/li>\n<li><b><strong>Appareil rechargeable<\/strong><\/b><\/li>\n<li><b><strong>18 ML de e-liquide<\/strong><\/b><\/li>\n<li><b><strong>batterie de 850 mAh<\/strong><\/b><\/li>\n<li><b><strong>Bobine \u00e0 mailles<\/strong><\/b><\/li>\n<li><b><strong>\u00c9cran RGB \u00e9l\u00e9gant<\/strong><\/b><\/li>\n<\/ul>\n<h2><b><strong>Un choix \u00e9norme de 53 saveurs passionnantes pour am\u00e9liorer votre jeu en nuage<\/strong><\/b><\/h2>\n<p>D\u00e9tendez-vous, la remarquable diversit\u00e9 de 53 saveurs vous rendra fou. Que peut-on souhaiter de plus ? Am\u00e9liorez votre <a href=\"https:\/\/herbalaproach.com\/fr\/\">Jeu de la vape<\/a>Vous pouvez \u00e9galement vous procurer des saveurs uniques pour faire plaisir \u00e0 vos papilles gustatives avec une explosion de jutosit\u00e9. Tornado vape<\/p>\n<ol>\n<li><b><strong>Pop de glace<\/strong><\/b><\/li>\n<li><b><strong>M. Bleu<\/strong><\/b><\/li>\n<li><b><strong>Fraise Past\u00e8que<\/strong><\/b><\/li>\n<li><b><strong>Orange Soda<\/strong><\/b><\/li>\n<li><b><strong>Chewing-gum \u00e0 la past\u00e8que<\/strong><\/b><\/li>\n<li><b><strong>Bonbon arc-en-ciel<\/strong><\/b><\/li>\n<li><b><strong>Limonade rose<\/strong><\/b><\/li>\n<li><b><strong>P\u00eache Mangue Ananas<\/strong><\/b><\/li>\n<li><b><strong>Fraise-Banane<\/strong><\/b><\/li>\n<li><b><strong>Glace abondante<\/strong><\/b><\/li>\n<li><b><strong>Glace de dragon noir<\/strong><\/b><\/li>\n<li><b><strong>Raisin d'alo\u00e8s<\/strong><\/b><\/li>\n<li><b><strong>Glace bleue Razz<\/strong><\/b><\/li>\n<li><b><strong>Kiwi Fruit de la passion Goyave<\/strong><\/b><\/li>\n<li><b><strong>Oursons en gomme<\/strong><\/b><\/li>\n<li><b><strong>Baies m\u00e9lang\u00e9es<\/strong><\/b><\/li>\n<li><b><strong>Menthe fra\u00eeche<\/strong><\/b><\/li>\n<li><b><strong>Framboise Past\u00e8que<\/strong><\/b><\/li>\n<li><b><strong>Limonade \u00e0 la p\u00eache<\/strong><\/b><\/li>\n<li><b><strong>Glace \u00e0 la goyave<\/strong><\/b><\/li>\n<li><b><strong>Limonade \u00e0 la fraise<\/strong><\/b><\/li>\n<li><b><strong>Glace effervescente \u00e0 la past\u00e8que<\/strong><\/b><\/li>\n<li><b><strong>Cr\u00e8me p\u00e2tissi\u00e8re \u00e0 la banane<\/strong><\/b><\/li>\n<li><b><strong>P\u00eache-Baie<\/strong><\/b><\/li>\n<li><b><strong>Fraise et cr\u00e8me<\/strong><\/b><\/li>\n<li><b><strong>Bonbon acide<\/strong><\/b><\/li>\n<li><b><strong>Skittles<\/strong><\/b><\/li>\n<li><b><strong>Cerise gazeuse<\/strong><\/b><\/li>\n<li><b><strong>Myrtille Cerise Cranberry<\/strong><\/b><\/li>\n<li><b><strong>Vimto<\/strong><\/b><\/li>\n<li><b><strong>Cerise<\/strong><\/b><\/li>\n<li><b><strong>Glace noire<\/strong><\/b><\/li>\n<li><b><strong>Raisin<\/strong><\/b><\/li>\n<li><b><strong>Glace Bluelicious<\/strong><\/b><\/li>\n<li><b><strong>Glace \u00e0 la fraise<\/strong><\/b><\/li>\n<li><b><strong>Razz Kush bleu<\/strong><\/b><\/li>\n<li><b><strong>Myrtille-framboise<\/strong><\/b><\/li>\n<li><b><strong>Blueberry Sour Raspberry<\/strong><\/b><\/li>\n<li><b><strong>Citron &amp; citron vert<\/strong><\/b><\/li>\n<li><b><strong>Glace \u00e0 la fraise, \u00e0 la framboise et \u00e0 la cerise<\/strong><\/b><\/li>\n<li><b><strong>Triple mangue<\/strong><\/b><\/li>\n<li><b><strong>Ananas<\/strong><\/b><\/li>\n<li><b><strong>Limonade \u00e0 la cerise et \u00e0 la p\u00eache<\/strong><\/b><\/li>\n<li><b><strong>Glace aux myrtilles<\/strong><\/b><\/li>\n<li><b><strong>Glace \u00e0 la past\u00e8que<\/strong><\/b><\/li>\n<li><b><strong>Glace \u00e0 la fraise et \u00e0 la framboise<\/strong><\/b><\/li>\n<li><b><strong>Prime Strawberry Watermelon<\/strong><\/b><\/li>\n<li><b><strong>Fraise-past\u00e8que Bubblegum<\/strong><\/b><\/li>\n<li><b><strong>Cerise-Baie<\/strong><\/b><\/li>\n<li><b><strong>Glace \u00e0 la p\u00eache d'\u00e9t\u00e9<\/strong><\/b><\/li>\n<li><b><strong>Past\u00e8que Skittles<\/strong><\/b><\/li>\n<li><b><strong>Paille-mangue<\/strong><\/b><\/li>\n<li><b><strong>Cerise Cola<\/strong><\/b><\/li>\n<\/ol>\n<p>&nbsp;<\/p>\n<h2><b><strong>Augmentez votre jeu de cloud avec la RandM Tornado 9000 Puffs Disposable Vape<\/strong><\/b><\/h2>\n<p>L'authentique RandM Tornado 9000 est certainement un bijou dans la collection des vaporisateurs jetables RandM. Son \u00e9norme capacit\u00e9 de 9000+ bouff\u00e9es avec une batterie rechargeable rendra votre exp\u00e9rience meilleure que jamais. Comparons-le aux autres vapes jetables du march\u00e9, qui n'ont qu'un petit nombre de bouff\u00e9es et sont g\u00e9n\u00e9ralement pr\u00e9sent\u00e9es dans un emballage de qualit\u00e9 inf\u00e9rieure, alors que notre seul objectif est d'offrir le meilleur voyage de vapotage ! Le m\u00e9lange parfait de 48 saveurs fruit\u00e9es et menthol\u00e9es va certainement vous remonter le moral. Tandis que l'affichage de premi\u00e8re classe vous permet de suivre la derni\u00e8re tendance en mati\u00e8re de clignotement RGB. Procurez-vous le RandM Tornado 9000 d\u00e8s maintenant !<\/p>\n<h2><b><strong>Nombre de tampons plus \u00e9lev\u00e9<\/strong><\/b><\/h2>\n<p>Vous voulez vous \u00e9pargner le d\u00e9sagr\u00e9ment de devoir changer d'appareil apr\u00e8s seulement quelques bouff\u00e9es ? En vue de vos besoins, nous apportons 9k RandM, qui offre 9000+ puff count pour rendre votre voyage de vapotage sain.<\/p>\n<h2><b><strong>\u00c9cran tendance clignotant RGB<\/strong><\/b><\/h2>\n<p>Nous voulons toujours que vous ayez l'air \u00e9l\u00e9gant et que vous ne vous sentiez jamais \u00e0 gauche sur l'une des tendances, le 9k RandM veille \u00e0 ce que vous portiez la classe partout o\u00f9 vous allez en outre, vous allez adorer l'\u00e9tonnant RVB color\u00e9 \u00e9cran lisse accrocheur.<\/p>\n<h2><b><strong>Batterie rechargeable de 850 mAh<\/strong><\/b><\/h2>\n<p>Tirez toujours le meilleur parti de votre vaporisateur jetable. Le RandM Tornado 9000 Puffs est \u00e9quip\u00e9 d'une batterie rechargeable et d'un connecteur de type C qui permet un rechargement rapide, de sorte que vous pouvez profiter de chaque morceau de votre go\u00fbt sans en gaspiller un seul. Tornado vape<\/p>","protected":false},"excerpt":{"rendered":"<p>Tornado vape, Haben Sie genug von langweiligen Vapes mit der immer gleichen geringen Anzahl an Puffs? Hm? Der RandM Tornado 9000 Puffs Disposable Vape ist jetzt exklusiv in einer riesigen Auswahl von 48 k\u00f6stlichen Geschmacksrichtungen erh\u00e4ltlich, die Ihre Geschmacksnerven sofort zum WOW! Es kommt mit nur eine perfekte Menge von 18 ML vorgef\u00fcllt e Fl\u00fcssigkeit [&hellip;]<\/p>\n","protected":false},"featured_media":1369,"comment_status":"open","ping_status":"closed","template":"","meta":{"ocean_post_layout":"","ocean_both_sidebars_style":"","ocean_both_sidebars_content_width":0,"ocean_both_sidebars_sidebars_width":0,"ocean_sidebar":"0","ocean_second_sidebar":"0","ocean_disable_margins":"enable","ocean_add_body_class":"","ocean_shortcode_before_top_bar":"","ocean_shortcode_after_top_bar":"","ocean_shortcode_before_header":"","ocean_shortcode_after_header":"","ocean_has_shortcode":"","ocean_shortcode_after_title":"","ocean_shortcode_before_footer_widgets":"","ocean_shortcode_after_footer_widgets":"","ocean_shortcode_before_footer_bottom":"","ocean_shortcode_after_footer_bottom":"","ocean_display_top_bar":"default","ocean_display_header":"default","ocean_header_style":"","ocean_center_header_left_menu":"0","ocean_custom_header_template":"0","ocean_custom_logo":0,"ocean_custom_retina_logo":0,"ocean_custom_logo_max_width":0,"ocean_custom_logo_tablet_max_width":0,"ocean_custom_logo_mobile_max_width":0,"ocean_custom_logo_max_height":0,"ocean_custom_logo_tablet_max_height":0,"ocean_custom_logo_mobile_max_height":0,"ocean_header_custom_menu":"0","ocean_menu_typo_font_family":"0","ocean_menu_typo_font_subset":"","ocean_menu_typo_font_size":0,"ocean_menu_typo_font_size_tablet":0,"ocean_menu_typo_font_size_mobile":0,"ocean_menu_typo_font_size_unit":"px","ocean_menu_typo_font_weight":"","ocean_menu_typo_font_weight_tablet":"","ocean_menu_typo_font_weight_mobile":"","ocean_menu_typo_transform":"","ocean_menu_typo_transform_tablet":"","ocean_menu_typo_transform_mobile":"","ocean_menu_typo_line_height":0,"ocean_menu_typo_line_height_tablet":0,"ocean_menu_typo_line_height_mobile":0,"ocean_menu_typo_line_height_unit":"","ocean_menu_typo_spacing":0,"ocean_menu_typo_spacing_tablet":0,"ocean_menu_typo_spacing_mobile":0,"ocean_menu_typo_spacing_unit":"","ocean_menu_link_color":"","ocean_menu_link_color_hover":"","ocean_menu_link_color_active":"","ocean_menu_link_background":"","ocean_menu_link_hover_background":"","ocean_menu_link_active_background":"","ocean_menu_social_links_bg":"","ocean_menu_social_hover_links_bg":"","ocean_menu_social_links_color":"","ocean_menu_social_hover_links_color":"","ocean_disable_title":"default","ocean_disable_heading":"default","ocean_post_title":"","ocean_post_subheading":"","ocean_post_title_style":"","ocean_post_title_background_color":"","ocean_post_title_background":0,"ocean_post_title_bg_image_position":"","ocean_post_title_bg_image_attachment":"","ocean_post_title_bg_image_repeat":"","ocean_post_title_bg_image_size":"","ocean_post_title_height":0,"ocean_post_title_bg_overlay":0.5,"ocean_post_title_bg_overlay_color":"","ocean_disable_breadcrumbs":"default","ocean_breadcrumbs_color":"","ocean_breadcrumbs_separator_color":"","ocean_breadcrumbs_links_color":"","ocean_breadcrumbs_links_hover_color":"","ocean_display_footer_widgets":"default","ocean_display_footer_bottom":"default","ocean_custom_footer_template":"0"},"product_brand":[],"product_cat":[60],"product_tag":[74],"class_list":{"0":"post-1364","1":"product","2":"type-product","3":"status-publish","4":"has-post-thumbnail","6":"product_cat-vapes","7":"product_tag-tornado-vape","9":"entry","10":"has-media","12":"first","13":"instock","14":"sale","15":"shipping-taxable","16":"purchasable","17":"product-type-variable","18":"has-product-nav","19":"col","20":"span_1_of_3","21":"owp-content-center","22":"owp-thumbs-layout-horizontal","23":"owp-btn-normal","24":"owp-tabs-layout-horizontal"},"_links":{"self":[{"href":"https:\/\/herbalaproach.com\/fr\/wp-json\/wp\/v2\/product\/1364","targetHints":{"allow":["GET"]}}],"collection":[{"href":"https:\/\/herbalaproach.com\/fr\/wp-json\/wp\/v2\/product"}],"about":[{"href":"https:\/\/herbalaproach.com\/fr\/wp-json\/wp\/v2\/types\/product"}],"replies":[{"embeddable":true,"href":"https:\/\/herbalaproach.com\/fr\/wp-json\/wp\/v2\/comments?post=1364"}],"wp:featuredmedia":[{"embeddable":true,"href":"https:\/\/herbalaproach.com\/fr\/wp-json\/wp\/v2\/media\/1369"}],"wp:attachment":[{"href":"https:\/\/herbalaproach.com\/fr\/wp-json\/wp\/v2\/media?parent=1364"}],"wp:term":[{"taxonomy":"product_brand","embeddable":true,"href":"https:\/\/herbalaproach.com\/fr\/wp-json\/wp\/v2\/product_brand?post=1364"},{"taxonomy":"product_cat","embeddable":true,"href":"https:\/\/herbalaproach.com\/fr\/wp-json\/wp\/v2\/product_cat?post=1364"},{"taxonomy":"product_tag","embeddable":true,"href":"https:\/\/herbalaproach.com\/fr\/wp-json\/wp\/v2\/product_tag?post=1364"}],"curies":[{"name":"wp","href":"https:\/\/api.w.org\/{rel}","templated":true}]}}