{"id":1380,"date":"2024-11-05T22:12:54","date_gmt":"2024-11-05T21:12:54","guid":{"rendered":"https:\/\/herbalaproach.com\/?post_type=product&#038;p=1380"},"modified":"2026-01-12T00:08:07","modified_gmt":"2026-01-11T23:08:07","slug":"lost-mary-vape","status":"publish","type":"product","link":"https:\/\/herbalaproach.com\/fr\/product\/lost-mary-vape\/","title":{"rendered":"lost mary vape (Vape jetable)"},"content":{"rendered":"<p>Le Mary MO20000 Pro Vape perdu a \u00e9t\u00e9 retrouv\u00e9 ! Cet appareil \u00e0 la pointe de la technologie combine innovation, style et hautes performances pour pousser votre jeu de vape \u00e0 ses limites. Fabriqu\u00e9 avec une technologie de pr\u00e9cision et uniquement des mat\u00e9riaux de premi\u00e8re qualit\u00e9, cet appareil est con\u00e7u pour r\u00e9pondre aux besoins des nouveaux vapoteurs comme des vapoteurs de longue date. Jetons un coup d'\u0153il aux principales caract\u00e9ristiques qui font que le Lost Mary vape MO20000 Pro Vape se distingue dans le paysage tr\u00e8s encombr\u00e9 des appareils de vapotage d'aujourd'hui :<\/p>\n<h3>Principales caract\u00e9ristiques :<\/h3>\n<ul>\n<li><b><strong>Batterie haute capacit\u00e9 :<\/strong><\/b> Cette vape EBDesign est livr\u00e9e avec une puissante batterie int\u00e9gr\u00e9e de 20000mAh. Cela permet \u00e0 Lost Mary MO20000 Pro Vape de vous offrir des sessions de vapotage prolong\u00e9es chaque jour, sans avoir besoin de recharger fr\u00e9quemment. Oubliez la crainte d'une batterie faible et profitez dor\u00e9navant d'un plaisir de vapotage ininterrompu. lost mary vape<\/li>\n<\/ul>\n<ul>\n<li><b><strong>Grande capacit\u00e9 d'e-liquide :<\/strong><\/b> Avec une capacit\u00e9 de 18 ml de r\u00e9servoir d'e-liquide, Lost Mary d'EBDesign vape a r\u00e9solu le probl\u00e8me du remplissage constant ! Vapotez non-stop \u00e0 volont\u00e9 ! Les vapoteurs occasionnels et les amateurs de clouds seront d'accord... la capacit\u00e9 g\u00e9n\u00e9reuse en e-liquide du Lost Mary MO20000 Pro garantit une exp\u00e9rience de vapotage satisfaisante, encore et toujours.<\/li>\n<\/ul>\n<ul>\n<li><b><strong>Puissance en watts r\u00e9glable :<\/strong><\/b> Avec le nombre de watts r\u00e9glable du <a href=\"https:\/\/herbalaproach.com\/fr\/\">Marie perdue MO20000<\/a> Pro, vous pouvez r\u00e9gler la puissance de la vapeur selon vos pr\u00e9f\u00e9rences personnelles. En ajustant le nombre de watts, vous pouvez modifier la production de vapeur et l'intensit\u00e9 du go\u00fbt \u00e0 tout moment, ce qui vous donne un contr\u00f4le total sur votre exp\u00e9rience de vapotage. lost mary vape<\/li>\n<li><\/li>\n<li>\n<ul>\n<li><b><strong>\u00c9cran OLED intuitif :<\/strong><\/b> Restez inform\u00e9 et gardez le contr\u00f4le gr\u00e2ce \u00e0 l'\u00e9cran OLED intuitif du Lost Mary MO20000 Pro. Surveillez sans effort l'autonomie de la batterie, les watts personnalis\u00e9s, la r\u00e9sistance de la bobine et bien plus encore en un coup d'\u0153il. Un feedback en temps r\u00e9el pour les passionn\u00e9s de vape d'aujourd'hui qui ne recherchent que des exp\u00e9riences de vapotage optimis\u00e9es.<\/li>\n<\/ul>\n<ul>\n<li><b><strong>Construction cr\u00e9ative<\/strong><\/b>Le Lost Mary MO20000 Pro Vape a \u00e9t\u00e9 con\u00e7u pour r\u00e9sister aux rigueurs d'une utilisation quotidienne fr\u00e9quente et se caract\u00e9rise par une construction durable qui vous offre confiance, plaisir durable et performances parfaites. Du bo\u00eetier robuste aux composants de haute qualit\u00e9, chaque aspect de cet appareil est con\u00e7u pour \u00eatre fiable et durable.<\/li>\n<\/ul>\n<ul>\n<li><b><strong>Mesures de s\u00e9curit\u00e9 :<\/strong><\/b> Gr\u00e2ce aux fonctions de s\u00e9curit\u00e9 compl\u00e8tes du Lost Mary MO20000 Pro, vous pouvez vous adonner au plaisir en toute tranquillit\u00e9. La protection int\u00e9gr\u00e9e comprend une protection contre la surcharge, une protection contre les courts-circuits et m\u00eame une protection contre les sous-tensions. Une exp\u00e9rience de vapotage s\u00fbre et agr\u00e9able est possible \u00e0 chaque bouff\u00e9e.<\/li>\n<\/ul>\n<ul>\n<li><b><strong>Confort de chargement USB-C :<\/strong><\/b> Avec le port de chargement USB-C du Lost Mary MO20000 Pro, tout tourne autour d'un chargement rapide et pratique. Vous serez ravi de la rapidit\u00e9 de chargement, car vous passerez moins de temps \u00e0 attendre et plus de temps \u00e0 vaper. lost mary vape<\/li>\n<\/ul>\n<h3>Saveurs Lost Mary Vape :<\/h3>\n<ul>\n<li><b><strong>Blue Razz Ice<\/strong><\/b>Pr\u00e9parez-vous \u00e0 un voyage passionnant avec Blue Razz Ice. Une combinaison de saveurs qui attire l'attention, reproduisant le go\u00fbt classique de la framboise bleue, renforc\u00e9 par une finale glac\u00e9e de menthol \u00e0 l'expiration. Faites un trip Blue Razz d\u00e8s aujourd'hui !<\/li>\n<li>\n<ul>\n<li><b><strong>Boisson Dragon<\/strong><\/b>Vape votre chemin vers une aventure mystique avec EBDesigns Dragon Drink vape ar\u00f4me. Cette boisson magique <a href=\"https:\/\/www.youtube.com\/watch?v=WvMLOboFpPY\" target=\"_blank\" rel=\"noopener\">Vape<\/a> capture le go\u00fbt du fruit du dragon exotique et m\u00eale sa douceur unique \u00e0 une touche de bont\u00e9 tropicale. Ressentez l'\u00e9nergie d\u00e9brid\u00e9e du dragon qui chatouille vos papilles et vous fait en redemander.<\/li>\n<\/ul>\n<ul>\n<li><b><strong>Menthe de Miami :<\/strong><\/b> Enfin un ar\u00f4me aussi cool que vous ! Vous pouvez d\u00e9sormais vivre la vie nocturne de Miami tout en savourant la sensation rafra\u00eechissante et l\u00e9g\u00e8re de menthol que procure cet ar\u00f4me EB Design Vape ! Go\u00fbtez la fra\u00eecheur tropicale de South Beach comme un local, et faites vos propres nuages !<\/li>\n<\/ul>\n<ul>\n<li><b><strong>Glace \u00e0 l'ananas<\/strong><\/b>: L'ananas juteux et dor\u00e9 est \u00e0 la mode ! Ce favori des \u00eeles est m\u00e9lang\u00e9 \u00e0 une touche froide de menthol, ce qui donne une exp\u00e9rience de vape rafra\u00eechissante et unique. Chaque bouff\u00e9e est comme une gorg\u00e9e d'un cocktail d'ananas congel\u00e9 sur la plage et laisse une sensation de rajeunissement frais.<\/li>\n<\/ul>\n<ul>\n<li><b><strong>Sherbet arc-en-ciel :<\/strong><\/b> Un m\u00e9lange d'agrumes p\u00e9tillants et de baies naturellement sucr\u00e9es provoque \u00e0 chaque bouff\u00e9e une puissante explosion de saveurs ! Pensez \u00e0 des sorbets aux couleurs de l'arc-en-ciel ! Vous aimerez \u00e9galement vous rem\u00e9morer quelques-unes de vos coupes de glace pr\u00e9f\u00e9r\u00e9es de votre enfance, incluses dans chaque train.<\/li>\n<\/ul>\n<ul>\n<li><b><strong>Glace \u00e0 la fus\u00e9e sur b\u00e2tonnet :<\/strong><\/b> Faites un petit voyage dans le pass\u00e9 avec Rocket Popsicle. Le go\u00fbt sucr\u00e9 et p\u00e9tillant de la cerise, de la framboise bleue et du citron, tout comme l'embl\u00e9matique esquimau rouge, blanc et bleu que nous connaissons et aimons tous. Laissez les ar\u00f4mes de l'\u00e9t\u00e9 flotter sur votre palais et sentez-vous rafra\u00eechi et enthousiaste.<\/li>\n<\/ul>\n<\/li>\n<\/ul>\n<\/li>\n<\/ul>","protected":false},"excerpt":{"rendered":"<p>Das verlorene Mary MO20000 Pro Vape wurde gefunden! Dieses hochmoderne Ger\u00e4t kombiniert Innovation, Stil und hohe Leistung und bringt Ihr Vaping-Spiel an die Grenze. Hergestellt mit Pr\u00e4zisionstechnik und nur Premium-Materialien, ist dieses Ger\u00e4t entwickelt, um die Bed\u00fcrfnisse der neuen und langj\u00e4hrigen vapers gleicherma\u00dfen zu erf\u00fcllen. Lassen Sie uns einen Blick auf die Hauptmerkmale werfen, die [&hellip;]<\/p>\n","protected":false},"featured_media":1381,"comment_status":"open","ping_status":"closed","template":"","meta":{"ocean_post_layout":"","ocean_both_sidebars_style":"","ocean_both_sidebars_content_width":0,"ocean_both_sidebars_sidebars_width":0,"ocean_sidebar":"0","ocean_second_sidebar":"0","ocean_disable_margins":"enable","ocean_add_body_class":"","ocean_shortcode_before_top_bar":"","ocean_shortcode_after_top_bar":"","ocean_shortcode_before_header":"","ocean_shortcode_after_header":"","ocean_has_shortcode":"","ocean_shortcode_after_title":"","ocean_shortcode_before_footer_widgets":"","ocean_shortcode_after_footer_widgets":"","ocean_shortcode_before_footer_bottom":"","ocean_shortcode_after_footer_bottom":"","ocean_display_top_bar":"default","ocean_display_header":"default","ocean_header_style":"","ocean_center_header_left_menu":"0","ocean_custom_header_template":"0","ocean_custom_logo":0,"ocean_custom_retina_logo":0,"ocean_custom_logo_max_width":0,"ocean_custom_logo_tablet_max_width":0,"ocean_custom_logo_mobile_max_width":0,"ocean_custom_logo_max_height":0,"ocean_custom_logo_tablet_max_height":0,"ocean_custom_logo_mobile_max_height":0,"ocean_header_custom_menu":"0","ocean_menu_typo_font_family":"0","ocean_menu_typo_font_subset":"","ocean_menu_typo_font_size":0,"ocean_menu_typo_font_size_tablet":0,"ocean_menu_typo_font_size_mobile":0,"ocean_menu_typo_font_size_unit":"px","ocean_menu_typo_font_weight":"","ocean_menu_typo_font_weight_tablet":"","ocean_menu_typo_font_weight_mobile":"","ocean_menu_typo_transform":"","ocean_menu_typo_transform_tablet":"","ocean_menu_typo_transform_mobile":"","ocean_menu_typo_line_height":0,"ocean_menu_typo_line_height_tablet":0,"ocean_menu_typo_line_height_mobile":0,"ocean_menu_typo_line_height_unit":"","ocean_menu_typo_spacing":0,"ocean_menu_typo_spacing_tablet":0,"ocean_menu_typo_spacing_mobile":0,"ocean_menu_typo_spacing_unit":"","ocean_menu_link_color":"","ocean_menu_link_color_hover":"","ocean_menu_link_color_active":"","ocean_menu_link_background":"","ocean_menu_link_hover_background":"","ocean_menu_link_active_background":"","ocean_menu_social_links_bg":"","ocean_menu_social_hover_links_bg":"","ocean_menu_social_links_color":"","ocean_menu_social_hover_links_color":"","ocean_disable_title":"default","ocean_disable_heading":"default","ocean_post_title":"","ocean_post_subheading":"","ocean_post_title_style":"","ocean_post_title_background_color":"","ocean_post_title_background":0,"ocean_post_title_bg_image_position":"","ocean_post_title_bg_image_attachment":"","ocean_post_title_bg_image_repeat":"","ocean_post_title_bg_image_size":"","ocean_post_title_height":0,"ocean_post_title_bg_overlay":0.5,"ocean_post_title_bg_overlay_color":"","ocean_disable_breadcrumbs":"default","ocean_breadcrumbs_color":"","ocean_breadcrumbs_separator_color":"","ocean_breadcrumbs_links_color":"","ocean_breadcrumbs_links_hover_color":"","ocean_display_footer_widgets":"default","ocean_display_footer_bottom":"default","ocean_custom_footer_template":"0"},"product_brand":[],"product_cat":[60],"product_tag":[],"class_list":{"0":"post-1380","1":"product","2":"type-product","3":"status-publish","4":"has-post-thumbnail","6":"product_cat-vapes","8":"entry","9":"has-media","11":"first","12":"instock","13":"sale","14":"shipping-taxable","15":"purchasable","16":"product-type-simple","17":"has-product-nav","18":"col","19":"span_1_of_3","20":"owp-content-center","21":"owp-thumbs-layout-horizontal","22":"owp-btn-normal","23":"owp-tabs-layout-horizontal","24":"has-no-thumbnails"},"_links":{"self":[{"href":"https:\/\/herbalaproach.com\/fr\/wp-json\/wp\/v2\/product\/1380","targetHints":{"allow":["GET"]}}],"collection":[{"href":"https:\/\/herbalaproach.com\/fr\/wp-json\/wp\/v2\/product"}],"about":[{"href":"https:\/\/herbalaproach.com\/fr\/wp-json\/wp\/v2\/types\/product"}],"replies":[{"embeddable":true,"href":"https:\/\/herbalaproach.com\/fr\/wp-json\/wp\/v2\/comments?post=1380"}],"wp:featuredmedia":[{"embeddable":true,"href":"https:\/\/herbalaproach.com\/fr\/wp-json\/wp\/v2\/media\/1381"}],"wp:attachment":[{"href":"https:\/\/herbalaproach.com\/fr\/wp-json\/wp\/v2\/media?parent=1380"}],"wp:term":[{"taxonomy":"product_brand","embeddable":true,"href":"https:\/\/herbalaproach.com\/fr\/wp-json\/wp\/v2\/product_brand?post=1380"},{"taxonomy":"product_cat","embeddable":true,"href":"https:\/\/herbalaproach.com\/fr\/wp-json\/wp\/v2\/product_cat?post=1380"},{"taxonomy":"product_tag","embeddable":true,"href":"https:\/\/herbalaproach.com\/fr\/wp-json\/wp\/v2\/product_tag?post=1380"}],"curies":[{"name":"wp","href":"https:\/\/api.w.org\/{rel}","templated":true}]}}