{"id":1218,"date":"2024-10-24T00:38:12","date_gmt":"2024-10-23T23:38:12","guid":{"rendered":"https:\/\/herbalaproach.com\/?post_type=product&#038;p=1218"},"modified":"2024-10-24T00:44:21","modified_gmt":"2024-10-23T23:44:21","slug":"peanut-butter-rockstar","status":"publish","type":"product","link":"https:\/\/herbalaproach.com\/hu\/product\/peanut-butter-rockstar\/","title":{"rendered":"Mogyor\u00f3vaj Rockstar"},"content":{"rendered":"<p>A Peanut Butter Rockstar egy 80% indica \u00e9s 20% sativa hibrid. Viszonylag \u00faj fajtak\u00e9nt a Peanut Rockstar m\u00e9g nem \u00e9rte el a \"rockszt\u00e1r\" st\u00e1tuszt a gy\u00f3gyszert\u00e1rakban, de sokan a <a href=\"https:\/\/herbalaproach.com\/hu\/\">Cannabis<\/a>-Az \u00ednyencek \u00fagy v\u00e9lik, hogy n\u00e9pszer\u0171s\u00e9g\u00e9nek n\u00f6veked\u00e9s\u00e9vel hamarosan vezet\u0151 szerepet fog j\u00e1tszani. V\u00e9g\u00fcl is, ennek az indica-domin\u00e1ns hibridnek a sz\u00fclei a <a href=\"https:\/\/www.youtube.com\/watch?v=QAL1dE-44W4\" target=\"_blank\" rel=\"noopener\">Weed-<\/a>A fajta m\u00e1r legend\u00e1s a teny\u00e9szt\u0151i k\u00f6r\u00f6kben, hiszen a fajta sz\u00e1rmaz\u00e1sa a Mendo Breath, a Peanut Butter Breath \u00e9s a Rockstar fajt\u00e1kra vezethet\u0151 vissza.<\/p>\n<p>&nbsp;<\/p>\n<h3>Hat\u00e1sok<\/h3>\n<p>Euf\u00f3ria, relax\u00e1ci\u00f3, nyugtat\u00e1s<\/p>\n<h3>\u00cdzek<\/h3>\n<p>D\u00edzel, gy\u00f3gyn\u00f6v\u00e9ny, cs\u00edp\u0151s<\/p>\n<h3>\u00cdzek<\/h3>\n<p>karamell, f\u00f6ldes, mogyor\u00f3s, feny\u0151, fa<\/p>\n<h3>Megk\u00f6nny\u00edti a mogyor\u00f3vaj Rockstar<\/h3>\n<p>ADD, szorong\u00e1s, \u00e9tv\u00e1gytalans\u00e1g, depresszi\u00f3, gyullad\u00e1s, migr\u00e9n, migr\u00e9n, h\u00e1nyinger, f\u00e1jdalom, PTSD, stressz, stressz<\/p>\n<p>&nbsp;<\/p>","protected":false},"excerpt":{"rendered":"<div class=\"woocommerce-product-details__short-description\">\n<p><strong>AAAA (26% - 27% THC)<\/strong><\/p>\n<\/div>","protected":false},"featured_media":1219,"comment_status":"open","ping_status":"closed","template":"","meta":{"ocean_post_layout":"","ocean_both_sidebars_style":"","ocean_both_sidebars_content_width":0,"ocean_both_sidebars_sidebars_width":0,"ocean_sidebar":"0","ocean_second_sidebar":"0","ocean_disable_margins":"enable","ocean_add_body_class":"","ocean_shortcode_before_top_bar":"","ocean_shortcode_after_top_bar":"","ocean_shortcode_before_header":"","ocean_shortcode_after_header":"","ocean_has_shortcode":"","ocean_shortcode_after_title":"","ocean_shortcode_before_footer_widgets":"","ocean_shortcode_after_footer_widgets":"","ocean_shortcode_before_footer_bottom":"","ocean_shortcode_after_footer_bottom":"","ocean_display_top_bar":"default","ocean_display_header":"default","ocean_header_style":"","ocean_center_header_left_menu":"0","ocean_custom_header_template":"0","ocean_custom_logo":0,"ocean_custom_retina_logo":0,"ocean_custom_logo_max_width":0,"ocean_custom_logo_tablet_max_width":0,"ocean_custom_logo_mobile_max_width":0,"ocean_custom_logo_max_height":0,"ocean_custom_logo_tablet_max_height":0,"ocean_custom_logo_mobile_max_height":0,"ocean_header_custom_menu":"0","ocean_menu_typo_font_family":"0","ocean_menu_typo_font_subset":"","ocean_menu_typo_font_size":0,"ocean_menu_typo_font_size_tablet":0,"ocean_menu_typo_font_size_mobile":0,"ocean_menu_typo_font_size_unit":"px","ocean_menu_typo_font_weight":"","ocean_menu_typo_font_weight_tablet":"","ocean_menu_typo_font_weight_mobile":"","ocean_menu_typo_transform":"","ocean_menu_typo_transform_tablet":"","ocean_menu_typo_transform_mobile":"","ocean_menu_typo_line_height":0,"ocean_menu_typo_line_height_tablet":0,"ocean_menu_typo_line_height_mobile":0,"ocean_menu_typo_line_height_unit":"","ocean_menu_typo_spacing":0,"ocean_menu_typo_spacing_tablet":0,"ocean_menu_typo_spacing_mobile":0,"ocean_menu_typo_spacing_unit":"","ocean_menu_link_color":"","ocean_menu_link_color_hover":"","ocean_menu_link_color_active":"","ocean_menu_link_background":"","ocean_menu_link_hover_background":"","ocean_menu_link_active_background":"","ocean_menu_social_links_bg":"","ocean_menu_social_hover_links_bg":"","ocean_menu_social_links_color":"","ocean_menu_social_hover_links_color":"","ocean_disable_title":"default","ocean_disable_heading":"default","ocean_post_title":"","ocean_post_subheading":"","ocean_post_title_style":"","ocean_post_title_background_color":"","ocean_post_title_background":0,"ocean_post_title_bg_image_position":"","ocean_post_title_bg_image_attachment":"","ocean_post_title_bg_image_repeat":"","ocean_post_title_bg_image_size":"","ocean_post_title_height":0,"ocean_post_title_bg_overlay":0.5,"ocean_post_title_bg_overlay_color":"","ocean_disable_breadcrumbs":"default","ocean_breadcrumbs_color":"","ocean_breadcrumbs_separator_color":"","ocean_breadcrumbs_links_color":"","ocean_breadcrumbs_links_hover_color":"","ocean_display_footer_widgets":"default","ocean_display_footer_bottom":"default","ocean_custom_footer_template":"0"},"product_brand":[],"product_cat":[35],"product_tag":[],"class_list":{"0":"post-1218","1":"product","2":"type-product","3":"status-publish","4":"has-post-thumbnail","6":"product_cat-blumen","8":"entry","9":"has-media","11":"first","12":"instock","13":"sale","14":"shipping-taxable","15":"purchasable","16":"product-type-variable","17":"has-product-nav","18":"col","19":"span_1_of_3","20":"owp-content-center","21":"owp-thumbs-layout-horizontal","22":"owp-btn-normal","23":"owp-tabs-layout-horizontal","24":"has-no-thumbnails"},"_links":{"self":[{"href":"https:\/\/herbalaproach.com\/hu\/wp-json\/wp\/v2\/product\/1218","targetHints":{"allow":["GET"]}}],"collection":[{"href":"https:\/\/herbalaproach.com\/hu\/wp-json\/wp\/v2\/product"}],"about":[{"href":"https:\/\/herbalaproach.com\/hu\/wp-json\/wp\/v2\/types\/product"}],"replies":[{"embeddable":true,"href":"https:\/\/herbalaproach.com\/hu\/wp-json\/wp\/v2\/comments?post=1218"}],"wp:featuredmedia":[{"embeddable":true,"href":"https:\/\/herbalaproach.com\/hu\/wp-json\/wp\/v2\/media\/1219"}],"wp:attachment":[{"href":"https:\/\/herbalaproach.com\/hu\/wp-json\/wp\/v2\/media?parent=1218"}],"wp:term":[{"taxonomy":"product_brand","embeddable":true,"href":"https:\/\/herbalaproach.com\/hu\/wp-json\/wp\/v2\/product_brand?post=1218"},{"taxonomy":"product_cat","embeddable":true,"href":"https:\/\/herbalaproach.com\/hu\/wp-json\/wp\/v2\/product_cat?post=1218"},{"taxonomy":"product_tag","embeddable":true,"href":"https:\/\/herbalaproach.com\/hu\/wp-json\/wp\/v2\/product_tag?post=1218"}],"curies":[{"name":"wp","href":"https:\/\/api.w.org\/{rel}","templated":true}]}}