{"id":1236,"date":"2024-10-24T22:25:27","date_gmt":"2024-10-24T21:25:27","guid":{"rendered":"https:\/\/herbalaproach.com\/?post_type=product&#038;p=1236"},"modified":"2024-10-24T22:27:51","modified_gmt":"2024-10-24T21:27:51","slug":"blue-meanie","status":"publish","type":"product","link":"https:\/\/herbalaproach.com\/hu\/product\/blue-meanie\/","title":{"rendered":"Blue Meanie"},"content":{"rendered":"<p>A fajta nev\u00e9t a sapk\u00e1k k\u00f6r\u00fcl kialakul\u00f3 hangs\u00falyos k\u00e9k elsz\u00ednez\u0151d\u00e9sr\u0151l kapta. Ez az elsz\u00ednez\u0151d\u00e9s minden pszilocibintartalm\u00fa gomb\u00e1n\u00e1l el\u0151fordul, de a nagyobb \u00e9s vil\u00e1gosabb sz\u00edn\u0171 fajt\u00e1kn\u00e1l, mint ez is, jobban \u00e9szrevehet\u0151. A Blue Meanies arr\u00f3l ismert, hogy sok term\u00e9st termel, \u00e9s fizikai \u00e9rintkez\u00e9skor k\u00f6nnyen megz\u00faz\u00f3dik (k\u00e9k\u00fcl). M\u00e1s Cubensis gombafajt\u00e1khoz k\u00e9pest \u00e1tlagon fel\u00fcli intenzit\u00e1sra sz\u00e1m\u00edtson.<\/p>\n<h3>Hogyan kell haszn\u00e1lni<\/h3>\n<ul>\n<li><b><strong>Nyers:<\/strong><\/b> A zacsk\u00f3b\u00f3l nyersen, alaposan megr\u00e1gva fogyassza el, hogy min\u00e9l t\u00f6bb pszilocibint vonjon ki bel\u0151le. \u00cdgy a gomb\u00e1val kapcsolatos \u00f6sszes \u00edzt megkapod. Nagyobb adagok n\u00e9mi h\u00e1nyingert okozhatnak.<\/li>\n<li><b><strong>F\u0151zz\u00f6n egy te\u00e1t:<\/strong><\/b> Adja a k\u00edv\u00e1nt adagot 1-1,5 cs\u00e9sze v\u00edzhez, \u00e9s forralja 10 percig. Ha szeretn\u00e9, m\u00e1s \u00edzletes gy\u00f3gyn\u00f6v\u00e9nyekkel is \u00edzes\u00edtheti a te\u00e1t, pl. a <a href=\"https:\/\/herbalaproach.com\/hu\/\">Gomb\u00e1k<\/a> a chai tea kever\u00e9k\u00e9be. A hat\u00e1s gyorsabb, mint a nyers gomba fogyaszt\u00e1sakor, \u00e9s a besz\u00e1mol\u00f3k szerint kevesebb h\u00e1nyinger jelentkezik.<\/li>\n<li><b><strong>Lemon tek:<\/strong><\/b> A k\u00edv\u00e1nt adagot \u0151r\u00f6lje porr\u00e1, \u00e9s tegye egy kis cs\u00e9sz\u00e9be vagy t\u00e1lba. Adjuk hozz\u00e1 1-2 citrom lev\u00e9t, am\u00edg a gomb\u00e1t el nem bor\u00edtja a citroml\u00e9. Hagyja \u00e1llni 15-20 percig. Fogyassza el teljesen. A leggyorsabban, leger\u0151sebben \u00e9s \u00e1ll\u00edt\u00f3lag jelent\u0151sen kevesebb h\u00e1nyingerrel hat.<\/li>\n<li><b><strong>\u00c9tellel:<\/strong><\/b> Pizza, PB &amp; J, chips vagy egy turmixban - a lehet\u0151s\u00e9gek v\u00e9gtelenek! Fogj n\u00e9h\u00e1ny sz\u00e1r\u00edtott gomb\u00e1t, \u00e9s fogyaszd a kedvenc nassolnival\u00f3ddal egy\u00fctt.<\/li>\n<\/ul>\n<h3>Adagol\u00e1s<\/h3>\n<ul>\n<li><b><strong>0-0.25g:<\/strong><\/b> Mikrod\u00f3zis; nagyon finom pszichedelikus hat\u00e1sok. Nincsenek vizu\u00e1lis benyom\u00e1sok, nincsenek l\u00e1that\u00f3 v\u00e1ltoz\u00e1sok, nincs kontrollveszt\u00e9s. Tapasztalja meg a hangulat javul\u00e1s\u00e1t, a szorong\u00e1s cs\u00f6kken\u00e9s\u00e9t, a szellemi \u00e9bers\u00e9g javul\u00e1s\u00e1t \u00e9s az energiaszint javul\u00e1s\u00e1t.<\/li>\n<\/ul>\n<p><b><strong>Makrod\u00f3zis -<\/strong><\/b><\/p>\n<ul>\n<li><b><strong>0.25-0.5g:<\/strong><\/b> N\u00f6veked\u00e9s; kifejezettebb pszichedelikus hat\u00e1sok; esetleg megv\u00e1ltozott koordin\u00e1ci\u00f3 \u00e9s motoros kontroll, megv\u00e1ltozott l\u00e1t\u00e1s \u00e9s hangulat, fokozott energia, kacag\u00e1s, \u00e9lesl\u00e1t\u00f3 gondolatok, \u00f6tletek \u00e9s mintafelismer\u00e9s.<\/li>\n<\/ul>\n<p><b><strong>K\u00f6nny\u0171 d\u00f3zis -<\/strong><\/b><\/p>\n<ul>\n<li><b><strong>0,5-1g:<\/strong><\/b> Pszichoakt\u00edv \u00e9lm\u00e9ny; kifejezett \u00e9s nyilv\u00e1nval\u00f3 pszichedelikus hat\u00e1sok; megv\u00e1ltozott l\u00e1t\u00e1s, \u00e9rzelmek \u00e9s hangulatok, a motoros kontroll jelent\u0151s megv\u00e1ltoz\u00e1sa, koordin\u00e1ci\u00f3s zavarok, emberfeletti zenei k\u00e9pess\u00e9gek, abszurd humor \u00e9s a m\u0171v\u00e9szi tev\u00e9kenys\u00e9gek ir\u00e1nti v\u00e1gy.<\/li>\n<\/ul>\n<p><b><strong>Szok\u00e1sos adag -<\/strong><\/b><\/p>\n<ul>\n<li><b><strong>1-2g:<\/strong><\/b> K\u00e9szen \u00e1llsz arra, hogy megny\u00edlj egy pszichedelikus \u00e9lm\u00e9nynek. De! \u00d3vatos akarsz lenni. A Beginner's Paradise lehet a megfelel\u0151 hely sz\u00e1modra. Sz\u00e1m\u00edtson testi m\u00e1morra, m\u00e9ly besz\u00e9lget\u00e9sekre, nevet\u00e9sre \u00e9s j\u00f3 hangulatra. Gy\u0151z\u0151dj meg r\u00f3la, hogy a megfelel\u0151 k\u00f6rnyezetben \u00e9s a megfelel\u0151 emberekkel vagy, \u00e9s bar\u00e1ts\u00e1gos bevezet\u00e9sed lesz a pszichedelikus szerekbe.<\/li>\n<\/ul>\n<p><b><strong>Er\u0151s d\u00f3zis -<\/strong><\/b><\/p>\n<ul>\n<li><b><strong>2.5-5g:<\/strong><\/b> Ez az! A klasszikus pszichedelikus utaz\u00e1s, amir\u0151l mindig is hallott\u00e1l. N\u00e9ha olyan \u00e9rz\u00e9s, mint egy forg\u00f3sz\u00e9l. M\u00e1skor sokkal ink\u00e1bb \u00fagy \u00e9rzed, hogy az utaz\u00e1s alatt sokkal jobban kontroll\u00e1lod magad. A pszichedelikus trip alatt \u00faj dolgokat fogsz \u00e9rezni, gondolkodni \u00e9s \u00e9rz\u00e9kelni. B\u00e1rmilyen felismer\u00e9st is szerezt\u00e9l a pszilocibin gomb\u00e1s utaz\u00e1sod sor\u00e1n, tartsd \u00e9szben \u00e9s vidd magaddal.<\/li>\n<\/ul>\n<p><b><strong>H\u0151sies adag:<\/strong><\/b><\/p>\n<ul>\n<li><b><strong>5g+:<\/strong><\/b> Vannak, akik j\u00e1rtasak a var\u00e1zslatos vil\u00e1g\u00e1ban. <a href=\"https:\/\/www.youtube.com\/watch?v=m2hCjGP4plU\" target=\"_blank\" rel=\"noopener\">Pszichedelikus szerek<\/a>. El\u00e9rt\u00e9k azt a szintet, hogy m\u00e1r ismerik a klasszikus utaz\u00e1st. Lehet, hogy nagyobb d\u00f3zissal akarnak k\u00eds\u00e9rletezni. Vannak t\u00f6rt\u00e9netek az ego hal\u00e1l\u00e1r\u00f3l, az univerzummal val\u00f3 \u00f6sszekapcsol\u00f3d\u00e1sr\u00f3l \u00e9s egy nagyon intenz\u00edv m\u00e1mor megtapasztal\u00e1s\u00e1r\u00f3l. B\u00e1rmit is teszel, ne haszn\u00e1lj magas d\u00f3zist menek\u00fcl\u00e9shez. Haszn\u00e1ld az \u00e9leted kieg\u00e9sz\u00edt\u00e9sek\u00e9nt. Besz\u00e9lj tapasztalt pszichonaut\u00e1kkal, \u00e9s gy\u0151z\u0151dj meg r\u00f3la, hogy j\u00f3 ment\u00e1lis \u00e1llapotban vagy, amikor \u00fagy d\u00f6ntesz, hogy a csillagokkal rep\u00fclsz.<\/li>\n<\/ul>\n<p><b><strong>Megjegyz\u00e9s: A d\u00f3zis \u00e9s a hat\u00e1s szem\u00e9lyenk\u00e9nt elt\u00e9r\u0151.<\/strong><\/b> <b><strong>Ha m\u00e9g soha nem fogyasztott m\u00e9g gomb\u00e1t, a legjobb, ha a k\u00edv\u00e1nt hat\u00e1s el\u00e9r\u00e9s\u00e9hez a lehet\u0151 legkisebb adaggal kezd, \u00e9s onnan lassan n\u00f6veli.<\/strong><\/b><\/p>","protected":false},"excerpt":{"rendered":"<p>Der Name dieser Sorte kommt von der ausgepr\u00e4gten blauen F\u00e4rbung, die sich um die Kappen bildet. Diese Verf\u00e4rbung tritt bei allen psilocybinhaltigen Pilzen auf, ist aber bei gr\u00f6\u00dferen und hellen Sorten wie dieser auff\u00e4lliger. Blue Meanies sind daf\u00fcr bekannt, dass sie sehr viele Fr\u00fcchte tragen und bei physischem Kontakt leicht gequetscht werden (Blueing). Erwarten Sie [&hellip;]<\/p>\n","protected":false},"featured_media":1237,"comment_status":"open","ping_status":"closed","template":"","meta":{"ocean_post_layout":"","ocean_both_sidebars_style":"","ocean_both_sidebars_content_width":0,"ocean_both_sidebars_sidebars_width":0,"ocean_sidebar":"0","ocean_second_sidebar":"0","ocean_disable_margins":"enable","ocean_add_body_class":"","ocean_shortcode_before_top_bar":"","ocean_shortcode_after_top_bar":"","ocean_shortcode_before_header":"","ocean_shortcode_after_header":"","ocean_has_shortcode":"","ocean_shortcode_after_title":"","ocean_shortcode_before_footer_widgets":"","ocean_shortcode_after_footer_widgets":"","ocean_shortcode_before_footer_bottom":"","ocean_shortcode_after_footer_bottom":"","ocean_display_top_bar":"default","ocean_display_header":"default","ocean_header_style":"","ocean_center_header_left_menu":"0","ocean_custom_header_template":"0","ocean_custom_logo":0,"ocean_custom_retina_logo":0,"ocean_custom_logo_max_width":0,"ocean_custom_logo_tablet_max_width":0,"ocean_custom_logo_mobile_max_width":0,"ocean_custom_logo_max_height":0,"ocean_custom_logo_tablet_max_height":0,"ocean_custom_logo_mobile_max_height":0,"ocean_header_custom_menu":"0","ocean_menu_typo_font_family":"0","ocean_menu_typo_font_subset":"","ocean_menu_typo_font_size":0,"ocean_menu_typo_font_size_tablet":0,"ocean_menu_typo_font_size_mobile":0,"ocean_menu_typo_font_size_unit":"px","ocean_menu_typo_font_weight":"","ocean_menu_typo_font_weight_tablet":"","ocean_menu_typo_font_weight_mobile":"","ocean_menu_typo_transform":"","ocean_menu_typo_transform_tablet":"","ocean_menu_typo_transform_mobile":"","ocean_menu_typo_line_height":0,"ocean_menu_typo_line_height_tablet":0,"ocean_menu_typo_line_height_mobile":0,"ocean_menu_typo_line_height_unit":"","ocean_menu_typo_spacing":0,"ocean_menu_typo_spacing_tablet":0,"ocean_menu_typo_spacing_mobile":0,"ocean_menu_typo_spacing_unit":"","ocean_menu_link_color":"","ocean_menu_link_color_hover":"","ocean_menu_link_color_active":"","ocean_menu_link_background":"","ocean_menu_link_hover_background":"","ocean_menu_link_active_background":"","ocean_menu_social_links_bg":"","ocean_menu_social_hover_links_bg":"","ocean_menu_social_links_color":"","ocean_menu_social_hover_links_color":"","ocean_disable_title":"default","ocean_disable_heading":"default","ocean_post_title":"","ocean_post_subheading":"","ocean_post_title_style":"","ocean_post_title_background_color":"","ocean_post_title_background":0,"ocean_post_title_bg_image_position":"","ocean_post_title_bg_image_attachment":"","ocean_post_title_bg_image_repeat":"","ocean_post_title_bg_image_size":"","ocean_post_title_height":0,"ocean_post_title_bg_overlay":0.5,"ocean_post_title_bg_overlay_color":"","ocean_disable_breadcrumbs":"default","ocean_breadcrumbs_color":"","ocean_breadcrumbs_separator_color":"","ocean_breadcrumbs_links_color":"","ocean_breadcrumbs_links_hover_color":"","ocean_display_footer_widgets":"default","ocean_display_footer_bottom":"default","ocean_custom_footer_template":"0"},"product_brand":[],"product_cat":[54],"product_tag":[],"class_list":{"0":"post-1236","1":"product","2":"type-product","3":"status-publish","4":"has-post-thumbnail","6":"product_cat-magische-pilze","8":"entry","9":"has-media","11":"first","12":"instock","13":"shipping-taxable","14":"product-type-simple","15":"has-product-nav","16":"col","17":"span_1_of_3","18":"owp-content-center","19":"owp-thumbs-layout-horizontal","20":"owp-btn-normal","21":"owp-tabs-layout-horizontal","22":"has-no-thumbnails"},"_links":{"self":[{"href":"https:\/\/herbalaproach.com\/hu\/wp-json\/wp\/v2\/product\/1236","targetHints":{"allow":["GET"]}}],"collection":[{"href":"https:\/\/herbalaproach.com\/hu\/wp-json\/wp\/v2\/product"}],"about":[{"href":"https:\/\/herbalaproach.com\/hu\/wp-json\/wp\/v2\/types\/product"}],"replies":[{"embeddable":true,"href":"https:\/\/herbalaproach.com\/hu\/wp-json\/wp\/v2\/comments?post=1236"}],"wp:featuredmedia":[{"embeddable":true,"href":"https:\/\/herbalaproach.com\/hu\/wp-json\/wp\/v2\/media\/1237"}],"wp:attachment":[{"href":"https:\/\/herbalaproach.com\/hu\/wp-json\/wp\/v2\/media?parent=1236"}],"wp:term":[{"taxonomy":"product_brand","embeddable":true,"href":"https:\/\/herbalaproach.com\/hu\/wp-json\/wp\/v2\/product_brand?post=1236"},{"taxonomy":"product_cat","embeddable":true,"href":"https:\/\/herbalaproach.com\/hu\/wp-json\/wp\/v2\/product_cat?post=1236"},{"taxonomy":"product_tag","embeddable":true,"href":"https:\/\/herbalaproach.com\/hu\/wp-json\/wp\/v2\/product_tag?post=1236"}],"curies":[{"name":"wp","href":"https:\/\/api.w.org\/{rel}","templated":true}]}}