{"id":1247,"date":"2024-10-25T12:22:34","date_gmt":"2024-10-25T11:22:34","guid":{"rendered":"https:\/\/herbalaproach.com\/?post_type=product&#038;p=1247"},"modified":"2024-10-25T12:24:52","modified_gmt":"2024-10-25T11:24:52","slug":"slimming-gummies","status":"publish","type":"product","link":"https:\/\/herbalaproach.com\/hu\/product\/slimming-gummies\/","title":{"rendered":"karcs\u00fas\u00edt\u00f3 gumicukor - \u00e1fonya THC-vel \u00e1titatott gumicukor"},"content":{"rendered":"<p>Karcs\u00fas\u00edt\u00f3 gumicukor Minden csomag kiv\u00e1l\u00f3 min\u0151s\u00e9g\u0171, etikusan el\u0151\u00e1ll\u00edtott, veg\u00e1n \u00e9s bio \u00f6sszetev\u0151ket tartalmaz. Laborban tesztelt term\u00e9keink k\u00f6vetkezetes adagol\u00e1si m\u00f3dot biztos\u00edtanak a szed\u00e9shez <a href=\"https:\/\/herbalaproach.com\/hu\/\">Cannabis<\/a>. Most pihenjen, tegye fel a l\u00e1b\u00e1t, \u00e9s \u00e9lvezze, amit az anyaterm\u00e9szet k\u00edn\u00e1l!<\/p>\n<h2>A gy\u00e1rt\u00e1s r\u00e9szletei<\/h2>\n<p>Adagnagys\u00e1g: 1 gumicukor<\/p>\n<p>Adagok tart\u00e1lyonk\u00e9nt: 4<\/p>\n<p>THC mennyis\u00e9g adagonk\u00e9nt: 250mg THC<\/p>\n<p>\u00cdz: \u00c1fonya<\/p>\n<h2>Hogyan kell haszn\u00e1lni<\/h2>\n<p>Abban az esetben, ha feljebb akarsz kapcsolni egy fokozatot - ezek a gumik nagyon er\u0151sek.<\/p>\n<p>Kezdje 125 mg THC-vel (f\u00e9l gumimacival). A THC gumicukrok (igaz\u00e1n) er\u0151s term\u00e9kek. Azt javasoljuk, hogy alacsonyan kezdj\u00fcnk \u00e9s lassan vegy\u00fck. Egyes esetekben ak\u00e1r 2 \u00f3ra is eltelhet, mire a hat\u00e1s beindul, ez\u00e9rt b\u00edzz a folyamatban.<\/p>\n<p>Alacsonyabb d\u00f3zisok seg\u00edtenek minimaliz\u00e1lni a szorong\u00e1st \u00e9s a <a href=\"https:\/\/www.youtube.com\/watch?v=fQZwVNbP0ME\" target=\"_blank\" rel=\"noopener\">Depresszi\u00f3<\/a> jav\u00edtja az \u00e9tv\u00e1gyat \u00e9s aktiv\u00e1lja a dopaminreceptorokat. Nagyobb d\u00f3zisok seg\u00edtenek a f\u00e1jdalom \u00e9s a gyullad\u00e1s kezel\u00e9s\u00e9ben, jav\u00edtj\u00e1k az alv\u00e1st \u00e9s cs\u00f6kkentik az \u00e1lmatlans\u00e1got. M\u00edg a THC alacsony d\u00f3zisai a szorong\u00e1s enyh\u00edt\u00e9s\u00e9re szolg\u00e1lnak, a magasabb d\u00f3zisok olyan hat\u00e1sokat (szapora sz\u00edvver\u00e9s, sz\u00e1jsz\u00e1razs\u00e1g, m\u00e9rgez\u00e9s) ut\u00e1nozhatnak, amelyek szorong\u00e1sk\u00e9nt tapasztalhat\u00f3k.<\/p>\n<h2>\u00d6sszetev\u0151<\/h2>\n<p>Kurkuma kivonat, gy\u00f6mb\u00e9r kivonat, almaecet, gy\u00fcm\u00f6lcsl\u00e9, pektin, citromsav, guargumi, THC kannabisz kivonat,<\/p>","protected":false},"excerpt":{"rendered":"<div class=\"woocommerce-product-details__short-description\">\n<p>1000mg THC<\/p>\n<\/div>","protected":false},"featured_media":1248,"comment_status":"open","ping_status":"closed","template":"","meta":{"ocean_post_layout":"","ocean_both_sidebars_style":"","ocean_both_sidebars_content_width":0,"ocean_both_sidebars_sidebars_width":0,"ocean_sidebar":"0","ocean_second_sidebar":"0","ocean_disable_margins":"enable","ocean_add_body_class":"","ocean_shortcode_before_top_bar":"","ocean_shortcode_after_top_bar":"","ocean_shortcode_before_header":"","ocean_shortcode_after_header":"","ocean_has_shortcode":"","ocean_shortcode_after_title":"","ocean_shortcode_before_footer_widgets":"","ocean_shortcode_after_footer_widgets":"","ocean_shortcode_before_footer_bottom":"","ocean_shortcode_after_footer_bottom":"","ocean_display_top_bar":"default","ocean_display_header":"default","ocean_header_style":"","ocean_center_header_left_menu":"0","ocean_custom_header_template":"0","ocean_custom_logo":0,"ocean_custom_retina_logo":0,"ocean_custom_logo_max_width":0,"ocean_custom_logo_tablet_max_width":0,"ocean_custom_logo_mobile_max_width":0,"ocean_custom_logo_max_height":0,"ocean_custom_logo_tablet_max_height":0,"ocean_custom_logo_mobile_max_height":0,"ocean_header_custom_menu":"0","ocean_menu_typo_font_family":"0","ocean_menu_typo_font_subset":"","ocean_menu_typo_font_size":0,"ocean_menu_typo_font_size_tablet":0,"ocean_menu_typo_font_size_mobile":0,"ocean_menu_typo_font_size_unit":"px","ocean_menu_typo_font_weight":"","ocean_menu_typo_font_weight_tablet":"","ocean_menu_typo_font_weight_mobile":"","ocean_menu_typo_transform":"","ocean_menu_typo_transform_tablet":"","ocean_menu_typo_transform_mobile":"","ocean_menu_typo_line_height":0,"ocean_menu_typo_line_height_tablet":0,"ocean_menu_typo_line_height_mobile":0,"ocean_menu_typo_line_height_unit":"","ocean_menu_typo_spacing":0,"ocean_menu_typo_spacing_tablet":0,"ocean_menu_typo_spacing_mobile":0,"ocean_menu_typo_spacing_unit":"","ocean_menu_link_color":"","ocean_menu_link_color_hover":"","ocean_menu_link_color_active":"","ocean_menu_link_background":"","ocean_menu_link_hover_background":"","ocean_menu_link_active_background":"","ocean_menu_social_links_bg":"","ocean_menu_social_hover_links_bg":"","ocean_menu_social_links_color":"","ocean_menu_social_hover_links_color":"","ocean_disable_title":"default","ocean_disable_heading":"default","ocean_post_title":"","ocean_post_subheading":"","ocean_post_title_style":"","ocean_post_title_background_color":"","ocean_post_title_background":0,"ocean_post_title_bg_image_position":"","ocean_post_title_bg_image_attachment":"","ocean_post_title_bg_image_repeat":"","ocean_post_title_bg_image_size":"","ocean_post_title_height":0,"ocean_post_title_bg_overlay":0.5,"ocean_post_title_bg_overlay_color":"","ocean_disable_breadcrumbs":"default","ocean_breadcrumbs_color":"","ocean_breadcrumbs_separator_color":"","ocean_breadcrumbs_links_color":"","ocean_breadcrumbs_links_hover_color":"","ocean_display_footer_widgets":"default","ocean_display_footer_bottom":"default","ocean_custom_footer_template":"0"},"product_brand":[],"product_cat":[61],"product_tag":[68],"class_list":{"0":"post-1247","1":"product","2":"type-product","3":"status-publish","4":"has-post-thumbnail","6":"product_cat-essbar","7":"product_tag-slimming-gummies","9":"entry","10":"has-media","12":"first","13":"instock","14":"sale","15":"shipping-taxable","16":"purchasable","17":"product-type-simple","18":"has-product-nav","19":"col","20":"span_1_of_3","21":"owp-content-center","22":"owp-thumbs-layout-horizontal","23":"owp-btn-normal","24":"owp-tabs-layout-horizontal","25":"has-no-thumbnails"},"_links":{"self":[{"href":"https:\/\/herbalaproach.com\/hu\/wp-json\/wp\/v2\/product\/1247","targetHints":{"allow":["GET"]}}],"collection":[{"href":"https:\/\/herbalaproach.com\/hu\/wp-json\/wp\/v2\/product"}],"about":[{"href":"https:\/\/herbalaproach.com\/hu\/wp-json\/wp\/v2\/types\/product"}],"replies":[{"embeddable":true,"href":"https:\/\/herbalaproach.com\/hu\/wp-json\/wp\/v2\/comments?post=1247"}],"wp:featuredmedia":[{"embeddable":true,"href":"https:\/\/herbalaproach.com\/hu\/wp-json\/wp\/v2\/media\/1248"}],"wp:attachment":[{"href":"https:\/\/herbalaproach.com\/hu\/wp-json\/wp\/v2\/media?parent=1247"}],"wp:term":[{"taxonomy":"product_brand","embeddable":true,"href":"https:\/\/herbalaproach.com\/hu\/wp-json\/wp\/v2\/product_brand?post=1247"},{"taxonomy":"product_cat","embeddable":true,"href":"https:\/\/herbalaproach.com\/hu\/wp-json\/wp\/v2\/product_cat?post=1247"},{"taxonomy":"product_tag","embeddable":true,"href":"https:\/\/herbalaproach.com\/hu\/wp-json\/wp\/v2\/product_tag?post=1247"}],"curies":[{"name":"wp","href":"https:\/\/api.w.org\/{rel}","templated":true}]}}