{"id":1254,"date":"2024-10-25T19:26:22","date_gmt":"2024-10-25T18:26:22","guid":{"rendered":"https:\/\/herbalaproach.com\/?post_type=product&#038;p=1254"},"modified":"2024-10-25T19:31:10","modified_gmt":"2024-10-25T18:31:10","slug":"muscimol-gummies","status":"publish","type":"product","link":"https:\/\/herbalaproach.com\/hu\/product\/muscimol-gummies\/","title":{"rendered":"muscimol gumicukor"},"content":{"rendered":"<p class=\"serp-title\">Muscimol gumicukor <a href=\"https:\/\/herbalaproach.com\/hu\/\">Var\u00e1zsgomb\u00e1k<\/a> A gombakivonatos gumicukrok egyed\u00fcl\u00e1ll\u00f3 \u00e9lm\u00e9nyt ny\u00fajtanak a k\u00fcl\u00f6nb\u00f6z\u0151 gomb\u00e1k gondosan \u00f6ssze\u00e1ll\u00edtott kever\u00e9k\u00e9nek k\u00f6sz\u00f6nhet\u0151en. Ezeket a gumicukrokat \u00fagy tervezt\u00e9k, hogy energiz\u00e1l\u00f3 \u00e9s felemel\u0151 \u00e9rz\u00e9st ny\u00fajtsanak, \u00edgy t\u00f6k\u00e9letesek egy vid\u00e1m esti sz\u00f3rakoz\u00e1shoz vagy egy pihentet\u0151 otthoni est\u00e9hez.<\/p>\n<p>Minden csomag 4 gumimacit tartalmaz, mindegyik 8 mg muscimolt, egy pszichedelikus hat\u00e1sair\u00f3l ismert term\u00e9szetes vegy\u00fcletet, amely t\u00f6k\u00e9letes kever\u00e9k a kellemes \u00e9s meleg \u00e9lm\u00e9nyhez.<\/p>\n<h2>A Muscimol gumicukor tulajdons\u00e1gai \u00e9s el\u0151nyei:<\/h2>\n<p>Energetiz\u00e1l\u00f3 \u00e9s felemel\u0151: ide\u00e1lis egy sz\u00f3rakoztat\u00f3 est\u00e9hez a szabadban vagy egy pihentet\u0151 est\u00e9hez otthon.<\/p>\n<h2>Muszimolt tartalmaz:<\/h2>\n<p>Minden egyes gumicukor 8 mg muscimolt tartalmaz, amely a gumicukor jellegzetes hat\u00e1s\u00e1\u00e9rt felel\u0151s.<\/p>\n<h2>Fokozott \u00e9rz\u00e9kek:<\/h2>\n<p>A felhaszn\u00e1l\u00f3k a sz\u00ednek, a hangok, a h\u0151m\u00e9rs\u00e9klet \u00e9s a k\u00f6rnyezet megv\u00e1ltozott \u00e9rz\u00e9kel\u00e9s\u00e9r\u0151l sz\u00e1molnak be.<\/p>\n<p>K\u00f6nnyen haszn\u00e1lhat\u00f3: Vegy\u00e9l be egy gumimacit egy k\u00f6nnyed \u00e9lm\u00e9nyhez, vagy mindkett\u0151t egy m\u00e9lyebb utaz\u00e1shoz.<\/p>\n<p>Term\u00e9szetes \u00f6sszetev\u0151k:<\/p>\n<p>Cukorral \u00e9s sz\u0151l\u0151cukorral \u00e9des\u00edtett, term\u00e9szetes arom\u00e1kat \u00e9s sz\u00ednez\u00e9keket tartalmaz.<\/p>\n<h2>Haszn\u00e1lati utas\u00edt\u00e1s:<\/h2>\n<p>Vegyen be egy gumit egy enyhe, kellemes \u00e9lm\u00e9ny\u00e9rt, amely meleg \u00e9s meghitt \u00e9rz\u00e9st hagy maga ut\u00e1n. Az intenz\u00edvebb \u00e9lm\u00e9ny\u00e9rt vegye mindk\u00e9t gumit, \u00e9s fedezze fel \u00e9rz\u00e9kei m\u00e9lyebb dimenzi\u00f3j\u00e1t. Gy\u0151z\u0151dj\u00f6n meg r\u00f3la, hogy k\u00e9nyelmes k\u00f6rnyezetben van, hogy teljes m\u00e9rt\u00e9kben \u00e9lvezhesse a hat\u00e1st.Muscimol gumicukrok<\/p>\n<h2>Tippek:<\/h2>\n<h3>Biztons\u00e1gos k\u00f6rnyezet:<\/h3>\n<p>Gy\u0151z\u0151dj\u00f6n meg r\u00f3la, hogy ismer\u0151s \u00e9s biztons\u00e1gos k\u00f6rnyezetben van, k\u00fcl\u00f6n\u00f6sen, ha<\/p>\n<p>fogd mindk\u00e9t zsel\u00e9s bab\u00e1t.<\/p>\n<h2>Nincs alkohol:<\/h2>\n<p>Ker\u00fclje a gumicukrok alkohollal val\u00f3 kombin\u00e1l\u00e1s\u00e1t, mivel ez negat\u00edv k\u00f6lcs\u00f6nhat\u00e1shoz vezethet a gombakivonattal.<br \/>\nLassan kezdjen: Ha el\u0151sz\u00f6r szedi a Muscimolt, kezdje a szed\u00e9st egy <a href=\"https:\/\/www.youtube.com\/watch?v=8lDobfGQKO0\" target=\"_blank\" rel=\"noopener\">Gumimacik<\/a>hogy l\u00e1ssa, hogyan reag\u00e1l a teste.<\/p>","protected":false},"excerpt":{"rendered":"<p>Muscimol gummies Magic Mushrooms Gummies mit Pilzextrakt bieten ein einzigartiges Erlebnis dank einer sorgf\u00e4ltig zusammengestellten Mischung aus verschiedenen Pilzen. Diese Gummis wurden entwickelt, um ein energiegeladenes und erhebendes Gef\u00fchl zu vermitteln, was sie perfekt f\u00fcr einen lustigen Abend im Freien oder einen entspannten Abend zu Hause macht. Jede Packung enth\u00e4lt 4 Gummib\u00e4rchen mit je 8 [&hellip;]<\/p>\n","protected":false},"featured_media":1255,"comment_status":"open","ping_status":"closed","template":"","meta":{"ocean_post_layout":"","ocean_both_sidebars_style":"","ocean_both_sidebars_content_width":0,"ocean_both_sidebars_sidebars_width":0,"ocean_sidebar":"0","ocean_second_sidebar":"0","ocean_disable_margins":"enable","ocean_add_body_class":"","ocean_shortcode_before_top_bar":"","ocean_shortcode_after_top_bar":"","ocean_shortcode_before_header":"","ocean_shortcode_after_header":"","ocean_has_shortcode":"","ocean_shortcode_after_title":"","ocean_shortcode_before_footer_widgets":"","ocean_shortcode_after_footer_widgets":"","ocean_shortcode_before_footer_bottom":"","ocean_shortcode_after_footer_bottom":"","ocean_display_top_bar":"default","ocean_display_header":"default","ocean_header_style":"","ocean_center_header_left_menu":"0","ocean_custom_header_template":"0","ocean_custom_logo":0,"ocean_custom_retina_logo":0,"ocean_custom_logo_max_width":0,"ocean_custom_logo_tablet_max_width":0,"ocean_custom_logo_mobile_max_width":0,"ocean_custom_logo_max_height":0,"ocean_custom_logo_tablet_max_height":0,"ocean_custom_logo_mobile_max_height":0,"ocean_header_custom_menu":"0","ocean_menu_typo_font_family":"0","ocean_menu_typo_font_subset":"","ocean_menu_typo_font_size":0,"ocean_menu_typo_font_size_tablet":0,"ocean_menu_typo_font_size_mobile":0,"ocean_menu_typo_font_size_unit":"px","ocean_menu_typo_font_weight":"","ocean_menu_typo_font_weight_tablet":"","ocean_menu_typo_font_weight_mobile":"","ocean_menu_typo_transform":"","ocean_menu_typo_transform_tablet":"","ocean_menu_typo_transform_mobile":"","ocean_menu_typo_line_height":0,"ocean_menu_typo_line_height_tablet":0,"ocean_menu_typo_line_height_mobile":0,"ocean_menu_typo_line_height_unit":"","ocean_menu_typo_spacing":0,"ocean_menu_typo_spacing_tablet":0,"ocean_menu_typo_spacing_mobile":0,"ocean_menu_typo_spacing_unit":"","ocean_menu_link_color":"","ocean_menu_link_color_hover":"","ocean_menu_link_color_active":"","ocean_menu_link_background":"","ocean_menu_link_hover_background":"","ocean_menu_link_active_background":"","ocean_menu_social_links_bg":"","ocean_menu_social_hover_links_bg":"","ocean_menu_social_links_color":"","ocean_menu_social_hover_links_color":"","ocean_disable_title":"default","ocean_disable_heading":"default","ocean_post_title":"","ocean_post_subheading":"","ocean_post_title_style":"","ocean_post_title_background_color":"","ocean_post_title_background":0,"ocean_post_title_bg_image_position":"","ocean_post_title_bg_image_attachment":"","ocean_post_title_bg_image_repeat":"","ocean_post_title_bg_image_size":"","ocean_post_title_height":0,"ocean_post_title_bg_overlay":0.5,"ocean_post_title_bg_overlay_color":"","ocean_disable_breadcrumbs":"default","ocean_breadcrumbs_color":"","ocean_breadcrumbs_separator_color":"","ocean_breadcrumbs_links_color":"","ocean_breadcrumbs_links_hover_color":"","ocean_display_footer_widgets":"default","ocean_display_footer_bottom":"default","ocean_custom_footer_template":"0"},"product_brand":[],"product_cat":[61],"product_tag":[70],"class_list":{"0":"post-1254","1":"product","2":"type-product","3":"status-publish","4":"has-post-thumbnail","6":"product_cat-essbar","7":"product_tag-muscimol-gummies","9":"entry","10":"has-media","12":"first","13":"instock","14":"sale","15":"shipping-taxable","16":"purchasable","17":"product-type-simple","18":"has-product-nav","19":"col","20":"span_1_of_3","21":"owp-content-center","22":"owp-thumbs-layout-horizontal","23":"owp-btn-normal","24":"owp-tabs-layout-horizontal","25":"has-no-thumbnails"},"_links":{"self":[{"href":"https:\/\/herbalaproach.com\/hu\/wp-json\/wp\/v2\/product\/1254","targetHints":{"allow":["GET"]}}],"collection":[{"href":"https:\/\/herbalaproach.com\/hu\/wp-json\/wp\/v2\/product"}],"about":[{"href":"https:\/\/herbalaproach.com\/hu\/wp-json\/wp\/v2\/types\/product"}],"replies":[{"embeddable":true,"href":"https:\/\/herbalaproach.com\/hu\/wp-json\/wp\/v2\/comments?post=1254"}],"wp:featuredmedia":[{"embeddable":true,"href":"https:\/\/herbalaproach.com\/hu\/wp-json\/wp\/v2\/media\/1255"}],"wp:attachment":[{"href":"https:\/\/herbalaproach.com\/hu\/wp-json\/wp\/v2\/media?parent=1254"}],"wp:term":[{"taxonomy":"product_brand","embeddable":true,"href":"https:\/\/herbalaproach.com\/hu\/wp-json\/wp\/v2\/product_brand?post=1254"},{"taxonomy":"product_cat","embeddable":true,"href":"https:\/\/herbalaproach.com\/hu\/wp-json\/wp\/v2\/product_cat?post=1254"},{"taxonomy":"product_tag","embeddable":true,"href":"https:\/\/herbalaproach.com\/hu\/wp-json\/wp\/v2\/product_tag?post=1254"}],"curies":[{"name":"wp","href":"https:\/\/api.w.org\/{rel}","templated":true}]}}