{"id":1362,"date":"2024-11-02T01:35:56","date_gmt":"2024-11-02T00:35:56","guid":{"rendered":"https:\/\/herbalaproach.com\/?post_type=product&#038;p=1362"},"modified":"2026-03-10T08:45:33","modified_gmt":"2026-03-10T07:45:33","slug":"strawberry-cough","status":"publish","type":"product","link":"https:\/\/herbalaproach.com\/hu\/product\/strawberry-cough\/","title":{"rendered":"Eper k\u00f6h\u00f6g\u00e9s - Eldobhat\u00f3 Vape"},"content":{"rendered":"<p>Pr\u00e9mium 95 % THC - 5 % a <a href=\"https:\/\/herbalaproach.com\/hu\/\">Cannabis<\/a> A terp\u00e9nb\u0151l sz\u00e1rmaz\u00f3 eldobhat\u00f3 vapek 3 gramm p\u00e1rlattal vannak felt\u00f6ltve!<br \/>\n3000mg-ot tartalmaz <a href=\"https:\/\/www.youtube.com\/watch?v=nGxoNMKGOUA\" target=\"_blank\" rel=\"noopener\">THC<\/a> \u00e9s m\u00e1s kannabinoidok. Nem adunk hozz\u00e1 PG, VG, PEG vagy MCT olajat - Minden p\u00e1rologtat\u00f3nk laborat\u00f3riumi tesztel\u00e9sen esik \u00e1t a min\u0151s\u00e9g \u00e9s a konzisztencia szempontj\u00e1b\u00f3l.<\/p>\n<h2>Hogyan kell haszn\u00e1lni<\/h2>\n<p><b><strong>Bekapcsol\u00e1s\/kikapcsol\u00e1s:<\/strong><\/b><\/p>\n<p>Nyomja meg a gombot 5 alkalommal gyorsan<\/p>\n<p><b><strong>V\u00e1ltoztassa meg a tekercs h\u0151m\u00e9rs\u00e9klet\u00e9t:<\/strong><\/b><\/p>\n<p>A k\u00e9sz\u00fcl\u00e9k bekapcsolt \u00e1llapot\u00e1ban - A k\u00edv\u00e1nt be\u00e1ll\u00edt\u00e1s megv\u00e1ltoztat\u00e1s\u00e1hoz nyomja meg gyorsan 3-szor a gombot.<\/p>\n<p><i><em>Z\u00f6ld = Alacsony<\/em><\/i><\/p>\n<p><i><em>K\u00e9k = K\u00f6zepes<\/em><\/i><\/p>\n<p><i><em>Piros = Magas<\/em><\/i><\/p>\n<p>&#8211;<\/p>\n<p>(USB-C t\u00f6lt\u0151port - t\u00f6lt\u0151<b><strong> NEM<\/strong><\/b> benne)<\/p>\n<h2>Az eper k\u00f6h\u00f6g\u00e9s hat\u00e1sai<\/h2>\n<p>Nyugtat\u00f3, Euf\u00f3rikus, Boldog, Nyugtat\u00f3, Felemel\u0151, Felemel\u0151<\/p>\n<h2>\u00cdzek<\/h2>\n<p>Bogy\u00f3s, gy\u00fcm\u00f6lcs\u00f6s, f\u0171szeres, epres, \u00e9des, \u00e9des<\/p>\n<p>&nbsp;<\/p>","protected":false},"excerpt":{"rendered":"<p>Unsere Premium 95 % THC &#8211; 5 % von Cannabis abgeleitete Terpene Einwegvapes sind bis zum Rand mit 3 Gramm Destillat gef\u00fcllt! Enth\u00e4lt 3000mg THC und andere Cannabinoide. Wir f\u00fcgen kein PG, VG, PEG oder MCT-\u00d6l hinzu &#8211; Alle unsere Vapes werden im Labor auf Qualit\u00e4t und Konsistenz getestet. Wie zu verwenden Einschalten\/Ausschalten: Taste 5 [&hellip;]<\/p>\n","protected":false},"featured_media":1363,"comment_status":"open","ping_status":"closed","template":"","meta":{"ocean_post_layout":"","ocean_both_sidebars_style":"","ocean_both_sidebars_content_width":0,"ocean_both_sidebars_sidebars_width":0,"ocean_sidebar":"0","ocean_second_sidebar":"0","ocean_disable_margins":"enable","ocean_add_body_class":"","ocean_shortcode_before_top_bar":"","ocean_shortcode_after_top_bar":"","ocean_shortcode_before_header":"","ocean_shortcode_after_header":"","ocean_has_shortcode":"","ocean_shortcode_after_title":"","ocean_shortcode_before_footer_widgets":"","ocean_shortcode_after_footer_widgets":"","ocean_shortcode_before_footer_bottom":"","ocean_shortcode_after_footer_bottom":"","ocean_display_top_bar":"default","ocean_display_header":"default","ocean_header_style":"","ocean_center_header_left_menu":"0","ocean_custom_header_template":"0","ocean_custom_logo":0,"ocean_custom_retina_logo":0,"ocean_custom_logo_max_width":0,"ocean_custom_logo_tablet_max_width":0,"ocean_custom_logo_mobile_max_width":0,"ocean_custom_logo_max_height":0,"ocean_custom_logo_tablet_max_height":0,"ocean_custom_logo_mobile_max_height":0,"ocean_header_custom_menu":"0","ocean_menu_typo_font_family":"0","ocean_menu_typo_font_subset":"","ocean_menu_typo_font_size":0,"ocean_menu_typo_font_size_tablet":0,"ocean_menu_typo_font_size_mobile":0,"ocean_menu_typo_font_size_unit":"px","ocean_menu_typo_font_weight":"","ocean_menu_typo_font_weight_tablet":"","ocean_menu_typo_font_weight_mobile":"","ocean_menu_typo_transform":"","ocean_menu_typo_transform_tablet":"","ocean_menu_typo_transform_mobile":"","ocean_menu_typo_line_height":0,"ocean_menu_typo_line_height_tablet":0,"ocean_menu_typo_line_height_mobile":0,"ocean_menu_typo_line_height_unit":"","ocean_menu_typo_spacing":0,"ocean_menu_typo_spacing_tablet":0,"ocean_menu_typo_spacing_mobile":0,"ocean_menu_typo_spacing_unit":"","ocean_menu_link_color":"","ocean_menu_link_color_hover":"","ocean_menu_link_color_active":"","ocean_menu_link_background":"","ocean_menu_link_hover_background":"","ocean_menu_link_active_background":"","ocean_menu_social_links_bg":"","ocean_menu_social_hover_links_bg":"","ocean_menu_social_links_color":"","ocean_menu_social_hover_links_color":"","ocean_disable_title":"default","ocean_disable_heading":"default","ocean_post_title":"","ocean_post_subheading":"","ocean_post_title_style":"","ocean_post_title_background_color":"","ocean_post_title_background":0,"ocean_post_title_bg_image_position":"","ocean_post_title_bg_image_attachment":"","ocean_post_title_bg_image_repeat":"","ocean_post_title_bg_image_size":"","ocean_post_title_height":0,"ocean_post_title_bg_overlay":0.5,"ocean_post_title_bg_overlay_color":"","ocean_disable_breadcrumbs":"default","ocean_breadcrumbs_color":"","ocean_breadcrumbs_separator_color":"","ocean_breadcrumbs_links_color":"","ocean_breadcrumbs_links_hover_color":"","ocean_display_footer_widgets":"default","ocean_display_footer_bottom":"default","ocean_custom_footer_template":"0"},"product_brand":[],"product_cat":[60],"product_tag":[73],"class_list":{"0":"post-1362","1":"product","2":"type-product","3":"status-publish","4":"has-post-thumbnail","6":"product_cat-vapes","7":"product_tag-strawberry-cough","9":"entry","10":"has-media","12":"first","13":"instock","14":"sale","15":"shipping-taxable","16":"purchasable","17":"product-type-simple","18":"has-product-nav","19":"col","20":"span_1_of_3","21":"owp-content-center","22":"owp-thumbs-layout-horizontal","23":"owp-btn-normal","24":"owp-tabs-layout-horizontal","25":"has-no-thumbnails"},"_links":{"self":[{"href":"https:\/\/herbalaproach.com\/hu\/wp-json\/wp\/v2\/product\/1362","targetHints":{"allow":["GET"]}}],"collection":[{"href":"https:\/\/herbalaproach.com\/hu\/wp-json\/wp\/v2\/product"}],"about":[{"href":"https:\/\/herbalaproach.com\/hu\/wp-json\/wp\/v2\/types\/product"}],"replies":[{"embeddable":true,"href":"https:\/\/herbalaproach.com\/hu\/wp-json\/wp\/v2\/comments?post=1362"}],"wp:featuredmedia":[{"embeddable":true,"href":"https:\/\/herbalaproach.com\/hu\/wp-json\/wp\/v2\/media\/1363"}],"wp:attachment":[{"href":"https:\/\/herbalaproach.com\/hu\/wp-json\/wp\/v2\/media?parent=1362"}],"wp:term":[{"taxonomy":"product_brand","embeddable":true,"href":"https:\/\/herbalaproach.com\/hu\/wp-json\/wp\/v2\/product_brand?post=1362"},{"taxonomy":"product_cat","embeddable":true,"href":"https:\/\/herbalaproach.com\/hu\/wp-json\/wp\/v2\/product_cat?post=1362"},{"taxonomy":"product_tag","embeddable":true,"href":"https:\/\/herbalaproach.com\/hu\/wp-json\/wp\/v2\/product_tag?post=1362"}],"curies":[{"name":"wp","href":"https:\/\/api.w.org\/{rel}","templated":true}]}}