{"id":1380,"date":"2024-11-05T22:12:54","date_gmt":"2024-11-05T21:12:54","guid":{"rendered":"https:\/\/herbalaproach.com\/?post_type=product&#038;p=1380"},"modified":"2026-01-12T00:08:07","modified_gmt":"2026-01-11T23:08:07","slug":"lost-mary-vape","status":"publish","type":"product","link":"https:\/\/herbalaproach.com\/hu\/product\/lost-mary-vape\/","title":{"rendered":"lost mary vape (eldobhat\u00f3 vape)"},"content":{"rendered":"<p>Az elveszett Mary MO20000 Pro Vape megtal\u00e1lt\u00e1k! Ez a legmodernebb k\u00e9sz\u00fcl\u00e9k egyes\u00edti az innov\u00e1ci\u00f3t, a st\u00edlust \u00e9s a nagy teljes\u00edtm\u00e9nyt, hogy a p\u00e1rologtat\u00e1si j\u00e1t\u00e9kodat a v\u00e9gletekig fokozza. A prec\u00edzi\u00f3s m\u00e9rn\u00f6ki pontoss\u00e1ggal \u00e9s kiz\u00e1r\u00f3lag pr\u00e9mium min\u0151s\u00e9g\u0171 anyagok felhaszn\u00e1l\u00e1s\u00e1val k\u00e9sz\u00fclt k\u00e9sz\u00fcl\u00e9ket \u00fagy tervezt\u00e9k, hogy az \u00faj \u00e9s a r\u00e9g\u00f3ta vaperez\u0151k ig\u00e9nyeit egyar\u00e1nt kiel\u00e9g\u00edtse. Vess\u00fcnk egy pillant\u00e1st azokra a legfontosabb tulajdons\u00e1gokra, amelyek a Lost Mary vape MO20000 Pro Vape k\u00e9sz\u00fcl\u00e9ket kiemelik a mai, nagyon zs\u00fafolt vaping eszk\u00f6z\u00f6k k\u00f6z\u00fcl:<\/p>\n<h3>F\u0151 jellemz\u0151k:<\/h3>\n<ul>\n<li><b><strong>Nagy kapacit\u00e1s\u00fa \u00fajrat\u00f6lthet\u0151 akkumul\u00e1tor:<\/strong><\/b> Ez az EBDesign vape egy er\u0151teljes 20000mAh be\u00e9p\u00edtett akkumul\u00e1torral rendelkezik. Ez lehet\u0151v\u00e9 teszi a Lost Mary MO20000 Pro Vape sz\u00e1m\u00e1ra, hogy minden nap hosszabb vaping \u00fcl\u00e9seket biztos\u00edtson an\u00e9lk\u00fcl, hogy gyakori \u00fajrat\u00f6lt\u00e9sre lenne sz\u00fcks\u00e9g. Felejtse el az alacsony akkumul\u00e1tort\u00f3l val\u00f3 f\u00e9lelmet, \u00e9s \u00e9lvezze mostant\u00f3l a megszak\u00edt\u00e1s n\u00e9lk\u00fcli p\u00e1rologtat\u00e1si \u00e9lvezetet. lost mary vape<\/li>\n<\/ul>\n<ul>\n<li><b><strong>Nagy e-folyad\u00e9k kapacit\u00e1s:<\/strong><\/b> A 18 ml-es e-liquid tart\u00e1ly kapacit\u00e1sa r\u00e9v\u00e9n a Lost Mary by EBDesign vape megoldotta az \u00e1lland\u00f3 \u00fajrat\u00f6lt\u00e9s probl\u00e9m\u00e1j\u00e1t! Vape non-stop, hogy a sz\u00edve el\u00e9gedett legyen! Az alkalmi vaperek \u00e9s a felh\u0151k szerelmesei egyet fognak \u00e9rteni... a Lost Mary MO20000 Pro nagyvonal\u00fa e-folyad\u00e9k kapacit\u00e1sa \u00fajra \u00e9s \u00fajra kiel\u00e9g\u00edt\u0151 vaping \u00e9lm\u00e9nyt biztos\u00edt.<\/li>\n<\/ul>\n<ul>\n<li><b><strong>\u00c1ll\u00edthat\u00f3 teljes\u00edtm\u00e9ny:<\/strong><\/b> Az \u00e1ll\u00edthat\u00f3 teljes\u00edtm\u00e9ny\u0171 <a href=\"https:\/\/herbalaproach.com\/hu\/\">Elveszett Mary MO20000<\/a> A Pro lehet\u0151v\u00e9 teszi, hogy a g\u0151z er\u0151ss\u00e9g\u00e9t a szem\u00e9lyes preferenci\u00e1inak megfelel\u0151en \u00e1ll\u00edtsa be. A wattfokozat be\u00e1ll\u00edt\u00e1s\u00e1val b\u00e1rmikor megv\u00e1ltoztathatja a g\u0151ztermel\u00e9st \u00e9s az \u00edz intenzit\u00e1s\u00e1t, \u00edgy teljes kontrollt kap a g\u0151z\u00f6l\u00e9s \u00e9lm\u00e9nye felett. lost mary vape<\/li>\n<li><\/li>\n<li>\n<ul>\n<li><b><strong>Intuit\u00edv OLED kijelz\u0151:<\/strong><\/b> A Lost Mary MO20000 Pro intuit\u00edv OLED-kijelz\u0151j\u00e9vel mindig t\u00e1j\u00e9kozott \u00e9s kezelhet\u0151 maradhat. K\u00f6nnyed\u00e9n nyomon k\u00f6vetheti az akkumul\u00e1tor \u00e9lettartam\u00e1t, az egy\u00e9ni wattokat, a tekercs ellen\u00e1ll\u00e1s\u00e1t \u00e9s m\u00e9g sok m\u00e1st egy pillant\u00e1ssal. Val\u00f3s idej\u0171 visszajelz\u00e9s a mai vape rajong\u00f3knak, akik csak optimaliz\u00e1lt vaping \u00e9lm\u00e9nyt keresnek.<\/li>\n<\/ul>\n<ul>\n<li><b><strong>Kreat\u00edv \u00e9p\u00edt\u00e9s<\/strong><\/b>A Lost Mary MO20000 Pro Vape \u00fagy k\u00e9sz\u00fclt, hogy ellen\u00e1lljon a gyakori napi haszn\u00e1lat viszontags\u00e1gainak, \u00e9s tart\u00f3s konstrukci\u00f3val rendelkezik, amely magabiztoss\u00e1got, hosszan tart\u00f3 \u00e9lvezetet \u00e9s t\u00f6k\u00e9letes teljes\u00edtm\u00e9nyt biztos\u00edt. A robusztus h\u00e1z\u00e1t\u00f3l kezdve a kiv\u00e1l\u00f3 min\u0151s\u00e9g\u0171 alkatr\u00e9szekig, ennek a k\u00e9sz\u00fcl\u00e9knek minden eleme a megb\u00edzhat\u00f3s\u00e1g \u00e9s a tart\u00f3ss\u00e1g jegy\u00e9ben k\u00e9sz\u00fclt.<\/li>\n<\/ul>\n<ul>\n<li><b><strong>Biztons\u00e1gi \u00f3vint\u00e9zked\u00e9sek:<\/strong><\/b> A Lost Mary MO20000 Pro \u00e1tfog\u00f3 biztons\u00e1gi funkci\u00f3inak k\u00f6sz\u00f6nhet\u0151en nyugodtan \u00e9lvezheti a sz\u00f3rakoz\u00e1st. A be\u00e9p\u00edtett v\u00e9delem mag\u00e1ban foglalja a t\u00falt\u00f6lt\u00e9s elleni v\u00e9delmet, a r\u00f6vidz\u00e1rlat elleni v\u00e9delmet \u00e9s m\u00e9g az alulfesz\u00fclts\u00e9g elleni v\u00e9delmet is. A biztons\u00e1gos \u00e9s kellemes p\u00e1rologtat\u00e1si \u00e9lm\u00e9ny minden egyes p\u00f6f\u00e9kel\u00e9ssel el\u00e9rhet\u0151.<\/li>\n<\/ul>\n<ul>\n<li><b><strong>USB-C t\u00f6lt\u00e9si k\u00e9nyelem:<\/strong><\/b> A Lost Mary MO20000 Pro USB-C t\u00f6lt\u0151portj\u00e1val minden a gyors \u00e9s k\u00e9nyelmes t\u00f6lt\u00e9sr\u0151l sz\u00f3l. Im\u00e1dni fogja a gyors t\u00f6lt\u00e9si id\u0151ket, mivel kevesebb id\u0151t t\u00f6lt v\u00e1rakoz\u00e1ssal \u00e9s t\u00f6bb id\u0151t p\u00e1rologtat\u00e1ssal. lost mary vape<\/li>\n<\/ul>\n<h3>Lost Mary Vape \u00edzek:<\/h3>\n<ul>\n<li><b><strong>K\u00e9k Razz j\u00e9g<\/strong><\/b>K\u00e9sz\u00fclj fel egy izgalmas utaz\u00e1sra a Blue Razz Ice-val. Egy figyelemfelkelt\u0151 \u00edzkombin\u00e1ci\u00f3, amely a k\u00e9k m\u00e1lna klasszikus \u00edz\u00e9t id\u00e9zi, amelyet a kil\u00e9gz\u00e9skor j\u00e9ghideg mentolos befejez\u00e9ssel fokoz. Tegyen egy Blue Razz utaz\u00e1st m\u00e9g ma!<\/li>\n<li>\n<ul>\n<li><b><strong>S\u00e1rk\u00e1ny ital<\/strong><\/b>Vape egy misztikus kalandban az EBDesigns Dragon Drink vape \u00edzzel. Ez a var\u00e1zslatos <a href=\"https:\/\/www.youtube.com\/watch?v=WvMLOboFpPY\" target=\"_blank\" rel=\"noopener\">Vape<\/a> megragadja az egzotikus s\u00e1rk\u00e1nygy\u00fcm\u00f6lcs \u00edz\u00e9t, \u00e9s egyed\u00fcl\u00e1ll\u00f3 \u00e9dess\u00e9g\u00e9t egy csipetnyi tr\u00f3pusi finoms\u00e1ggal keveri. \u00c9rezze a s\u00e1rk\u00e1ny f\u00e9ktelen energi\u00e1j\u00e1t, amely megcsiklandozza \u00edzlel\u0151bimb\u00f3it, \u00e9s m\u00e9g t\u00f6bbre v\u00e1gyik.<\/li>\n<\/ul>\n<ul>\n<li><b><strong>Miami P\u00e9nzverde:<\/strong><\/b> V\u00e9gre egy \u00edz, ami ugyanolyan men\u0151, mint te vagy! Most megtapasztalhatod a miami \u00e9jszakai \u00e9letet, mik\u00f6zben \u00e9lvezheted a friss\u00edt\u0151en k\u00f6nny\u0171 mentolos \u00e9rz\u00e9st, amit ez az EB Design vape aroma ny\u00fajt! K\u00f3stold meg a South Beach tr\u00f3pusi frissess\u00e9g\u00e9t, mint egy helyi, \u00e9s k\u00e9sz\u00edtsd el a saj\u00e1t felh\u0151idet is!<\/li>\n<\/ul>\n<ul>\n<li><b><strong>Anan\u00e1sz fagylalt<\/strong><\/b>L\u00e9d\u00fas, aranyl\u00f3 anan\u00e1sz a nap rendje! Ezt a szigetorsz\u00e1g kedvenc\u00e9t egy leh\u0171t\u00f6tt mentolos leheletnyi mentolos arom\u00e1val gazdag\u00edtottuk a friss\u00edt\u0151 \u00e9s egyedi vape \u00e9lm\u00e9ny \u00e9rdek\u00e9ben. Minden egyes slukk olyan, mintha egy fagyasztott anan\u00e1szkokt\u00e9lt kortyolgatn\u00e1l a tengerparton, h\u0171v\u00f6s \u00e9s felfriss\u00fclt \u00e9rz\u00e9st hagyva benned.<\/li>\n<\/ul>\n<ul>\n<li><b><strong>Sziv\u00e1rv\u00e1nyos s\u00f6rbet:<\/strong><\/b> A fanyar citrusf\u00e9l\u00e9k \u00e9s a term\u00e9szetesen \u00e9des bogy\u00f3s gy\u00fcm\u00f6lcs\u00f6k kever\u00e9ke minden egyes slukkban er\u0151teljes \u00edzlel\u00e9st biztos\u00edt! Gondoljon a sziv\u00e1rv\u00e1nysz\u00edn\u0171 sorbetre! Szeretettel fog eml\u00e9kezni gyermekkora kedvenc fagylaltjaira is, amelyek minden egyes puffan\u00e1sban benne vannak.<\/li>\n<\/ul>\n<ul>\n<li><b><strong>Rak\u00e9ta j\u00e9gkr\u00e9m:<\/strong><\/b> Tegyen egy kis utaz\u00e1st az eml\u00e9kek s\u00e1vj\u00e1ba a Rocket Popsicle-vel. A cseresznye, a k\u00e9k m\u00e1lna \u00e9s a citrom \u00e9des, fanyar \u00edze, ak\u00e1rcsak az ikonikus piros-feh\u00e9r-k\u00e9k j\u00e9gkr\u00e9m\u00e9, amelyet mindannyian ismer\u00fcnk \u00e9s szeret\u00fcnk. Hagyja, hogy a ny\u00e1r \u00edzei lebegjenek az \u00edzlel\u0151bimb\u00f3j\u00e1n, \u00e9s \u00e9rezze mag\u00e1t h\u0171v\u00f6sen \u00e9s izgatottan.<\/li>\n<\/ul>\n<\/li>\n<\/ul>\n<\/li>\n<\/ul>","protected":false},"excerpt":{"rendered":"<p>Das verlorene Mary MO20000 Pro Vape wurde gefunden! Dieses hochmoderne Ger\u00e4t kombiniert Innovation, Stil und hohe Leistung und bringt Ihr Vaping-Spiel an die Grenze. Hergestellt mit Pr\u00e4zisionstechnik und nur Premium-Materialien, ist dieses Ger\u00e4t entwickelt, um die Bed\u00fcrfnisse der neuen und langj\u00e4hrigen vapers gleicherma\u00dfen zu erf\u00fcllen. Lassen Sie uns einen Blick auf die Hauptmerkmale werfen, die [&hellip;]<\/p>\n","protected":false},"featured_media":1381,"comment_status":"open","ping_status":"closed","template":"","meta":{"ocean_post_layout":"","ocean_both_sidebars_style":"","ocean_both_sidebars_content_width":0,"ocean_both_sidebars_sidebars_width":0,"ocean_sidebar":"0","ocean_second_sidebar":"0","ocean_disable_margins":"enable","ocean_add_body_class":"","ocean_shortcode_before_top_bar":"","ocean_shortcode_after_top_bar":"","ocean_shortcode_before_header":"","ocean_shortcode_after_header":"","ocean_has_shortcode":"","ocean_shortcode_after_title":"","ocean_shortcode_before_footer_widgets":"","ocean_shortcode_after_footer_widgets":"","ocean_shortcode_before_footer_bottom":"","ocean_shortcode_after_footer_bottom":"","ocean_display_top_bar":"default","ocean_display_header":"default","ocean_header_style":"","ocean_center_header_left_menu":"0","ocean_custom_header_template":"0","ocean_custom_logo":0,"ocean_custom_retina_logo":0,"ocean_custom_logo_max_width":0,"ocean_custom_logo_tablet_max_width":0,"ocean_custom_logo_mobile_max_width":0,"ocean_custom_logo_max_height":0,"ocean_custom_logo_tablet_max_height":0,"ocean_custom_logo_mobile_max_height":0,"ocean_header_custom_menu":"0","ocean_menu_typo_font_family":"0","ocean_menu_typo_font_subset":"","ocean_menu_typo_font_size":0,"ocean_menu_typo_font_size_tablet":0,"ocean_menu_typo_font_size_mobile":0,"ocean_menu_typo_font_size_unit":"px","ocean_menu_typo_font_weight":"","ocean_menu_typo_font_weight_tablet":"","ocean_menu_typo_font_weight_mobile":"","ocean_menu_typo_transform":"","ocean_menu_typo_transform_tablet":"","ocean_menu_typo_transform_mobile":"","ocean_menu_typo_line_height":0,"ocean_menu_typo_line_height_tablet":0,"ocean_menu_typo_line_height_mobile":0,"ocean_menu_typo_line_height_unit":"","ocean_menu_typo_spacing":0,"ocean_menu_typo_spacing_tablet":0,"ocean_menu_typo_spacing_mobile":0,"ocean_menu_typo_spacing_unit":"","ocean_menu_link_color":"","ocean_menu_link_color_hover":"","ocean_menu_link_color_active":"","ocean_menu_link_background":"","ocean_menu_link_hover_background":"","ocean_menu_link_active_background":"","ocean_menu_social_links_bg":"","ocean_menu_social_hover_links_bg":"","ocean_menu_social_links_color":"","ocean_menu_social_hover_links_color":"","ocean_disable_title":"default","ocean_disable_heading":"default","ocean_post_title":"","ocean_post_subheading":"","ocean_post_title_style":"","ocean_post_title_background_color":"","ocean_post_title_background":0,"ocean_post_title_bg_image_position":"","ocean_post_title_bg_image_attachment":"","ocean_post_title_bg_image_repeat":"","ocean_post_title_bg_image_size":"","ocean_post_title_height":0,"ocean_post_title_bg_overlay":0.5,"ocean_post_title_bg_overlay_color":"","ocean_disable_breadcrumbs":"default","ocean_breadcrumbs_color":"","ocean_breadcrumbs_separator_color":"","ocean_breadcrumbs_links_color":"","ocean_breadcrumbs_links_hover_color":"","ocean_display_footer_widgets":"default","ocean_display_footer_bottom":"default","ocean_custom_footer_template":"0"},"product_brand":[],"product_cat":[60],"product_tag":[],"class_list":{"0":"post-1380","1":"product","2":"type-product","3":"status-publish","4":"has-post-thumbnail","6":"product_cat-vapes","8":"entry","9":"has-media","11":"first","12":"instock","13":"sale","14":"shipping-taxable","15":"purchasable","16":"product-type-simple","17":"has-product-nav","18":"col","19":"span_1_of_3","20":"owp-content-center","21":"owp-thumbs-layout-horizontal","22":"owp-btn-normal","23":"owp-tabs-layout-horizontal","24":"has-no-thumbnails"},"_links":{"self":[{"href":"https:\/\/herbalaproach.com\/hu\/wp-json\/wp\/v2\/product\/1380","targetHints":{"allow":["GET"]}}],"collection":[{"href":"https:\/\/herbalaproach.com\/hu\/wp-json\/wp\/v2\/product"}],"about":[{"href":"https:\/\/herbalaproach.com\/hu\/wp-json\/wp\/v2\/types\/product"}],"replies":[{"embeddable":true,"href":"https:\/\/herbalaproach.com\/hu\/wp-json\/wp\/v2\/comments?post=1380"}],"wp:featuredmedia":[{"embeddable":true,"href":"https:\/\/herbalaproach.com\/hu\/wp-json\/wp\/v2\/media\/1381"}],"wp:attachment":[{"href":"https:\/\/herbalaproach.com\/hu\/wp-json\/wp\/v2\/media?parent=1380"}],"wp:term":[{"taxonomy":"product_brand","embeddable":true,"href":"https:\/\/herbalaproach.com\/hu\/wp-json\/wp\/v2\/product_brand?post=1380"},{"taxonomy":"product_cat","embeddable":true,"href":"https:\/\/herbalaproach.com\/hu\/wp-json\/wp\/v2\/product_cat?post=1380"},{"taxonomy":"product_tag","embeddable":true,"href":"https:\/\/herbalaproach.com\/hu\/wp-json\/wp\/v2\/product_tag?post=1380"}],"curies":[{"name":"wp","href":"https:\/\/api.w.org\/{rel}","templated":true}]}}