{"id":10,"date":"2024-10-25T22:15:43","date_gmt":"2024-10-25T21:15:43","guid":{"rendered":"https:\/\/herbalaproach.com\/?page_id=10"},"modified":"2024-10-26T00:53:09","modified_gmt":"2024-10-25T23:53:09","slug":"cannabis-legalisierung-deutschland","status":"publish","type":"page","link":"https:\/\/herbalaproach.com\/nl\/cannabis-legalisierung-deutschland\/","title":{"rendered":"Restitutie- en retourbeleid"},"content":{"rendered":"<p><strong>Retour- en restitutiebeleid voor <a href=\"https:\/\/herbalaproach.com\/nl\/\">HerbalAproach.com<\/a><\/strong><\/p>\n\n\n\n<p>Bij HerbalAproach.com willen we dat onze klanten volledig tevreden zijn met hun aankopen. Ons retour- en restitutiebeleid beschrijft de voorwaarden waaronder retourzendingen en restituties worden verwerkt. Lees dit beleid zorgvuldig door en neem contact met ons op als u vragen hebt.<\/p>\n\n\n\n<div id=\"ez-toc-container\" class=\"ez-toc-v2_0_82_2 counter-hierarchy ez-toc-counter ez-toc-grey ez-toc-container-direction\">\n<div class=\"ez-toc-title-container\">\n<p class=\"ez-toc-title\" style=\"cursor:inherit\">Inhoudsopgave<\/p>\n<span class=\"ez-toc-title-toggle\"><a href=\"#\" class=\"ez-toc-pull-right ez-toc-btn ez-toc-btn-xs ez-toc-btn-default ez-toc-toggle\" aria-label=\"Toggle tabel met inhoud\"><span class=\"ez-toc-js-icon-con\"><span class=\"\"><span class=\"eztoc-hide\" style=\"display:none;\">Schakel<\/span><span class=\"ez-toc-icon-toggle-span\"><svg style=\"fill: #999;color:#999\" xmlns=\"http:\/\/www.w3.org\/2000\/svg\" class=\"list-377408\" width=\"20px\" height=\"20px\" viewbox=\"0 0 24 24\" fill=\"none\"><path d=\"M6 6H4v2h2V6zm14 0H8v2h12V6zM4 11h2v2H4v-2zm16 0H8v2h12v-2zM4 16h2v2H4v-2zm16 0H8v2h12v-2z\" fill=\"currentColor\"><\/path><\/svg><svg style=\"fill: #999;color:#999\" class=\"arrow-unsorted-368013\" xmlns=\"http:\/\/www.w3.org\/2000\/svg\" width=\"10px\" height=\"10px\" viewbox=\"0 0 24 24\" version=\"1.2\" baseprofile=\"tiny\"><path d=\"M18.2 9.3l-6.2-6.3-6.2 6.3c-.2.2-.3.4-.3.7s.1.5.3.7c.2.2.4.3.7.3h11c.3 0 .5-.1.7-.3.2-.2.3-.5.3-.7s-.1-.5-.3-.7zM5.8 14.7l6.2 6.3 6.2-6.3c.2-.2.3-.5.3-.7s-.1-.5-.3-.7c-.2-.2-.4-.3-.7-.3h-11c-.3 0-.5.1-.7.3-.2.2-.3.5-.3.7s.1.5.3.7z\"\/><\/svg><\/span><\/span><\/span><\/a><\/span><\/div>\n<nav><ul class='ez-toc-list ez-toc-list-level-1' ><li class='ez-toc-page-1 ez-toc-heading-level-3'><a class=\"ez-toc-link ez-toc-heading-1\" href=\"https:\/\/herbalaproach.com\/nl\/cannabis-legalisierung-deutschland\/#1_Ruckgabeberechtigung\" >1. retourautorisatie<\/a><\/li><li class='ez-toc-page-1 ez-toc-heading-level-3'><a class=\"ez-toc-link ez-toc-heading-2\" href=\"https:\/\/herbalaproach.com\/nl\/cannabis-legalisierung-deutschland\/#2_Ruckgabefrist\" >2. retourperiode<\/a><\/li><li class='ez-toc-page-1 ez-toc-heading-level-3'><a class=\"ez-toc-link ez-toc-heading-3\" href=\"https:\/\/herbalaproach.com\/nl\/cannabis-legalisierung-deutschland\/#3_Ruckgabeprozess\" >3. retourproces<\/a><\/li><li class='ez-toc-page-1 ez-toc-heading-level-3'><a class=\"ez-toc-link ez-toc-heading-4\" href=\"https:\/\/herbalaproach.com\/nl\/cannabis-legalisierung-deutschland\/#4_Ruckerstattungen\" >4. terugbetalingen<\/a><\/li><li class='ez-toc-page-1 ez-toc-heading-level-3'><a class=\"ez-toc-link ez-toc-heading-5\" href=\"https:\/\/herbalaproach.com\/nl\/cannabis-legalisierung-deutschland\/#5_Umtausch\" >5. ruilen<\/a><\/li><li class='ez-toc-page-1 ez-toc-heading-level-3'><a class=\"ez-toc-link ez-toc-heading-6\" href=\"https:\/\/herbalaproach.com\/nl\/cannabis-legalisierung-deutschland\/#6_Reduzierte_und_Werbeartikel\" >6. gereduceerde en promotionele artikelen<\/a><\/li><li class='ez-toc-page-1 ez-toc-heading-level-3'><a class=\"ez-toc-link ez-toc-heading-7\" href=\"https:\/\/herbalaproach.com\/nl\/cannabis-legalisierung-deutschland\/#7_Bestellstornierungen\" >7. orderannuleringen<\/a><\/li><li class='ez-toc-page-1 ez-toc-heading-level-3'><a class=\"ez-toc-link ez-toc-heading-8\" href=\"https:\/\/herbalaproach.com\/nl\/cannabis-legalisierung-deutschland\/#8_Kontaktieren_Sie_uns\" >8. contact met ons opnemen<\/a><\/li><\/ul><\/nav><\/div>\n<h3 class=\"wp-block-heading\"><span class=\"ez-toc-section\" id=\"1_Ruckgabeberechtigung\"><\/span>1. <strong>Retour autorisatie<\/strong><span class=\"ez-toc-section-end\"><\/span><\/h3>\n\n\n\n<p>We accepteren retourzendingen onder de volgende voorwaarden:<\/p>\n\n\n\n<ul class=\"wp-block-list\">\n<li><strong>Ongebruikte producten<\/strong>Artikelen moeten in de originele, ongeopende verpakking worden geretourneerd. Producten die gebruikt, geopend of op welke manier dan ook veranderd zijn, kunnen niet geretourneerd worden.<\/li>\n\n\n\n<li><strong>Beschadigde of defecte artikelen<\/strong>Als een artikel beschadigd of defect aankomt, neem dan onmiddellijk contact met ons op. We geven je instructies over hoe je het product kunt terugsturen en nemen de kosten voor het terugsturen voor onze rekening.<\/li>\n\n\n\n<li><strong>Verkeerde producten<\/strong>Als je een verkeerd artikel ontvangt, meld dit dan binnen 7 dagen na ontvangst en we zorgen voor omruiling of restitutie.<\/li>\n<\/ul>\n\n\n\n<h3 class=\"wp-block-heading\"><span class=\"ez-toc-section\" id=\"2_Ruckgabefrist\"><\/span>2. <strong>Terugkeerperiode<\/strong><span class=\"ez-toc-section-end\"><\/span><\/h3>\n\n\n\n<p>Om in aanmerking te komen voor een retourzending, moet u de retouraanvraag indienen binnen <strong>14 dagen<\/strong> na ontvangst van je bestelling.<\/p>\n\n\n\n<h3 class=\"wp-block-heading\"><span class=\"ez-toc-section\" id=\"3_Ruckgabeprozess\"><\/span>3. <strong>Retourproces<\/strong><span class=\"ez-toc-section-end\"><\/span><\/h3>\n\n\n\n<p>Ga als volgt te werk om een retour aan te vragen:<\/p>\n\n\n\n<ul class=\"wp-block-list\">\n<li><strong>Neem contact met ons op<\/strong>Schrijf ons op herbalaproach@gmail.com en vermeld je bestelnummer, een beschrijving van het probleem en, indien van toepassing, foto's van het product (in geval van defecten of schade).<\/li>\n\n\n\n<li><strong>Toestemming en instructies<\/strong>Zodra de retourzending is geautoriseerd, ontvang je instructies over hoe je het product naar ons kunt terugsturen.<\/li>\n\n\n\n<li><strong>Verzendkosten<\/strong>Klanten zijn verantwoordelijk voor de verzendkosten tenzij het product beschadigd, defect of onjuist was bij ontvangst.<\/li>\n<\/ul>\n\n\n\n<h3 class=\"wp-block-heading\"><span class=\"ez-toc-section\" id=\"4_Ruckerstattungen\"><\/span>4. <strong>Terugbetalingen<\/strong><span class=\"ez-toc-section-end\"><\/span><\/h3>\n\n\n\n<p>Zodra we je geretourneerde artikel hebben ontvangen, inspecteren we het en stellen we je op de hoogte van de status van je restitutie. Als de terugbetaling is goedgekeurd, wordt deze als volgt verwerkt:<\/p>\n\n\n\n<ul class=\"wp-block-list\">\n<li><strong>Oorspronkelijke betalingsmethode<\/strong>Restituties worden overgemaakt naar je oorspronkelijke betaalmethode binnen <strong>5-10 werkdagen<\/strong>.<\/li>\n\n\n\n<li><strong>Gedeeltelijke terugbetalingen<\/strong>Geretourneerde artikelen die beschadigd zijn als gevolg van onjuiste behandeling kunnen naar eigen goeddunken gedeeltelijk worden terugbetaald.<\/li>\n\n\n\n<li><strong>Niet-terugbetaalbare artikelen<\/strong>Bepaalde artikelen, waaronder cadeaubonnen en promotieartikelen, kunnen niet worden gerestitueerd.<\/li>\n<\/ul>\n\n\n\n<h3 class=\"wp-block-heading\"><span class=\"ez-toc-section\" id=\"5_Umtausch\"><\/span>5. <strong>Uitwisseling<\/strong><span class=\"ez-toc-section-end\"><\/span><\/h3>\n\n\n\n<p>Als je een artikel wilt ruilen, volg dan de hierboven beschreven retourprocedure en plaats een nieuwe bestelling voor het gewenste artikel.<\/p>\n\n\n\n<h3 class=\"wp-block-heading\"><span class=\"ez-toc-section\" id=\"6_Reduzierte_und_Werbeartikel\"><\/span>6. <strong>Gereduceerde en promotionele artikelen<\/strong><span class=\"ez-toc-section-end\"><\/span><\/h3>\n\n\n\n<p>Alleen normale artikelen kunnen worden terugbetaald. Helaas kunnen artikelen die zijn gekocht tijdens promoties of tegen speciale prijzen niet worden terugbetaald of geruild.<\/p>\n\n\n\n<h3 class=\"wp-block-heading\"><span class=\"ez-toc-section\" id=\"7_Bestellstornierungen\"><\/span>7. <strong>Bestelling annuleren<\/strong><span class=\"ez-toc-section-end\"><\/span><\/h3>\n\n\n\n<p>Als je je bestelling wilt annuleren, neem dan zo snel mogelijk contact met ons op. Bestellingen kunnen alleen worden geannuleerd als ze nog niet zijn verwerkt of verzonden. Als de bestelling al is verzonden, moet deze worden geretourneerd volgens de bovenstaande richtlijnen.<\/p>\n\n\n\n<h3 class=\"wp-block-heading\"><span class=\"ez-toc-section\" id=\"8_Kontaktieren_Sie_uns\"><\/span>8. <strong>Neem contact met ons op<\/strong><span class=\"ez-toc-section-end\"><\/span><\/h3>\n\n\n\n<p>Als je vragen of opmerkingen hebt over dit retour- en restitutiebeleid, kun je contact met ons opnemen via:<\/p>\n\n\n\n<ul class=\"wp-block-list\">\n<li><strong>e-mail<\/strong>: herbalaproach@gmail.com<\/li>\n<\/ul>\n\n\n\n<p>Door een bestelling te plaatsen op HerbalAproach.com, gaat u akkoord met de voorwaarden van dit retour- en restitutiebeleid.<\/p>","protected":false},"excerpt":{"rendered":"<p>R\u00fcckgabe- und Erstattungsrichtlinie f\u00fcr HerbalAproach.com Bei HerbalAproach.com m\u00f6chten wir, dass unsere Kunden mit ihren Eink\u00e4ufen vollst\u00e4ndig zufrieden sind. Unsere R\u00fcckgabe- und Erstattungsrichtlinie beschreibt die Bedingungen, unter denen R\u00fcckgaben und Erstattungen abgewickelt werden. Bitte lesen Sie diese Richtlinie sorgf\u00e4ltig und kontaktieren Sie uns, wenn Sie Fragen haben. 1. R\u00fcckgabeberechtigung Wir akzeptieren R\u00fcckgaben unter folgenden Bedingungen: 2. [&hellip;]<\/p>\n","protected":false},"author":1,"featured_media":0,"parent":0,"menu_order":0,"comment_status":"closed","ping_status":"closed","template":"","meta":{"ocean_post_layout":"","ocean_both_sidebars_style":"","ocean_both_sidebars_content_width":0,"ocean_both_sidebars_sidebars_width":0,"ocean_sidebar":"","ocean_second_sidebar":"","ocean_disable_margins":"enable","ocean_add_body_class":"","ocean_shortcode_before_top_bar":"","ocean_shortcode_after_top_bar":"","ocean_shortcode_before_header":"","ocean_shortcode_after_header":"","ocean_has_shortcode":"","ocean_shortcode_after_title":"","ocean_shortcode_before_footer_widgets":"","ocean_shortcode_after_footer_widgets":"","ocean_shortcode_before_footer_bottom":"","ocean_shortcode_after_footer_bottom":"","ocean_display_top_bar":"default","ocean_display_header":"default","ocean_header_style":"","ocean_center_header_left_menu":"","ocean_custom_header_template":"","ocean_custom_logo":0,"ocean_custom_retina_logo":0,"ocean_custom_logo_max_width":0,"ocean_custom_logo_tablet_max_width":0,"ocean_custom_logo_mobile_max_width":0,"ocean_custom_logo_max_height":0,"ocean_custom_logo_tablet_max_height":0,"ocean_custom_logo_mobile_max_height":0,"ocean_header_custom_menu":"","ocean_menu_typo_font_family":"","ocean_menu_typo_font_subset":"","ocean_menu_typo_font_size":0,"ocean_menu_typo_font_size_tablet":0,"ocean_menu_typo_font_size_mobile":0,"ocean_menu_typo_font_size_unit":"px","ocean_menu_typo_font_weight":"","ocean_menu_typo_font_weight_tablet":"","ocean_menu_typo_font_weight_mobile":"","ocean_menu_typo_transform":"","ocean_menu_typo_transform_tablet":"","ocean_menu_typo_transform_mobile":"","ocean_menu_typo_line_height":0,"ocean_menu_typo_line_height_tablet":0,"ocean_menu_typo_line_height_mobile":0,"ocean_menu_typo_line_height_unit":"","ocean_menu_typo_spacing":0,"ocean_menu_typo_spacing_tablet":0,"ocean_menu_typo_spacing_mobile":0,"ocean_menu_typo_spacing_unit":"","ocean_menu_link_color":"","ocean_menu_link_color_hover":"","ocean_menu_link_color_active":"","ocean_menu_link_background":"","ocean_menu_link_hover_background":"","ocean_menu_link_active_background":"","ocean_menu_social_links_bg":"","ocean_menu_social_hover_links_bg":"","ocean_menu_social_links_color":"","ocean_menu_social_hover_links_color":"","ocean_disable_title":"default","ocean_disable_heading":"default","ocean_post_title":"","ocean_post_subheading":"","ocean_post_title_style":"","ocean_post_title_background_color":"","ocean_post_title_background":0,"ocean_post_title_bg_image_position":"","ocean_post_title_bg_image_attachment":"","ocean_post_title_bg_image_repeat":"","ocean_post_title_bg_image_size":"","ocean_post_title_height":0,"ocean_post_title_bg_overlay":0.5,"ocean_post_title_bg_overlay_color":"","ocean_disable_breadcrumbs":"default","ocean_breadcrumbs_color":"","ocean_breadcrumbs_separator_color":"","ocean_breadcrumbs_links_color":"","ocean_breadcrumbs_links_hover_color":"","ocean_display_footer_widgets":"default","ocean_display_footer_bottom":"default","ocean_custom_footer_template":"","footnotes":""},"class_list":["post-10","page","type-page","status-publish","hentry","entry","owp-thumbs-layout-horizontal","owp-btn-normal","owp-tabs-layout-horizontal","has-no-thumbnails","has-product-nav"],"_links":{"self":[{"href":"https:\/\/herbalaproach.com\/nl\/wp-json\/wp\/v2\/pages\/10","targetHints":{"allow":["GET"]}}],"collection":[{"href":"https:\/\/herbalaproach.com\/nl\/wp-json\/wp\/v2\/pages"}],"about":[{"href":"https:\/\/herbalaproach.com\/nl\/wp-json\/wp\/v2\/types\/page"}],"author":[{"embeddable":true,"href":"https:\/\/herbalaproach.com\/nl\/wp-json\/wp\/v2\/users\/1"}],"replies":[{"embeddable":true,"href":"https:\/\/herbalaproach.com\/nl\/wp-json\/wp\/v2\/comments?post=10"}],"version-history":[{"count":2,"href":"https:\/\/herbalaproach.com\/nl\/wp-json\/wp\/v2\/pages\/10\/revisions"}],"predecessor-version":[{"id":1297,"href":"https:\/\/herbalaproach.com\/nl\/wp-json\/wp\/v2\/pages\/10\/revisions\/1297"}],"wp:attachment":[{"href":"https:\/\/herbalaproach.com\/nl\/wp-json\/wp\/v2\/media?parent=10"}],"curies":[{"name":"wp","href":"https:\/\/api.w.org\/{rel}","templated":true}]}}