{"id":3,"date":"2024-10-22T22:45:31","date_gmt":"2024-10-22T21:45:31","guid":{"rendered":"https:\/\/herbalaproach.com\/?page_id=3"},"modified":"2024-10-26T00:53:44","modified_gmt":"2024-10-25T23:53:44","slug":"gummies","status":"publish","type":"page","link":"https:\/\/herbalaproach.com\/nl\/gummies\/","title":{"rendered":"Regelgeving gegevensbescherming"},"content":{"rendered":"<p><strong>Welkom bij HerbalAproach.com.<\/strong> Met <a href=\"https:\/\/herbalaproach.com\/nl\/\">KruidenAanpak<\/a> wij respecteren uw privacy en zetten ons in om uw persoonlijke gegevens te beschermen. In dit privacybeleid wordt uitgelegd welke gegevens we verzamelen, hoe we deze gebruiken en welke keuzes u hebt met betrekking tot uw gegevens. Lees dit beleid zorgvuldig door, aangezien uw gebruik van onze website betekent dat u instemt met deze praktijken.<\/p>\n\n\n\n<div id=\"ez-toc-container\" class=\"ez-toc-v2_0_82_2 counter-hierarchy ez-toc-counter ez-toc-grey ez-toc-container-direction\">\n<div class=\"ez-toc-title-container\">\n<p class=\"ez-toc-title\" style=\"cursor:inherit\">Inhoudsopgave<\/p>\n<span class=\"ez-toc-title-toggle\"><a href=\"#\" class=\"ez-toc-pull-right ez-toc-btn ez-toc-btn-xs ez-toc-btn-default ez-toc-toggle\" aria-label=\"Toggle tabel met inhoud\"><span class=\"ez-toc-js-icon-con\"><span class=\"\"><span class=\"eztoc-hide\" style=\"display:none;\">Schakel<\/span><span class=\"ez-toc-icon-toggle-span\"><svg style=\"fill: #999;color:#999\" xmlns=\"http:\/\/www.w3.org\/2000\/svg\" class=\"list-377408\" width=\"20px\" height=\"20px\" viewbox=\"0 0 24 24\" fill=\"none\"><path d=\"M6 6H4v2h2V6zm14 0H8v2h12V6zM4 11h2v2H4v-2zm16 0H8v2h12v-2zM4 16h2v2H4v-2zm16 0H8v2h12v-2z\" fill=\"currentColor\"><\/path><\/svg><svg style=\"fill: #999;color:#999\" class=\"arrow-unsorted-368013\" xmlns=\"http:\/\/www.w3.org\/2000\/svg\" width=\"10px\" height=\"10px\" viewbox=\"0 0 24 24\" version=\"1.2\" baseprofile=\"tiny\"><path d=\"M18.2 9.3l-6.2-6.3-6.2 6.3c-.2.2-.3.4-.3.7s.1.5.3.7c.2.2.4.3.7.3h11c.3 0 .5-.1.7-.3.2-.2.3-.5.3-.7s-.1-.5-.3-.7zM5.8 14.7l6.2 6.3 6.2-6.3c.2-.2.3-.5.3-.7s-.1-.5-.3-.7c-.2-.2-.4-.3-.7-.3h-11c-.3 0-.5.1-.7.3-.2.2-.3.5-.3.7s.1.5.3.7z\"\/><\/svg><\/span><\/span><\/span><\/a><\/span><\/div>\n<nav><ul class='ez-toc-list ez-toc-list-level-1' ><li class='ez-toc-page-1 ez-toc-heading-level-3'><a class=\"ez-toc-link ez-toc-heading-1\" href=\"https:\/\/herbalaproach.com\/nl\/gummies\/#1_Informationen_die_wir_sammeln\" >1. informatie die we verzamelen<\/a><ul class='ez-toc-list-level-4' ><li class='ez-toc-heading-level-4'><a class=\"ez-toc-link ez-toc-heading-2\" href=\"https:\/\/herbalaproach.com\/nl\/gummies\/#a_Personliche_Informationen\" >a. Persoonlijke gegevens:<\/a><\/li><li class='ez-toc-page-1 ez-toc-heading-level-4'><a class=\"ez-toc-link ez-toc-heading-3\" href=\"https:\/\/herbalaproach.com\/nl\/gummies\/#b_Nutzungsdaten\" >b. Gebruiksgegevens:<\/a><\/li><li class='ez-toc-page-1 ez-toc-heading-level-4'><a class=\"ez-toc-link ez-toc-heading-4\" href=\"https:\/\/herbalaproach.com\/nl\/gummies\/#c_Cookies_und_Tracking-Technologien\" >c. Cookies en trackingtechnologie\u00ebn:<\/a><\/li><\/ul><\/li><li class='ez-toc-page-1 ez-toc-heading-level-3'><a class=\"ez-toc-link ez-toc-heading-5\" href=\"https:\/\/herbalaproach.com\/nl\/gummies\/#2_Wie_wir_Ihre_Informationen_verwenden\" >2. hoe we uw informatie gebruiken<\/a><\/li><li class='ez-toc-page-1 ez-toc-heading-level-3'><a class=\"ez-toc-link ez-toc-heading-6\" href=\"https:\/\/herbalaproach.com\/nl\/gummies\/#3_Weitergabe_und_Offenlegung_Ihrer_Informationen\" >3. delen en openbaar maken van uw informatie<\/a><\/li><li class='ez-toc-page-1 ez-toc-heading-level-3'><a class=\"ez-toc-link ez-toc-heading-7\" href=\"https:\/\/herbalaproach.com\/nl\/gummies\/#4_Ihre_Rechte_und_Wahlmoglichkeiten\" >4. je rechten en keuzes<\/a><\/li><li class='ez-toc-page-1 ez-toc-heading-level-3'><a class=\"ez-toc-link ez-toc-heading-8\" href=\"https:\/\/herbalaproach.com\/nl\/gummies\/#5_Sicherheit_Ihrer_Informationen\" >5. beveiliging van uw informatie<\/a><\/li><li class='ez-toc-page-1 ez-toc-heading-level-3'><a class=\"ez-toc-link ez-toc-heading-9\" href=\"https:\/\/herbalaproach.com\/nl\/gummies\/#6_Cookies_und_Tracking-Technologien\" >6. cookies en trackingtechnologie\u00ebn<\/a><\/li><li class='ez-toc-page-1 ez-toc-heading-level-3'><a class=\"ez-toc-link ez-toc-heading-10\" href=\"https:\/\/herbalaproach.com\/nl\/gummies\/#7_Links_zu_Drittanbietern\" >7. koppelingen naar providers van derden<\/a><\/li><li class='ez-toc-page-1 ez-toc-heading-level-3'><a class=\"ez-toc-link ez-toc-heading-11\" href=\"https:\/\/herbalaproach.com\/nl\/gummies\/#8_Internationale_Datenubertragungen\" >8. internationale gegevensoverdracht<\/a><\/li><li class='ez-toc-page-1 ez-toc-heading-level-3'><a class=\"ez-toc-link ez-toc-heading-12\" href=\"https:\/\/herbalaproach.com\/nl\/gummies\/#9_Datenschutz_fur_Kinder\" >9. gegevensbescherming voor kinderen<\/a><\/li><li class='ez-toc-page-1 ez-toc-heading-level-3'><a class=\"ez-toc-link ez-toc-heading-13\" href=\"https:\/\/herbalaproach.com\/nl\/gummies\/#10_Aktualisierungen_dieser_Datenschutzrichtlinie\" >10. updates van dit privacybeleid<\/a><\/li><li class='ez-toc-page-1 ez-toc-heading-level-3'><a class=\"ez-toc-link ez-toc-heading-14\" href=\"https:\/\/herbalaproach.com\/nl\/gummies\/#11_Kontaktieren_Sie_uns\" >11. contact met ons opnemen<\/a><\/li><\/ul><\/nav><\/div>\n<h3 class=\"wp-block-heading\"><span class=\"ez-toc-section\" id=\"1_Informationen_die_wir_sammeln\"><\/span>1. informatie die we verzamelen<span class=\"ez-toc-section-end\"><\/span><\/h3>\n\n\n\n<p>We kunnen verschillende soorten informatie verzamelen en verwerken om onze diensten te leveren, inclusief maar niet beperkt tot<\/p>\n\n\n\n<h4 class=\"wp-block-heading\"><span class=\"ez-toc-section\" id=\"a_Personliche_Informationen\"><\/span>a. Persoonlijke gegevens:<span class=\"ez-toc-section-end\"><\/span><\/h4>\n\n\n\n<ul class=\"wp-block-list\">\n<li><strong>Account aanmaken<\/strong>Wanneer u een account aanmaakt, verzamelen we uw naam, e-mailadres, postadres, telefoonnummer en wachtwoord.<\/li>\n\n\n\n<li><strong>Bestelgegevens<\/strong>Wanneer u een aankoop doet, verzamelen we informatie over de transactie, zoals factuur- en verzendadressen en betalingsgegevens.<\/li>\n\n\n\n<li><strong>Leeftijdscontrole<\/strong>Aangezien onze producten alleen voor volwassenen zijn, kunnen we geboortegegevens verzamelen om te controleren of je in aanmerking komt.<\/li>\n<\/ul>\n\n\n\n<h4 class=\"wp-block-heading\"><span class=\"ez-toc-section\" id=\"b_Nutzungsdaten\"><\/span>b. Gebruiksgegevens:<span class=\"ez-toc-section-end\"><\/span><\/h4>\n\n\n\n<ul class=\"wp-block-list\">\n<li><strong>Gebruik website<\/strong>Informatie over hoe u onze site gebruikt, waaronder bekeken pagina's, artikelen waarop u hebt geklikt, zoekgeschiedenis en duur van het bezoek.<\/li>\n\n\n\n<li><strong>Apparaatinformatie<\/strong>Informatie over het apparaat en de browser die u gebruikt, inclusief IP-adres, browsertype en besturingssysteem.<\/li>\n<\/ul>\n\n\n\n<h4 class=\"wp-block-heading\"><span class=\"ez-toc-section\" id=\"c_Cookies_und_Tracking-Technologien\"><\/span>c. Cookies en trackingtechnologie\u00ebn:<span class=\"ez-toc-section-end\"><\/span><\/h4>\n\n\n\n<ul class=\"wp-block-list\">\n<li>We gebruiken cookies, web beacons en andere soortgelijke technologie\u00ebn om de functionaliteit van de website te verbeteren en om informatie te verzamelen over hoe onze bezoekers omgaan met onze website.<\/li>\n<\/ul>\n\n\n\n<h3 class=\"wp-block-heading\"><span class=\"ez-toc-section\" id=\"2_Wie_wir_Ihre_Informationen_verwenden\"><\/span>2. hoe we uw informatie gebruiken<span class=\"ez-toc-section-end\"><\/span><\/h3>\n\n\n\n<p>HerbalAproach gebruikt uw gegevens om uw ervaring te bieden, te verbeteren en te personaliseren, waaronder:<\/p>\n\n\n\n<ul class=\"wp-block-list\">\n<li><strong>Orderverwerking<\/strong>Om uw aankopen te verwerken, betalingen te verwerken en producten te leveren.<\/li>\n\n\n\n<li><strong>Klantenondersteuning<\/strong>Om uw vragen te beantwoorden, technische ondersteuning te bieden en de klantenservice te verbeteren.<\/li>\n\n\n\n<li><strong>Marketingcommunicatie<\/strong>Om u aanbiedingen, nieuwsbrieven en updates te sturen als u zich hiervoor hebt aangemeld. U kunt zich te allen tijde afmelden voor deze communicatie.<\/li>\n\n\n\n<li><strong>Website optimalisatie<\/strong>Om trends te analyseren, de website te beheren, gebruikersbewegingen te volgen en de prestaties van onze website te verbeteren.<\/li>\n\n\n\n<li><strong>Naleving van wettelijke voorschriften<\/strong>Om te voldoen aan toepasselijke wetten, voorschriften en verzoeken van wetshandhavingsinstanties.<\/li>\n<\/ul>\n\n\n\n<h3 class=\"wp-block-heading\"><span class=\"ez-toc-section\" id=\"3_Weitergabe_und_Offenlegung_Ihrer_Informationen\"><\/span>3. delen en openbaar maken van uw informatie<span class=\"ez-toc-section-end\"><\/span><\/h3>\n\n\n\n<p>Wij kunnen uw persoonlijke gegevens in de volgende gevallen aan derden verstrekken:<\/p>\n\n\n\n<ul class=\"wp-block-list\">\n<li><strong>Dienstverlener<\/strong>Met derde partijen die ons helpen onze diensten te leveren, waaronder betalingsverwerking, verzending, analyse en marketing.<\/li>\n\n\n\n<li><strong>Wettelijke verplichtingen<\/strong>Indien wettelijk vereist, bijvoorbeeld als reactie op een dagvaarding, gerechtelijk bevel of ander juridisch proces.<\/li>\n\n\n\n<li><strong>Bedrijfsoverdrachten<\/strong>In het geval van een fusie, overname of verkoop van activa, kunnen uw gegevens worden overgedragen aan de nieuwe entiteit.<\/li>\n<\/ul>\n\n\n\n<p>Wij verkopen of verhuren uw persoonlijke gegevens niet aan derden.<\/p>\n\n\n\n<h3 class=\"wp-block-heading\"><span class=\"ez-toc-section\" id=\"4_Ihre_Rechte_und_Wahlmoglichkeiten\"><\/span>4. je rechten en keuzes<span class=\"ez-toc-section-end\"><\/span><\/h3>\n\n\n\n<p>Afhankelijk van uw locatie kunt u de volgende rechten hebben met betrekking tot uw persoonlijke gegevens:<\/p>\n\n\n\n<ul class=\"wp-block-list\">\n<li><strong>Toegang<\/strong>U kunt een kopie aanvragen van de persoonlijke gegevens die wij over u bewaren.<\/li>\n\n\n\n<li><strong>Correctie<\/strong>U kunt onjuistheden in uw persoonlijke gegevens bijwerken of corrigeren.<\/li>\n\n\n\n<li><strong>Annulering<\/strong>U kunt verzoeken om verwijdering van uw persoonlijke gegevens, met inachtneming van bepaalde wettelijke beperkingen.<\/li>\n\n\n\n<li><strong>Afmelden voor marketing<\/strong>U kunt zich afmelden voor het ontvangen van marketingcommunicatie door de afmeldinstructies in onze marketinge-mails te volgen.<\/li>\n<\/ul>\n\n\n\n<p>Als u een van deze rechten wilt uitoefenen, kunt u contact met ons opnemen via herbalaproach@gmail.com.<\/p>\n\n\n\n<h3 class=\"wp-block-heading\"><span class=\"ez-toc-section\" id=\"5_Sicherheit_Ihrer_Informationen\"><\/span>5. beveiliging van uw informatie<span class=\"ez-toc-section-end\"><\/span><\/h3>\n\n\n\n<p>We gebruiken standaardmaatregelen om uw gegevens te beschermen. Geen enkele methode van overdracht via het internet of methode van elektronische opslag is echter 100% veilig. Hoewel we ons best doen om uw gegevens te beschermen, kunnen we de absolute veiligheid ervan niet garanderen.<\/p>\n\n\n\n<h3 class=\"wp-block-heading\"><span class=\"ez-toc-section\" id=\"6_Cookies_und_Tracking-Technologien\"><\/span>6. cookies en trackingtechnologie\u00ebn<span class=\"ez-toc-section-end\"><\/span><\/h3>\n\n\n\n<p>Onze website maakt gebruik van cookies om uw ervaring te verbeteren en het websiteverkeer te analyseren. Cookies helpen ons terugkerende bezoekers te herkennen en gegevens over websitegebruik te verzamelen om onze diensten te verbeteren. U kunt uw cookie-instellingen beheren in uw browser.<\/p>\n\n\n\n<h3 class=\"wp-block-heading\"><span class=\"ez-toc-section\" id=\"7_Links_zu_Drittanbietern\"><\/span>7. koppelingen naar providers van derden<span class=\"ez-toc-section-end\"><\/span><\/h3>\n\n\n\n<p>Onze website kan links bevatten naar websites van derden. HerbalAproach is niet verantwoordelijk voor het privacybeleid of de inhoud van deze websites. Wij raden u aan om het privacybeleid van de websites van derden die u bezoekt door te nemen.<\/p>\n\n\n\n<h3 class=\"wp-block-heading\"><span class=\"ez-toc-section\" id=\"8_Internationale_Datenubertragungen\"><\/span>8. internationale gegevensoverdracht<span class=\"ez-toc-section-end\"><\/span><\/h3>\n\n\n\n<p>Als u onze website bezoekt van buiten Europa, dient u er rekening mee te houden dat uw gegevens kunnen worden overgedragen naar en opgeslagen en verwerkt in een ander land waar onze servers zich bevinden. Door onze website te gebruiken, stemt u in met de overdracht van uw gegevens naar onze faciliteiten en naar derden in overeenstemming met dit beleid.<\/p>\n\n\n\n<h3 class=\"wp-block-heading\"><span class=\"ez-toc-section\" id=\"9_Datenschutz_fur_Kinder\"><\/span>9. gegevensbescherming voor kinderen<span class=\"ez-toc-section-end\"><\/span><\/h3>\n\n\n\n<p>HerbalAproach verzamelt of vraagt niet bewust om persoonlijke gegevens van kinderen jonger dan 18 jaar. Onze diensten zijn uitsluitend bedoeld voor gebruik door volwassenen.<\/p>\n\n\n\n<h3 class=\"wp-block-heading\"><span class=\"ez-toc-section\" id=\"10_Aktualisierungen_dieser_Datenschutzrichtlinie\"><\/span>10. updates van dit privacybeleid<span class=\"ez-toc-section-end\"><\/span><\/h3>\n\n\n\n<p>We kunnen dit Privacybeleid van tijd tot tijd bijwerken om wijzigingen in onze praktijken of wettelijke vereisten weer te geven. We raden je aan dit beleid elke keer dat je onze website bezoekt door te lezen om op de hoogte te blijven van onze gegevenspraktijken.<\/p>\n\n\n\n<h3 class=\"wp-block-heading\"><span class=\"ez-toc-section\" id=\"11_Kontaktieren_Sie_uns\"><\/span>11. contact met ons opnemen<span class=\"ez-toc-section-end\"><\/span><\/h3>\n\n\n\n<p>Als u vragen of opmerkingen hebt over dit privacybeleid, kunt u contact met ons opnemen via:<\/p>\n\n\n\n<ul class=\"wp-block-list\">\n<li><strong>e-mail<\/strong>: herbalaproach@gmail.com<\/li>\n<\/ul>","protected":false},"excerpt":{"rendered":"<p>Willkommen auf HerbalAproach.com. Bei HerbalAproach respektieren wir Ihre Privatsph\u00e4re und verpflichten uns, Ihre pers\u00f6nlichen Daten zu sch\u00fctzen. Diese Datenschutzrichtlinie erkl\u00e4rt, welche Informationen wir sammeln, wie wir sie verwenden und welche Wahlm\u00f6glichkeiten Sie in Bezug auf Ihre Informationen haben. Bitte lesen Sie diese Richtlinie sorgf\u00e4ltig durch, da die Nutzung unserer Website Ihre Zustimmung zu diesen Praktiken [&hellip;]<\/p>\n","protected":false},"author":1,"featured_media":0,"parent":0,"menu_order":0,"comment_status":"closed","ping_status":"open","template":"","meta":{"ocean_post_layout":"","ocean_both_sidebars_style":"","ocean_both_sidebars_content_width":0,"ocean_both_sidebars_sidebars_width":0,"ocean_sidebar":"","ocean_second_sidebar":"","ocean_disable_margins":"enable","ocean_add_body_class":"","ocean_shortcode_before_top_bar":"","ocean_shortcode_after_top_bar":"","ocean_shortcode_before_header":"","ocean_shortcode_after_header":"","ocean_has_shortcode":"","ocean_shortcode_after_title":"","ocean_shortcode_before_footer_widgets":"","ocean_shortcode_after_footer_widgets":"","ocean_shortcode_before_footer_bottom":"","ocean_shortcode_after_footer_bottom":"","ocean_display_top_bar":"default","ocean_display_header":"default","ocean_header_style":"","ocean_center_header_left_menu":"","ocean_custom_header_template":"","ocean_custom_logo":0,"ocean_custom_retina_logo":0,"ocean_custom_logo_max_width":0,"ocean_custom_logo_tablet_max_width":0,"ocean_custom_logo_mobile_max_width":0,"ocean_custom_logo_max_height":0,"ocean_custom_logo_tablet_max_height":0,"ocean_custom_logo_mobile_max_height":0,"ocean_header_custom_menu":"","ocean_menu_typo_font_family":"","ocean_menu_typo_font_subset":"","ocean_menu_typo_font_size":0,"ocean_menu_typo_font_size_tablet":0,"ocean_menu_typo_font_size_mobile":0,"ocean_menu_typo_font_size_unit":"px","ocean_menu_typo_font_weight":"","ocean_menu_typo_font_weight_tablet":"","ocean_menu_typo_font_weight_mobile":"","ocean_menu_typo_transform":"","ocean_menu_typo_transform_tablet":"","ocean_menu_typo_transform_mobile":"","ocean_menu_typo_line_height":0,"ocean_menu_typo_line_height_tablet":0,"ocean_menu_typo_line_height_mobile":0,"ocean_menu_typo_line_height_unit":"","ocean_menu_typo_spacing":0,"ocean_menu_typo_spacing_tablet":0,"ocean_menu_typo_spacing_mobile":0,"ocean_menu_typo_spacing_unit":"","ocean_menu_link_color":"","ocean_menu_link_color_hover":"","ocean_menu_link_color_active":"","ocean_menu_link_background":"","ocean_menu_link_hover_background":"","ocean_menu_link_active_background":"","ocean_menu_social_links_bg":"","ocean_menu_social_hover_links_bg":"","ocean_menu_social_links_color":"","ocean_menu_social_hover_links_color":"","ocean_disable_title":"default","ocean_disable_heading":"default","ocean_post_title":"","ocean_post_subheading":"","ocean_post_title_style":"","ocean_post_title_background_color":"","ocean_post_title_background":0,"ocean_post_title_bg_image_position":"","ocean_post_title_bg_image_attachment":"","ocean_post_title_bg_image_repeat":"","ocean_post_title_bg_image_size":"","ocean_post_title_height":0,"ocean_post_title_bg_overlay":0.5,"ocean_post_title_bg_overlay_color":"","ocean_disable_breadcrumbs":"default","ocean_breadcrumbs_color":"","ocean_breadcrumbs_separator_color":"","ocean_breadcrumbs_links_color":"","ocean_breadcrumbs_links_hover_color":"","ocean_display_footer_widgets":"default","ocean_display_footer_bottom":"default","ocean_custom_footer_template":"","footnotes":""},"class_list":["post-3","page","type-page","status-publish","hentry","entry","owp-thumbs-layout-horizontal","owp-btn-normal","owp-tabs-layout-horizontal","has-no-thumbnails","has-product-nav"],"_links":{"self":[{"href":"https:\/\/herbalaproach.com\/nl\/wp-json\/wp\/v2\/pages\/3","targetHints":{"allow":["GET"]}}],"collection":[{"href":"https:\/\/herbalaproach.com\/nl\/wp-json\/wp\/v2\/pages"}],"about":[{"href":"https:\/\/herbalaproach.com\/nl\/wp-json\/wp\/v2\/types\/page"}],"author":[{"embeddable":true,"href":"https:\/\/herbalaproach.com\/nl\/wp-json\/wp\/v2\/users\/1"}],"replies":[{"embeddable":true,"href":"https:\/\/herbalaproach.com\/nl\/wp-json\/wp\/v2\/comments?post=3"}],"version-history":[{"count":2,"href":"https:\/\/herbalaproach.com\/nl\/wp-json\/wp\/v2\/pages\/3\/revisions"}],"predecessor-version":[{"id":1298,"href":"https:\/\/herbalaproach.com\/nl\/wp-json\/wp\/v2\/pages\/3\/revisions\/1298"}],"wp:attachment":[{"href":"https:\/\/herbalaproach.com\/nl\/wp-json\/wp\/v2\/media?parent=3"}],"curies":[{"name":"wp","href":"https:\/\/api.w.org\/{rel}","templated":true}]}}