{"id":10,"date":"2024-10-25T22:15:43","date_gmt":"2024-10-25T21:15:43","guid":{"rendered":"https:\/\/herbalaproach.com\/?page_id=10"},"modified":"2024-10-26T00:53:09","modified_gmt":"2024-10-25T23:53:09","slug":"cannabis-legalisierung-deutschland","status":"publish","type":"page","link":"https:\/\/herbalaproach.com\/pl\/cannabis-legalisierung-deutschland\/","title":{"rendered":"Polityka zwrot\u00f3w i refundacji"},"content":{"rendered":"<p><strong>Polityka zwrot\u00f3w i refundacji dla <a href=\"https:\/\/herbalaproach.com\/pl\/\">HerbalAproach.com<\/a><\/strong><\/p>\n\n\n\n<p>W HerbalAproach.com chcemy, aby nasi klienci byli w pe\u0142ni zadowoleni z dokonanych zakup\u00f3w. Nasza polityka zwrot\u00f3w i refundacji okre\u015bla warunki, na jakich przetwarzane s\u0105 zwroty i refundacje. Prosimy o uwa\u017cne zapoznanie si\u0119 z tymi zasadami i kontakt w razie jakichkolwiek pyta\u0144.<\/p>\n\n\n\n<div id=\"ez-toc-container\" class=\"ez-toc-v2_0_82_2 counter-hierarchy ez-toc-counter ez-toc-grey ez-toc-container-direction\">\n<div class=\"ez-toc-title-container\">\n<p class=\"ez-toc-title\" style=\"cursor:inherit\">Spis tre\u015bci<\/p>\n<span class=\"ez-toc-title-toggle\"><a href=\"#\" class=\"ez-toc-pull-right ez-toc-btn ez-toc-btn-xs ez-toc-btn-default ez-toc-toggle\" aria-label=\"Prze\u0142\u0105cznik Spisu Tre\u015bci\"><span class=\"ez-toc-js-icon-con\"><span class=\"\"><span class=\"eztoc-hide\" style=\"display:none;\">Toggle<\/span><span class=\"ez-toc-icon-toggle-span\"><svg style=\"fill: #999;color:#999\" xmlns=\"http:\/\/www.w3.org\/2000\/svg\" class=\"list-377408\" width=\"20px\" height=\"20px\" viewbox=\"0 0 24 24\" fill=\"none\"><path d=\"M6 6H4v2h2V6zm14 0H8v2h12V6zM4 11h2v2H4v-2zm16 0H8v2h12v-2zM4 16h2v2H4v-2zm16 0H8v2h12v-2z\" fill=\"currentColor\"><\/path><\/svg><svg style=\"fill: #999;color:#999\" class=\"arrow-unsorted-368013\" xmlns=\"http:\/\/www.w3.org\/2000\/svg\" width=\"10px\" height=\"10px\" viewbox=\"0 0 24 24\" version=\"1.2\" baseprofile=\"tiny\"><path d=\"M18.2 9.3l-6.2-6.3-6.2 6.3c-.2.2-.3.4-.3.7s.1.5.3.7c.2.2.4.3.7.3h11c.3 0 .5-.1.7-.3.2-.2.3-.5.3-.7s-.1-.5-.3-.7zM5.8 14.7l6.2 6.3 6.2-6.3c.2-.2.3-.5.3-.7s-.1-.5-.3-.7c-.2-.2-.4-.3-.7-.3h-11c-.3 0-.5.1-.7.3-.2.2-.3.5-.3.7s.1.5.3.7z\"\/><\/svg><\/span><\/span><\/span><\/a><\/span><\/div>\n<nav><ul class='ez-toc-list ez-toc-list-level-1' ><li class='ez-toc-page-1 ez-toc-heading-level-3'><a class=\"ez-toc-link ez-toc-heading-1\" href=\"https:\/\/herbalaproach.com\/pl\/cannabis-legalisierung-deutschland\/#1_Ruckgabeberechtigung\" >1. upowa\u017cnienie do zwrotu<\/a><\/li><li class='ez-toc-page-1 ez-toc-heading-level-3'><a class=\"ez-toc-link ez-toc-heading-2\" href=\"https:\/\/herbalaproach.com\/pl\/cannabis-legalisierung-deutschland\/#2_Ruckgabefrist\" >2. okres zwrotu<\/a><\/li><li class='ez-toc-page-1 ez-toc-heading-level-3'><a class=\"ez-toc-link ez-toc-heading-3\" href=\"https:\/\/herbalaproach.com\/pl\/cannabis-legalisierung-deutschland\/#3_Ruckgabeprozess\" >3. proces zwrotu<\/a><\/li><li class='ez-toc-page-1 ez-toc-heading-level-3'><a class=\"ez-toc-link ez-toc-heading-4\" href=\"https:\/\/herbalaproach.com\/pl\/cannabis-legalisierung-deutschland\/#4_Ruckerstattungen\" >4. zwroty<\/a><\/li><li class='ez-toc-page-1 ez-toc-heading-level-3'><a class=\"ez-toc-link ez-toc-heading-5\" href=\"https:\/\/herbalaproach.com\/pl\/cannabis-legalisierung-deutschland\/#5_Umtausch\" >5. wymiana<\/a><\/li><li class='ez-toc-page-1 ez-toc-heading-level-3'><a class=\"ez-toc-link ez-toc-heading-6\" href=\"https:\/\/herbalaproach.com\/pl\/cannabis-legalisierung-deutschland\/#6_Reduzierte_und_Werbeartikel\" >6. obni\u017cone ceny i artyku\u0142y promocyjne<\/a><\/li><li class='ez-toc-page-1 ez-toc-heading-level-3'><a class=\"ez-toc-link ez-toc-heading-7\" href=\"https:\/\/herbalaproach.com\/pl\/cannabis-legalisierung-deutschland\/#7_Bestellstornierungen\" >7. anulowanie zam\u00f3wienia<\/a><\/li><li class='ez-toc-page-1 ez-toc-heading-level-3'><a class=\"ez-toc-link ez-toc-heading-8\" href=\"https:\/\/herbalaproach.com\/pl\/cannabis-legalisierung-deutschland\/#8_Kontaktieren_Sie_uns\" >8. skontaktuj si\u0119 z nami<\/a><\/li><\/ul><\/nav><\/div>\n<h3 class=\"wp-block-heading\"><span class=\"ez-toc-section\" id=\"1_Ruckgabeberechtigung\"><\/span>1. <strong>Autoryzacja zwrotu<\/strong><span class=\"ez-toc-section-end\"><\/span><\/h3>\n\n\n\n<p>Przyjmujemy zwroty pod nast\u0119puj\u0105cymi warunkami:<\/p>\n\n\n\n<ul class=\"wp-block-list\">\n<li><strong>Nieu\u017cywane produkty<\/strong>Produkty musz\u0105 by\u0107 zwracane w oryginalnym, nieotwartym opakowaniu. Produkty, kt\u00f3re by\u0142y u\u017cywane, otwarte lub zmienione w jakikolwiek spos\u00f3b, nie mog\u0105 zosta\u0107 zwr\u00f3cone.<\/li>\n\n\n\n<li><strong>Uszkodzone lub wadliwe przedmioty<\/strong>Je\u015bli produkt zostanie dostarczony uszkodzony lub wadliwy, prosimy o natychmiastowy kontakt. Przeka\u017cemy instrukcje dotycz\u0105ce zwrotu produktu i pokryjemy koszty wysy\u0142ki zwrotnej.<\/li>\n\n\n\n<li><strong>Niew\u0142a\u015bciwe produkty<\/strong>Je\u015bli otrzymasz nieprawid\u0142owy produkt, poinformuj nas o tym w ci\u0105gu 7 dni od jego otrzymania, a my zorganizujemy wymian\u0119 lub zwrot pieni\u0119dzy.<\/li>\n<\/ul>\n\n\n\n<h3 class=\"wp-block-heading\"><span class=\"ez-toc-section\" id=\"2_Ruckgabefrist\"><\/span>2. <strong>Okres zwrotu<\/strong><span class=\"ez-toc-section-end\"><\/span><\/h3>\n\n\n\n<p>Aby kwalifikowa\u0107 si\u0119 do zwrotu, nale\u017cy przes\u0142a\u0107 wniosek o zwrot w ci\u0105gu <strong>14 dni<\/strong> po otrzymaniu zam\u00f3wienia.<\/p>\n\n\n\n<h3 class=\"wp-block-heading\"><span class=\"ez-toc-section\" id=\"3_Ruckgabeprozess\"><\/span>3. <strong>Proces zwrotu<\/strong><span class=\"ez-toc-section-end\"><\/span><\/h3>\n\n\n\n<p>Aby za\u017c\u0105da\u0107 zwrotu, nale\u017cy wykona\u0107 nast\u0119puj\u0105ce czynno\u015bci:<\/p>\n\n\n\n<ul class=\"wp-block-list\">\n<li><strong>Skontaktuj si\u0119 z nami<\/strong>Napisz do nas na adres herbalaproach@gmail.com i podaj numer zam\u00f3wienia, opis problemu oraz, je\u015bli ma to zastosowanie, zdj\u0119cia produktu (w przypadku wad lub uszkodze\u0144).<\/li>\n\n\n\n<li><strong>Autoryzacja i instrukcje<\/strong>Po zatwierdzeniu zwrotu otrzymasz instrukcje dotycz\u0105ce sposobu zwrotu produktu do nas.<\/li>\n\n\n\n<li><strong>Koszty wysy\u0142ki<\/strong>Klienci s\u0105 odpowiedzialni za koszty wysy\u0142ki zwrotnej, chyba \u017ce produkt by\u0142 uszkodzony, wadliwy lub nieprawid\u0142owy w momencie odbioru.<\/li>\n<\/ul>\n\n\n\n<h3 class=\"wp-block-heading\"><span class=\"ez-toc-section\" id=\"4_Ruckerstattungen\"><\/span>4. <strong>Zwroty koszt\u00f3w<\/strong><span class=\"ez-toc-section-end\"><\/span><\/h3>\n\n\n\n<p>Po otrzymaniu zwr\u00f3conego produktu sprawdzimy go i powiadomimy o statusie zwrotu. Je\u015bli zwrot zostanie zatwierdzony, b\u0119dzie on przetwarzany w nast\u0119puj\u0105cy spos\u00f3b:<\/p>\n\n\n\n<ul class=\"wp-block-list\">\n<li><strong>Oryginalna metoda p\u0142atno\u015bci<\/strong>Zwroty zostan\u0105 dokonane na pierwotn\u0105 metod\u0119 p\u0142atno\u015bci w ci\u0105gu <strong>5-10 dni roboczych<\/strong>.<\/li>\n\n\n\n<li><strong>Zwroty cz\u0119\u015bciowe<\/strong>Zwracane przedmioty, kt\u00f3re zosta\u0142y uszkodzone w wyniku niew\u0142a\u015bciwego obchodzenia si\u0119 z nimi, mog\u0105 zosta\u0107 cz\u0119\u015bciowo zwr\u00f3cone wed\u0142ug naszego uznania.<\/li>\n\n\n\n<li><strong>Przedmioty niepodlegaj\u0105ce zwrotowi<\/strong>Niekt\u00f3re przedmioty, w tym karty podarunkowe i przedmioty promocyjne, nie podlegaj\u0105 zwrotowi.<\/li>\n<\/ul>\n\n\n\n<h3 class=\"wp-block-heading\"><span class=\"ez-toc-section\" id=\"5_Umtausch\"><\/span>5. <strong>Wymiana<\/strong><span class=\"ez-toc-section-end\"><\/span><\/h3>\n\n\n\n<p>Je\u015bli chcesz wymieni\u0107 przedmiot, post\u0119puj zgodnie z procesem zwrotu opisanym powy\u017cej i z\u0142\u00f3\u017c nowe zam\u00f3wienie na \u017c\u0105dany przedmiot.<\/p>\n\n\n\n<h3 class=\"wp-block-heading\"><span class=\"ez-toc-section\" id=\"6_Reduzierte_und_Werbeartikel\"><\/span>6. <strong>Obni\u017cone ceny i artyku\u0142y promocyjne<\/strong><span class=\"ez-toc-section-end\"><\/span><\/h3>\n\n\n\n<p>Zwrotowi podlegaj\u0105 tylko zwyk\u0142e produkty. Niestety, przedmioty zakupione w ramach promocji lub po specjalnych cenach nie podlegaj\u0105 zwrotowi ani wymianie.<\/p>\n\n\n\n<h3 class=\"wp-block-heading\"><span class=\"ez-toc-section\" id=\"7_Bestellstornierungen\"><\/span>7. <strong>Anulowanie zam\u00f3wienia<\/strong><span class=\"ez-toc-section-end\"><\/span><\/h3>\n\n\n\n<p>Je\u015bli chcesz anulowa\u0107 zam\u00f3wienie, skontaktuj si\u0119 z nami jak najszybciej. Zam\u00f3wienia mo\u017cna anulowa\u0107 tylko wtedy, gdy nie zosta\u0142y jeszcze przetworzone lub wys\u0142ane. Je\u015bli zam\u00f3wienie zosta\u0142o ju\u017c wys\u0142ane, nale\u017cy je zwr\u00f3ci\u0107 zgodnie z powy\u017cszymi wytycznymi.<\/p>\n\n\n\n<h3 class=\"wp-block-heading\"><span class=\"ez-toc-section\" id=\"8_Kontaktieren_Sie_uns\"><\/span>8. <strong>Skontaktuj si\u0119 z nami<\/strong><span class=\"ez-toc-section-end\"><\/span><\/h3>\n\n\n\n<p>W przypadku jakichkolwiek pyta\u0144 lub w\u0105tpliwo\u015bci dotycz\u0105cych niniejszej Polityki zwrot\u00f3w prosimy o kontakt pod adresem:<\/p>\n\n\n\n<ul class=\"wp-block-list\">\n<li><strong>e-mail<\/strong>: herbalaproach@gmail.com<\/li>\n<\/ul>\n\n\n\n<p>Sk\u0142adaj\u0105c zam\u00f3wienie na HerbalAproach.com, u\u017cytkownik wyra\u017ca zgod\u0119 na warunki niniejszej Polityki zwrot\u00f3w i refundacji.<\/p>","protected":false},"excerpt":{"rendered":"<p>R\u00fcckgabe- und Erstattungsrichtlinie f\u00fcr HerbalAproach.com Bei HerbalAproach.com m\u00f6chten wir, dass unsere Kunden mit ihren Eink\u00e4ufen vollst\u00e4ndig zufrieden sind. Unsere R\u00fcckgabe- und Erstattungsrichtlinie beschreibt die Bedingungen, unter denen R\u00fcckgaben und Erstattungen abgewickelt werden. Bitte lesen Sie diese Richtlinie sorgf\u00e4ltig und kontaktieren Sie uns, wenn Sie Fragen haben. 1. R\u00fcckgabeberechtigung Wir akzeptieren R\u00fcckgaben unter folgenden Bedingungen: 2. [&hellip;]<\/p>\n","protected":false},"author":1,"featured_media":0,"parent":0,"menu_order":0,"comment_status":"closed","ping_status":"closed","template":"","meta":{"ocean_post_layout":"","ocean_both_sidebars_style":"","ocean_both_sidebars_content_width":0,"ocean_both_sidebars_sidebars_width":0,"ocean_sidebar":"","ocean_second_sidebar":"","ocean_disable_margins":"enable","ocean_add_body_class":"","ocean_shortcode_before_top_bar":"","ocean_shortcode_after_top_bar":"","ocean_shortcode_before_header":"","ocean_shortcode_after_header":"","ocean_has_shortcode":"","ocean_shortcode_after_title":"","ocean_shortcode_before_footer_widgets":"","ocean_shortcode_after_footer_widgets":"","ocean_shortcode_before_footer_bottom":"","ocean_shortcode_after_footer_bottom":"","ocean_display_top_bar":"default","ocean_display_header":"default","ocean_header_style":"","ocean_center_header_left_menu":"","ocean_custom_header_template":"","ocean_custom_logo":0,"ocean_custom_retina_logo":0,"ocean_custom_logo_max_width":0,"ocean_custom_logo_tablet_max_width":0,"ocean_custom_logo_mobile_max_width":0,"ocean_custom_logo_max_height":0,"ocean_custom_logo_tablet_max_height":0,"ocean_custom_logo_mobile_max_height":0,"ocean_header_custom_menu":"","ocean_menu_typo_font_family":"","ocean_menu_typo_font_subset":"","ocean_menu_typo_font_size":0,"ocean_menu_typo_font_size_tablet":0,"ocean_menu_typo_font_size_mobile":0,"ocean_menu_typo_font_size_unit":"px","ocean_menu_typo_font_weight":"","ocean_menu_typo_font_weight_tablet":"","ocean_menu_typo_font_weight_mobile":"","ocean_menu_typo_transform":"","ocean_menu_typo_transform_tablet":"","ocean_menu_typo_transform_mobile":"","ocean_menu_typo_line_height":0,"ocean_menu_typo_line_height_tablet":0,"ocean_menu_typo_line_height_mobile":0,"ocean_menu_typo_line_height_unit":"","ocean_menu_typo_spacing":0,"ocean_menu_typo_spacing_tablet":0,"ocean_menu_typo_spacing_mobile":0,"ocean_menu_typo_spacing_unit":"","ocean_menu_link_color":"","ocean_menu_link_color_hover":"","ocean_menu_link_color_active":"","ocean_menu_link_background":"","ocean_menu_link_hover_background":"","ocean_menu_link_active_background":"","ocean_menu_social_links_bg":"","ocean_menu_social_hover_links_bg":"","ocean_menu_social_links_color":"","ocean_menu_social_hover_links_color":"","ocean_disable_title":"default","ocean_disable_heading":"default","ocean_post_title":"","ocean_post_subheading":"","ocean_post_title_style":"","ocean_post_title_background_color":"","ocean_post_title_background":0,"ocean_post_title_bg_image_position":"","ocean_post_title_bg_image_attachment":"","ocean_post_title_bg_image_repeat":"","ocean_post_title_bg_image_size":"","ocean_post_title_height":0,"ocean_post_title_bg_overlay":0.5,"ocean_post_title_bg_overlay_color":"","ocean_disable_breadcrumbs":"default","ocean_breadcrumbs_color":"","ocean_breadcrumbs_separator_color":"","ocean_breadcrumbs_links_color":"","ocean_breadcrumbs_links_hover_color":"","ocean_display_footer_widgets":"default","ocean_display_footer_bottom":"default","ocean_custom_footer_template":"","footnotes":""},"class_list":["post-10","page","type-page","status-publish","hentry","entry","owp-thumbs-layout-horizontal","owp-btn-normal","owp-tabs-layout-horizontal","has-no-thumbnails","has-product-nav"],"_links":{"self":[{"href":"https:\/\/herbalaproach.com\/pl\/wp-json\/wp\/v2\/pages\/10","targetHints":{"allow":["GET"]}}],"collection":[{"href":"https:\/\/herbalaproach.com\/pl\/wp-json\/wp\/v2\/pages"}],"about":[{"href":"https:\/\/herbalaproach.com\/pl\/wp-json\/wp\/v2\/types\/page"}],"author":[{"embeddable":true,"href":"https:\/\/herbalaproach.com\/pl\/wp-json\/wp\/v2\/users\/1"}],"replies":[{"embeddable":true,"href":"https:\/\/herbalaproach.com\/pl\/wp-json\/wp\/v2\/comments?post=10"}],"version-history":[{"count":2,"href":"https:\/\/herbalaproach.com\/pl\/wp-json\/wp\/v2\/pages\/10\/revisions"}],"predecessor-version":[{"id":1297,"href":"https:\/\/herbalaproach.com\/pl\/wp-json\/wp\/v2\/pages\/10\/revisions\/1297"}],"wp:attachment":[{"href":"https:\/\/herbalaproach.com\/pl\/wp-json\/wp\/v2\/media?parent=10"}],"curies":[{"name":"wp","href":"https:\/\/api.w.org\/{rel}","templated":true}]}}