{"id":3,"date":"2024-10-22T22:45:31","date_gmt":"2024-10-22T21:45:31","guid":{"rendered":"https:\/\/herbalaproach.com\/?page_id=3"},"modified":"2024-10-26T00:53:44","modified_gmt":"2024-10-25T23:53:44","slug":"gummies","status":"publish","type":"page","link":"https:\/\/herbalaproach.com\/pl\/gummies\/","title":{"rendered":"Przepisy dotycz\u0105ce ochrony danych"},"content":{"rendered":"<p><strong>Witamy na stronie HerbalAproach.com.<\/strong> Z <a href=\"https:\/\/herbalaproach.com\/pl\/\">HerbalAproach<\/a> szanujemy prywatno\u015b\u0107 u\u017cytkownik\u00f3w i zobowi\u0105zujemy si\u0119 do ochrony ich danych osobowych. Niniejsza Polityka prywatno\u015bci wyja\u015bnia, jakie informacje gromadzimy, w jaki spos\u00f3b je wykorzystujemy i jakie mo\u017cliwo\u015bci wyboru ma u\u017cytkownik w odniesieniu do swoich informacji. Prosimy o uwa\u017cne zapoznanie si\u0119 z niniejsz\u0105 polityk\u0105, poniewa\u017c korzystanie z naszej strony internetowej oznacza zgod\u0119 na te praktyki.<\/p>\n\n\n\n<div id=\"ez-toc-container\" class=\"ez-toc-v2_0_82_2 counter-hierarchy ez-toc-counter ez-toc-grey ez-toc-container-direction\">\n<div class=\"ez-toc-title-container\">\n<p class=\"ez-toc-title\" style=\"cursor:inherit\">Spis tre\u015bci<\/p>\n<span class=\"ez-toc-title-toggle\"><a href=\"#\" class=\"ez-toc-pull-right ez-toc-btn ez-toc-btn-xs ez-toc-btn-default ez-toc-toggle\" aria-label=\"Prze\u0142\u0105cznik Spisu Tre\u015bci\"><span class=\"ez-toc-js-icon-con\"><span class=\"\"><span class=\"eztoc-hide\" style=\"display:none;\">Toggle<\/span><span class=\"ez-toc-icon-toggle-span\"><svg style=\"fill: #999;color:#999\" xmlns=\"http:\/\/www.w3.org\/2000\/svg\" class=\"list-377408\" width=\"20px\" height=\"20px\" viewbox=\"0 0 24 24\" fill=\"none\"><path d=\"M6 6H4v2h2V6zm14 0H8v2h12V6zM4 11h2v2H4v-2zm16 0H8v2h12v-2zM4 16h2v2H4v-2zm16 0H8v2h12v-2z\" fill=\"currentColor\"><\/path><\/svg><svg style=\"fill: #999;color:#999\" class=\"arrow-unsorted-368013\" xmlns=\"http:\/\/www.w3.org\/2000\/svg\" width=\"10px\" height=\"10px\" viewbox=\"0 0 24 24\" version=\"1.2\" baseprofile=\"tiny\"><path d=\"M18.2 9.3l-6.2-6.3-6.2 6.3c-.2.2-.3.4-.3.7s.1.5.3.7c.2.2.4.3.7.3h11c.3 0 .5-.1.7-.3.2-.2.3-.5.3-.7s-.1-.5-.3-.7zM5.8 14.7l6.2 6.3 6.2-6.3c.2-.2.3-.5.3-.7s-.1-.5-.3-.7c-.2-.2-.4-.3-.7-.3h-11c-.3 0-.5.1-.7.3-.2.2-.3.5-.3.7s.1.5.3.7z\"\/><\/svg><\/span><\/span><\/span><\/a><\/span><\/div>\n<nav><ul class='ez-toc-list ez-toc-list-level-1' ><li class='ez-toc-page-1 ez-toc-heading-level-3'><a class=\"ez-toc-link ez-toc-heading-1\" href=\"https:\/\/herbalaproach.com\/pl\/gummies\/#1_Informationen_die_wir_sammeln\" >1. informacje, kt\u00f3re zbieramy<\/a><ul class='ez-toc-list-level-4' ><li class='ez-toc-heading-level-4'><a class=\"ez-toc-link ez-toc-heading-2\" href=\"https:\/\/herbalaproach.com\/pl\/gummies\/#a_Personliche_Informationen\" >a. Dane osobowe:<\/a><\/li><li class='ez-toc-page-1 ez-toc-heading-level-4'><a class=\"ez-toc-link ez-toc-heading-3\" href=\"https:\/\/herbalaproach.com\/pl\/gummies\/#b_Nutzungsdaten\" >b. Dane dotycz\u0105ce u\u017cytkowania:<\/a><\/li><li class='ez-toc-page-1 ez-toc-heading-level-4'><a class=\"ez-toc-link ez-toc-heading-4\" href=\"https:\/\/herbalaproach.com\/pl\/gummies\/#c_Cookies_und_Tracking-Technologien\" >c. Pliki cookie i technologie \u015bledzenia:<\/a><\/li><\/ul><\/li><li class='ez-toc-page-1 ez-toc-heading-level-3'><a class=\"ez-toc-link ez-toc-heading-5\" href=\"https:\/\/herbalaproach.com\/pl\/gummies\/#2_Wie_wir_Ihre_Informationen_verwenden\" >2. w jaki spos\u00f3b wykorzystujemy informacje o u\u017cytkowniku<\/a><\/li><li class='ez-toc-page-1 ez-toc-heading-level-3'><a class=\"ez-toc-link ez-toc-heading-6\" href=\"https:\/\/herbalaproach.com\/pl\/gummies\/#3_Weitergabe_und_Offenlegung_Ihrer_Informationen\" >3. udost\u0119pnianie i ujawnianie informacji o u\u017cytkowniku<\/a><\/li><li class='ez-toc-page-1 ez-toc-heading-level-3'><a class=\"ez-toc-link ez-toc-heading-7\" href=\"https:\/\/herbalaproach.com\/pl\/gummies\/#4_Ihre_Rechte_und_Wahlmoglichkeiten\" >4. Twoje prawa i wybory<\/a><\/li><li class='ez-toc-page-1 ez-toc-heading-level-3'><a class=\"ez-toc-link ez-toc-heading-8\" href=\"https:\/\/herbalaproach.com\/pl\/gummies\/#5_Sicherheit_Ihrer_Informationen\" >5. bezpiecze\u0144stwo informacji o u\u017cytkowniku<\/a><\/li><li class='ez-toc-page-1 ez-toc-heading-level-3'><a class=\"ez-toc-link ez-toc-heading-9\" href=\"https:\/\/herbalaproach.com\/pl\/gummies\/#6_Cookies_und_Tracking-Technologien\" >6. pliki cookie i technologie \u015bledzenia<\/a><\/li><li class='ez-toc-page-1 ez-toc-heading-level-3'><a class=\"ez-toc-link ez-toc-heading-10\" href=\"https:\/\/herbalaproach.com\/pl\/gummies\/#7_Links_zu_Drittanbietern\" >7. linki do dostawc\u00f3w zewn\u0119trznych<\/a><\/li><li class='ez-toc-page-1 ez-toc-heading-level-3'><a class=\"ez-toc-link ez-toc-heading-11\" href=\"https:\/\/herbalaproach.com\/pl\/gummies\/#8_Internationale_Datenubertragungen\" >8. mi\u0119dzynarodowe przekazywanie danych<\/a><\/li><li class='ez-toc-page-1 ez-toc-heading-level-3'><a class=\"ez-toc-link ez-toc-heading-12\" href=\"https:\/\/herbalaproach.com\/pl\/gummies\/#9_Datenschutz_fur_Kinder\" >9. ochrona danych dzieci<\/a><\/li><li class='ez-toc-page-1 ez-toc-heading-level-3'><a class=\"ez-toc-link ez-toc-heading-13\" href=\"https:\/\/herbalaproach.com\/pl\/gummies\/#10_Aktualisierungen_dieser_Datenschutzrichtlinie\" >10. aktualizacje niniejszej polityki prywatno\u015bci<\/a><\/li><li class='ez-toc-page-1 ez-toc-heading-level-3'><a class=\"ez-toc-link ez-toc-heading-14\" href=\"https:\/\/herbalaproach.com\/pl\/gummies\/#11_Kontaktieren_Sie_uns\" >11. skontaktuj si\u0119 z nami<\/a><\/li><\/ul><\/nav><\/div>\n<h3 class=\"wp-block-heading\"><span class=\"ez-toc-section\" id=\"1_Informationen_die_wir_sammeln\"><\/span>1. informacje, kt\u00f3re zbieramy<span class=\"ez-toc-section-end\"><\/span><\/h3>\n\n\n\n<p>Mo\u017cemy gromadzi\u0107 i przetwarza\u0107 r\u00f3\u017cne rodzaje informacji w celu \u015bwiadczenia naszych us\u0142ug, w tym mi\u0119dzy innymi<\/p>\n\n\n\n<h4 class=\"wp-block-heading\"><span class=\"ez-toc-section\" id=\"a_Personliche_Informationen\"><\/span>a. Dane osobowe:<span class=\"ez-toc-section-end\"><\/span><\/h4>\n\n\n\n<ul class=\"wp-block-list\">\n<li><strong>Tworzenie konta<\/strong>Podczas tworzenia konta gromadzimy imi\u0119 i nazwisko, adres e-mail, adres pocztowy, numer telefonu i has\u0142o.<\/li>\n\n\n\n<li><strong>Szczeg\u00f3\u0142y zam\u00f3wienia<\/strong>Gdy u\u017cytkownik dokonuje zakupu, gromadzimy informacje dotycz\u0105ce transakcji, takie jak adresy rozliczeniowe i wysy\u0142kowe oraz informacje dotycz\u0105ce p\u0142atno\u015bci.<\/li>\n\n\n\n<li><strong>Weryfikacja wieku<\/strong>Poniewa\u017c nasze produkty s\u0105 przeznaczone wy\u0142\u0105cznie dla os\u00f3b doros\u0142ych, mo\u017cemy zbiera\u0107 dane dotycz\u0105ce urodzenia w celu weryfikacji uprawnie\u0144.<\/li>\n<\/ul>\n\n\n\n<h4 class=\"wp-block-heading\"><span class=\"ez-toc-section\" id=\"b_Nutzungsdaten\"><\/span>b. Dane dotycz\u0105ce u\u017cytkowania:<span class=\"ez-toc-section-end\"><\/span><\/h4>\n\n\n\n<ul class=\"wp-block-list\">\n<li><strong>Korzystanie z witryny<\/strong>Informacje o sposobie korzystania z naszej witryny, w tym o przegl\u0105danych stronach, klikanych artyku\u0142ach, historii wyszukiwania i d\u0142ugo\u015bci wizyty.<\/li>\n\n\n\n<li><strong>Informacje o urz\u0105dzeniu<\/strong>Informacje o u\u017cywanym urz\u0105dzeniu i przegl\u0105darce, w tym adres IP, typ przegl\u0105darki i system operacyjny.<\/li>\n<\/ul>\n\n\n\n<h4 class=\"wp-block-heading\"><span class=\"ez-toc-section\" id=\"c_Cookies_und_Tracking-Technologien\"><\/span>c. Pliki cookie i technologie \u015bledzenia:<span class=\"ez-toc-section-end\"><\/span><\/h4>\n\n\n\n<ul class=\"wp-block-list\">\n<li>U\u017cywamy plik\u00f3w cookie, sygna\u0142\u00f3w nawigacyjnych i innych podobnych technologii w celu poprawy funkcjonalno\u015bci witryny i zbierania informacji o tym, jak odwiedzaj\u0105cy wchodz\u0105 w interakcj\u0119 z nasz\u0105 witryn\u0105.<\/li>\n<\/ul>\n\n\n\n<h3 class=\"wp-block-heading\"><span class=\"ez-toc-section\" id=\"2_Wie_wir_Ihre_Informationen_verwenden\"><\/span>2. w jaki spos\u00f3b wykorzystujemy informacje o u\u017cytkowniku<span class=\"ez-toc-section-end\"><\/span><\/h3>\n\n\n\n<p>HerbalAproach wykorzystuje informacje o u\u017cytkowniku w celu dostarczania, ulepszania i personalizowania jego do\u015bwiadcze\u0144, w tym:<\/p>\n\n\n\n<ul class=\"wp-block-list\">\n<li><strong>Przetwarzanie zam\u00f3wie\u0144<\/strong>W celu przetwarzania zakup\u00f3w, przetwarzania p\u0142atno\u015bci i dostarczania produkt\u00f3w.<\/li>\n\n\n\n<li><strong>Obs\u0142uga klienta<\/strong>Aby odpowiada\u0107 na zapytania u\u017cytkownik\u00f3w, zapewnia\u0107 wsparcie techniczne i usprawnia\u0107 obs\u0142ug\u0119 klienta.<\/li>\n\n\n\n<li><strong>Komunikacja marketingowa<\/strong>Wysy\u0142anie ofert, biuletyn\u00f3w i aktualizacji, je\u015bli u\u017cytkownik wyrazi\u0142 zgod\u0119 na ich otrzymywanie. U\u017cytkownik mo\u017ce zrezygnowa\u0107 z otrzymywania tych wiadomo\u015bci w dowolnym momencie.<\/li>\n\n\n\n<li><strong>Optymalizacja strony internetowej<\/strong>Aby analizowa\u0107 trendy, administrowa\u0107 stron\u0105 internetow\u0105, \u015bledzi\u0107 ruchy u\u017cytkownik\u00f3w i poprawia\u0107 wydajno\u015b\u0107 naszej strony internetowej.<\/li>\n\n\n\n<li><strong>Zgodno\u015b\u0107 z przepisami prawa<\/strong>Przestrzeganie obowi\u0105zuj\u0105cych przepis\u00f3w prawa, regulacji i \u017c\u0105da\u0144 organ\u00f3w \u015bcigania.<\/li>\n<\/ul>\n\n\n\n<h3 class=\"wp-block-heading\"><span class=\"ez-toc-section\" id=\"3_Weitergabe_und_Offenlegung_Ihrer_Informationen\"><\/span>3. udost\u0119pnianie i ujawnianie informacji o u\u017cytkowniku<span class=\"ez-toc-section-end\"><\/span><\/h3>\n\n\n\n<p>Mo\u017cemy ujawni\u0107 dane osobowe u\u017cytkownika stronom trzecim w nast\u0119puj\u0105cych przypadkach:<\/p>\n\n\n\n<ul class=\"wp-block-list\">\n<li><strong>Dostawca us\u0142ug<\/strong>Z dostawcami zewn\u0119trznymi, kt\u00f3rzy pomagaj\u0105 nam \u015bwiadczy\u0107 nasze us\u0142ugi, w tym przetwarzanie p\u0142atno\u015bci, wysy\u0142k\u0119, analizy i marketing.<\/li>\n\n\n\n<li><strong>Zobowi\u0105zania prawne<\/strong>Je\u015bli jest to wymagane przez prawo, np. w odpowiedzi na wezwanie do s\u0105du, nakaz s\u0105dowy lub inny proces prawny.<\/li>\n\n\n\n<li><strong>Transfery firmowe<\/strong>W przypadku fuzji, przej\u0119cia lub sprzeda\u017cy aktyw\u00f3w dane u\u017cytkownika mog\u0105 zosta\u0107 przekazane nowemu podmiotowi.<\/li>\n<\/ul>\n\n\n\n<p>Nie sprzedajemy ani nie wypo\u017cyczamy danych osobowych u\u017cytkownik\u00f3w stronom trzecim.<\/p>\n\n\n\n<h3 class=\"wp-block-heading\"><span class=\"ez-toc-section\" id=\"4_Ihre_Rechte_und_Wahlmoglichkeiten\"><\/span>4. Twoje prawa i wybory<span class=\"ez-toc-section-end\"><\/span><\/h3>\n\n\n\n<p>W zale\u017cno\u015bci od lokalizacji u\u017cytkownikowi mog\u0105 przys\u0142ugiwa\u0107 nast\u0119puj\u0105ce prawa w odniesieniu do jego danych osobowych:<\/p>\n\n\n\n<ul class=\"wp-block-list\">\n<li><strong>Dost\u0119p<\/strong>U\u017cytkownik mo\u017ce za\u017c\u0105da\u0107 kopii przechowywanych przez nas jego danych osobowych.<\/li>\n\n\n\n<li><strong>Korekta<\/strong>U\u017cytkownik mo\u017ce aktualizowa\u0107 lub poprawia\u0107 nie\u015bcis\u0142o\u015bci w swoich danych osobowych.<\/li>\n\n\n\n<li><strong>Anulowanie<\/strong>U\u017cytkownik mo\u017ce za\u017c\u0105da\u0107 usuni\u0119cia swoich danych osobowych, z zastrze\u017ceniem pewnych ogranicze\u0144 prawnych.<\/li>\n\n\n\n<li><strong>Zrezygnuj z subskrypcji marketingu<\/strong>U\u017cytkownik mo\u017ce zrezygnowa\u0107 z otrzymywania wiadomo\u015bci marketingowych, post\u0119puj\u0105c zgodnie z instrukcjami rezygnacji z subskrypcji zawartymi w naszych marketingowych wiadomo\u015bciach e-mail.<\/li>\n<\/ul>\n\n\n\n<p>Aby skorzysta\u0107 z kt\u00f3regokolwiek z tych praw, prosimy o kontakt pod adresem herbalaproach@gmail.com.<\/p>\n\n\n\n<h3 class=\"wp-block-heading\"><span class=\"ez-toc-section\" id=\"5_Sicherheit_Ihrer_Informationen\"><\/span>5. bezpiecze\u0144stwo informacji o u\u017cytkowniku<span class=\"ez-toc-section-end\"><\/span><\/h3>\n\n\n\n<p>U\u017cywamy standardowych \u015brodk\u00f3w bran\u017cowych w celu ochrony danych u\u017cytkownika. Jednak \u017cadna metoda transmisji przez Internet ani metoda elektronicznego przechowywania danych nie jest bezpieczna. Chocia\u017c dok\u0142adamy wszelkich stara\u0144, aby chroni\u0107 dane u\u017cytkownika, nie mo\u017cemy zagwarantowa\u0107 ich ca\u0142kowitego bezpiecze\u0144stwa.<\/p>\n\n\n\n<h3 class=\"wp-block-heading\"><span class=\"ez-toc-section\" id=\"6_Cookies_und_Tracking-Technologien\"><\/span>6. pliki cookie i technologie \u015bledzenia<span class=\"ez-toc-section-end\"><\/span><\/h3>\n\n\n\n<p>Nasza strona internetowa wykorzystuje pliki cookie w celu poprawy komfortu u\u017cytkowania i analizy ruchu na stronie. Pliki cookie pomagaj\u0105 nam rozpoznawa\u0107 powracaj\u0105cych u\u017cytkownik\u00f3w i gromadzi\u0107 dane dotycz\u0105ce korzystania z witryny w celu ulepszania naszych us\u0142ug. Ustawieniami plik\u00f3w cookie mo\u017cna zarz\u0105dza\u0107 w przegl\u0105darce.<\/p>\n\n\n\n<h3 class=\"wp-block-heading\"><span class=\"ez-toc-section\" id=\"7_Links_zu_Drittanbietern\"><\/span>7. linki do dostawc\u00f3w zewn\u0119trznych<span class=\"ez-toc-section-end\"><\/span><\/h3>\n\n\n\n<p>Nasza strona internetowa mo\u017ce zawiera\u0107 linki do stron internetowych os\u00f3b trzecich. HerbalAproach nie ponosi odpowiedzialno\u015bci za praktyki dotycz\u0105ce prywatno\u015bci ani zawarto\u015b\u0107 tych witryn. Zach\u0119camy do zapoznania si\u0119 z polityk\u0105 prywatno\u015bci odwiedzanych stron internetowych os\u00f3b trzecich.<\/p>\n\n\n\n<h3 class=\"wp-block-heading\"><span class=\"ez-toc-section\" id=\"8_Internationale_Datenubertragungen\"><\/span>8. mi\u0119dzynarodowe przekazywanie danych<span class=\"ez-toc-section-end\"><\/span><\/h3>\n\n\n\n<p>Je\u015bli u\u017cytkownik uzyskuje dost\u0119p do naszej witryny internetowej spoza Europy, nale\u017cy pami\u0119ta\u0107, \u017ce jego dane mog\u0105 by\u0107 przesy\u0142ane, przechowywane i przetwarzane w innym kraju, w kt\u00f3rym znajduj\u0105 si\u0119 nasze serwery. Korzystaj\u0105c z naszej strony internetowej, u\u017cytkownik wyra\u017ca zgod\u0119 na przekazywanie swoich danych do naszych obiekt\u00f3w i stron trzecich zgodnie z niniejsz\u0105 polityk\u0105.<\/p>\n\n\n\n<h3 class=\"wp-block-heading\"><span class=\"ez-toc-section\" id=\"9_Datenschutz_fur_Kinder\"><\/span>9. ochrona danych dzieci<span class=\"ez-toc-section-end\"><\/span><\/h3>\n\n\n\n<p>HerbalAproach \u015bwiadomie nie gromadzi ani nie pozyskuje danych osobowych od dzieci poni\u017cej 18 roku \u017cycia. Nasze us\u0142ugi s\u0105 przeznaczone wy\u0142\u0105cznie dla os\u00f3b doros\u0142ych.<\/p>\n\n\n\n<h3 class=\"wp-block-heading\"><span class=\"ez-toc-section\" id=\"10_Aktualisierungen_dieser_Datenschutzrichtlinie\"><\/span>10. aktualizacje niniejszej polityki prywatno\u015bci<span class=\"ez-toc-section-end\"><\/span><\/h3>\n\n\n\n<p>Od czasu do czasu mo\u017cemy aktualizowa\u0107 niniejsz\u0105 Polityk\u0119 prywatno\u015bci, aby odzwierciedli\u0107 zmiany w naszych praktykach lub wymaganiach prawnych. Zach\u0119camy do zapoznania si\u0119 z niniejsz\u0105 polityk\u0105 za ka\u017cdym razem, gdy odwiedzasz nasz\u0105 stron\u0119 internetow\u0105, aby by\u0107 \u015bwiadomym naszych praktyk w zakresie danych.<\/p>\n\n\n\n<h3 class=\"wp-block-heading\"><span class=\"ez-toc-section\" id=\"11_Kontaktieren_Sie_uns\"><\/span>11. skontaktuj si\u0119 z nami<span class=\"ez-toc-section-end\"><\/span><\/h3>\n\n\n\n<p>W przypadku jakichkolwiek pyta\u0144 lub w\u0105tpliwo\u015bci dotycz\u0105cych niniejszej Polityki prywatno\u015bci prosimy o kontakt pod adresem:<\/p>\n\n\n\n<ul class=\"wp-block-list\">\n<li><strong>e-mail<\/strong>: herbalaproach@gmail.com<\/li>\n<\/ul>","protected":false},"excerpt":{"rendered":"<p>Willkommen auf HerbalAproach.com. Bei HerbalAproach respektieren wir Ihre Privatsph\u00e4re und verpflichten uns, Ihre pers\u00f6nlichen Daten zu sch\u00fctzen. Diese Datenschutzrichtlinie erkl\u00e4rt, welche Informationen wir sammeln, wie wir sie verwenden und welche Wahlm\u00f6glichkeiten Sie in Bezug auf Ihre Informationen haben. Bitte lesen Sie diese Richtlinie sorgf\u00e4ltig durch, da die Nutzung unserer Website Ihre Zustimmung zu diesen Praktiken [&hellip;]<\/p>\n","protected":false},"author":1,"featured_media":0,"parent":0,"menu_order":0,"comment_status":"closed","ping_status":"open","template":"","meta":{"ocean_post_layout":"","ocean_both_sidebars_style":"","ocean_both_sidebars_content_width":0,"ocean_both_sidebars_sidebars_width":0,"ocean_sidebar":"","ocean_second_sidebar":"","ocean_disable_margins":"enable","ocean_add_body_class":"","ocean_shortcode_before_top_bar":"","ocean_shortcode_after_top_bar":"","ocean_shortcode_before_header":"","ocean_shortcode_after_header":"","ocean_has_shortcode":"","ocean_shortcode_after_title":"","ocean_shortcode_before_footer_widgets":"","ocean_shortcode_after_footer_widgets":"","ocean_shortcode_before_footer_bottom":"","ocean_shortcode_after_footer_bottom":"","ocean_display_top_bar":"default","ocean_display_header":"default","ocean_header_style":"","ocean_center_header_left_menu":"","ocean_custom_header_template":"","ocean_custom_logo":0,"ocean_custom_retina_logo":0,"ocean_custom_logo_max_width":0,"ocean_custom_logo_tablet_max_width":0,"ocean_custom_logo_mobile_max_width":0,"ocean_custom_logo_max_height":0,"ocean_custom_logo_tablet_max_height":0,"ocean_custom_logo_mobile_max_height":0,"ocean_header_custom_menu":"","ocean_menu_typo_font_family":"","ocean_menu_typo_font_subset":"","ocean_menu_typo_font_size":0,"ocean_menu_typo_font_size_tablet":0,"ocean_menu_typo_font_size_mobile":0,"ocean_menu_typo_font_size_unit":"px","ocean_menu_typo_font_weight":"","ocean_menu_typo_font_weight_tablet":"","ocean_menu_typo_font_weight_mobile":"","ocean_menu_typo_transform":"","ocean_menu_typo_transform_tablet":"","ocean_menu_typo_transform_mobile":"","ocean_menu_typo_line_height":0,"ocean_menu_typo_line_height_tablet":0,"ocean_menu_typo_line_height_mobile":0,"ocean_menu_typo_line_height_unit":"","ocean_menu_typo_spacing":0,"ocean_menu_typo_spacing_tablet":0,"ocean_menu_typo_spacing_mobile":0,"ocean_menu_typo_spacing_unit":"","ocean_menu_link_color":"","ocean_menu_link_color_hover":"","ocean_menu_link_color_active":"","ocean_menu_link_background":"","ocean_menu_link_hover_background":"","ocean_menu_link_active_background":"","ocean_menu_social_links_bg":"","ocean_menu_social_hover_links_bg":"","ocean_menu_social_links_color":"","ocean_menu_social_hover_links_color":"","ocean_disable_title":"default","ocean_disable_heading":"default","ocean_post_title":"","ocean_post_subheading":"","ocean_post_title_style":"","ocean_post_title_background_color":"","ocean_post_title_background":0,"ocean_post_title_bg_image_position":"","ocean_post_title_bg_image_attachment":"","ocean_post_title_bg_image_repeat":"","ocean_post_title_bg_image_size":"","ocean_post_title_height":0,"ocean_post_title_bg_overlay":0.5,"ocean_post_title_bg_overlay_color":"","ocean_disable_breadcrumbs":"default","ocean_breadcrumbs_color":"","ocean_breadcrumbs_separator_color":"","ocean_breadcrumbs_links_color":"","ocean_breadcrumbs_links_hover_color":"","ocean_display_footer_widgets":"default","ocean_display_footer_bottom":"default","ocean_custom_footer_template":"","footnotes":""},"class_list":["post-3","page","type-page","status-publish","hentry","entry","owp-thumbs-layout-horizontal","owp-btn-normal","owp-tabs-layout-horizontal","has-no-thumbnails","has-product-nav"],"_links":{"self":[{"href":"https:\/\/herbalaproach.com\/pl\/wp-json\/wp\/v2\/pages\/3","targetHints":{"allow":["GET"]}}],"collection":[{"href":"https:\/\/herbalaproach.com\/pl\/wp-json\/wp\/v2\/pages"}],"about":[{"href":"https:\/\/herbalaproach.com\/pl\/wp-json\/wp\/v2\/types\/page"}],"author":[{"embeddable":true,"href":"https:\/\/herbalaproach.com\/pl\/wp-json\/wp\/v2\/users\/1"}],"replies":[{"embeddable":true,"href":"https:\/\/herbalaproach.com\/pl\/wp-json\/wp\/v2\/comments?post=3"}],"version-history":[{"count":2,"href":"https:\/\/herbalaproach.com\/pl\/wp-json\/wp\/v2\/pages\/3\/revisions"}],"predecessor-version":[{"id":1298,"href":"https:\/\/herbalaproach.com\/pl\/wp-json\/wp\/v2\/pages\/3\/revisions\/1298"}],"wp:attachment":[{"href":"https:\/\/herbalaproach.com\/pl\/wp-json\/wp\/v2\/media?parent=3"}],"curies":[{"name":"wp","href":"https:\/\/api.w.org\/{rel}","templated":true}]}}