{"id":1212,"date":"2024-10-24T00:09:59","date_gmt":"2024-10-23T23:09:59","guid":{"rendered":"https:\/\/herbalaproach.com\/?post_type=product&#038;p=1212"},"modified":"2024-10-24T00:10:53","modified_gmt":"2024-10-23T23:10:53","slug":"cherry-pie","status":"publish","type":"product","link":"https:\/\/herbalaproach.com\/pl\/product\/cherry-pie\/","title":{"rendered":"Ciasto wi\u015bniowe"},"content":{"rendered":"<p>Cherry Pie to odmiana z dominacj\u0105 Indica <a href=\"https:\/\/herbalaproach.com\/pl\/\">Hybryda<\/a> od Grand Daddy Purple i Durban Poison. Chocia\u017c trudno jest znale\u017a\u0107 autentyczn\u0105 wersj\u0119 tego konkretnego szczepu medycznej marihuany, zdecydowanie nie b\u0119dzie trudno uwierzy\u0107, \u017ce jest to najlepszy rodzaj szczepu. Pod wzgl\u0119dem sk\u0142adu strukturalnego ma g\u0119ste p\u0105ki z pomara\u0144czowymi w\u0142oskami na ca\u0142ej powierzchni i wykazuje lekki odcie\u0144 fioletu. Inspiracj\u0105 dla nazwy tej medycznej odmiany marihuany jest aromat ciasta wi\u015bniowego. Jest najcz\u0119\u015bciej stosowany przez pacjent\u00f3w cierpi\u0105cych na oczywiste objawy <a href=\"https:\/\/www.youtube.com\/watch?v=cP0_uUZlD2w\" target=\"_blank\" rel=\"noopener\">PTSD<\/a>l\u0119ku, choroby afektywnej dwubiegunowej, migreny i innych zespo\u0142\u00f3w stresu.<\/p>\n<h3>Efekty<\/h3>\n<p>Kreatywny, Euforia, Szcz\u0119\u015bliwy, Relaksuj\u0105cy<\/p>\n<h3>Efekty<\/h3>\n<p>Smaki jagodowy, wi\u015bniowy, s\u0142odki<\/p>\n<h3>Smak<\/h3>\n<p>Jagodowy, wi\u015bniowy, ziemisty, s\u0142odki<\/p>\n<h3>\u0141agodzi ciasto wi\u015bniowe<\/h3>\n<p>ADD\/ADHD, l\u0119k, choroba afektywna dwubiegunowa, przewlek\u0142y b\u00f3l, depresja, bezsenno\u015b\u0107, utrata apetytu, migrena, PTSD, stres<\/p>\n<p>&nbsp;<\/p>","protected":false},"excerpt":{"rendered":"<div class=\"woocommerce-product-details__short-description\">\n<p><strong>AA (26% - 27% THC)<\/strong><\/p>\n<\/div>","protected":false},"featured_media":1213,"comment_status":"open","ping_status":"closed","template":"","meta":{"ocean_post_layout":"","ocean_both_sidebars_style":"","ocean_both_sidebars_content_width":0,"ocean_both_sidebars_sidebars_width":0,"ocean_sidebar":"0","ocean_second_sidebar":"0","ocean_disable_margins":"enable","ocean_add_body_class":"","ocean_shortcode_before_top_bar":"","ocean_shortcode_after_top_bar":"","ocean_shortcode_before_header":"","ocean_shortcode_after_header":"","ocean_has_shortcode":"","ocean_shortcode_after_title":"","ocean_shortcode_before_footer_widgets":"","ocean_shortcode_after_footer_widgets":"","ocean_shortcode_before_footer_bottom":"","ocean_shortcode_after_footer_bottom":"","ocean_display_top_bar":"default","ocean_display_header":"default","ocean_header_style":"","ocean_center_header_left_menu":"0","ocean_custom_header_template":"0","ocean_custom_logo":0,"ocean_custom_retina_logo":0,"ocean_custom_logo_max_width":0,"ocean_custom_logo_tablet_max_width":0,"ocean_custom_logo_mobile_max_width":0,"ocean_custom_logo_max_height":0,"ocean_custom_logo_tablet_max_height":0,"ocean_custom_logo_mobile_max_height":0,"ocean_header_custom_menu":"0","ocean_menu_typo_font_family":"0","ocean_menu_typo_font_subset":"","ocean_menu_typo_font_size":0,"ocean_menu_typo_font_size_tablet":0,"ocean_menu_typo_font_size_mobile":0,"ocean_menu_typo_font_size_unit":"px","ocean_menu_typo_font_weight":"","ocean_menu_typo_font_weight_tablet":"","ocean_menu_typo_font_weight_mobile":"","ocean_menu_typo_transform":"","ocean_menu_typo_transform_tablet":"","ocean_menu_typo_transform_mobile":"","ocean_menu_typo_line_height":0,"ocean_menu_typo_line_height_tablet":0,"ocean_menu_typo_line_height_mobile":0,"ocean_menu_typo_line_height_unit":"","ocean_menu_typo_spacing":0,"ocean_menu_typo_spacing_tablet":0,"ocean_menu_typo_spacing_mobile":0,"ocean_menu_typo_spacing_unit":"","ocean_menu_link_color":"","ocean_menu_link_color_hover":"","ocean_menu_link_color_active":"","ocean_menu_link_background":"","ocean_menu_link_hover_background":"","ocean_menu_link_active_background":"","ocean_menu_social_links_bg":"","ocean_menu_social_hover_links_bg":"","ocean_menu_social_links_color":"","ocean_menu_social_hover_links_color":"","ocean_disable_title":"default","ocean_disable_heading":"default","ocean_post_title":"","ocean_post_subheading":"","ocean_post_title_style":"","ocean_post_title_background_color":"","ocean_post_title_background":0,"ocean_post_title_bg_image_position":"","ocean_post_title_bg_image_attachment":"","ocean_post_title_bg_image_repeat":"","ocean_post_title_bg_image_size":"","ocean_post_title_height":0,"ocean_post_title_bg_overlay":0.5,"ocean_post_title_bg_overlay_color":"","ocean_disable_breadcrumbs":"default","ocean_breadcrumbs_color":"","ocean_breadcrumbs_separator_color":"","ocean_breadcrumbs_links_color":"","ocean_breadcrumbs_links_hover_color":"","ocean_display_footer_widgets":"default","ocean_display_footer_bottom":"default","ocean_custom_footer_template":"0"},"product_brand":[],"product_cat":[35],"product_tag":[],"class_list":{"0":"post-1212","1":"product","2":"type-product","3":"status-publish","4":"has-post-thumbnail","6":"product_cat-blumen","8":"entry","9":"has-media","11":"first","12":"instock","13":"sale","14":"shipping-taxable","15":"purchasable","16":"product-type-variable","17":"has-product-nav","18":"col","19":"span_1_of_3","20":"owp-content-center","21":"owp-thumbs-layout-horizontal","22":"owp-btn-normal","23":"owp-tabs-layout-horizontal","24":"has-no-thumbnails"},"_links":{"self":[{"href":"https:\/\/herbalaproach.com\/pl\/wp-json\/wp\/v2\/product\/1212","targetHints":{"allow":["GET"]}}],"collection":[{"href":"https:\/\/herbalaproach.com\/pl\/wp-json\/wp\/v2\/product"}],"about":[{"href":"https:\/\/herbalaproach.com\/pl\/wp-json\/wp\/v2\/types\/product"}],"replies":[{"embeddable":true,"href":"https:\/\/herbalaproach.com\/pl\/wp-json\/wp\/v2\/comments?post=1212"}],"wp:featuredmedia":[{"embeddable":true,"href":"https:\/\/herbalaproach.com\/pl\/wp-json\/wp\/v2\/media\/1213"}],"wp:attachment":[{"href":"https:\/\/herbalaproach.com\/pl\/wp-json\/wp\/v2\/media?parent=1212"}],"wp:term":[{"taxonomy":"product_brand","embeddable":true,"href":"https:\/\/herbalaproach.com\/pl\/wp-json\/wp\/v2\/product_brand?post=1212"},{"taxonomy":"product_cat","embeddable":true,"href":"https:\/\/herbalaproach.com\/pl\/wp-json\/wp\/v2\/product_cat?post=1212"},{"taxonomy":"product_tag","embeddable":true,"href":"https:\/\/herbalaproach.com\/pl\/wp-json\/wp\/v2\/product_tag?post=1212"}],"curies":[{"name":"wp","href":"https:\/\/api.w.org\/{rel}","templated":true}]}}