{"id":1236,"date":"2024-10-24T22:25:27","date_gmt":"2024-10-24T21:25:27","guid":{"rendered":"https:\/\/herbalaproach.com\/?post_type=product&#038;p=1236"},"modified":"2024-10-24T22:27:51","modified_gmt":"2024-10-24T21:27:51","slug":"blue-meanie","status":"publish","type":"product","link":"https:\/\/herbalaproach.com\/pl\/product\/blue-meanie\/","title":{"rendered":"Blue Meanie"},"content":{"rendered":"<p>Nazwa tej odmiany pochodzi od wyra\u017anego niebieskiego zabarwienia, kt\u00f3re tworzy si\u0119 wok\u00f3\u0142 kapeluszy. To przebarwienie wyst\u0119puje we wszystkich grzybach zawieraj\u0105cych psylocybin\u0119, ale jest bardziej zauwa\u017calne w wi\u0119kszych i ja\u015bniejszych odmianach, takich jak ta. Blue Meanies s\u0105 znane z tego, \u017ce produkuj\u0105 du\u017co owoc\u00f3w i \u0142atwo ulegaj\u0105 obiciu (sinieniu) przy kontakcie fizycznym. Spodziewaj si\u0119 ponadprzeci\u0119tnej intensywno\u015bci w por\u00f3wnaniu do innych odmian grzyb\u00f3w Cubensis.<\/p>\n<h3>Jak u\u017cywa\u0107<\/h3>\n<ul>\n<li><b><strong>Surowy:<\/strong><\/b> Jedz je na surowo z torebki, dok\u0142adnie prze\u017cuwaj\u0105c, aby wydoby\u0107 jak najwi\u0119cej psilocybiny. W ten spos\u00f3b uzyskuje si\u0119 wszystkie smaki zwi\u0105zane z grzybami. Wy\u017csze dawki mog\u0105 powodowa\u0107 nudno\u015bci.<\/li>\n<li><b><strong>Zaparz herbat\u0119:<\/strong><\/b> Dodaj \u017c\u0105dan\u0105 dawk\u0119 do 1-1,5 fili\u017canki wody i gotuj przez 10 minut. Je\u015bli chcesz, mo\u017cesz doda\u0107 inne pyszne zio\u0142a, aby herbata by\u0142a bardziej aromatyczna, np. dodaj\u0105c <a href=\"https:\/\/herbalaproach.com\/pl\/\">Grzyby<\/a> do mieszanki herbaty chai. Efekt jest szybszy ni\u017c w przypadku spo\u017cywania surowych grzyb\u00f3w i podobno wyst\u0119puje mniej nudno\u015bci.<\/li>\n<li><b><strong>Lemon tek:<\/strong><\/b> Zmiel po\u017c\u0105dan\u0105 dawk\u0119 na proszek i umie\u015b\u0107 w ma\u0142ej fili\u017cance lub misce. Dodaj sok z 1-2 cytryn, a\u017c grzyby pokryj\u0105 si\u0119 sokiem z cytryny. Odstawi\u0107 na 15-20 minut. Spo\u017cywa\u0107 w ca\u0142o\u015bci. Dzia\u0142a najszybciej, najsilniej i podobno przy znacznie mniejszych nudno\u015bciach.<\/li>\n<li><b><strong>Z jedzeniem:<\/strong><\/b> Pizza, PB &amp; J, chipsy lub smoothie - mo\u017cliwo\u015bci s\u0105 nieograniczone! We\u017a kilka suszonych grzyb\u00f3w i zjedz je ze swoj\u0105 ulubion\u0105 przek\u0105sk\u0105.<\/li>\n<\/ul>\n<h3>Dawkowanie<\/h3>\n<ul>\n<li><b><strong>0-0.25g:<\/strong><\/b> Mikrodawka; bardzo subtelne efekty psychodeliczne. Brak wra\u017ce\u0144 wizualnych, brak widocznych zmian, brak utraty kontroli. Do\u015bwiadcz poprawy nastroju, zmniejszenia niepokoju, poprawy czujno\u015bci umys\u0142owej i poprawy poziomu energii.<\/li>\n<\/ul>\n<p><b><strong>Makrodawka -<\/strong><\/b><\/p>\n<ul>\n<li><b><strong>0.25-0.5g:<\/strong><\/b> Wzrost; bardziej wyra\u017ane efekty psychodeliczne; prawdopodobnie zmieniona koordynacja i kontrola motoryczna, zmieniony wzrok i nastr\u00f3j, zwi\u0119kszona energia, chichot, wnikliwe my\u015bli, pomys\u0142y i rozpoznawanie wzorc\u00f3w.<\/li>\n<\/ul>\n<p><b><strong>Dawka \u015bwiat\u0142a -<\/strong><\/b><\/p>\n<ul>\n<li><b><strong>0,5-1g:<\/strong><\/b> Do\u015bwiadczenie psychoaktywne; wyra\u017ane i oczywiste efekty psychodeliczne; mo\u017ce prowadzi\u0107 do zmiany widzenia, emocji i nastroj\u00f3w, znacznej zmiany kontroli motorycznej, upo\u015bledzenia koordynacji, nadludzkich zdolno\u015bci muzycznych, absurdalnego humoru i ch\u0119ci anga\u017cowania si\u0119 w dzia\u0142alno\u015b\u0107 artystyczn\u0105.<\/li>\n<\/ul>\n<p><b><strong>Zwyk\u0142a dawka -<\/strong><\/b><\/p>\n<ul>\n<li><b><strong>1-2g:<\/strong><\/b> Jeste\u015b gotowy otworzy\u0107 si\u0119 na psychodeliczne do\u015bwiadczenie. Ale! Chcesz by\u0107 ostro\u017cny. Beginner's Paradise mo\u017ce by\u0107 miejscem dla Ciebie. Spodziewaj si\u0119 fizycznego haju, g\u0142\u0119bokich rozm\u00f3w, \u015bmiechu i dobrej atmosfery. Upewnij si\u0119, \u017ce jeste\u015b w odpowiednim \u015brodowisku i z odpowiednimi lud\u017ami, a b\u0119dziesz mia\u0142 przyjazne wprowadzenie do psychodelik\u00f3w.<\/li>\n<\/ul>\n<p><b><strong>Silna dawka -<\/strong><\/b><\/p>\n<ul>\n<li><b><strong>2.5-5g:<\/strong><\/b> To jest to! Klasyczna psychodeliczna podr\u00f3\u017c, o kt\u00f3rej zawsze s\u0142ysza\u0142e\u015b. Czasami czujesz si\u0119 jak w wirze. Innym razem czujesz si\u0119 znacznie bardziej kontrolowany podczas podr\u00f3\u017cy. Podczas psychodelicznej podr\u00f3\u017cy b\u0119dziesz czu\u0107, my\u015ble\u0107 i postrzega\u0107 nowe rzeczy. Niezale\u017cnie od tego, jakie spostrze\u017cenia zdoby\u0142e\u015b podczas podr\u00f3\u017cy po grzybach psilocybinowych, pami\u0119taj o nich i zabierz je ze sob\u0105.<\/li>\n<\/ul>\n<p><b><strong>Heroiczna dawka:<\/strong><\/b><\/p>\n<ul>\n<li><b><strong>5g+:<\/strong><\/b> Niekt\u00f3rzy ludzie maj\u0105 do\u015bwiadczenie w magicznym \u015bwiecie <a href=\"https:\/\/www.youtube.com\/watch?v=m2hCjGP4plU\" target=\"_blank\" rel=\"noopener\">Psychodeliki<\/a>. Osi\u0105gn\u0119li poziom, na kt\u00f3rym s\u0105 zaznajomieni z klasycznym tripem. Mog\u0105 chcie\u0107 poeksperymentowa\u0107 z wi\u0119ksz\u0105 dawk\u0105. Istniej\u0105 historie o \u015bmierci ego, \u0142\u0105czeniu si\u0119 z wszech\u015bwiatem i do\u015bwiadczaniu bardzo intensywnego haju. Cokolwiek robisz, nie u\u017cywaj wysokiej dawki do ucieczki. U\u017cyj jej jako dodatku do swojego \u017cycia. Porozmawiaj z do\u015bwiadczonymi psychonautami i upewnij si\u0119, \u017ce jeste\u015b w dobrym stanie psychicznym, kiedy zdecydujesz si\u0119 lata\u0107 z gwiazdami.<\/li>\n<\/ul>\n<p><b><strong>Uwaga: Dawka i dzia\u0142anie r\u00f3\u017cni\u0105 si\u0119 w zale\u017cno\u015bci od osoby.<\/strong><\/b> <b><strong>Je\u015bli nigdy wcze\u015bniej nie spo\u017cywa\u0142e\u015b grzyb\u00f3w, najlepiej zacz\u0105\u0107 od najmniejszej mo\u017cliwej dawki, aby osi\u0105gn\u0105\u0107 po\u017c\u0105dany efekt i powoli j\u0105 zwi\u0119ksza\u0107.<\/strong><\/b><\/p>","protected":false},"excerpt":{"rendered":"<p>Der Name dieser Sorte kommt von der ausgepr\u00e4gten blauen F\u00e4rbung, die sich um die Kappen bildet. Diese Verf\u00e4rbung tritt bei allen psilocybinhaltigen Pilzen auf, ist aber bei gr\u00f6\u00dferen und hellen Sorten wie dieser auff\u00e4lliger. Blue Meanies sind daf\u00fcr bekannt, dass sie sehr viele Fr\u00fcchte tragen und bei physischem Kontakt leicht gequetscht werden (Blueing). Erwarten Sie [&hellip;]<\/p>\n","protected":false},"featured_media":1237,"comment_status":"open","ping_status":"closed","template":"","meta":{"ocean_post_layout":"","ocean_both_sidebars_style":"","ocean_both_sidebars_content_width":0,"ocean_both_sidebars_sidebars_width":0,"ocean_sidebar":"0","ocean_second_sidebar":"0","ocean_disable_margins":"enable","ocean_add_body_class":"","ocean_shortcode_before_top_bar":"","ocean_shortcode_after_top_bar":"","ocean_shortcode_before_header":"","ocean_shortcode_after_header":"","ocean_has_shortcode":"","ocean_shortcode_after_title":"","ocean_shortcode_before_footer_widgets":"","ocean_shortcode_after_footer_widgets":"","ocean_shortcode_before_footer_bottom":"","ocean_shortcode_after_footer_bottom":"","ocean_display_top_bar":"default","ocean_display_header":"default","ocean_header_style":"","ocean_center_header_left_menu":"0","ocean_custom_header_template":"0","ocean_custom_logo":0,"ocean_custom_retina_logo":0,"ocean_custom_logo_max_width":0,"ocean_custom_logo_tablet_max_width":0,"ocean_custom_logo_mobile_max_width":0,"ocean_custom_logo_max_height":0,"ocean_custom_logo_tablet_max_height":0,"ocean_custom_logo_mobile_max_height":0,"ocean_header_custom_menu":"0","ocean_menu_typo_font_family":"0","ocean_menu_typo_font_subset":"","ocean_menu_typo_font_size":0,"ocean_menu_typo_font_size_tablet":0,"ocean_menu_typo_font_size_mobile":0,"ocean_menu_typo_font_size_unit":"px","ocean_menu_typo_font_weight":"","ocean_menu_typo_font_weight_tablet":"","ocean_menu_typo_font_weight_mobile":"","ocean_menu_typo_transform":"","ocean_menu_typo_transform_tablet":"","ocean_menu_typo_transform_mobile":"","ocean_menu_typo_line_height":0,"ocean_menu_typo_line_height_tablet":0,"ocean_menu_typo_line_height_mobile":0,"ocean_menu_typo_line_height_unit":"","ocean_menu_typo_spacing":0,"ocean_menu_typo_spacing_tablet":0,"ocean_menu_typo_spacing_mobile":0,"ocean_menu_typo_spacing_unit":"","ocean_menu_link_color":"","ocean_menu_link_color_hover":"","ocean_menu_link_color_active":"","ocean_menu_link_background":"","ocean_menu_link_hover_background":"","ocean_menu_link_active_background":"","ocean_menu_social_links_bg":"","ocean_menu_social_hover_links_bg":"","ocean_menu_social_links_color":"","ocean_menu_social_hover_links_color":"","ocean_disable_title":"default","ocean_disable_heading":"default","ocean_post_title":"","ocean_post_subheading":"","ocean_post_title_style":"","ocean_post_title_background_color":"","ocean_post_title_background":0,"ocean_post_title_bg_image_position":"","ocean_post_title_bg_image_attachment":"","ocean_post_title_bg_image_repeat":"","ocean_post_title_bg_image_size":"","ocean_post_title_height":0,"ocean_post_title_bg_overlay":0.5,"ocean_post_title_bg_overlay_color":"","ocean_disable_breadcrumbs":"default","ocean_breadcrumbs_color":"","ocean_breadcrumbs_separator_color":"","ocean_breadcrumbs_links_color":"","ocean_breadcrumbs_links_hover_color":"","ocean_display_footer_widgets":"default","ocean_display_footer_bottom":"default","ocean_custom_footer_template":"0"},"product_brand":[],"product_cat":[54],"product_tag":[],"class_list":{"0":"post-1236","1":"product","2":"type-product","3":"status-publish","4":"has-post-thumbnail","6":"product_cat-magische-pilze","8":"entry","9":"has-media","11":"first","12":"instock","13":"shipping-taxable","14":"product-type-simple","15":"has-product-nav","16":"col","17":"span_1_of_3","18":"owp-content-center","19":"owp-thumbs-layout-horizontal","20":"owp-btn-normal","21":"owp-tabs-layout-horizontal","22":"has-no-thumbnails"},"_links":{"self":[{"href":"https:\/\/herbalaproach.com\/pl\/wp-json\/wp\/v2\/product\/1236","targetHints":{"allow":["GET"]}}],"collection":[{"href":"https:\/\/herbalaproach.com\/pl\/wp-json\/wp\/v2\/product"}],"about":[{"href":"https:\/\/herbalaproach.com\/pl\/wp-json\/wp\/v2\/types\/product"}],"replies":[{"embeddable":true,"href":"https:\/\/herbalaproach.com\/pl\/wp-json\/wp\/v2\/comments?post=1236"}],"wp:featuredmedia":[{"embeddable":true,"href":"https:\/\/herbalaproach.com\/pl\/wp-json\/wp\/v2\/media\/1237"}],"wp:attachment":[{"href":"https:\/\/herbalaproach.com\/pl\/wp-json\/wp\/v2\/media?parent=1236"}],"wp:term":[{"taxonomy":"product_brand","embeddable":true,"href":"https:\/\/herbalaproach.com\/pl\/wp-json\/wp\/v2\/product_brand?post=1236"},{"taxonomy":"product_cat","embeddable":true,"href":"https:\/\/herbalaproach.com\/pl\/wp-json\/wp\/v2\/product_cat?post=1236"},{"taxonomy":"product_tag","embeddable":true,"href":"https:\/\/herbalaproach.com\/pl\/wp-json\/wp\/v2\/product_tag?post=1236"}],"curies":[{"name":"wp","href":"https:\/\/api.w.org\/{rel}","templated":true}]}}