{"id":1247,"date":"2024-10-25T12:22:34","date_gmt":"2024-10-25T11:22:34","guid":{"rendered":"https:\/\/herbalaproach.com\/?post_type=product&#038;p=1247"},"modified":"2024-10-25T12:24:52","modified_gmt":"2024-10-25T11:24:52","slug":"slimming-gummies","status":"publish","type":"product","link":"https:\/\/herbalaproach.com\/pl\/product\/slimming-gummies\/","title":{"rendered":"\u017belki na odchudzanie - Blueberry THC Infused Gummies"},"content":{"rendered":"<p>Odchudzaj\u0105ce \u017celki Ka\u017cde opakowanie zawiera wysokiej jako\u015bci, etycznie pozyskiwane, wega\u0144skie i organiczne sk\u0142adniki. Nasze przetestowane laboratoryjnie produkty zapewniaj\u0105 sp\u00f3jn\u0105 metod\u0119 przyjmowania <a href=\"https:\/\/herbalaproach.com\/pl\/\">Konopie indyjskie<\/a>. Teraz zrelaksuj si\u0119, roz\u0142\u00f3\u017c nogi i ciesz si\u0119 tym, co ma do zaoferowania Matka Natura!<\/p>\n<h2>Szczeg\u00f3\u0142y produkcji<\/h2>\n<p>Wielko\u015b\u0107 porcji: 1 \u017celka<\/p>\n<p>Porcje w pojemniku: 4<\/p>\n<p>Ilo\u015b\u0107 THC w porcji: 250 mg THC<\/p>\n<p>Smak: jagodowy<\/p>\n<h2>Jak u\u017cywa\u0107<\/h2>\n<p>Na wypadek, gdyby\u015b chcia\u0142 wrzuci\u0107 wy\u017cszy bieg - te gumy s\u0105 naprawd\u0119 mocne<\/p>\n<p>Zacznij od 125 mg THC (p\u00f3\u0142 \u017celka). Nasze \u017celki THC to (naprawd\u0119) mocne produkty. Zalecamy zacz\u0105\u0107 od niskiego poziomu i powoli. W niekt\u00f3rych przypadkach efekty mog\u0105 pojawi\u0107 si\u0119 nawet po 2 godzinach, wi\u0119c zaufaj temu procesowi.<\/p>\n<p>Ni\u017csze dawki pomagaj\u0105 zminimalizowa\u0107 niepok\u00f3j i <a href=\"https:\/\/www.youtube.com\/watch?v=fQZwVNbP0ME\" target=\"_blank\" rel=\"noopener\">Depresja<\/a> poprawiaj\u0105 apetyt i aktywuj\u0105 receptory dopaminy. Wy\u017csze dawki pomagaj\u0105 w leczeniu b\u00f3lu i stan\u00f3w zapalnych, poprawiaj\u0105 sen i zmniejszaj\u0105 bezsenno\u015b\u0107. Chocia\u017c badano, \u017ce niskie dawki THC \u0142agodz\u0105 niepok\u00f3j, wy\u017csze dawki mog\u0105 na\u015bladowa\u0107 efekty (szybkie bicie serca, sucho\u015b\u0107 w ustach, odurzenie), kt\u00f3re mog\u0105 by\u0107 odczuwane jako niepok\u00f3j.<\/p>\n<h2>Sk\u0142adnik<\/h2>\n<p>Ekstrakt z kurkumy, ekstrakt z imbiru, ocet jab\u0142kowy, sok owocowy, pektyna, kwas cytrynowy, guma guar, ekstrakt z konopi THC,<\/p>","protected":false},"excerpt":{"rendered":"<div class=\"woocommerce-product-details__short-description\">\n<p>1000 mg THC<\/p>\n<\/div>","protected":false},"featured_media":1248,"comment_status":"open","ping_status":"closed","template":"","meta":{"ocean_post_layout":"","ocean_both_sidebars_style":"","ocean_both_sidebars_content_width":0,"ocean_both_sidebars_sidebars_width":0,"ocean_sidebar":"0","ocean_second_sidebar":"0","ocean_disable_margins":"enable","ocean_add_body_class":"","ocean_shortcode_before_top_bar":"","ocean_shortcode_after_top_bar":"","ocean_shortcode_before_header":"","ocean_shortcode_after_header":"","ocean_has_shortcode":"","ocean_shortcode_after_title":"","ocean_shortcode_before_footer_widgets":"","ocean_shortcode_after_footer_widgets":"","ocean_shortcode_before_footer_bottom":"","ocean_shortcode_after_footer_bottom":"","ocean_display_top_bar":"default","ocean_display_header":"default","ocean_header_style":"","ocean_center_header_left_menu":"0","ocean_custom_header_template":"0","ocean_custom_logo":0,"ocean_custom_retina_logo":0,"ocean_custom_logo_max_width":0,"ocean_custom_logo_tablet_max_width":0,"ocean_custom_logo_mobile_max_width":0,"ocean_custom_logo_max_height":0,"ocean_custom_logo_tablet_max_height":0,"ocean_custom_logo_mobile_max_height":0,"ocean_header_custom_menu":"0","ocean_menu_typo_font_family":"0","ocean_menu_typo_font_subset":"","ocean_menu_typo_font_size":0,"ocean_menu_typo_font_size_tablet":0,"ocean_menu_typo_font_size_mobile":0,"ocean_menu_typo_font_size_unit":"px","ocean_menu_typo_font_weight":"","ocean_menu_typo_font_weight_tablet":"","ocean_menu_typo_font_weight_mobile":"","ocean_menu_typo_transform":"","ocean_menu_typo_transform_tablet":"","ocean_menu_typo_transform_mobile":"","ocean_menu_typo_line_height":0,"ocean_menu_typo_line_height_tablet":0,"ocean_menu_typo_line_height_mobile":0,"ocean_menu_typo_line_height_unit":"","ocean_menu_typo_spacing":0,"ocean_menu_typo_spacing_tablet":0,"ocean_menu_typo_spacing_mobile":0,"ocean_menu_typo_spacing_unit":"","ocean_menu_link_color":"","ocean_menu_link_color_hover":"","ocean_menu_link_color_active":"","ocean_menu_link_background":"","ocean_menu_link_hover_background":"","ocean_menu_link_active_background":"","ocean_menu_social_links_bg":"","ocean_menu_social_hover_links_bg":"","ocean_menu_social_links_color":"","ocean_menu_social_hover_links_color":"","ocean_disable_title":"default","ocean_disable_heading":"default","ocean_post_title":"","ocean_post_subheading":"","ocean_post_title_style":"","ocean_post_title_background_color":"","ocean_post_title_background":0,"ocean_post_title_bg_image_position":"","ocean_post_title_bg_image_attachment":"","ocean_post_title_bg_image_repeat":"","ocean_post_title_bg_image_size":"","ocean_post_title_height":0,"ocean_post_title_bg_overlay":0.5,"ocean_post_title_bg_overlay_color":"","ocean_disable_breadcrumbs":"default","ocean_breadcrumbs_color":"","ocean_breadcrumbs_separator_color":"","ocean_breadcrumbs_links_color":"","ocean_breadcrumbs_links_hover_color":"","ocean_display_footer_widgets":"default","ocean_display_footer_bottom":"default","ocean_custom_footer_template":"0"},"product_brand":[],"product_cat":[61],"product_tag":[68],"class_list":{"0":"post-1247","1":"product","2":"type-product","3":"status-publish","4":"has-post-thumbnail","6":"product_cat-essbar","7":"product_tag-slimming-gummies","9":"entry","10":"has-media","12":"first","13":"instock","14":"sale","15":"shipping-taxable","16":"purchasable","17":"product-type-simple","18":"has-product-nav","19":"col","20":"span_1_of_3","21":"owp-content-center","22":"owp-thumbs-layout-horizontal","23":"owp-btn-normal","24":"owp-tabs-layout-horizontal","25":"has-no-thumbnails"},"_links":{"self":[{"href":"https:\/\/herbalaproach.com\/pl\/wp-json\/wp\/v2\/product\/1247","targetHints":{"allow":["GET"]}}],"collection":[{"href":"https:\/\/herbalaproach.com\/pl\/wp-json\/wp\/v2\/product"}],"about":[{"href":"https:\/\/herbalaproach.com\/pl\/wp-json\/wp\/v2\/types\/product"}],"replies":[{"embeddable":true,"href":"https:\/\/herbalaproach.com\/pl\/wp-json\/wp\/v2\/comments?post=1247"}],"wp:featuredmedia":[{"embeddable":true,"href":"https:\/\/herbalaproach.com\/pl\/wp-json\/wp\/v2\/media\/1248"}],"wp:attachment":[{"href":"https:\/\/herbalaproach.com\/pl\/wp-json\/wp\/v2\/media?parent=1247"}],"wp:term":[{"taxonomy":"product_brand","embeddable":true,"href":"https:\/\/herbalaproach.com\/pl\/wp-json\/wp\/v2\/product_brand?post=1247"},{"taxonomy":"product_cat","embeddable":true,"href":"https:\/\/herbalaproach.com\/pl\/wp-json\/wp\/v2\/product_cat?post=1247"},{"taxonomy":"product_tag","embeddable":true,"href":"https:\/\/herbalaproach.com\/pl\/wp-json\/wp\/v2\/product_tag?post=1247"}],"curies":[{"name":"wp","href":"https:\/\/api.w.org\/{rel}","templated":true}]}}