{"id":1249,"date":"2024-10-25T12:47:52","date_gmt":"2024-10-25T11:47:52","guid":{"rendered":"https:\/\/herbalaproach.com\/?post_type=product&#038;p=1249"},"modified":"2024-10-25T12:49:42","modified_gmt":"2024-10-25T11:49:42","slug":"hhc-gummies","status":"publish","type":"product","link":"https:\/\/herbalaproach.com\/pl\/product\/hhc-gummies\/","title":{"rendered":"PharmaTHC euphoria mix \u017celk\u00f3w"},"content":{"rendered":"<p class=\"serp-title\">Gumy HHC Odpoczywaj, jakby\u015b nie musia\u0142 si\u0119 o nic martwi\u0107. <a href=\"https:\/\/herbalaproach.com\/pl\/\">PharmaTHC<\/a> \u017belki Euphoria Blend - Caribbean Fruit Cocktail (\u0142\u0105cznie 4000 mg kannabinoid\u00f3w). Delektuj si\u0119 g\u0142adkim kokosem i s\u0142odkimi owocami wyspiarskimi, kt\u00f3re ta\u0144cz\u0105 na j\u0119zyku, podczas gdy wysokiej jako\u015bci ekstrakt z konopi relaksuje umys\u0142. Ka\u017cda przyjazna dla wegan \u017celka zawiera cztery gramy cukru i tylko dwadzie\u015bcia pi\u0119\u0107 kalorii. We\u017a gryza i przygotuj si\u0119 na czas na wyspie.<\/p>\n<p>PharmaTHC doskonale zr\u00f3wnowa\u017cy\u0142a Delta 8, Delta 9, Delta 10 i HHC, aby stworzy\u0107 podwy\u017cszony stan umys\u0142u, kt\u00f3ry wielu okre\u015bla jako ca\u0142kowit\u0105 eufori\u0119. Ten entourage zosta\u0142 po\u0142\u0105czony ze smakami, kt\u00f3re razem tworz\u0105 psychoaktywn\u0105 oaz\u0119 relaksu.<\/p>\n<p>Ka\u017cda torebka zawiera 20 \u017celk\u00f3w, z kt\u00f3rych ka\u017cdy zawiera 75 miligram\u00f3w Delta 8, 20 miligram\u00f3w Delta 9, 15 miligram\u00f3w Delta 10 i 90 miligram\u00f3w HHC. S\u0105 one wytwarzane z destylat\u00f3w o pe\u0142nym spektrum pochodz\u0105cych z konopi uprawianych w USA, wi\u0119c nie maj\u0105 smaku konopi!<\/p>\n<h2>Zalety \u017celk\u00f3w HHC:<\/h2>\n<p>U\u017cytkownicy marihuany zg\u0142aszaj\u0105 bardzo silne doznania psychoaktywne, po kt\u00f3rych nast\u0119puje g\u0142\u0119boki relaks i senno\u015b\u0107. Inni zg\u0142aszaj\u0105 podwy\u017cszony nastr\u00f3j i poczucie spokoju, nawet w sytuacjach towarzyskich. Niekt\u00f3re powszechne korzy\u015bci p\u0142yn\u0105ce z tej unikalnej kombinacji kannabinoid\u00f3w to:<\/p>\n<p>U\u015bmierzanie b\u00f3lu<br \/>\nLepszy sen<br \/>\nZmniejszony stres<br \/>\nMniej l\u0119k\u00f3w spo\u0142ecznych<br \/>\nDzia\u0142anie przeciwzapalne<\/p>\n<h2>Zalecane zastosowanie:<\/h2>\n<p>Jest to bardzo skuteczna guma do \u017cucia i jest zalecana tylko dla do\u015bwiadczonych u\u017cytkownik\u00f3w. Nale\u017cy je spo\u017cywa\u0107 z zachowaniem ostro\u017cno\u015bci.<\/p>\n<p>Zaleca si\u0119 rozpocz\u0119cie od po\u0142owy \u017celka, aby oceni\u0107 moc przed spo\u017cyciem ca\u0142ego \u017celka. Nie nadaje si\u0119 do spo\u017cycia przez osoby niepe\u0142noletnie, kobiety w ci\u0105\u017cy lub do obs\u0142ugi ci\u0119\u017ckiego sprz\u0119tu.<\/p>\n<p>Przechowywa\u0107 w ch\u0142odnym, suchym miejscu przez okres do 1 roku. Przechowywa\u0107 w lod\u00f3wce.<\/p>\n<h3>Sk\u0142adniki:<\/h3>\n<p>Syrop kukurydziany, cukier, woda, mieszanka pektyn, \u015brodek odgazowuj\u0105cy, kwas cytrynowy, naturalny aromat, sztuczny barwnik (filtrowana woda dejonizowana, glikol propylenowy, FD&amp;C Red 40, kwas cytrynowy, benzoesan sodu), olej ro\u015blinny i lecytyna s\u0142onecznikowa zapobiegaj\u0105ca nudno\u015bciom. Zawiera pochodne konopi <a href=\"https:\/\/m.youtube.com\/watch?v=l-0JbnWAtCs&amp;pp=ygUWI2hpZ2hxdWFsaXR5aGhjZ3VtbWllcw%3D%3D\" target=\"_blank\" rel=\"noopener\">Delta 8 THC<\/a>Delta 10 THC pochodzenia konopnego, HHC pochodzenia konopnego i Delta 9 THC pochodzenia konopnego.<\/p>\n<h3>Informacje o warto\u015bciach od\u017cywczych:<\/h3>\n<p>Wielko\u015b\u0107 porcji - 1 sztuka<br \/>\nPorcje w pojemniku - 20 sztuk<\/p>\n<p>Ilo\u015b\u0107 na porcj\u0119:<br \/>\nKalorie - 25<br \/>\nW\u0119glowodany og\u00f3\u0142em - 7 g<br \/>\nCukier - 4 g, z czego 4 to cukier dodany<\/p>\n<p>Zawarto\u015b\u0107 pochodz\u0105cego z konopi Delta 8 THC - 75 mg<br \/>\nZawarto\u015b\u0107 THC delta 9 w konopiach - 20 mg<br \/>\nZawarto\u015b\u0107 THC w konopiach Delta 10 - 15 mg<br \/>\nZawarto\u015b\u0107 HHC pochodz\u0105cego z konopi - 90 mg<\/p>","protected":false},"excerpt":{"rendered":"<p>Karaibski koktajl owocowy (\u0142\u0105cznie 4000 mg kannabinoid\u00f3w)<\/p>","protected":false},"featured_media":1250,"comment_status":"open","ping_status":"closed","template":"","meta":{"ocean_post_layout":"","ocean_both_sidebars_style":"","ocean_both_sidebars_content_width":0,"ocean_both_sidebars_sidebars_width":0,"ocean_sidebar":"0","ocean_second_sidebar":"0","ocean_disable_margins":"enable","ocean_add_body_class":"","ocean_shortcode_before_top_bar":"","ocean_shortcode_after_top_bar":"","ocean_shortcode_before_header":"","ocean_shortcode_after_header":"","ocean_has_shortcode":"","ocean_shortcode_after_title":"","ocean_shortcode_before_footer_widgets":"","ocean_shortcode_after_footer_widgets":"","ocean_shortcode_before_footer_bottom":"","ocean_shortcode_after_footer_bottom":"","ocean_display_top_bar":"default","ocean_display_header":"default","ocean_header_style":"","ocean_center_header_left_menu":"0","ocean_custom_header_template":"0","ocean_custom_logo":0,"ocean_custom_retina_logo":0,"ocean_custom_logo_max_width":0,"ocean_custom_logo_tablet_max_width":0,"ocean_custom_logo_mobile_max_width":0,"ocean_custom_logo_max_height":0,"ocean_custom_logo_tablet_max_height":0,"ocean_custom_logo_mobile_max_height":0,"ocean_header_custom_menu":"0","ocean_menu_typo_font_family":"0","ocean_menu_typo_font_subset":"","ocean_menu_typo_font_size":0,"ocean_menu_typo_font_size_tablet":0,"ocean_menu_typo_font_size_mobile":0,"ocean_menu_typo_font_size_unit":"px","ocean_menu_typo_font_weight":"","ocean_menu_typo_font_weight_tablet":"","ocean_menu_typo_font_weight_mobile":"","ocean_menu_typo_transform":"","ocean_menu_typo_transform_tablet":"","ocean_menu_typo_transform_mobile":"","ocean_menu_typo_line_height":0,"ocean_menu_typo_line_height_tablet":0,"ocean_menu_typo_line_height_mobile":0,"ocean_menu_typo_line_height_unit":"","ocean_menu_typo_spacing":0,"ocean_menu_typo_spacing_tablet":0,"ocean_menu_typo_spacing_mobile":0,"ocean_menu_typo_spacing_unit":"","ocean_menu_link_color":"","ocean_menu_link_color_hover":"","ocean_menu_link_color_active":"","ocean_menu_link_background":"","ocean_menu_link_hover_background":"","ocean_menu_link_active_background":"","ocean_menu_social_links_bg":"","ocean_menu_social_hover_links_bg":"","ocean_menu_social_links_color":"","ocean_menu_social_hover_links_color":"","ocean_disable_title":"default","ocean_disable_heading":"default","ocean_post_title":"","ocean_post_subheading":"","ocean_post_title_style":"","ocean_post_title_background_color":"","ocean_post_title_background":0,"ocean_post_title_bg_image_position":"","ocean_post_title_bg_image_attachment":"","ocean_post_title_bg_image_repeat":"","ocean_post_title_bg_image_size":"","ocean_post_title_height":0,"ocean_post_title_bg_overlay":0.5,"ocean_post_title_bg_overlay_color":"","ocean_disable_breadcrumbs":"default","ocean_breadcrumbs_color":"","ocean_breadcrumbs_separator_color":"","ocean_breadcrumbs_links_color":"","ocean_breadcrumbs_links_hover_color":"","ocean_display_footer_widgets":"default","ocean_display_footer_bottom":"default","ocean_custom_footer_template":"0"},"product_brand":[],"product_cat":[61],"product_tag":[69],"class_list":{"0":"post-1249","1":"product","2":"type-product","3":"status-publish","4":"has-post-thumbnail","6":"product_cat-essbar","7":"product_tag-hhc-gummies","9":"entry","10":"has-media","12":"first","13":"instock","14":"sale","15":"shipping-taxable","16":"purchasable","17":"product-type-simple","18":"has-product-nav","19":"col","20":"span_1_of_3","21":"owp-content-center","22":"owp-thumbs-layout-horizontal","23":"owp-btn-normal","24":"owp-tabs-layout-horizontal"},"_links":{"self":[{"href":"https:\/\/herbalaproach.com\/pl\/wp-json\/wp\/v2\/product\/1249","targetHints":{"allow":["GET"]}}],"collection":[{"href":"https:\/\/herbalaproach.com\/pl\/wp-json\/wp\/v2\/product"}],"about":[{"href":"https:\/\/herbalaproach.com\/pl\/wp-json\/wp\/v2\/types\/product"}],"replies":[{"embeddable":true,"href":"https:\/\/herbalaproach.com\/pl\/wp-json\/wp\/v2\/comments?post=1249"}],"wp:featuredmedia":[{"embeddable":true,"href":"https:\/\/herbalaproach.com\/pl\/wp-json\/wp\/v2\/media\/1250"}],"wp:attachment":[{"href":"https:\/\/herbalaproach.com\/pl\/wp-json\/wp\/v2\/media?parent=1249"}],"wp:term":[{"taxonomy":"product_brand","embeddable":true,"href":"https:\/\/herbalaproach.com\/pl\/wp-json\/wp\/v2\/product_brand?post=1249"},{"taxonomy":"product_cat","embeddable":true,"href":"https:\/\/herbalaproach.com\/pl\/wp-json\/wp\/v2\/product_cat?post=1249"},{"taxonomy":"product_tag","embeddable":true,"href":"https:\/\/herbalaproach.com\/pl\/wp-json\/wp\/v2\/product_tag?post=1249"}],"curies":[{"name":"wp","href":"https:\/\/api.w.org\/{rel}","templated":true}]}}