{"id":1254,"date":"2024-10-25T19:26:22","date_gmt":"2024-10-25T18:26:22","guid":{"rendered":"https:\/\/herbalaproach.com\/?post_type=product&#038;p=1254"},"modified":"2024-10-25T19:31:10","modified_gmt":"2024-10-25T18:31:10","slug":"muscimol-gummies","status":"publish","type":"product","link":"https:\/\/herbalaproach.com\/pl\/product\/muscimol-gummies\/","title":{"rendered":"\u017celki muscimol"},"content":{"rendered":"<p class=\"serp-title\">\u017belki Muscimol <a href=\"https:\/\/herbalaproach.com\/pl\/\">Magiczne grzyby<\/a> \u017belki z ekstraktem z grzyb\u00f3w oferuj\u0105 wyj\u0105tkowe doznania dzi\u0119ki starannie opracowanej mieszance r\u00f3\u017cnych grzyb\u00f3w. Te \u017celki zosta\u0142y zaprojektowane, aby zapewni\u0107 energetyzuj\u0105ce i podnosz\u0105ce na duchu doznania, dzi\u0119ki czemu idealnie nadaj\u0105 si\u0119 na nocn\u0105 zabaw\u0119 lub relaksuj\u0105cy wiecz\u00f3r w domu.<\/p>\n<p>Ka\u017cde opakowanie zawiera 4 \u017celki, z kt\u00f3rych ka\u017cdy zawiera 8 mg muscimolu, naturalnego zwi\u0105zku znanego ze swoich psychodelicznych efekt\u00f3w, tworz\u0105c idealn\u0105 mieszank\u0119 zapewniaj\u0105c\u0105 przyjemne i ciep\u0142e doznania.<\/p>\n<h2>W\u0142a\u015bciwo\u015bci i zalety \u017celk\u00f3w Muscimol:<\/h2>\n<p>Energetyzuj\u0105cy i podnosz\u0105cy na duchu: idealny na rozrywkowy wiecz\u00f3r na \u015bwie\u017cym powietrzu lub relaksuj\u0105cy wiecz\u00f3r w domu.<\/p>\n<h2>Zawiera muscimol:<\/h2>\n<p>Ka\u017cda \u017celka zawiera 8 mg muscimolu, kt\u00f3ry odpowiada za charakterystyczne dzia\u0142anie tych \u017celk\u00f3w.<\/p>\n<h2>Ulepszone zmys\u0142y:<\/h2>\n<p>U\u017cytkownicy zg\u0142aszaj\u0105 zmienione postrzeganie kolor\u00f3w, d\u017awi\u0119k\u00f3w, temperatur i otoczenia.<\/p>\n<p>\u0141atwy w u\u017cyciu: we\u017a jednego \u017celkowego misia dla lekkiego do\u015bwiadczenia lub oba dla g\u0142\u0119bszej podr\u00f3\u017cy.<\/p>\n<p>Naturalne sk\u0142adniki:<\/p>\n<p>S\u0142odzony cukrem i glukoz\u0105, zawiera naturalne aromaty i barwniki.<\/p>\n<h2>Instrukcja obs\u0142ugi:<\/h2>\n<p>We\u017a jedn\u0105 gum\u0119, aby uzyska\u0107 \u0142agodne, przyjemne doznania, kt\u00f3re sprawi\u0105, \u017ce poczujesz si\u0119 ciep\u0142o i przytulnie. Aby uzyska\u0107 bardziej intensywne doznania, we\u017a obie gumy i odkryj g\u0142\u0119bszy wymiar swoich zmys\u0142\u00f3w. Upewnij si\u0119, \u017ce jeste\u015b w komfortowym otoczeniu, aby w pe\u0142ni cieszy\u0107 si\u0119 efektem.Muscimol gummies<\/p>\n<h2>Wskaz\u00f3wki:<\/h2>\n<h3>Bezpieczne \u015brodowisko:<\/h3>\n<p>Upewnij si\u0119, \u017ce znajdujesz si\u0119 w znajomym i bezpiecznym otoczeniu, zw\u0142aszcza je\u015bli<\/p>\n<p>we\u017a obie galaretki.<\/p>\n<h2>Bez alkoholu:<\/h2>\n<p>Nale\u017cy unika\u0107 \u0142\u0105czenia tych \u017celk\u00f3w z alkoholem, poniewa\u017c mo\u017ce to prowadzi\u0107 do negatywnej interakcji z ekstraktem z grzyb\u00f3w.<br \/>\nPowolne rozpoczynanie leczenia: Przyjmowanie leku Muscimol po raz pierwszy nale\u017cy rozpocz\u0105\u0107 od <a href=\"https:\/\/www.youtube.com\/watch?v=8lDobfGQKO0\" target=\"_blank\" rel=\"noopener\">\u017belki<\/a>aby zobaczy\u0107, jak zareaguje twoje cia\u0142o.<\/p>","protected":false},"excerpt":{"rendered":"<p>Muscimol gummies Magic Mushrooms Gummies mit Pilzextrakt bieten ein einzigartiges Erlebnis dank einer sorgf\u00e4ltig zusammengestellten Mischung aus verschiedenen Pilzen. Diese Gummis wurden entwickelt, um ein energiegeladenes und erhebendes Gef\u00fchl zu vermitteln, was sie perfekt f\u00fcr einen lustigen Abend im Freien oder einen entspannten Abend zu Hause macht. Jede Packung enth\u00e4lt 4 Gummib\u00e4rchen mit je 8 [&hellip;]<\/p>\n","protected":false},"featured_media":1255,"comment_status":"open","ping_status":"closed","template":"","meta":{"ocean_post_layout":"","ocean_both_sidebars_style":"","ocean_both_sidebars_content_width":0,"ocean_both_sidebars_sidebars_width":0,"ocean_sidebar":"0","ocean_second_sidebar":"0","ocean_disable_margins":"enable","ocean_add_body_class":"","ocean_shortcode_before_top_bar":"","ocean_shortcode_after_top_bar":"","ocean_shortcode_before_header":"","ocean_shortcode_after_header":"","ocean_has_shortcode":"","ocean_shortcode_after_title":"","ocean_shortcode_before_footer_widgets":"","ocean_shortcode_after_footer_widgets":"","ocean_shortcode_before_footer_bottom":"","ocean_shortcode_after_footer_bottom":"","ocean_display_top_bar":"default","ocean_display_header":"default","ocean_header_style":"","ocean_center_header_left_menu":"0","ocean_custom_header_template":"0","ocean_custom_logo":0,"ocean_custom_retina_logo":0,"ocean_custom_logo_max_width":0,"ocean_custom_logo_tablet_max_width":0,"ocean_custom_logo_mobile_max_width":0,"ocean_custom_logo_max_height":0,"ocean_custom_logo_tablet_max_height":0,"ocean_custom_logo_mobile_max_height":0,"ocean_header_custom_menu":"0","ocean_menu_typo_font_family":"0","ocean_menu_typo_font_subset":"","ocean_menu_typo_font_size":0,"ocean_menu_typo_font_size_tablet":0,"ocean_menu_typo_font_size_mobile":0,"ocean_menu_typo_font_size_unit":"px","ocean_menu_typo_font_weight":"","ocean_menu_typo_font_weight_tablet":"","ocean_menu_typo_font_weight_mobile":"","ocean_menu_typo_transform":"","ocean_menu_typo_transform_tablet":"","ocean_menu_typo_transform_mobile":"","ocean_menu_typo_line_height":0,"ocean_menu_typo_line_height_tablet":0,"ocean_menu_typo_line_height_mobile":0,"ocean_menu_typo_line_height_unit":"","ocean_menu_typo_spacing":0,"ocean_menu_typo_spacing_tablet":0,"ocean_menu_typo_spacing_mobile":0,"ocean_menu_typo_spacing_unit":"","ocean_menu_link_color":"","ocean_menu_link_color_hover":"","ocean_menu_link_color_active":"","ocean_menu_link_background":"","ocean_menu_link_hover_background":"","ocean_menu_link_active_background":"","ocean_menu_social_links_bg":"","ocean_menu_social_hover_links_bg":"","ocean_menu_social_links_color":"","ocean_menu_social_hover_links_color":"","ocean_disable_title":"default","ocean_disable_heading":"default","ocean_post_title":"","ocean_post_subheading":"","ocean_post_title_style":"","ocean_post_title_background_color":"","ocean_post_title_background":0,"ocean_post_title_bg_image_position":"","ocean_post_title_bg_image_attachment":"","ocean_post_title_bg_image_repeat":"","ocean_post_title_bg_image_size":"","ocean_post_title_height":0,"ocean_post_title_bg_overlay":0.5,"ocean_post_title_bg_overlay_color":"","ocean_disable_breadcrumbs":"default","ocean_breadcrumbs_color":"","ocean_breadcrumbs_separator_color":"","ocean_breadcrumbs_links_color":"","ocean_breadcrumbs_links_hover_color":"","ocean_display_footer_widgets":"default","ocean_display_footer_bottom":"default","ocean_custom_footer_template":"0"},"product_brand":[],"product_cat":[61],"product_tag":[70],"class_list":{"0":"post-1254","1":"product","2":"type-product","3":"status-publish","4":"has-post-thumbnail","6":"product_cat-essbar","7":"product_tag-muscimol-gummies","9":"entry","10":"has-media","12":"first","13":"instock","14":"sale","15":"shipping-taxable","16":"purchasable","17":"product-type-simple","18":"has-product-nav","19":"col","20":"span_1_of_3","21":"owp-content-center","22":"owp-thumbs-layout-horizontal","23":"owp-btn-normal","24":"owp-tabs-layout-horizontal","25":"has-no-thumbnails"},"_links":{"self":[{"href":"https:\/\/herbalaproach.com\/pl\/wp-json\/wp\/v2\/product\/1254","targetHints":{"allow":["GET"]}}],"collection":[{"href":"https:\/\/herbalaproach.com\/pl\/wp-json\/wp\/v2\/product"}],"about":[{"href":"https:\/\/herbalaproach.com\/pl\/wp-json\/wp\/v2\/types\/product"}],"replies":[{"embeddable":true,"href":"https:\/\/herbalaproach.com\/pl\/wp-json\/wp\/v2\/comments?post=1254"}],"wp:featuredmedia":[{"embeddable":true,"href":"https:\/\/herbalaproach.com\/pl\/wp-json\/wp\/v2\/media\/1255"}],"wp:attachment":[{"href":"https:\/\/herbalaproach.com\/pl\/wp-json\/wp\/v2\/media?parent=1254"}],"wp:term":[{"taxonomy":"product_brand","embeddable":true,"href":"https:\/\/herbalaproach.com\/pl\/wp-json\/wp\/v2\/product_brand?post=1254"},{"taxonomy":"product_cat","embeddable":true,"href":"https:\/\/herbalaproach.com\/pl\/wp-json\/wp\/v2\/product_cat?post=1254"},{"taxonomy":"product_tag","embeddable":true,"href":"https:\/\/herbalaproach.com\/pl\/wp-json\/wp\/v2\/product_tag?post=1254"}],"curies":[{"name":"wp","href":"https:\/\/api.w.org\/{rel}","templated":true}]}}