{"id":1362,"date":"2024-11-02T01:35:56","date_gmt":"2024-11-02T00:35:56","guid":{"rendered":"https:\/\/herbalaproach.com\/?post_type=product&#038;p=1362"},"modified":"2026-03-10T08:45:33","modified_gmt":"2026-03-10T07:45:33","slug":"strawberry-cough","status":"publish","type":"product","link":"https:\/\/herbalaproach.com\/pl\/product\/strawberry-cough\/","title":{"rendered":"Truskawkowy kaszel - Vape jednorazowego u\u017cytku"},"content":{"rendered":"<p>Nasze Premium 95 % THC - 5 % od <a href=\"https:\/\/herbalaproach.com\/pl\/\">Konopie indyjskie<\/a> Pochodz\u0105ce z terpen\u00f3w jednorazowe waporyzatory s\u0105 wype\u0142nione po brzegi 3 gramami destylatu!<br \/>\nZawiera 3000 mg <a href=\"https:\/\/www.youtube.com\/watch?v=nGxoNMKGOUA\" target=\"_blank\" rel=\"noopener\">THC<\/a> i inne kannabinoidy. Nie dodajemy PG, VG, PEG ani oleju MCT - wszystkie nasze waporyzatory s\u0105 testowane laboratoryjnie pod k\u0105tem jako\u015bci i konsystencji.<\/p>\n<h2>Jak u\u017cywa\u0107<\/h2>\n<p><b><strong>W\u0142\u0105czanie\/wy\u0142\u0105czanie:<\/strong><\/b><\/p>\n<p>Naci\u015bnij szybko przycisk 5 razy<\/p>\n<p><b><strong>Zmiana temperatury cewki:<\/strong><\/b><\/p>\n<p>Przy w\u0142\u0105czonym urz\u0105dzeniu - Naci\u015bnij szybko przycisk 3 razy, aby zmieni\u0107 \u017c\u0105dane ustawienie.<\/p>\n<p><i><em>Zielony = Niski<\/em><\/i><\/p>\n<p><i><em>Niebieski = \u015aredni<\/em><\/i><\/p>\n<p><i><em>Czerwony = Wysoki<\/em><\/i><\/p>\n<p>&#8211;<\/p>\n<p>(port \u0142adowania USB-C - \u0142adowarka<b><strong> NIE<\/strong><\/b> w\u0142\u0105cznie)<\/p>\n<h2>Skutki kaszlu truskawkowego<\/h2>\n<p>Uspokajaj\u0105cy, euforyczny, szcz\u0119\u015bliwy, relaksuj\u0105cy, podnosz\u0105cy na duchu<\/p>\n<h2>Smaki<\/h2>\n<p>Jagodowy, Owocowy, Pikantny, Truskawkowy, S\u0142odki<\/p>\n<p>&nbsp;<\/p>","protected":false},"excerpt":{"rendered":"<p>Unsere Premium 95 % THC &#8211; 5 % von Cannabis abgeleitete Terpene Einwegvapes sind bis zum Rand mit 3 Gramm Destillat gef\u00fcllt! Enth\u00e4lt 3000mg THC und andere Cannabinoide. Wir f\u00fcgen kein PG, VG, PEG oder MCT-\u00d6l hinzu &#8211; Alle unsere Vapes werden im Labor auf Qualit\u00e4t und Konsistenz getestet. Wie zu verwenden Einschalten\/Ausschalten: Taste 5 [&hellip;]<\/p>\n","protected":false},"featured_media":1363,"comment_status":"open","ping_status":"closed","template":"","meta":{"ocean_post_layout":"","ocean_both_sidebars_style":"","ocean_both_sidebars_content_width":0,"ocean_both_sidebars_sidebars_width":0,"ocean_sidebar":"0","ocean_second_sidebar":"0","ocean_disable_margins":"enable","ocean_add_body_class":"","ocean_shortcode_before_top_bar":"","ocean_shortcode_after_top_bar":"","ocean_shortcode_before_header":"","ocean_shortcode_after_header":"","ocean_has_shortcode":"","ocean_shortcode_after_title":"","ocean_shortcode_before_footer_widgets":"","ocean_shortcode_after_footer_widgets":"","ocean_shortcode_before_footer_bottom":"","ocean_shortcode_after_footer_bottom":"","ocean_display_top_bar":"default","ocean_display_header":"default","ocean_header_style":"","ocean_center_header_left_menu":"0","ocean_custom_header_template":"0","ocean_custom_logo":0,"ocean_custom_retina_logo":0,"ocean_custom_logo_max_width":0,"ocean_custom_logo_tablet_max_width":0,"ocean_custom_logo_mobile_max_width":0,"ocean_custom_logo_max_height":0,"ocean_custom_logo_tablet_max_height":0,"ocean_custom_logo_mobile_max_height":0,"ocean_header_custom_menu":"0","ocean_menu_typo_font_family":"0","ocean_menu_typo_font_subset":"","ocean_menu_typo_font_size":0,"ocean_menu_typo_font_size_tablet":0,"ocean_menu_typo_font_size_mobile":0,"ocean_menu_typo_font_size_unit":"px","ocean_menu_typo_font_weight":"","ocean_menu_typo_font_weight_tablet":"","ocean_menu_typo_font_weight_mobile":"","ocean_menu_typo_transform":"","ocean_menu_typo_transform_tablet":"","ocean_menu_typo_transform_mobile":"","ocean_menu_typo_line_height":0,"ocean_menu_typo_line_height_tablet":0,"ocean_menu_typo_line_height_mobile":0,"ocean_menu_typo_line_height_unit":"","ocean_menu_typo_spacing":0,"ocean_menu_typo_spacing_tablet":0,"ocean_menu_typo_spacing_mobile":0,"ocean_menu_typo_spacing_unit":"","ocean_menu_link_color":"","ocean_menu_link_color_hover":"","ocean_menu_link_color_active":"","ocean_menu_link_background":"","ocean_menu_link_hover_background":"","ocean_menu_link_active_background":"","ocean_menu_social_links_bg":"","ocean_menu_social_hover_links_bg":"","ocean_menu_social_links_color":"","ocean_menu_social_hover_links_color":"","ocean_disable_title":"default","ocean_disable_heading":"default","ocean_post_title":"","ocean_post_subheading":"","ocean_post_title_style":"","ocean_post_title_background_color":"","ocean_post_title_background":0,"ocean_post_title_bg_image_position":"","ocean_post_title_bg_image_attachment":"","ocean_post_title_bg_image_repeat":"","ocean_post_title_bg_image_size":"","ocean_post_title_height":0,"ocean_post_title_bg_overlay":0.5,"ocean_post_title_bg_overlay_color":"","ocean_disable_breadcrumbs":"default","ocean_breadcrumbs_color":"","ocean_breadcrumbs_separator_color":"","ocean_breadcrumbs_links_color":"","ocean_breadcrumbs_links_hover_color":"","ocean_display_footer_widgets":"default","ocean_display_footer_bottom":"default","ocean_custom_footer_template":"0"},"product_brand":[],"product_cat":[60],"product_tag":[73],"class_list":{"0":"post-1362","1":"product","2":"type-product","3":"status-publish","4":"has-post-thumbnail","6":"product_cat-vapes","7":"product_tag-strawberry-cough","9":"entry","10":"has-media","12":"first","13":"instock","14":"sale","15":"shipping-taxable","16":"purchasable","17":"product-type-simple","18":"has-product-nav","19":"col","20":"span_1_of_3","21":"owp-content-center","22":"owp-thumbs-layout-horizontal","23":"owp-btn-normal","24":"owp-tabs-layout-horizontal","25":"has-no-thumbnails"},"_links":{"self":[{"href":"https:\/\/herbalaproach.com\/pl\/wp-json\/wp\/v2\/product\/1362","targetHints":{"allow":["GET"]}}],"collection":[{"href":"https:\/\/herbalaproach.com\/pl\/wp-json\/wp\/v2\/product"}],"about":[{"href":"https:\/\/herbalaproach.com\/pl\/wp-json\/wp\/v2\/types\/product"}],"replies":[{"embeddable":true,"href":"https:\/\/herbalaproach.com\/pl\/wp-json\/wp\/v2\/comments?post=1362"}],"wp:featuredmedia":[{"embeddable":true,"href":"https:\/\/herbalaproach.com\/pl\/wp-json\/wp\/v2\/media\/1363"}],"wp:attachment":[{"href":"https:\/\/herbalaproach.com\/pl\/wp-json\/wp\/v2\/media?parent=1362"}],"wp:term":[{"taxonomy":"product_brand","embeddable":true,"href":"https:\/\/herbalaproach.com\/pl\/wp-json\/wp\/v2\/product_brand?post=1362"},{"taxonomy":"product_cat","embeddable":true,"href":"https:\/\/herbalaproach.com\/pl\/wp-json\/wp\/v2\/product_cat?post=1362"},{"taxonomy":"product_tag","embeddable":true,"href":"https:\/\/herbalaproach.com\/pl\/wp-json\/wp\/v2\/product_tag?post=1362"}],"curies":[{"name":"wp","href":"https:\/\/api.w.org\/{rel}","templated":true}]}}