{"id":3,"date":"2024-10-22T22:45:31","date_gmt":"2024-10-22T21:45:31","guid":{"rendered":"https:\/\/herbalaproach.com\/?page_id=3"},"modified":"2024-10-26T00:53:44","modified_gmt":"2024-10-25T23:53:44","slug":"gummies","status":"publish","type":"page","link":"https:\/\/herbalaproach.com\/pt\/gummies\/","title":{"rendered":"Regulamentos de prote\u00e7\u00e3o de dados"},"content":{"rendered":"<p><strong>Bem-vindo ao HerbalAproach.com.<\/strong> Com <a href=\"https:\/\/herbalaproach.com\/pt\/\">HerbalAproach<\/a> respeitamos sua privacidade e temos o compromisso de proteger seus dados pessoais. Esta Pol\u00edtica de Privacidade explica quais informa\u00e7\u00f5es coletamos, como as usamos e quais op\u00e7\u00f5es voc\u00ea tem em rela\u00e7\u00e3o \u00e0s suas informa\u00e7\u00f5es. Leia esta pol\u00edtica com aten\u00e7\u00e3o, pois seu uso do nosso site constitui seu consentimento com essas pr\u00e1ticas.<\/p>\n\n\n\n<div id=\"ez-toc-container\" class=\"ez-toc-v2_0_82_2 counter-hierarchy ez-toc-counter ez-toc-grey ez-toc-container-direction\">\n<div class=\"ez-toc-title-container\">\n<p class=\"ez-toc-title\" style=\"cursor:inherit\">\u00cdndice<\/p>\n<span class=\"ez-toc-title-toggle\"><a href=\"#\" class=\"ez-toc-pull-right ez-toc-btn ez-toc-btn-xs ez-toc-btn-default ez-toc-toggle\" aria-label=\"Alternar tabela de conte\u00fado\"><span class=\"ez-toc-js-icon-con\"><span class=\"\"><span class=\"eztoc-hide\" style=\"display:none;\">Alternar<\/span><span class=\"ez-toc-icon-toggle-span\"><svg style=\"fill: #999;color:#999\" xmlns=\"http:\/\/www.w3.org\/2000\/svg\" class=\"list-377408\" width=\"20px\" height=\"20px\" viewbox=\"0 0 24 24\" fill=\"none\"><path d=\"M6 6H4v2h2V6zm14 0H8v2h12V6zM4 11h2v2H4v-2zm16 0H8v2h12v-2zM4 16h2v2H4v-2zm16 0H8v2h12v-2z\" fill=\"currentColor\"><\/path><\/svg><svg style=\"fill: #999;color:#999\" class=\"arrow-unsorted-368013\" xmlns=\"http:\/\/www.w3.org\/2000\/svg\" width=\"10px\" height=\"10px\" viewbox=\"0 0 24 24\" version=\"1.2\" baseprofile=\"tiny\"><path d=\"M18.2 9.3l-6.2-6.3-6.2 6.3c-.2.2-.3.4-.3.7s.1.5.3.7c.2.2.4.3.7.3h11c.3 0 .5-.1.7-.3.2-.2.3-.5.3-.7s-.1-.5-.3-.7zM5.8 14.7l6.2 6.3 6.2-6.3c.2-.2.3-.5.3-.7s-.1-.5-.3-.7c-.2-.2-.4-.3-.7-.3h-11c-.3 0-.5.1-.7.3-.2.2-.3.5-.3.7s.1.5.3.7z\"\/><\/svg><\/span><\/span><\/span><\/a><\/span><\/div>\n<nav><ul class='ez-toc-list ez-toc-list-level-1' ><li class='ez-toc-page-1 ez-toc-heading-level-3'><a class=\"ez-toc-link ez-toc-heading-1\" href=\"https:\/\/herbalaproach.com\/pt\/gummies\/#1_Informationen_die_wir_sammeln\" >1. informa\u00e7\u00f5es que coletamos<\/a><ul class='ez-toc-list-level-4' ><li class='ez-toc-heading-level-4'><a class=\"ez-toc-link ez-toc-heading-2\" href=\"https:\/\/herbalaproach.com\/pt\/gummies\/#a_Personliche_Informationen\" >a. Informa\u00e7\u00f5es pessoais:<\/a><\/li><li class='ez-toc-page-1 ez-toc-heading-level-4'><a class=\"ez-toc-link ez-toc-heading-3\" href=\"https:\/\/herbalaproach.com\/pt\/gummies\/#b_Nutzungsdaten\" >b. Dados de uso:<\/a><\/li><li class='ez-toc-page-1 ez-toc-heading-level-4'><a class=\"ez-toc-link ez-toc-heading-4\" href=\"https:\/\/herbalaproach.com\/pt\/gummies\/#c_Cookies_und_Tracking-Technologien\" >c. Cookies e tecnologias de rastreamento:<\/a><\/li><\/ul><\/li><li class='ez-toc-page-1 ez-toc-heading-level-3'><a class=\"ez-toc-link ez-toc-heading-5\" href=\"https:\/\/herbalaproach.com\/pt\/gummies\/#2_Wie_wir_Ihre_Informationen_verwenden\" >2. como usamos suas informa\u00e7\u00f5es<\/a><\/li><li class='ez-toc-page-1 ez-toc-heading-level-3'><a class=\"ez-toc-link ez-toc-heading-6\" href=\"https:\/\/herbalaproach.com\/pt\/gummies\/#3_Weitergabe_und_Offenlegung_Ihrer_Informationen\" >3. compartilhamento e divulga\u00e7\u00e3o de suas informa\u00e7\u00f5es<\/a><\/li><li class='ez-toc-page-1 ez-toc-heading-level-3'><a class=\"ez-toc-link ez-toc-heading-7\" href=\"https:\/\/herbalaproach.com\/pt\/gummies\/#4_Ihre_Rechte_und_Wahlmoglichkeiten\" >4. seus direitos e escolhas<\/a><\/li><li class='ez-toc-page-1 ez-toc-heading-level-3'><a class=\"ez-toc-link ez-toc-heading-8\" href=\"https:\/\/herbalaproach.com\/pt\/gummies\/#5_Sicherheit_Ihrer_Informationen\" >5. seguran\u00e7a de suas informa\u00e7\u00f5es<\/a><\/li><li class='ez-toc-page-1 ez-toc-heading-level-3'><a class=\"ez-toc-link ez-toc-heading-9\" href=\"https:\/\/herbalaproach.com\/pt\/gummies\/#6_Cookies_und_Tracking-Technologien\" >6. cookies e tecnologias de rastreamento<\/a><\/li><li class='ez-toc-page-1 ez-toc-heading-level-3'><a class=\"ez-toc-link ez-toc-heading-10\" href=\"https:\/\/herbalaproach.com\/pt\/gummies\/#7_Links_zu_Drittanbietern\" >7. links para provedores de terceiros<\/a><\/li><li class='ez-toc-page-1 ez-toc-heading-level-3'><a class=\"ez-toc-link ez-toc-heading-11\" href=\"https:\/\/herbalaproach.com\/pt\/gummies\/#8_Internationale_Datenubertragungen\" >8. transfer\u00eancias internacionais de dados<\/a><\/li><li class='ez-toc-page-1 ez-toc-heading-level-3'><a class=\"ez-toc-link ez-toc-heading-12\" href=\"https:\/\/herbalaproach.com\/pt\/gummies\/#9_Datenschutz_fur_Kinder\" >9. prote\u00e7\u00e3o de dados para crian\u00e7as<\/a><\/li><li class='ez-toc-page-1 ez-toc-heading-level-3'><a class=\"ez-toc-link ez-toc-heading-13\" href=\"https:\/\/herbalaproach.com\/pt\/gummies\/#10_Aktualisierungen_dieser_Datenschutzrichtlinie\" >10. atualiza\u00e7\u00f5es desta pol\u00edtica de privacidade<\/a><\/li><li class='ez-toc-page-1 ez-toc-heading-level-3'><a class=\"ez-toc-link ez-toc-heading-14\" href=\"https:\/\/herbalaproach.com\/pt\/gummies\/#11_Kontaktieren_Sie_uns\" >11. entre em contato conosco<\/a><\/li><\/ul><\/nav><\/div>\n<h3 class=\"wp-block-heading\"><span class=\"ez-toc-section\" id=\"1_Informationen_die_wir_sammeln\"><\/span>1. informa\u00e7\u00f5es que coletamos<span class=\"ez-toc-section-end\"><\/span><\/h3>\n\n\n\n<p>Podemos coletar e processar v\u00e1rios tipos de informa\u00e7\u00f5es para fornecer nossos servi\u00e7os, incluindo, entre outros<\/p>\n\n\n\n<h4 class=\"wp-block-heading\"><span class=\"ez-toc-section\" id=\"a_Personliche_Informationen\"><\/span>a. Informa\u00e7\u00f5es pessoais:<span class=\"ez-toc-section-end\"><\/span><\/h4>\n\n\n\n<ul class=\"wp-block-list\">\n<li><strong>Cria\u00e7\u00e3o de conta<\/strong>Quando voc\u00ea cria uma conta, coletamos seu nome, endere\u00e7o de e-mail, endere\u00e7o postal, n\u00famero de telefone e senha.<\/li>\n\n\n\n<li><strong>Detalhes do pedido<\/strong>Quando voc\u00ea faz uma compra, coletamos informa\u00e7\u00f5es sobre a transa\u00e7\u00e3o, como endere\u00e7os de cobran\u00e7a e envio e informa\u00e7\u00f5es de pagamento.<\/li>\n\n\n\n<li><strong>Verifica\u00e7\u00e3o de idade<\/strong>Como nossos produtos s\u00e3o apenas para adultos, podemos coletar dados de nascimento para verificar sua elegibilidade.<\/li>\n<\/ul>\n\n\n\n<h4 class=\"wp-block-heading\"><span class=\"ez-toc-section\" id=\"b_Nutzungsdaten\"><\/span>b. Dados de uso:<span class=\"ez-toc-section-end\"><\/span><\/h4>\n\n\n\n<ul class=\"wp-block-list\">\n<li><strong>Uso do site<\/strong>Informa\u00e7\u00f5es sobre como voc\u00ea usa nosso site, incluindo p\u00e1ginas visualizadas, artigos clicados, hist\u00f3rico de pesquisa e dura\u00e7\u00e3o da visita.<\/li>\n\n\n\n<li><strong>Informa\u00e7\u00f5es sobre o dispositivo<\/strong>Informa\u00e7\u00f5es sobre o dispositivo e o navegador que voc\u00ea est\u00e1 usando, incluindo endere\u00e7o IP, tipo de navegador e sistema operacional.<\/li>\n<\/ul>\n\n\n\n<h4 class=\"wp-block-heading\"><span class=\"ez-toc-section\" id=\"c_Cookies_und_Tracking-Technologien\"><\/span>c. Cookies e tecnologias de rastreamento:<span class=\"ez-toc-section-end\"><\/span><\/h4>\n\n\n\n<ul class=\"wp-block-list\">\n<li>Usamos cookies, web beacons e outras tecnologias semelhantes para melhorar a funcionalidade do site e para coletar informa\u00e7\u00f5es sobre como os visitantes interagem com o site.<\/li>\n<\/ul>\n\n\n\n<h3 class=\"wp-block-heading\"><span class=\"ez-toc-section\" id=\"2_Wie_wir_Ihre_Informationen_verwenden\"><\/span>2. como usamos suas informa\u00e7\u00f5es<span class=\"ez-toc-section-end\"><\/span><\/h3>\n\n\n\n<p>A HerbalAproach usa suas informa\u00e7\u00f5es para fornecer, melhorar e personalizar sua experi\u00eancia, inclusive:<\/p>\n\n\n\n<ul class=\"wp-block-list\">\n<li><strong>Processamento de pedidos<\/strong>Para processar suas compras, processar pagamentos e entregar produtos.<\/li>\n\n\n\n<li><strong>Suporte ao cliente<\/strong>Para responder \u00e0s suas perguntas, fornecer suporte t\u00e9cnico e melhorar o atendimento ao cliente.<\/li>\n\n\n\n<li><strong>Comunica\u00e7\u00e3o de marketing<\/strong>Para lhe enviar ofertas, boletins informativos e atualiza\u00e7\u00f5es, caso voc\u00ea tenha optado por receb\u00ea-los. Voc\u00ea pode cancelar a assinatura dessas comunica\u00e7\u00f5es a qualquer momento.<\/li>\n\n\n\n<li><strong>Otimiza\u00e7\u00e3o de sites<\/strong>Para analisar tend\u00eancias, administrar o site, rastrear os movimentos dos usu\u00e1rios e melhorar o desempenho do nosso site.<\/li>\n\n\n\n<li><strong>Conformidade com as normas legais<\/strong>Para cumprir as leis, os regulamentos e as solicita\u00e7\u00f5es de \u00f3rg\u00e3os de aplica\u00e7\u00e3o da lei aplic\u00e1veis.<\/li>\n<\/ul>\n\n\n\n<h3 class=\"wp-block-heading\"><span class=\"ez-toc-section\" id=\"3_Weitergabe_und_Offenlegung_Ihrer_Informationen\"><\/span>3. compartilhamento e divulga\u00e7\u00e3o de suas informa\u00e7\u00f5es<span class=\"ez-toc-section-end\"><\/span><\/h3>\n\n\n\n<p>Podemos divulgar seus dados pessoais a terceiros nos seguintes casos:<\/p>\n\n\n\n<ul class=\"wp-block-list\">\n<li><strong>Provedor de servi\u00e7os<\/strong>Com fornecedores terceirizados que nos ajudam a fornecer nossos servi\u00e7os, inclusive processamento de pagamentos, remessa, an\u00e1lise e marketing.<\/li>\n\n\n\n<li><strong>Obriga\u00e7\u00f5es legais<\/strong>Quando exigido por lei, por exemplo, em resposta a uma intima\u00e7\u00e3o, ordem judicial ou outro processo legal.<\/li>\n\n\n\n<li><strong>Transfer\u00eancias de empresas<\/strong>No caso de uma fus\u00e3o, aquisi\u00e7\u00e3o ou venda de ativos, suas informa\u00e7\u00f5es poder\u00e3o ser transferidas para a nova entidade.<\/li>\n<\/ul>\n\n\n\n<p>N\u00e3o vendemos ou alugamos seus dados pessoais a terceiros.<\/p>\n\n\n\n<h3 class=\"wp-block-heading\"><span class=\"ez-toc-section\" id=\"4_Ihre_Rechte_und_Wahlmoglichkeiten\"><\/span>4. seus direitos e escolhas<span class=\"ez-toc-section-end\"><\/span><\/h3>\n\n\n\n<p>Dependendo da sua localiza\u00e7\u00e3o, voc\u00ea pode ter os seguintes direitos em rela\u00e7\u00e3o aos seus dados pessoais:<\/p>\n\n\n\n<ul class=\"wp-block-list\">\n<li><strong>Acesso<\/strong>Voc\u00ea pode solicitar uma c\u00f3pia dos dados pessoais que mantemos sobre voc\u00ea.<\/li>\n\n\n\n<li><strong>Corre\u00e7\u00e3o<\/strong>Voc\u00ea pode atualizar ou corrigir imprecis\u00f5es em seus dados pessoais.<\/li>\n\n\n\n<li><strong>Cancelamento<\/strong>Voc\u00ea pode solicitar a exclus\u00e3o de seus dados pessoais, sujeito a determinadas restri\u00e7\u00f5es legais.<\/li>\n\n\n\n<li><strong>Cancelar a assinatura do marketing<\/strong>Voc\u00ea pode optar por n\u00e3o receber comunica\u00e7\u00f5es de marketing seguindo as instru\u00e7\u00f5es de cancelamento de inscri\u00e7\u00e3o em nossos e-mails de marketing.<\/li>\n<\/ul>\n\n\n\n<p>Para exercer qualquer um desses direitos, entre em contato conosco pelo e-mail herbalaproach@gmail.com.<\/p>\n\n\n\n<h3 class=\"wp-block-heading\"><span class=\"ez-toc-section\" id=\"5_Sicherheit_Ihrer_Informationen\"><\/span>5. seguran\u00e7a de suas informa\u00e7\u00f5es<span class=\"ez-toc-section-end\"><\/span><\/h3>\n\n\n\n<p>Usamos medidas padr\u00e3o do setor para proteger seus dados. Entretanto, nenhum m\u00e9todo de transmiss\u00e3o pela Internet ou m\u00e9todo de armazenamento eletr\u00f4nico \u00e9 100% seguro. Embora nos esforcemos para proteger seus dados, n\u00e3o podemos garantir sua seguran\u00e7a absoluta.<\/p>\n\n\n\n<h3 class=\"wp-block-heading\"><span class=\"ez-toc-section\" id=\"6_Cookies_und_Tracking-Technologien\"><\/span>6. cookies e tecnologias de rastreamento<span class=\"ez-toc-section-end\"><\/span><\/h3>\n\n\n\n<p>Nosso site usa cookies para melhorar sua experi\u00eancia e analisar o tr\u00e1fego do site. Os cookies nos ajudam a reconhecer os visitantes que retornam e a coletar dados de uso do site para aprimorar nossos servi\u00e7os. Voc\u00ea pode gerenciar suas configura\u00e7\u00f5es de cookies no navegador.<\/p>\n\n\n\n<h3 class=\"wp-block-heading\"><span class=\"ez-toc-section\" id=\"7_Links_zu_Drittanbietern\"><\/span>7. links para provedores de terceiros<span class=\"ez-toc-section-end\"><\/span><\/h3>\n\n\n\n<p>Nosso site pode conter links para sites de terceiros. A HerbalAproach n\u00e3o \u00e9 respons\u00e1vel pelas pr\u00e1ticas de privacidade ou pelo conte\u00fado desses sites. Recomendamos que voc\u00ea analise as pol\u00edticas de privacidade dos sites de terceiros que visitar.<\/p>\n\n\n\n<h3 class=\"wp-block-heading\"><span class=\"ez-toc-section\" id=\"8_Internationale_Datenubertragungen\"><\/span>8. transfer\u00eancias internacionais de dados<span class=\"ez-toc-section-end\"><\/span><\/h3>\n\n\n\n<p>Se voc\u00ea acessar nosso site de fora da Europa, observe que seus dados podem ser transferidos, armazenados e processados em outro pa\u00eds onde nossos servidores est\u00e3o localizados. Ao usar nosso site, voc\u00ea concorda com a transfer\u00eancia de seus dados para nossas instala\u00e7\u00f5es e para terceiros, de acordo com esta pol\u00edtica.<\/p>\n\n\n\n<h3 class=\"wp-block-heading\"><span class=\"ez-toc-section\" id=\"9_Datenschutz_fur_Kinder\"><\/span>9. prote\u00e7\u00e3o de dados para crian\u00e7as<span class=\"ez-toc-section-end\"><\/span><\/h3>\n\n\n\n<p>A HerbalAproach n\u00e3o coleta nem solicita intencionalmente informa\u00e7\u00f5es pessoais de crian\u00e7as com menos de 18 anos de idade. Nossos servi\u00e7os s\u00e3o destinados ao uso exclusivo de adultos.<\/p>\n\n\n\n<h3 class=\"wp-block-heading\"><span class=\"ez-toc-section\" id=\"10_Aktualisierungen_dieser_Datenschutzrichtlinie\"><\/span>10. atualiza\u00e7\u00f5es desta pol\u00edtica de privacidade<span class=\"ez-toc-section-end\"><\/span><\/h3>\n\n\n\n<p>Poderemos atualizar esta Pol\u00edtica de Privacidade de tempos em tempos para refletir mudan\u00e7as em nossas pr\u00e1ticas ou requisitos legais. Recomendamos que voc\u00ea revise esta pol\u00edtica sempre que visitar nosso site para estar ciente de nossas pr\u00e1ticas de dados.<\/p>\n\n\n\n<h3 class=\"wp-block-heading\"><span class=\"ez-toc-section\" id=\"11_Kontaktieren_Sie_uns\"><\/span>11. entre em contato conosco<span class=\"ez-toc-section-end\"><\/span><\/h3>\n\n\n\n<p>Em caso de d\u00favidas ou preocupa\u00e7\u00f5es sobre esta Pol\u00edtica de Privacidade, entre em contato conosco:<\/p>\n\n\n\n<ul class=\"wp-block-list\">\n<li><strong>e-mail<\/strong>: herbalaproach@gmail.com<\/li>\n<\/ul>","protected":false},"excerpt":{"rendered":"<p>Willkommen auf HerbalAproach.com. Bei HerbalAproach respektieren wir Ihre Privatsph\u00e4re und verpflichten uns, Ihre pers\u00f6nlichen Daten zu sch\u00fctzen. Diese Datenschutzrichtlinie erkl\u00e4rt, welche Informationen wir sammeln, wie wir sie verwenden und welche Wahlm\u00f6glichkeiten Sie in Bezug auf Ihre Informationen haben. Bitte lesen Sie diese Richtlinie sorgf\u00e4ltig durch, da die Nutzung unserer Website Ihre Zustimmung zu diesen Praktiken [&hellip;]<\/p>\n","protected":false},"author":1,"featured_media":0,"parent":0,"menu_order":0,"comment_status":"closed","ping_status":"open","template":"","meta":{"ocean_post_layout":"","ocean_both_sidebars_style":"","ocean_both_sidebars_content_width":0,"ocean_both_sidebars_sidebars_width":0,"ocean_sidebar":"","ocean_second_sidebar":"","ocean_disable_margins":"enable","ocean_add_body_class":"","ocean_shortcode_before_top_bar":"","ocean_shortcode_after_top_bar":"","ocean_shortcode_before_header":"","ocean_shortcode_after_header":"","ocean_has_shortcode":"","ocean_shortcode_after_title":"","ocean_shortcode_before_footer_widgets":"","ocean_shortcode_after_footer_widgets":"","ocean_shortcode_before_footer_bottom":"","ocean_shortcode_after_footer_bottom":"","ocean_display_top_bar":"default","ocean_display_header":"default","ocean_header_style":"","ocean_center_header_left_menu":"","ocean_custom_header_template":"","ocean_custom_logo":0,"ocean_custom_retina_logo":0,"ocean_custom_logo_max_width":0,"ocean_custom_logo_tablet_max_width":0,"ocean_custom_logo_mobile_max_width":0,"ocean_custom_logo_max_height":0,"ocean_custom_logo_tablet_max_height":0,"ocean_custom_logo_mobile_max_height":0,"ocean_header_custom_menu":"","ocean_menu_typo_font_family":"","ocean_menu_typo_font_subset":"","ocean_menu_typo_font_size":0,"ocean_menu_typo_font_size_tablet":0,"ocean_menu_typo_font_size_mobile":0,"ocean_menu_typo_font_size_unit":"px","ocean_menu_typo_font_weight":"","ocean_menu_typo_font_weight_tablet":"","ocean_menu_typo_font_weight_mobile":"","ocean_menu_typo_transform":"","ocean_menu_typo_transform_tablet":"","ocean_menu_typo_transform_mobile":"","ocean_menu_typo_line_height":0,"ocean_menu_typo_line_height_tablet":0,"ocean_menu_typo_line_height_mobile":0,"ocean_menu_typo_line_height_unit":"","ocean_menu_typo_spacing":0,"ocean_menu_typo_spacing_tablet":0,"ocean_menu_typo_spacing_mobile":0,"ocean_menu_typo_spacing_unit":"","ocean_menu_link_color":"","ocean_menu_link_color_hover":"","ocean_menu_link_color_active":"","ocean_menu_link_background":"","ocean_menu_link_hover_background":"","ocean_menu_link_active_background":"","ocean_menu_social_links_bg":"","ocean_menu_social_hover_links_bg":"","ocean_menu_social_links_color":"","ocean_menu_social_hover_links_color":"","ocean_disable_title":"default","ocean_disable_heading":"default","ocean_post_title":"","ocean_post_subheading":"","ocean_post_title_style":"","ocean_post_title_background_color":"","ocean_post_title_background":0,"ocean_post_title_bg_image_position":"","ocean_post_title_bg_image_attachment":"","ocean_post_title_bg_image_repeat":"","ocean_post_title_bg_image_size":"","ocean_post_title_height":0,"ocean_post_title_bg_overlay":0.5,"ocean_post_title_bg_overlay_color":"","ocean_disable_breadcrumbs":"default","ocean_breadcrumbs_color":"","ocean_breadcrumbs_separator_color":"","ocean_breadcrumbs_links_color":"","ocean_breadcrumbs_links_hover_color":"","ocean_display_footer_widgets":"default","ocean_display_footer_bottom":"default","ocean_custom_footer_template":"","footnotes":""},"class_list":["post-3","page","type-page","status-publish","hentry","entry","owp-thumbs-layout-horizontal","owp-btn-normal","owp-tabs-layout-horizontal","has-no-thumbnails","has-product-nav"],"_links":{"self":[{"href":"https:\/\/herbalaproach.com\/pt\/wp-json\/wp\/v2\/pages\/3","targetHints":{"allow":["GET"]}}],"collection":[{"href":"https:\/\/herbalaproach.com\/pt\/wp-json\/wp\/v2\/pages"}],"about":[{"href":"https:\/\/herbalaproach.com\/pt\/wp-json\/wp\/v2\/types\/page"}],"author":[{"embeddable":true,"href":"https:\/\/herbalaproach.com\/pt\/wp-json\/wp\/v2\/users\/1"}],"replies":[{"embeddable":true,"href":"https:\/\/herbalaproach.com\/pt\/wp-json\/wp\/v2\/comments?post=3"}],"version-history":[{"count":2,"href":"https:\/\/herbalaproach.com\/pt\/wp-json\/wp\/v2\/pages\/3\/revisions"}],"predecessor-version":[{"id":1298,"href":"https:\/\/herbalaproach.com\/pt\/wp-json\/wp\/v2\/pages\/3\/revisions\/1298"}],"wp:attachment":[{"href":"https:\/\/herbalaproach.com\/pt\/wp-json\/wp\/v2\/media?parent=3"}],"curies":[{"name":"wp","href":"https:\/\/api.w.org\/{rel}","templated":true}]}}