{"id":1236,"date":"2024-10-24T22:25:27","date_gmt":"2024-10-24T21:25:27","guid":{"rendered":"https:\/\/herbalaproach.com\/?post_type=product&#038;p=1236"},"modified":"2024-10-24T22:27:51","modified_gmt":"2024-10-24T21:27:51","slug":"blue-meanie","status":"publish","type":"product","link":"https:\/\/herbalaproach.com\/pt\/product\/blue-meanie\/","title":{"rendered":"Blue Meanie"},"content":{"rendered":"<p>O nome dessa variedade vem da colora\u00e7\u00e3o azul pronunciada que se forma ao redor das tampas. Essa descolora\u00e7\u00e3o ocorre em todos os cogumelos que cont\u00eam psilocibina, mas \u00e9 mais percept\u00edvel em variedades maiores e de cor mais clara, como essa. Os Blue Meanies s\u00e3o conhecidos por produzir muitos frutos e s\u00e3o facilmente machucados (azulados) em contato f\u00edsico. Espere uma intensidade acima da m\u00e9dia em compara\u00e7\u00e3o com outras variedades de cogumelos Cubensis.<\/p>\n<h3>Como usar<\/h3>\n<ul>\n<li><b><strong>Crua:<\/strong><\/b> Coma-os crus do saco, mastigando bem para extrair o m\u00e1ximo poss\u00edvel de psilocibina. Dessa forma, voc\u00ea obt\u00e9m todos os sabores associados aos cogumelos. Doses mais altas podem causar n\u00e1usea.<\/li>\n<li><b><strong>Prepare um ch\u00e1:<\/strong><\/b> Adicione a dose desejada a 1-1,5 x\u00edcaras de \u00e1gua e ferva por 10 minutos. Se desejar, voc\u00ea pode adicionar outras ervas deliciosas para deixar o ch\u00e1 mais saboroso, por exemplo, adicionando o <a href=\"https:\/\/herbalaproach.com\/pt\/\">Cogumelos<\/a> em uma mistura de ch\u00e1 chai. O efeito \u00e9 mais r\u00e1pido do que quando se come cogumelos crus e h\u00e1 relatos de que h\u00e1 menos n\u00e1usea.<\/li>\n<li><b><strong>Lemon tek:<\/strong><\/b> Moa a dose desejada at\u00e9 formar um p\u00f3 e coloque em uma x\u00edcara ou tigela pequena. Adicione o suco de 1 a 2 lim\u00f5es at\u00e9 que os cogumelos estejam cobertos de suco de lim\u00e3o. Deixe descansar por 15 a 20 minutos. Consumir completamente. Funciona mais r\u00e1pido, mais forte e, segundo relatos, com muito menos n\u00e1usea.<\/li>\n<li><b><strong>Com alimentos:<\/strong><\/b> Pizza, PB &amp; J, batatas fritas ou em um smoothie - as possibilidades s\u00e3o infinitas! Pegue alguns cogumelos secos e coma com seu lanche favorito.<\/li>\n<\/ul>\n<h3>Dosagem<\/h3>\n<ul>\n<li><b><strong>0-0.25g:<\/strong><\/b> Uma microdose; efeitos psicod\u00e9licos muito sutis. Sem impress\u00f5es visuais, sem mudan\u00e7as vis\u00edveis, sem perda de controle. Experimente a melhora do humor, a redu\u00e7\u00e3o da ansiedade, a melhora do estado de alerta mental e dos n\u00edveis de energia.<\/li>\n<\/ul>\n<p><b><strong>Macrodose -<\/strong><\/b><\/p>\n<ul>\n<li><b><strong>0.25-0.5g:<\/strong><\/b> Um aumento; efeitos psicod\u00e9licos mais pronunciados; possivelmente coordena\u00e7\u00e3o e controle motor alterados, vis\u00e3o e humor alterados, aumento da energia, risadas, pensamentos perspicazes, ideias e reconhecimento de padr\u00f5es.<\/li>\n<\/ul>\n<p><b><strong>Dose de luz -<\/strong><\/b><\/p>\n<ul>\n<li><b><strong>0,5-1g:<\/strong><\/b> Uma experi\u00eancia psicoativa; efeitos psicod\u00e9licos pronunciados e \u00f3bvios; pode levar \u00e0 altera\u00e7\u00e3o da vis\u00e3o, das emo\u00e7\u00f5es e do humor, a uma mudan\u00e7a significativa no controle motor, coordena\u00e7\u00e3o prejudicada, habilidades musicais sobre-humanas, humor absurdo e desejo de se envolver em atividades art\u00edsticas.<\/li>\n<\/ul>\n<p><b><strong>Dose usual -<\/strong><\/b><\/p>\n<ul>\n<li><b><strong>1-2g:<\/strong><\/b> Voc\u00ea est\u00e1 pronto para se abrir para uma experi\u00eancia psicod\u00e9lica. Mas! Voc\u00ea quer ser cuidadoso. O Beginner's Paradise pode ser o lugar ideal para voc\u00ea. Espere uma euforia f\u00edsica, conversas profundas, risadas e boas vibra\u00e7\u00f5es. Certifique-se de estar no ambiente certo e com as pessoas certas e voc\u00ea ter\u00e1 uma introdu\u00e7\u00e3o amig\u00e1vel aos psicod\u00e9licos.<\/li>\n<\/ul>\n<p><b><strong>Dose forte -<\/strong><\/b><\/p>\n<ul>\n<li><b><strong>2.5-5g:<\/strong><\/b> \u00c9 isso a\u00ed! A cl\u00e1ssica viagem psicod\u00e9lica de que voc\u00ea sempre ouviu falar. \u00c0s vezes, parece um turbilh\u00e3o. Outras vezes, voc\u00ea se sente muito mais no controle durante a viagem. Durante uma viagem psicod\u00e9lica, voc\u00ea sentir\u00e1, pensar\u00e1 e perceber\u00e1 coisas novas. Quaisquer que sejam as percep\u00e7\u00f5es obtidas em sua viagem com o cogumelo psilocibina, mantenha-as em mente e leve-as com voc\u00ea.<\/li>\n<\/ul>\n<p><b><strong>Dose her\u00f3ica:<\/strong><\/b><\/p>\n<ul>\n<li><b><strong>5g+:<\/strong><\/b> Algumas pessoas t\u00eam experi\u00eancia no mundo m\u00e1gico da <a href=\"https:\/\/www.youtube.com\/watch?v=m2hCjGP4plU\" target=\"_blank\" rel=\"noopener\">Psicod\u00e9licos<\/a>. Eles atingiram um n\u00edvel em que est\u00e3o familiarizados com a viagem cl\u00e1ssica. Talvez queiram experimentar uma dose maior. H\u00e1 hist\u00f3rias sobre a morte do ego, a conex\u00e3o com o universo e a experi\u00eancia de uma euforia muito intensa. N\u00e3o importa o que voc\u00ea fa\u00e7a, n\u00e3o use uma dose alta para escapar. Use-a como um complemento para sua vida. Converse com psiconautas experientes e certifique-se de estar em um bom estado mental quando decidir voar com as estrelas.<\/li>\n<\/ul>\n<p><b><strong>Observa\u00e7\u00e3o: A dose e o efeito variam de pessoa para pessoa.<\/strong><\/b> <b><strong>Se voc\u00ea nunca consumiu cogumelos antes, \u00e9 melhor come\u00e7ar com a menor dose poss\u00edvel para obter o efeito desejado e aumentar lentamente a partir da\u00ed.<\/strong><\/b><\/p>","protected":false},"excerpt":{"rendered":"<p>Der Name dieser Sorte kommt von der ausgepr\u00e4gten blauen F\u00e4rbung, die sich um die Kappen bildet. Diese Verf\u00e4rbung tritt bei allen psilocybinhaltigen Pilzen auf, ist aber bei gr\u00f6\u00dferen und hellen Sorten wie dieser auff\u00e4lliger. Blue Meanies sind daf\u00fcr bekannt, dass sie sehr viele Fr\u00fcchte tragen und bei physischem Kontakt leicht gequetscht werden (Blueing). Erwarten Sie [&hellip;]<\/p>\n","protected":false},"featured_media":1237,"comment_status":"open","ping_status":"closed","template":"","meta":{"ocean_post_layout":"","ocean_both_sidebars_style":"","ocean_both_sidebars_content_width":0,"ocean_both_sidebars_sidebars_width":0,"ocean_sidebar":"0","ocean_second_sidebar":"0","ocean_disable_margins":"enable","ocean_add_body_class":"","ocean_shortcode_before_top_bar":"","ocean_shortcode_after_top_bar":"","ocean_shortcode_before_header":"","ocean_shortcode_after_header":"","ocean_has_shortcode":"","ocean_shortcode_after_title":"","ocean_shortcode_before_footer_widgets":"","ocean_shortcode_after_footer_widgets":"","ocean_shortcode_before_footer_bottom":"","ocean_shortcode_after_footer_bottom":"","ocean_display_top_bar":"default","ocean_display_header":"default","ocean_header_style":"","ocean_center_header_left_menu":"0","ocean_custom_header_template":"0","ocean_custom_logo":0,"ocean_custom_retina_logo":0,"ocean_custom_logo_max_width":0,"ocean_custom_logo_tablet_max_width":0,"ocean_custom_logo_mobile_max_width":0,"ocean_custom_logo_max_height":0,"ocean_custom_logo_tablet_max_height":0,"ocean_custom_logo_mobile_max_height":0,"ocean_header_custom_menu":"0","ocean_menu_typo_font_family":"0","ocean_menu_typo_font_subset":"","ocean_menu_typo_font_size":0,"ocean_menu_typo_font_size_tablet":0,"ocean_menu_typo_font_size_mobile":0,"ocean_menu_typo_font_size_unit":"px","ocean_menu_typo_font_weight":"","ocean_menu_typo_font_weight_tablet":"","ocean_menu_typo_font_weight_mobile":"","ocean_menu_typo_transform":"","ocean_menu_typo_transform_tablet":"","ocean_menu_typo_transform_mobile":"","ocean_menu_typo_line_height":0,"ocean_menu_typo_line_height_tablet":0,"ocean_menu_typo_line_height_mobile":0,"ocean_menu_typo_line_height_unit":"","ocean_menu_typo_spacing":0,"ocean_menu_typo_spacing_tablet":0,"ocean_menu_typo_spacing_mobile":0,"ocean_menu_typo_spacing_unit":"","ocean_menu_link_color":"","ocean_menu_link_color_hover":"","ocean_menu_link_color_active":"","ocean_menu_link_background":"","ocean_menu_link_hover_background":"","ocean_menu_link_active_background":"","ocean_menu_social_links_bg":"","ocean_menu_social_hover_links_bg":"","ocean_menu_social_links_color":"","ocean_menu_social_hover_links_color":"","ocean_disable_title":"default","ocean_disable_heading":"default","ocean_post_title":"","ocean_post_subheading":"","ocean_post_title_style":"","ocean_post_title_background_color":"","ocean_post_title_background":0,"ocean_post_title_bg_image_position":"","ocean_post_title_bg_image_attachment":"","ocean_post_title_bg_image_repeat":"","ocean_post_title_bg_image_size":"","ocean_post_title_height":0,"ocean_post_title_bg_overlay":0.5,"ocean_post_title_bg_overlay_color":"","ocean_disable_breadcrumbs":"default","ocean_breadcrumbs_color":"","ocean_breadcrumbs_separator_color":"","ocean_breadcrumbs_links_color":"","ocean_breadcrumbs_links_hover_color":"","ocean_display_footer_widgets":"default","ocean_display_footer_bottom":"default","ocean_custom_footer_template":"0"},"product_brand":[],"product_cat":[54],"product_tag":[],"class_list":{"0":"post-1236","1":"product","2":"type-product","3":"status-publish","4":"has-post-thumbnail","6":"product_cat-magische-pilze","8":"entry","9":"has-media","11":"first","12":"instock","13":"shipping-taxable","14":"product-type-simple","15":"has-product-nav","16":"col","17":"span_1_of_3","18":"owp-content-center","19":"owp-thumbs-layout-horizontal","20":"owp-btn-normal","21":"owp-tabs-layout-horizontal","22":"has-no-thumbnails"},"_links":{"self":[{"href":"https:\/\/herbalaproach.com\/pt\/wp-json\/wp\/v2\/product\/1236","targetHints":{"allow":["GET"]}}],"collection":[{"href":"https:\/\/herbalaproach.com\/pt\/wp-json\/wp\/v2\/product"}],"about":[{"href":"https:\/\/herbalaproach.com\/pt\/wp-json\/wp\/v2\/types\/product"}],"replies":[{"embeddable":true,"href":"https:\/\/herbalaproach.com\/pt\/wp-json\/wp\/v2\/comments?post=1236"}],"wp:featuredmedia":[{"embeddable":true,"href":"https:\/\/herbalaproach.com\/pt\/wp-json\/wp\/v2\/media\/1237"}],"wp:attachment":[{"href":"https:\/\/herbalaproach.com\/pt\/wp-json\/wp\/v2\/media?parent=1236"}],"wp:term":[{"taxonomy":"product_brand","embeddable":true,"href":"https:\/\/herbalaproach.com\/pt\/wp-json\/wp\/v2\/product_brand?post=1236"},{"taxonomy":"product_cat","embeddable":true,"href":"https:\/\/herbalaproach.com\/pt\/wp-json\/wp\/v2\/product_cat?post=1236"},{"taxonomy":"product_tag","embeddable":true,"href":"https:\/\/herbalaproach.com\/pt\/wp-json\/wp\/v2\/product_tag?post=1236"}],"curies":[{"name":"wp","href":"https:\/\/api.w.org\/{rel}","templated":true}]}}