{"id":1247,"date":"2024-10-25T12:22:34","date_gmt":"2024-10-25T11:22:34","guid":{"rendered":"https:\/\/herbalaproach.com\/?post_type=product&#038;p=1247"},"modified":"2024-10-25T12:24:52","modified_gmt":"2024-10-25T11:24:52","slug":"slimming-gummies","status":"publish","type":"product","link":"https:\/\/herbalaproach.com\/pt\/product\/slimming-gummies\/","title":{"rendered":"gomas de emagrecimento - Blueberry THC Infused Gummies"},"content":{"rendered":"<p>Gummies para emagrecimento Cada embalagem cont\u00e9m ingredientes de alta qualidade, de origem \u00e9tica, veganos e org\u00e2nicos. Nossos produtos testados em laborat\u00f3rio oferecem um m\u00e9todo de administra\u00e7\u00e3o consistente para tomar <a href=\"https:\/\/herbalaproach.com\/pt\/\">Cannabis<\/a>. Agora relaxe, coloque seus p\u00e9s para cima e aproveite o que a M\u00e3e Natureza tem a oferecer!<\/p>\n<h2>Detalhes da produ\u00e7\u00e3o<\/h2>\n<p>Tamanho da por\u00e7\u00e3o: 1 goma<\/p>\n<p>Por\u00e7\u00f5es por recipiente: 4<\/p>\n<p>Quantidade de THC por por\u00e7\u00e3o: 250 mg de THC<\/p>\n<p>Sabor: Mirtilo<\/p>\n<h2>Como usar<\/h2>\n<p>Caso queira aumentar a marcha, essas borrachas s\u00e3o realmente resistentes<\/p>\n<p>Comece com 125 mg de THC (metade de uma goma). Nossas gomas de THC s\u00e3o produtos (realmente) fortes. Recomendamos come\u00e7ar com pouco e ir devagar. Em alguns casos, leva at\u00e9 2 horas para que os efeitos apare\u00e7am, portanto, confie no processo.<\/p>\n<p>Doses mais baixas ajudam a minimizar a ansiedade e a <a href=\"https:\/\/www.youtube.com\/watch?v=fQZwVNbP0ME\" target=\"_blank\" rel=\"noopener\">Depress\u00e3o<\/a> melhoram o apetite e ativam os receptores de dopamina. Doses mais altas ajudam a tratar a dor e a inflama\u00e7\u00e3o, melhoram o sono e reduzem a ins\u00f4nia. Embora doses baixas de THC tenham sido estudadas para aliviar a ansiedade, doses mais altas podem imitar efeitos (batimento card\u00edaco acelerado, boca seca, intoxica\u00e7\u00e3o) que podem ser sentidos como ansiedade.<\/p>\n<h2>Ingrediente<\/h2>\n<p>Extrato de c\u00farcuma, extrato de gengibre, vinagre de cidra de ma\u00e7\u00e3, suco de frutas, pectina, \u00e1cido c\u00edtrico, goma guar, extrato de cannabis THC,<\/p>","protected":false},"excerpt":{"rendered":"<div class=\"woocommerce-product-details__short-description\">\n<p>1000 mg de THC<\/p>\n<\/div>","protected":false},"featured_media":1248,"comment_status":"open","ping_status":"closed","template":"","meta":{"ocean_post_layout":"","ocean_both_sidebars_style":"","ocean_both_sidebars_content_width":0,"ocean_both_sidebars_sidebars_width":0,"ocean_sidebar":"0","ocean_second_sidebar":"0","ocean_disable_margins":"enable","ocean_add_body_class":"","ocean_shortcode_before_top_bar":"","ocean_shortcode_after_top_bar":"","ocean_shortcode_before_header":"","ocean_shortcode_after_header":"","ocean_has_shortcode":"","ocean_shortcode_after_title":"","ocean_shortcode_before_footer_widgets":"","ocean_shortcode_after_footer_widgets":"","ocean_shortcode_before_footer_bottom":"","ocean_shortcode_after_footer_bottom":"","ocean_display_top_bar":"default","ocean_display_header":"default","ocean_header_style":"","ocean_center_header_left_menu":"0","ocean_custom_header_template":"0","ocean_custom_logo":0,"ocean_custom_retina_logo":0,"ocean_custom_logo_max_width":0,"ocean_custom_logo_tablet_max_width":0,"ocean_custom_logo_mobile_max_width":0,"ocean_custom_logo_max_height":0,"ocean_custom_logo_tablet_max_height":0,"ocean_custom_logo_mobile_max_height":0,"ocean_header_custom_menu":"0","ocean_menu_typo_font_family":"0","ocean_menu_typo_font_subset":"","ocean_menu_typo_font_size":0,"ocean_menu_typo_font_size_tablet":0,"ocean_menu_typo_font_size_mobile":0,"ocean_menu_typo_font_size_unit":"px","ocean_menu_typo_font_weight":"","ocean_menu_typo_font_weight_tablet":"","ocean_menu_typo_font_weight_mobile":"","ocean_menu_typo_transform":"","ocean_menu_typo_transform_tablet":"","ocean_menu_typo_transform_mobile":"","ocean_menu_typo_line_height":0,"ocean_menu_typo_line_height_tablet":0,"ocean_menu_typo_line_height_mobile":0,"ocean_menu_typo_line_height_unit":"","ocean_menu_typo_spacing":0,"ocean_menu_typo_spacing_tablet":0,"ocean_menu_typo_spacing_mobile":0,"ocean_menu_typo_spacing_unit":"","ocean_menu_link_color":"","ocean_menu_link_color_hover":"","ocean_menu_link_color_active":"","ocean_menu_link_background":"","ocean_menu_link_hover_background":"","ocean_menu_link_active_background":"","ocean_menu_social_links_bg":"","ocean_menu_social_hover_links_bg":"","ocean_menu_social_links_color":"","ocean_menu_social_hover_links_color":"","ocean_disable_title":"default","ocean_disable_heading":"default","ocean_post_title":"","ocean_post_subheading":"","ocean_post_title_style":"","ocean_post_title_background_color":"","ocean_post_title_background":0,"ocean_post_title_bg_image_position":"","ocean_post_title_bg_image_attachment":"","ocean_post_title_bg_image_repeat":"","ocean_post_title_bg_image_size":"","ocean_post_title_height":0,"ocean_post_title_bg_overlay":0.5,"ocean_post_title_bg_overlay_color":"","ocean_disable_breadcrumbs":"default","ocean_breadcrumbs_color":"","ocean_breadcrumbs_separator_color":"","ocean_breadcrumbs_links_color":"","ocean_breadcrumbs_links_hover_color":"","ocean_display_footer_widgets":"default","ocean_display_footer_bottom":"default","ocean_custom_footer_template":"0"},"product_brand":[],"product_cat":[61],"product_tag":[68],"class_list":{"0":"post-1247","1":"product","2":"type-product","3":"status-publish","4":"has-post-thumbnail","6":"product_cat-essbar","7":"product_tag-slimming-gummies","9":"entry","10":"has-media","12":"first","13":"instock","14":"sale","15":"shipping-taxable","16":"purchasable","17":"product-type-simple","18":"has-product-nav","19":"col","20":"span_1_of_3","21":"owp-content-center","22":"owp-thumbs-layout-horizontal","23":"owp-btn-normal","24":"owp-tabs-layout-horizontal","25":"has-no-thumbnails"},"_links":{"self":[{"href":"https:\/\/herbalaproach.com\/pt\/wp-json\/wp\/v2\/product\/1247","targetHints":{"allow":["GET"]}}],"collection":[{"href":"https:\/\/herbalaproach.com\/pt\/wp-json\/wp\/v2\/product"}],"about":[{"href":"https:\/\/herbalaproach.com\/pt\/wp-json\/wp\/v2\/types\/product"}],"replies":[{"embeddable":true,"href":"https:\/\/herbalaproach.com\/pt\/wp-json\/wp\/v2\/comments?post=1247"}],"wp:featuredmedia":[{"embeddable":true,"href":"https:\/\/herbalaproach.com\/pt\/wp-json\/wp\/v2\/media\/1248"}],"wp:attachment":[{"href":"https:\/\/herbalaproach.com\/pt\/wp-json\/wp\/v2\/media?parent=1247"}],"wp:term":[{"taxonomy":"product_brand","embeddable":true,"href":"https:\/\/herbalaproach.com\/pt\/wp-json\/wp\/v2\/product_brand?post=1247"},{"taxonomy":"product_cat","embeddable":true,"href":"https:\/\/herbalaproach.com\/pt\/wp-json\/wp\/v2\/product_cat?post=1247"},{"taxonomy":"product_tag","embeddable":true,"href":"https:\/\/herbalaproach.com\/pt\/wp-json\/wp\/v2\/product_tag?post=1247"}],"curies":[{"name":"wp","href":"https:\/\/api.w.org\/{rel}","templated":true}]}}