{"id":1249,"date":"2024-10-25T12:47:52","date_gmt":"2024-10-25T11:47:52","guid":{"rendered":"https:\/\/herbalaproach.com\/?post_type=product&#038;p=1249"},"modified":"2024-10-25T12:49:42","modified_gmt":"2024-10-25T11:49:42","slug":"hhc-gummies","status":"publish","type":"product","link":"https:\/\/herbalaproach.com\/pt\/product\/hhc-gummies\/","title":{"rendered":"Gomas de goma com mistura de euforia PharmaTHC"},"content":{"rendered":"<p class=\"serp-title\">Gummies HHC Relaxe como se n\u00e3o precisasse se preocupar com nada no mundo, com <a href=\"https:\/\/herbalaproach.com\/pt\/\">PharmaTHC<\/a> Euphoria Blend Gummies - Caribbean Fruit Cocktail (4000 mg de canabin\u00f3ides no total). Saboreie o coco suave e as frutas doces da ilha que dan\u00e7am na l\u00edngua enquanto o extrato de cannabis de alta qualidade relaxa a mente. Cada goma vegana cont\u00e9m quatro gramas de a\u00e7\u00facar e apenas vinte e cinco calorias. D\u00ea uma mordida e prepare-se para estar na hora da ilha.<\/p>\n<p>A PharmaTHC equilibrou perfeitamente o Delta 8, o Delta 9, o Delta 10 e o HHC para criar um estado mental elevado que muitos chamam de euforia total. Esse conjunto foi combinado com sabores que, juntos, criam um o\u00e1sis psicoativo de relaxamento.<\/p>\n<p>Cada embalagem cont\u00e9m 20 ursinhos de goma, cada um contendo 75 miligramas de Delta 8, 20 miligramas de Delta 9, 15 miligramas de Delta 10 e 90 miligramas de HHC. Elas s\u00e3o feitas com destilados de espectro total derivados do c\u00e2nhamo cultivado nos EUA, portanto n\u00e3o t\u00eam sabor de maconha!<\/p>\n<h2>Vantagens das gomas HHC:<\/h2>\n<p>Os usu\u00e1rios de cannabis relatam uma experi\u00eancia psicoativa muito forte, seguida de relaxamento profundo e letargia. Outros relatam um humor elevado e uma sensa\u00e7\u00e3o de calma, mesmo em situa\u00e7\u00f5es sociais. Alguns benef\u00edcios comuns dessa combina\u00e7\u00e3o exclusiva de canabinoides s\u00e3o:<\/p>\n<p>Al\u00edvio da dor<br \/>\nMelhoria do sono<br \/>\nRedu\u00e7\u00e3o do estresse<br \/>\nMenos ansiedade social<br \/>\nEfeito anti-inflamat\u00f3rio<\/p>\n<h2>Uso recomendado:<\/h2>\n<p>Trata-se de uma goma altamente eficaz e \u00e9 recomendada apenas para usu\u00e1rios experientes. Por favor, consuma-o com cautela.<\/p>\n<p>Recomenda-se come\u00e7ar com meia goma para avaliar a pot\u00eancia antes de consumir uma goma inteira. N\u00e3o \u00e9 adequado para consumo por menores de idade, mulheres gr\u00e1vidas ou para a opera\u00e7\u00e3o de equipamentos pesados.<\/p>\n<p>Armazene em um local fresco e seco por at\u00e9 1 ano. Armazene na geladeira.<\/p>\n<h3>Ingredientes:<\/h3>\n<p>Xarope de milho, a\u00e7\u00facar, \u00e1gua, mistura de pectina, agente desbastador, \u00e1cido c\u00edtrico, aroma natural, corante artificial (\u00e1gua deionizada filtrada, propilenoglicol, FD&amp;C Red 40, \u00e1cido c\u00edtrico, benzoato de s\u00f3dio), \u00f3leo vegetal e lecitina de girassol para evitar n\u00e1useas. Cont\u00e9m derivados de c\u00e2nhamo <a href=\"https:\/\/m.youtube.com\/watch?v=l-0JbnWAtCs&amp;pp=ygUWI2hpZ2hxdWFsaXR5aGhjZ3VtbWllcw%3D%3D\" target=\"_blank\" rel=\"noopener\">Delta 8 THC<\/a>Delta 10 THC derivado do c\u00e2nhamo, HHC derivado do c\u00e2nhamo e Delta 9 THC derivado do c\u00e2nhamo.<\/p>\n<h3>Informa\u00e7\u00f5es nutricionais:<\/h3>\n<p>Tamanho da por\u00e7\u00e3o - 1 pe\u00e7a<br \/>\nPor\u00e7\u00f5es por embalagem - 20 unidades<\/p>\n<p>Quantidade por por\u00e7\u00e3o:<br \/>\nCalorias - 25<br \/>\nTotal de carboidratos - 7 g<br \/>\nA\u00e7\u00facar - 4 g, dos quais 4 s\u00e3o de a\u00e7\u00facar adicionado<\/p>\n<p>Conte\u00fado de Delta 8 THC derivado do c\u00e2nhamo - 75 mg<br \/>\nTeor de THC do c\u00e2nhamo delta 9 - 20 mg<br \/>\nTeor de THC do Hemp Delta 10 - 15 mg<br \/>\nConte\u00fado de HHC derivado do c\u00e2nhamo - 90 mg<\/p>","protected":false},"excerpt":{"rendered":"<p>Coquetel de frutas do Caribe (4000 mg de canabinoides no total)<\/p>","protected":false},"featured_media":1250,"comment_status":"open","ping_status":"closed","template":"","meta":{"ocean_post_layout":"","ocean_both_sidebars_style":"","ocean_both_sidebars_content_width":0,"ocean_both_sidebars_sidebars_width":0,"ocean_sidebar":"0","ocean_second_sidebar":"0","ocean_disable_margins":"enable","ocean_add_body_class":"","ocean_shortcode_before_top_bar":"","ocean_shortcode_after_top_bar":"","ocean_shortcode_before_header":"","ocean_shortcode_after_header":"","ocean_has_shortcode":"","ocean_shortcode_after_title":"","ocean_shortcode_before_footer_widgets":"","ocean_shortcode_after_footer_widgets":"","ocean_shortcode_before_footer_bottom":"","ocean_shortcode_after_footer_bottom":"","ocean_display_top_bar":"default","ocean_display_header":"default","ocean_header_style":"","ocean_center_header_left_menu":"0","ocean_custom_header_template":"0","ocean_custom_logo":0,"ocean_custom_retina_logo":0,"ocean_custom_logo_max_width":0,"ocean_custom_logo_tablet_max_width":0,"ocean_custom_logo_mobile_max_width":0,"ocean_custom_logo_max_height":0,"ocean_custom_logo_tablet_max_height":0,"ocean_custom_logo_mobile_max_height":0,"ocean_header_custom_menu":"0","ocean_menu_typo_font_family":"0","ocean_menu_typo_font_subset":"","ocean_menu_typo_font_size":0,"ocean_menu_typo_font_size_tablet":0,"ocean_menu_typo_font_size_mobile":0,"ocean_menu_typo_font_size_unit":"px","ocean_menu_typo_font_weight":"","ocean_menu_typo_font_weight_tablet":"","ocean_menu_typo_font_weight_mobile":"","ocean_menu_typo_transform":"","ocean_menu_typo_transform_tablet":"","ocean_menu_typo_transform_mobile":"","ocean_menu_typo_line_height":0,"ocean_menu_typo_line_height_tablet":0,"ocean_menu_typo_line_height_mobile":0,"ocean_menu_typo_line_height_unit":"","ocean_menu_typo_spacing":0,"ocean_menu_typo_spacing_tablet":0,"ocean_menu_typo_spacing_mobile":0,"ocean_menu_typo_spacing_unit":"","ocean_menu_link_color":"","ocean_menu_link_color_hover":"","ocean_menu_link_color_active":"","ocean_menu_link_background":"","ocean_menu_link_hover_background":"","ocean_menu_link_active_background":"","ocean_menu_social_links_bg":"","ocean_menu_social_hover_links_bg":"","ocean_menu_social_links_color":"","ocean_menu_social_hover_links_color":"","ocean_disable_title":"default","ocean_disable_heading":"default","ocean_post_title":"","ocean_post_subheading":"","ocean_post_title_style":"","ocean_post_title_background_color":"","ocean_post_title_background":0,"ocean_post_title_bg_image_position":"","ocean_post_title_bg_image_attachment":"","ocean_post_title_bg_image_repeat":"","ocean_post_title_bg_image_size":"","ocean_post_title_height":0,"ocean_post_title_bg_overlay":0.5,"ocean_post_title_bg_overlay_color":"","ocean_disable_breadcrumbs":"default","ocean_breadcrumbs_color":"","ocean_breadcrumbs_separator_color":"","ocean_breadcrumbs_links_color":"","ocean_breadcrumbs_links_hover_color":"","ocean_display_footer_widgets":"default","ocean_display_footer_bottom":"default","ocean_custom_footer_template":"0"},"product_brand":[],"product_cat":[61],"product_tag":[69],"class_list":{"0":"post-1249","1":"product","2":"type-product","3":"status-publish","4":"has-post-thumbnail","6":"product_cat-essbar","7":"product_tag-hhc-gummies","9":"entry","10":"has-media","12":"first","13":"instock","14":"sale","15":"shipping-taxable","16":"purchasable","17":"product-type-simple","18":"has-product-nav","19":"col","20":"span_1_of_3","21":"owp-content-center","22":"owp-thumbs-layout-horizontal","23":"owp-btn-normal","24":"owp-tabs-layout-horizontal"},"_links":{"self":[{"href":"https:\/\/herbalaproach.com\/pt\/wp-json\/wp\/v2\/product\/1249","targetHints":{"allow":["GET"]}}],"collection":[{"href":"https:\/\/herbalaproach.com\/pt\/wp-json\/wp\/v2\/product"}],"about":[{"href":"https:\/\/herbalaproach.com\/pt\/wp-json\/wp\/v2\/types\/product"}],"replies":[{"embeddable":true,"href":"https:\/\/herbalaproach.com\/pt\/wp-json\/wp\/v2\/comments?post=1249"}],"wp:featuredmedia":[{"embeddable":true,"href":"https:\/\/herbalaproach.com\/pt\/wp-json\/wp\/v2\/media\/1250"}],"wp:attachment":[{"href":"https:\/\/herbalaproach.com\/pt\/wp-json\/wp\/v2\/media?parent=1249"}],"wp:term":[{"taxonomy":"product_brand","embeddable":true,"href":"https:\/\/herbalaproach.com\/pt\/wp-json\/wp\/v2\/product_brand?post=1249"},{"taxonomy":"product_cat","embeddable":true,"href":"https:\/\/herbalaproach.com\/pt\/wp-json\/wp\/v2\/product_cat?post=1249"},{"taxonomy":"product_tag","embeddable":true,"href":"https:\/\/herbalaproach.com\/pt\/wp-json\/wp\/v2\/product_tag?post=1249"}],"curies":[{"name":"wp","href":"https:\/\/api.w.org\/{rel}","templated":true}]}}