{"id":1254,"date":"2024-10-25T19:26:22","date_gmt":"2024-10-25T18:26:22","guid":{"rendered":"https:\/\/herbalaproach.com\/?post_type=product&#038;p=1254"},"modified":"2024-10-25T19:31:10","modified_gmt":"2024-10-25T18:31:10","slug":"muscimol-gummies","status":"publish","type":"product","link":"https:\/\/herbalaproach.com\/pt\/product\/muscimol-gummies\/","title":{"rendered":"Gomas de muscimol"},"content":{"rendered":"<p class=\"serp-title\">Gomas de muscimol <a href=\"https:\/\/herbalaproach.com\/pt\/\">Cogumelos m\u00e1gicos<\/a> As gomas de extrato de cogumelo oferecem uma experi\u00eancia \u00fanica gra\u00e7as a uma mistura cuidadosamente elaborada de diferentes cogumelos. Essas gomas foram projetadas para proporcionar uma sensa\u00e7\u00e3o energizante e edificante, tornando-as perfeitas para uma noite divertida ou para uma noite relaxante em casa.<\/p>\n<p>Cada embalagem cont\u00e9m 4 ursinhos de goma, cada um com 8 mg de muscimol, um composto natural conhecido por seus efeitos psicod\u00e9licos, formando uma mistura perfeita para uma experi\u00eancia agrad\u00e1vel e calorosa.<\/p>\n<h2>Propriedades e vantagens das gomas de Muscimol:<\/h2>\n<p>Energizante e edificante: ideal para uma noite divertida ao ar livre ou uma noite relaxante em casa.<\/p>\n<h2>Cont\u00e9m muscimol:<\/h2>\n<p>Cada goma cont\u00e9m 8 mg de muscimol, que \u00e9 respons\u00e1vel pelo efeito caracter\u00edstico dessas gomas.<\/p>\n<h2>Sentidos aprimorados:<\/h2>\n<p>Os usu\u00e1rios relatam uma percep\u00e7\u00e3o alterada de cores, sons, temperaturas e ambientes.<\/p>\n<p>F\u00e1cil de usar: pegue uma goma para uma experi\u00eancia leve ou ambas para uma jornada mais profunda.<\/p>\n<p>Ingredientes naturais:<\/p>\n<p>Ado\u00e7ado com a\u00e7\u00facar e glicose, cont\u00e9m aromatizantes e corantes naturais.<\/p>\n<h2>Instru\u00e7\u00f5es de uso:<\/h2>\n<p>Use uma borracha para uma experi\u00eancia suave e prazerosa que o deixar\u00e1 com uma sensa\u00e7\u00e3o de calor e aconchego. Para uma experi\u00eancia mais intensa, tome as duas borrachas e descubra uma dimens\u00e3o mais profunda de seus sentidos. Certifique-se de estar em um ambiente confort\u00e1vel para aproveitar totalmente o efeito.<\/p>\n<h2>Dicas:<\/h2>\n<h3>Ambiente seguro:<\/h3>\n<p>Certifique-se de estar em um ambiente familiar e seguro, especialmente se voc\u00ea<\/p>\n<p>pegue os dois beb\u00eas de gelatina.<\/p>\n<h2>Sem \u00e1lcool:<\/h2>\n<p>Evite combinar essas gomas com \u00e1lcool, pois isso pode levar a uma intera\u00e7\u00e3o negativa com o extrato de cogumelo.<br \/>\nComece devagar: se estiver tomando Muscimol pela primeira vez, comece com uma dose de <a href=\"https:\/\/www.youtube.com\/watch?v=8lDobfGQKO0\" target=\"_blank\" rel=\"noopener\">Gomas de mascar<\/a>para ver como seu corpo reage.<\/p>","protected":false},"excerpt":{"rendered":"<p>Muscimol gummies Magic Mushrooms Gummies mit Pilzextrakt bieten ein einzigartiges Erlebnis dank einer sorgf\u00e4ltig zusammengestellten Mischung aus verschiedenen Pilzen. Diese Gummis wurden entwickelt, um ein energiegeladenes und erhebendes Gef\u00fchl zu vermitteln, was sie perfekt f\u00fcr einen lustigen Abend im Freien oder einen entspannten Abend zu Hause macht. Jede Packung enth\u00e4lt 4 Gummib\u00e4rchen mit je 8 [&hellip;]<\/p>\n","protected":false},"featured_media":1255,"comment_status":"open","ping_status":"closed","template":"","meta":{"ocean_post_layout":"","ocean_both_sidebars_style":"","ocean_both_sidebars_content_width":0,"ocean_both_sidebars_sidebars_width":0,"ocean_sidebar":"0","ocean_second_sidebar":"0","ocean_disable_margins":"enable","ocean_add_body_class":"","ocean_shortcode_before_top_bar":"","ocean_shortcode_after_top_bar":"","ocean_shortcode_before_header":"","ocean_shortcode_after_header":"","ocean_has_shortcode":"","ocean_shortcode_after_title":"","ocean_shortcode_before_footer_widgets":"","ocean_shortcode_after_footer_widgets":"","ocean_shortcode_before_footer_bottom":"","ocean_shortcode_after_footer_bottom":"","ocean_display_top_bar":"default","ocean_display_header":"default","ocean_header_style":"","ocean_center_header_left_menu":"0","ocean_custom_header_template":"0","ocean_custom_logo":0,"ocean_custom_retina_logo":0,"ocean_custom_logo_max_width":0,"ocean_custom_logo_tablet_max_width":0,"ocean_custom_logo_mobile_max_width":0,"ocean_custom_logo_max_height":0,"ocean_custom_logo_tablet_max_height":0,"ocean_custom_logo_mobile_max_height":0,"ocean_header_custom_menu":"0","ocean_menu_typo_font_family":"0","ocean_menu_typo_font_subset":"","ocean_menu_typo_font_size":0,"ocean_menu_typo_font_size_tablet":0,"ocean_menu_typo_font_size_mobile":0,"ocean_menu_typo_font_size_unit":"px","ocean_menu_typo_font_weight":"","ocean_menu_typo_font_weight_tablet":"","ocean_menu_typo_font_weight_mobile":"","ocean_menu_typo_transform":"","ocean_menu_typo_transform_tablet":"","ocean_menu_typo_transform_mobile":"","ocean_menu_typo_line_height":0,"ocean_menu_typo_line_height_tablet":0,"ocean_menu_typo_line_height_mobile":0,"ocean_menu_typo_line_height_unit":"","ocean_menu_typo_spacing":0,"ocean_menu_typo_spacing_tablet":0,"ocean_menu_typo_spacing_mobile":0,"ocean_menu_typo_spacing_unit":"","ocean_menu_link_color":"","ocean_menu_link_color_hover":"","ocean_menu_link_color_active":"","ocean_menu_link_background":"","ocean_menu_link_hover_background":"","ocean_menu_link_active_background":"","ocean_menu_social_links_bg":"","ocean_menu_social_hover_links_bg":"","ocean_menu_social_links_color":"","ocean_menu_social_hover_links_color":"","ocean_disable_title":"default","ocean_disable_heading":"default","ocean_post_title":"","ocean_post_subheading":"","ocean_post_title_style":"","ocean_post_title_background_color":"","ocean_post_title_background":0,"ocean_post_title_bg_image_position":"","ocean_post_title_bg_image_attachment":"","ocean_post_title_bg_image_repeat":"","ocean_post_title_bg_image_size":"","ocean_post_title_height":0,"ocean_post_title_bg_overlay":0.5,"ocean_post_title_bg_overlay_color":"","ocean_disable_breadcrumbs":"default","ocean_breadcrumbs_color":"","ocean_breadcrumbs_separator_color":"","ocean_breadcrumbs_links_color":"","ocean_breadcrumbs_links_hover_color":"","ocean_display_footer_widgets":"default","ocean_display_footer_bottom":"default","ocean_custom_footer_template":"0"},"product_brand":[],"product_cat":[61],"product_tag":[70],"class_list":{"0":"post-1254","1":"product","2":"type-product","3":"status-publish","4":"has-post-thumbnail","6":"product_cat-essbar","7":"product_tag-muscimol-gummies","9":"entry","10":"has-media","12":"first","13":"instock","14":"sale","15":"shipping-taxable","16":"purchasable","17":"product-type-simple","18":"has-product-nav","19":"col","20":"span_1_of_3","21":"owp-content-center","22":"owp-thumbs-layout-horizontal","23":"owp-btn-normal","24":"owp-tabs-layout-horizontal","25":"has-no-thumbnails"},"_links":{"self":[{"href":"https:\/\/herbalaproach.com\/pt\/wp-json\/wp\/v2\/product\/1254","targetHints":{"allow":["GET"]}}],"collection":[{"href":"https:\/\/herbalaproach.com\/pt\/wp-json\/wp\/v2\/product"}],"about":[{"href":"https:\/\/herbalaproach.com\/pt\/wp-json\/wp\/v2\/types\/product"}],"replies":[{"embeddable":true,"href":"https:\/\/herbalaproach.com\/pt\/wp-json\/wp\/v2\/comments?post=1254"}],"wp:featuredmedia":[{"embeddable":true,"href":"https:\/\/herbalaproach.com\/pt\/wp-json\/wp\/v2\/media\/1255"}],"wp:attachment":[{"href":"https:\/\/herbalaproach.com\/pt\/wp-json\/wp\/v2\/media?parent=1254"}],"wp:term":[{"taxonomy":"product_brand","embeddable":true,"href":"https:\/\/herbalaproach.com\/pt\/wp-json\/wp\/v2\/product_brand?post=1254"},{"taxonomy":"product_cat","embeddable":true,"href":"https:\/\/herbalaproach.com\/pt\/wp-json\/wp\/v2\/product_cat?post=1254"},{"taxonomy":"product_tag","embeddable":true,"href":"https:\/\/herbalaproach.com\/pt\/wp-json\/wp\/v2\/product_tag?post=1254"}],"curies":[{"name":"wp","href":"https:\/\/api.w.org\/{rel}","templated":true}]}}