{"id":1364,"date":"2024-11-03T10:20:07","date_gmt":"2024-11-03T09:20:07","guid":{"rendered":"https:\/\/herbalaproach.com\/?post_type=product&#038;p=1364"},"modified":"2026-03-10T08:45:33","modified_gmt":"2026-03-10T07:45:33","slug":"tornado-vape","status":"publish","type":"product","link":"https:\/\/herbalaproach.com\/pt\/product\/tornado-vape\/","title":{"rendered":"Tornado vape"},"content":{"rendered":"<p class=\"serp-title\">Tornado vape, Voc\u00ea j\u00e1 se cansou dos vapes chatos? <a href=\"https:\/\/www.youtube.com\/watch?v=BuOCC3e5o3I\" target=\"_blank\" rel=\"noopener\">Vapes<\/a> com o mesmo pequeno n\u00famero de baforadas? O qu\u00ea? O RandM Tornado 9000 Puffs Disposable Vape agora est\u00e1 dispon\u00edvel exclusivamente em uma enorme sele\u00e7\u00e3o de 48 deliciosos sabores que ir\u00e3o impressionar instantaneamente suas papilas gustativas! Ele vem pr\u00e9-carregado com uma quantidade perfeita de 18 ml de l\u00edquido eletr\u00f4nico, al\u00e9m de ser recarreg\u00e1vel e ter um conector Tipo C para que sua experi\u00eancia de vaporiza\u00e7\u00e3o seja livre de estresse. O 9k RandM tem uma bobina de malha avan\u00e7ada que garante que voc\u00ea n\u00e3o sinta o sabor de queimado. <span class=\"___SText_anxqe-kmt_\" data-ui-name=\"Link.Text\">tornado vape<\/span><\/p>\n<h2><b><strong>Pre\u00e7o exclusivo do RandM Tornado vape Puffs Disposable Vape<\/strong><\/b><\/h2>\n<p>Procurando uma experi\u00eancia de vaporiza\u00e7\u00e3o de alta qualidade, mas com um or\u00e7amento limitado? N\u00e3o abrimos m\u00e3o da qualidade, mas nos preocupamos em proporcionar uma experi\u00eancia de vaporiza\u00e7\u00e3o extraordin\u00e1ria com o 9k RandM Puffs sem cobrar caro por isso. Embora o pre\u00e7o fique ainda mais atraente com os pacotes, n\u00e3o perca os seguintes pacotes de venda quente!<\/p>\n<ul>\n<li><b><strong>Dispon\u00edvel individualmente por apenas \u00a310,99!<\/strong><\/b><\/li>\n<li><b><strong>Pacote com 2 unidades por \u00a319,99<\/strong><\/b><\/li>\n<li><b><strong>O pacote com 5 unidades por apenas \u00a345,99<\/strong><\/b><\/li>\n<li><b><strong>O pacote com 10 unidades por apenas \u00a384,99!<\/strong><\/b><\/li>\n<\/ul>\n<h2><b><strong>ESPECIFICA\u00c7\u00d5ES DO VAPORIZADOR DESCART\u00c1VEL RANDM TORNADO 9000 PUFFS<\/strong><\/b><\/h2>\n<ul>\n<li><b><strong>Mais de 9000 trens<\/strong><\/b><\/li>\n<li><b><strong>48 Variedade de sabores incr\u00edveis<\/strong><\/b><\/li>\n<li><b><strong>Dispositivo recarreg\u00e1vel<\/strong><\/b><\/li>\n<li><b><strong>18 ML de e-l\u00edquido<\/strong><\/b><\/li>\n<li><b><strong>Bateria de 850 mAh<\/strong><\/b><\/li>\n<li><b><strong>Bobina de malha<\/strong><\/b><\/li>\n<li><b><strong>Tela RGB elegante<\/strong><\/b><\/li>\n<\/ul>\n<h2><b><strong>Enorme sele\u00e7\u00e3o de 53 sabores empolgantes para aprimorar seu jogo na nuvem<\/strong><\/b><\/h2>\n<p>Sente-se, a not\u00e1vel variedade de 53 sabores o deixar\u00e1 louco. O que mais voc\u00ea poderia querer? Melhore sua <a href=\"https:\/\/herbalaproach.com\/pt\/\">Jogo de vaporiza\u00e7\u00e3o<\/a>estocando sabores exclusivos para que voc\u00ea possa presentear suas papilas gustativas com uma explos\u00e3o de sucul\u00eancia. Vaporizador Tornado<\/p>\n<ol>\n<li><b><strong>Picol\u00e9<\/strong><\/b><\/li>\n<li><b><strong>Sr. Blue<\/strong><\/b><\/li>\n<li><b><strong>Melancia com morango<\/strong><\/b><\/li>\n<li><b><strong>Refrigerante de laranja<\/strong><\/b><\/li>\n<li><b><strong>Goma de mascar de melancia<\/strong><\/b><\/li>\n<li><b><strong>Balas de arco-\u00edris<\/strong><\/b><\/li>\n<li><b><strong>Limonada rosa<\/strong><\/b><\/li>\n<li><b><strong>P\u00eassego Manga Abacaxi<\/strong><\/b><\/li>\n<li><b><strong>Morango-banana<\/strong><\/b><\/li>\n<li><b><strong>Sorvete delicioso<\/strong><\/b><\/li>\n<li><b><strong>Gelo de drag\u00e3o negro<\/strong><\/b><\/li>\n<li><b><strong>Uva Aloe<\/strong><\/b><\/li>\n<li><b><strong>Sorvete Blue Razz<\/strong><\/b><\/li>\n<li><b><strong>Kiwi Maracuj\u00e1 Goiaba<\/strong><\/b><\/li>\n<li><b><strong>Gomas de mascar<\/strong><\/b><\/li>\n<li><b><strong>Bagas mistas<\/strong><\/b><\/li>\n<li><b><strong>Hortel\u00e3 legal<\/strong><\/b><\/li>\n<li><b><strong>Melancia com framboesa<\/strong><\/b><\/li>\n<li><b><strong>Limonada de p\u00eassego<\/strong><\/b><\/li>\n<li><b><strong>Sorvete de goiaba<\/strong><\/b><\/li>\n<li><b><strong>Limonada de morango<\/strong><\/b><\/li>\n<li><b><strong>Sorvete de sherbet de melancia<\/strong><\/b><\/li>\n<li><b><strong>Creme de banana<\/strong><\/b><\/li>\n<li><b><strong>P\u00eassego e amora<\/strong><\/b><\/li>\n<li><b><strong>Creme de morango<\/strong><\/b><\/li>\n<li><b><strong>Doces azedos<\/strong><\/b><\/li>\n<li><b><strong>Skittles<\/strong><\/b><\/li>\n<li><b><strong>Cereja com g\u00e1s<\/strong><\/b><\/li>\n<li><b><strong>Mirtilo Cereja Cranberry<\/strong><\/b><\/li>\n<li><b><strong>Vimto<\/strong><\/b><\/li>\n<li><b><strong>Cereja<\/strong><\/b><\/li>\n<li><b><strong>Gelo negro<\/strong><\/b><\/li>\n<li><b><strong>Uva<\/strong><\/b><\/li>\n<li><b><strong>Sorvete Bluelicious<\/strong><\/b><\/li>\n<li><b><strong>Gelo de morango<\/strong><\/b><\/li>\n<li><b><strong>Blue Razz Kush<\/strong><\/b><\/li>\n<li><b><strong>Mirtilo e framboesa<\/strong><\/b><\/li>\n<li><b><strong>Blueberry Sour Raspberry<\/strong><\/b><\/li>\n<li><b><strong>Lim\u00e3o e lima<\/strong><\/b><\/li>\n<li><b><strong>Sorvete de morango, framboesa e cereja<\/strong><\/b><\/li>\n<li><b><strong>Manga tripla<\/strong><\/b><\/li>\n<li><b><strong>Abacaxi<\/strong><\/b><\/li>\n<li><b><strong>Limonada de cereja e p\u00eassego<\/strong><\/b><\/li>\n<li><b><strong>Sorvete de mirtilo<\/strong><\/b><\/li>\n<li><b><strong>Sorvete de melancia<\/strong><\/b><\/li>\n<li><b><strong>Sorvete de morango e framboesa<\/strong><\/b><\/li>\n<li><b><strong>Prime Strawberry Watermelon (melancia com morango)<\/strong><\/b><\/li>\n<li><b><strong>Chiclete de morango e melancia<\/strong><\/b><\/li>\n<li><b><strong>Cereja-Berry<\/strong><\/b><\/li>\n<li><b><strong>Sorvete de p\u00eassego de ver\u00e3o<\/strong><\/b><\/li>\n<li><b><strong>Skittles de melancia<\/strong><\/b><\/li>\n<li><b><strong>Manga palha<\/strong><\/b><\/li>\n<li><b><strong>Cola de cereja<\/strong><\/b><\/li>\n<\/ol>\n<p>&nbsp;<\/p>\n<h2><b><strong>Melhore seu jogo de nuvem com o Vape descart\u00e1vel RandM Tornado 9000 Puffs<\/strong><\/b><\/h2>\n<p>O aut\u00eantico RandM Tornado 9000 \u00e9 certamente uma joia na cole\u00e7\u00e3o de vaporizadores descart\u00e1veis da RandM. A enorme capacidade de mais de 9000 puffs com uma bateria recarreg\u00e1vel tornar\u00e1 sua experi\u00eancia melhor do que nunca. Vamos compar\u00e1-lo com os outros vapores descart\u00e1veis do mercado, que t\u00eam um n\u00famero baixo de baforadas e geralmente v\u00eam em uma embalagem inferior, enquanto nosso objetivo \u00e9 proporcionar a melhor jornada de vaporiza\u00e7\u00e3o! A mistura perfeita de sabores frutados e mentolados certamente elevar\u00e1 seu humor. Enquanto o visor premium permite que voc\u00ea acompanhe a \u00faltima tend\u00eancia de flashes RGB. Adquira j\u00e1 o RandM Tornado 9000!<\/p>\n<h2><b><strong>Maior n\u00famero de buffers<\/strong><\/b><\/h2>\n<p>Quer evitar o inc\u00f4modo de trocar o dispositivo depois de apenas algumas tragadas? Pensando em suas necessidades, trazemos o 9k RandM, que oferece mais de 9.000 baforadas para tornar sua jornada vaporizadora saud\u00e1vel.<\/p>\n<h2><b><strong>Tela RGB piscante e moderna<\/strong><\/b><\/h2>\n<p>Queremos que voc\u00ea sempre tenha estilo e nunca se sinta exclu\u00eddo de nenhuma das tend\u00eancias. O RandM de 9k garante que voc\u00ea tenha classe onde quer que v\u00e1. Al\u00e9m disso, voc\u00ea vai adorar a incr\u00edvel tela colorida RGB suave e atraente.<\/p>\n<h2><b><strong>Bateria recarreg\u00e1vel de 850 mAh<\/strong><\/b><\/h2>\n<p>Sempre obtenha o m\u00e1ximo de seu vaporizador descart\u00e1vel. O RandM Tornado 9000 Puffs apresenta uma bateria recarreg\u00e1vel e uma porta Tipo C que permite o carregamento r\u00e1pido, para que voc\u00ea possa aproveitar at\u00e9 o \u00faltimo peda\u00e7o do seu sabor sem desperdi\u00e7ar nada. Vaporizador Tornado<\/p>","protected":false},"excerpt":{"rendered":"<p>Tornado vape, Haben Sie genug von langweiligen Vapes mit der immer gleichen geringen Anzahl an Puffs? Hm? Der RandM Tornado 9000 Puffs Disposable Vape ist jetzt exklusiv in einer riesigen Auswahl von 48 k\u00f6stlichen Geschmacksrichtungen erh\u00e4ltlich, die Ihre Geschmacksnerven sofort zum WOW! Es kommt mit nur eine perfekte Menge von 18 ML vorgef\u00fcllt e Fl\u00fcssigkeit [&hellip;]<\/p>\n","protected":false},"featured_media":1369,"comment_status":"open","ping_status":"closed","template":"","meta":{"ocean_post_layout":"","ocean_both_sidebars_style":"","ocean_both_sidebars_content_width":0,"ocean_both_sidebars_sidebars_width":0,"ocean_sidebar":"0","ocean_second_sidebar":"0","ocean_disable_margins":"enable","ocean_add_body_class":"","ocean_shortcode_before_top_bar":"","ocean_shortcode_after_top_bar":"","ocean_shortcode_before_header":"","ocean_shortcode_after_header":"","ocean_has_shortcode":"","ocean_shortcode_after_title":"","ocean_shortcode_before_footer_widgets":"","ocean_shortcode_after_footer_widgets":"","ocean_shortcode_before_footer_bottom":"","ocean_shortcode_after_footer_bottom":"","ocean_display_top_bar":"default","ocean_display_header":"default","ocean_header_style":"","ocean_center_header_left_menu":"0","ocean_custom_header_template":"0","ocean_custom_logo":0,"ocean_custom_retina_logo":0,"ocean_custom_logo_max_width":0,"ocean_custom_logo_tablet_max_width":0,"ocean_custom_logo_mobile_max_width":0,"ocean_custom_logo_max_height":0,"ocean_custom_logo_tablet_max_height":0,"ocean_custom_logo_mobile_max_height":0,"ocean_header_custom_menu":"0","ocean_menu_typo_font_family":"0","ocean_menu_typo_font_subset":"","ocean_menu_typo_font_size":0,"ocean_menu_typo_font_size_tablet":0,"ocean_menu_typo_font_size_mobile":0,"ocean_menu_typo_font_size_unit":"px","ocean_menu_typo_font_weight":"","ocean_menu_typo_font_weight_tablet":"","ocean_menu_typo_font_weight_mobile":"","ocean_menu_typo_transform":"","ocean_menu_typo_transform_tablet":"","ocean_menu_typo_transform_mobile":"","ocean_menu_typo_line_height":0,"ocean_menu_typo_line_height_tablet":0,"ocean_menu_typo_line_height_mobile":0,"ocean_menu_typo_line_height_unit":"","ocean_menu_typo_spacing":0,"ocean_menu_typo_spacing_tablet":0,"ocean_menu_typo_spacing_mobile":0,"ocean_menu_typo_spacing_unit":"","ocean_menu_link_color":"","ocean_menu_link_color_hover":"","ocean_menu_link_color_active":"","ocean_menu_link_background":"","ocean_menu_link_hover_background":"","ocean_menu_link_active_background":"","ocean_menu_social_links_bg":"","ocean_menu_social_hover_links_bg":"","ocean_menu_social_links_color":"","ocean_menu_social_hover_links_color":"","ocean_disable_title":"default","ocean_disable_heading":"default","ocean_post_title":"","ocean_post_subheading":"","ocean_post_title_style":"","ocean_post_title_background_color":"","ocean_post_title_background":0,"ocean_post_title_bg_image_position":"","ocean_post_title_bg_image_attachment":"","ocean_post_title_bg_image_repeat":"","ocean_post_title_bg_image_size":"","ocean_post_title_height":0,"ocean_post_title_bg_overlay":0.5,"ocean_post_title_bg_overlay_color":"","ocean_disable_breadcrumbs":"default","ocean_breadcrumbs_color":"","ocean_breadcrumbs_separator_color":"","ocean_breadcrumbs_links_color":"","ocean_breadcrumbs_links_hover_color":"","ocean_display_footer_widgets":"default","ocean_display_footer_bottom":"default","ocean_custom_footer_template":"0"},"product_brand":[],"product_cat":[60],"product_tag":[74],"class_list":{"0":"post-1364","1":"product","2":"type-product","3":"status-publish","4":"has-post-thumbnail","6":"product_cat-vapes","7":"product_tag-tornado-vape","9":"entry","10":"has-media","12":"first","13":"instock","14":"sale","15":"shipping-taxable","16":"purchasable","17":"product-type-variable","18":"has-product-nav","19":"col","20":"span_1_of_3","21":"owp-content-center","22":"owp-thumbs-layout-horizontal","23":"owp-btn-normal","24":"owp-tabs-layout-horizontal"},"_links":{"self":[{"href":"https:\/\/herbalaproach.com\/pt\/wp-json\/wp\/v2\/product\/1364","targetHints":{"allow":["GET"]}}],"collection":[{"href":"https:\/\/herbalaproach.com\/pt\/wp-json\/wp\/v2\/product"}],"about":[{"href":"https:\/\/herbalaproach.com\/pt\/wp-json\/wp\/v2\/types\/product"}],"replies":[{"embeddable":true,"href":"https:\/\/herbalaproach.com\/pt\/wp-json\/wp\/v2\/comments?post=1364"}],"wp:featuredmedia":[{"embeddable":true,"href":"https:\/\/herbalaproach.com\/pt\/wp-json\/wp\/v2\/media\/1369"}],"wp:attachment":[{"href":"https:\/\/herbalaproach.com\/pt\/wp-json\/wp\/v2\/media?parent=1364"}],"wp:term":[{"taxonomy":"product_brand","embeddable":true,"href":"https:\/\/herbalaproach.com\/pt\/wp-json\/wp\/v2\/product_brand?post=1364"},{"taxonomy":"product_cat","embeddable":true,"href":"https:\/\/herbalaproach.com\/pt\/wp-json\/wp\/v2\/product_cat?post=1364"},{"taxonomy":"product_tag","embeddable":true,"href":"https:\/\/herbalaproach.com\/pt\/wp-json\/wp\/v2\/product_tag?post=1364"}],"curies":[{"name":"wp","href":"https:\/\/api.w.org\/{rel}","templated":true}]}}