{"id":10,"date":"2024-10-25T22:15:43","date_gmt":"2024-10-25T21:15:43","guid":{"rendered":"https:\/\/herbalaproach.com\/?page_id=10"},"modified":"2024-10-26T00:53:09","modified_gmt":"2024-10-25T23:53:09","slug":"cannabis-legalisierung-deutschland","status":"publish","type":"page","link":"https:\/\/herbalaproach.com\/zh\/cannabis-legalisierung-deutschland\/","title":{"rendered":"\u9000\u6b3e\u548c\u9000\u8d27\u653f\u7b56"},"content":{"rendered":"<p><strong>\u9000\u8d27\u548c\u9000\u6b3e\u653f\u7b56 <a href=\"https:\/\/herbalaproach.com\/zh\/\">HerbalAproach.com<\/a><\/strong><\/p>\n\n\n\n<p>\u5728 HerbalAproach.com\uff0c\u6211\u4eec\u5e0c\u671b\u987e\u5ba2\u5bf9\u8d2d\u4e70\u7684\u4ea7\u54c1\u5b8c\u5168\u6ee1\u610f\u3002\u6211\u4eec\u7684\u9000\u8d27\u548c\u9000\u6b3e\u653f\u7b56\u89c4\u5b9a\u4e86\u9000\u8d27\u548c\u9000\u6b3e\u7684\u6761\u4ef6\u3002\u8bf7\u4ed4\u7ec6\u9605\u8bfb\u672c\u653f\u7b56\uff0c\u5982\u6709\u4efb\u4f55\u7591\u95ee\uff0c\u8bf7\u8054\u7cfb\u6211\u4eec\u3002<\/p>\n\n\n\n<div id=\"ez-toc-container\" class=\"ez-toc-v2_0_82_2 counter-hierarchy ez-toc-counter ez-toc-grey ez-toc-container-direction\">\n<div class=\"ez-toc-title-container\">\n<p class=\"ez-toc-title\" style=\"cursor:inherit\">\u76ee\u5f55<\/p>\n<span class=\"ez-toc-title-toggle\"><a href=\"#\" class=\"ez-toc-pull-right ez-toc-btn ez-toc-btn-xs ez-toc-btn-default ez-toc-toggle\" aria-label=\"\u5207\u6362\u76ee\u5f55\"><span class=\"ez-toc-js-icon-con\"><span class=\"\"><span class=\"eztoc-hide\" style=\"display:none;\">\u5207\u6362<\/span><span class=\"ez-toc-icon-toggle-span\"><svg style=\"fill: #999;color:#999\" xmlns=\"http:\/\/www.w3.org\/2000\/svg\" class=\"list-377408\" width=\"20px\" height=\"20px\" viewbox=\"0 0 24 24\" fill=\"none\"><path d=\"M6 6H4v2h2V6zm14 0H8v2h12V6zM4 11h2v2H4v-2zm16 0H8v2h12v-2zM4 16h2v2H4v-2zm16 0H8v2h12v-2z\" fill=\"currentColor\"><\/path><\/svg><svg style=\"fill: #999;color:#999\" class=\"arrow-unsorted-368013\" xmlns=\"http:\/\/www.w3.org\/2000\/svg\" width=\"10px\" height=\"10px\" viewbox=\"0 0 24 24\" version=\"1.2\" baseprofile=\"tiny\"><path d=\"M18.2 9.3l-6.2-6.3-6.2 6.3c-.2.2-.3.4-.3.7s.1.5.3.7c.2.2.4.3.7.3h11c.3 0 .5-.1.7-.3.2-.2.3-.5.3-.7s-.1-.5-.3-.7zM5.8 14.7l6.2 6.3 6.2-6.3c.2-.2.3-.5.3-.7s-.1-.5-.3-.7c-.2-.2-.4-.3-.7-.3h-11c-.3 0-.5.1-.7.3-.2.2-.3.5-.3.7s.1.5.3.7z\"\/><\/svg><\/span><\/span><\/span><\/a><\/span><\/div>\n<nav><ul class='ez-toc-list ez-toc-list-level-1' ><li class='ez-toc-page-1 ez-toc-heading-level-3'><a class=\"ez-toc-link ez-toc-heading-1\" href=\"https:\/\/herbalaproach.com\/zh\/cannabis-legalisierung-deutschland\/#1_Ruckgabeberechtigung\" >1. \u9000\u8d27\u6388\u6743<\/a><\/li><li class='ez-toc-page-1 ez-toc-heading-level-3'><a class=\"ez-toc-link ez-toc-heading-2\" href=\"https:\/\/herbalaproach.com\/zh\/cannabis-legalisierung-deutschland\/#2_Ruckgabefrist\" >2. \u9000\u8fd8\u671f<\/a><\/li><li class='ez-toc-page-1 ez-toc-heading-level-3'><a class=\"ez-toc-link ez-toc-heading-3\" href=\"https:\/\/herbalaproach.com\/zh\/cannabis-legalisierung-deutschland\/#3_Ruckgabeprozess\" >3. \u8fd4\u56de\u8fc7\u7a0b<\/a><\/li><li class='ez-toc-page-1 ez-toc-heading-level-3'><a class=\"ez-toc-link ez-toc-heading-4\" href=\"https:\/\/herbalaproach.com\/zh\/cannabis-legalisierung-deutschland\/#4_Ruckerstattungen\" >4. \u9000\u6b3e<\/a><\/li><li class='ez-toc-page-1 ez-toc-heading-level-3'><a class=\"ez-toc-link ez-toc-heading-5\" href=\"https:\/\/herbalaproach.com\/zh\/cannabis-legalisierung-deutschland\/#5_Umtausch\" >5. \u4ea4\u6362<\/a><\/li><li class='ez-toc-page-1 ez-toc-heading-level-3'><a class=\"ez-toc-link ez-toc-heading-6\" href=\"https:\/\/herbalaproach.com\/zh\/cannabis-legalisierung-deutschland\/#6_Reduzierte_und_Werbeartikel\" >6. \u51cf\u4ef7\u548c\u4fc3\u9500\u54c1<\/a><\/li><li class='ez-toc-page-1 ez-toc-heading-level-3'><a class=\"ez-toc-link ez-toc-heading-7\" href=\"https:\/\/herbalaproach.com\/zh\/cannabis-legalisierung-deutschland\/#7_Bestellstornierungen\" >7. \u53d6\u6d88\u8ba2\u5355<\/a><\/li><li class='ez-toc-page-1 ez-toc-heading-level-3'><a class=\"ez-toc-link ez-toc-heading-8\" href=\"https:\/\/herbalaproach.com\/zh\/cannabis-legalisierung-deutschland\/#8_Kontaktieren_Sie_uns\" >8. \u8054\u7cfb\u6211\u4eec<\/a><\/li><\/ul><\/nav><\/div>\n<h3 class=\"wp-block-heading\"><span class=\"ez-toc-section\" id=\"1_Ruckgabeberechtigung\"><\/span>1. <strong>\u9000\u8d27\u6388\u6743<\/strong><span class=\"ez-toc-section-end\"><\/span><\/h3>\n\n\n\n<p>\u6211\u4eec\u5728\u4ee5\u4e0b\u60c5\u51b5\u4e0b\u63a5\u53d7\u9000\u8d27\uff1a<\/p>\n\n\n\n<ul class=\"wp-block-list\">\n<li><strong>\u672a\u4f7f\u7528\u7684\u4ea7\u54c1<\/strong>\u9000\u8d27\u4ea7\u54c1\u5fc5\u987b\u4f7f\u7528\u672a\u5f00\u5c01\u7684\u539f\u5305\u88c5\u3002\u4f7f\u7528\u8fc7\u3001\u6253\u5f00\u8fc7\u6216\u4ee5\u4efb\u4f55\u65b9\u5f0f\u6539\u52a8\u8fc7\u7684\u4ea7\u54c1\u4e0d\u5f97\u9000\u8d27\u3002<\/li>\n\n\n\n<li><strong>\u635f\u574f\u6216\u6709\u95ee\u9898\u7684\u7269\u54c1<\/strong>\u5982\u679c\u5546\u54c1\u9001\u8fbe\u65f6\u51fa\u73b0\u635f\u574f\u6216\u6545\u969c\uff0c\u8bf7\u7acb\u5373\u8054\u7cfb\u6211\u4eec\u3002\u6211\u4eec\u5c06\u6307\u5bfc\u60a8\u5982\u4f55\u9000\u8d27\uff0c\u5e76\u627f\u62c5\u9000\u8d27\u8fd0\u8d39\u3002<\/li>\n\n\n\n<li><strong>\u9519\u8bef\u7684\u4ea7\u54c1<\/strong>\u5982\u679c\u60a8\u6536\u5230\u4e0d\u6b63\u786e\u7684\u5546\u54c1\uff0c\u8bf7\u5728\u6536\u8d27\u540e 7 \u5929\u5185\u901a\u77e5\u6211\u4eec\uff0c\u6211\u4eec\u5c06\u5b89\u6392\u6362\u8d27\u6216\u9000\u6b3e\u3002<\/li>\n<\/ul>\n\n\n\n<h3 class=\"wp-block-heading\"><span class=\"ez-toc-section\" id=\"2_Ruckgabefrist\"><\/span>2. <strong>\u8fd4\u56de\u671f<\/strong><span class=\"ez-toc-section-end\"><\/span><\/h3>\n\n\n\n<p>\u8981\u83b7\u5f97\u9000\u8d27\u8d44\u683c\uff0c\u60a8\u5fc5\u987b\u5728\u4ee5\u4e0b\u65f6\u95f4\u5185\u63d0\u4ea4\u9000\u8d27\u7533\u8bf7 <strong>14 \u5929<\/strong> \u6536\u5230\u60a8\u7684\u8ba2\u5355\u540e\u3002<\/p>\n\n\n\n<h3 class=\"wp-block-heading\"><span class=\"ez-toc-section\" id=\"3_Ruckgabeprozess\"><\/span>3. <strong>\u9000\u8d27\u6d41\u7a0b<\/strong><span class=\"ez-toc-section-end\"><\/span><\/h3>\n\n\n\n<p>\u7533\u8bf7\u9000\u8d27\u7684\u6b65\u9aa4\u5982\u4e0b\uff1a<\/p>\n\n\n\n<ul class=\"wp-block-list\">\n<li><strong>\u8054\u7cfb\u6211\u4eec<\/strong>\u8bf7\u53d1\u9001\u90ae\u4ef6\u81f3 herbalaproach@gmail.com\uff0c\u5e76\u9644\u4e0a\u60a8\u7684\u8ba2\u5355\u53f7\u3001\u95ee\u9898\u63cf\u8ff0\u4ee5\u53ca\u4ea7\u54c1\u7167\u7247\uff08\u5982\u6709\u7f3a\u9677\u6216\u635f\u574f\uff09\u3002<\/li>\n\n\n\n<li><strong>\u6388\u6743\u548c\u6307\u793a<\/strong>\u4e00\u65e6\u9000\u8d27\u83b7\u5f97\u6388\u6743\uff0c\u60a8\u5c06\u6536\u5230\u5982\u4f55\u5c06\u4ea7\u54c1\u9000\u8fd8\u7ed9\u6211\u4eec\u7684\u8bf4\u660e\u3002<\/li>\n\n\n\n<li><strong>\u8fd0\u8d39<\/strong>\u9664\u975e\u4ea7\u54c1\u5728\u6536\u5230\u65f6\u5df2\u635f\u574f\u3001\u6709\u7f3a\u9677\u6216\u4e0d\u6b63\u786e\uff0c\u5426\u5219\u5ba2\u6237\u9700\u627f\u62c5\u9000\u8d27\u8fd0\u8d39\u3002<\/li>\n<\/ul>\n\n\n\n<h3 class=\"wp-block-heading\"><span class=\"ez-toc-section\" id=\"4_Ruckerstattungen\"><\/span>4. <strong>\u9000\u6b3e<\/strong><span class=\"ez-toc-section-end\"><\/span><\/h3>\n\n\n\n<p>\u6536\u5230\u9000\u8d27\u540e\uff0c\u6211\u4eec\u5c06\u8fdb\u884c\u68c0\u67e5\uff0c\u5e76\u901a\u77e5\u60a8\u9000\u6b3e\u72b6\u6001\u3002\u5982\u679c\u83b7\u5f97\u6388\u6743\uff0c\u9000\u6b3e\u5c06\u6309\u4ee5\u4e0b\u65b9\u5f0f\u5904\u7406\uff1a<\/p>\n\n\n\n<ul class=\"wp-block-list\">\n<li><strong>\u539f\u59cb\u4ed8\u6b3e\u65b9\u5f0f<\/strong>\u9000\u6b3e\u5c06\u5728\u4ee5\u4e0b\u65f6\u95f4\u5185\u9000\u8fd8\u81f3\u60a8\u7684\u539f\u59cb\u4ed8\u6b3e\u65b9\u5f0f <strong>5-10 \u4e2a\u5de5\u4f5c\u65e5<\/strong>.<\/li>\n\n\n\n<li><strong>\u90e8\u5206\u9000\u6b3e<\/strong>\u5bf9\u4e8e\u56e0\u5904\u7406\u4e0d\u5f53\u800c\u635f\u574f\u7684\u9000\u8fd8\u7269\u54c1\uff0c\u6211\u4eec\u53ef\u914c\u60c5\u7ed9\u4e88\u90e8\u5206\u9000\u6b3e\u3002<\/li>\n\n\n\n<li><strong>\u4e0d\u9000\u6b3e\u9879\u76ee<\/strong>\u5305\u62ec\u793c\u54c1\u5361\u548c\u4fc3\u9500\u54c1\u5728\u5185\u7684\u67d0\u4e9b\u7269\u54c1\u4e0d\u53ef\u9000\u6b3e\u3002<\/li>\n<\/ul>\n\n\n\n<h3 class=\"wp-block-heading\"><span class=\"ez-toc-section\" id=\"5_Umtausch\"><\/span>5. <strong>\u4ea4\u6d41<\/strong><span class=\"ez-toc-section-end\"><\/span><\/h3>\n\n\n\n<p>\u5982\u679c\u60a8\u60f3\u66f4\u6362\u5546\u54c1\uff0c\u8bf7\u6309\u7167\u4e0a\u8ff0\u9000\u8d27\u6d41\u7a0b\uff0c\u91cd\u65b0\u8ba2\u8d2d\u6240\u9700\u7684\u5546\u54c1\u3002<\/p>\n\n\n\n<h3 class=\"wp-block-heading\"><span class=\"ez-toc-section\" id=\"6_Reduzierte_und_Werbeartikel\"><\/span>6. <strong>\u51cf\u4ef7\u548c\u4fc3\u9500\u54c1<\/strong><span class=\"ez-toc-section-end\"><\/span><\/h3>\n\n\n\n<p>\u53ea\u6709\u6b63\u5e38\u5546\u54c1\u53ef\u4ee5\u9000\u6b3e\u3002\u9057\u61be\u7684\u662f\uff0c\u5728\u4fc3\u9500\u671f\u95f4\u6216\u4ee5\u7279\u4ef7\u8d2d\u4e70\u7684\u5546\u54c1\u4e0d\u80fd\u9000\u6b3e\u6216\u6362\u8d27\u3002<\/p>\n\n\n\n<h3 class=\"wp-block-heading\"><span class=\"ez-toc-section\" id=\"7_Bestellstornierungen\"><\/span>7. <strong>\u53d6\u6d88\u8ba2\u5355<\/strong><span class=\"ez-toc-section-end\"><\/span><\/h3>\n\n\n\n<p>\u5982\u679c\u60a8\u9700\u8981\u53d6\u6d88\u8ba2\u5355\uff0c\u8bf7\u5c3d\u5feb\u8054\u7cfb\u6211\u4eec\u3002\u53ea\u6709\u5728\u8ba2\u5355\u5c1a\u672a\u5904\u7406\u6216\u53d1\u8d27\u7684\u60c5\u51b5\u4e0b\u624d\u80fd\u53d6\u6d88\u8ba2\u5355\u3002\u5982\u679c\u8ba2\u5355\u5df2\u7ecf\u53d1\u8d27\uff0c\u5219\u5fc5\u987b\u6309\u7167\u4e0a\u8ff0\u89c4\u5b9a\u8fdb\u884c\u9000\u8d27\u3002<\/p>\n\n\n\n<h3 class=\"wp-block-heading\"><span class=\"ez-toc-section\" id=\"8_Kontaktieren_Sie_uns\"><\/span>8. <strong>\u8054\u7cfb\u6211\u4eec<\/strong><span class=\"ez-toc-section-end\"><\/span><\/h3>\n\n\n\n<p>\u5982\u679c\u60a8\u5bf9\u672c\u9000\u8d27\u548c\u9000\u6b3e\u653f\u7b56\u6709\u4efb\u4f55\u95ee\u9898\u6216\u7591\u8651\uff0c\u8bf7\u901a\u8fc7\u4ee5\u4e0b\u65b9\u5f0f\u8054\u7cfb\u6211\u4eec\uff1a<\/p>\n\n\n\n<ul class=\"wp-block-list\">\n<li><strong>\u7535\u5b50\u90ae\u4ef6<\/strong>: herbalaproach@gmail.com<\/li>\n<\/ul>\n\n\n\n<p>\u5728 HerbalAproach.com \u4e0b\u8ba2\u5355\uff0c\u5373\u8868\u793a\u60a8\u540c\u610f\u672c\u9000\u8d27\u548c\u9000\u6b3e\u653f\u7b56\u7684\u6761\u6b3e\u3002<\/p>","protected":false},"excerpt":{"rendered":"<p>R\u00fcckgabe- und Erstattungsrichtlinie f\u00fcr HerbalAproach.com Bei HerbalAproach.com m\u00f6chten wir, dass unsere Kunden mit ihren Eink\u00e4ufen vollst\u00e4ndig zufrieden sind. Unsere R\u00fcckgabe- und Erstattungsrichtlinie beschreibt die Bedingungen, unter denen R\u00fcckgaben und Erstattungen abgewickelt werden. Bitte lesen Sie diese Richtlinie sorgf\u00e4ltig und kontaktieren Sie uns, wenn Sie Fragen haben. 1. R\u00fcckgabeberechtigung Wir akzeptieren R\u00fcckgaben unter folgenden Bedingungen: 2. [&hellip;]<\/p>\n","protected":false},"author":1,"featured_media":0,"parent":0,"menu_order":0,"comment_status":"closed","ping_status":"closed","template":"","meta":{"ocean_post_layout":"","ocean_both_sidebars_style":"","ocean_both_sidebars_content_width":0,"ocean_both_sidebars_sidebars_width":0,"ocean_sidebar":"","ocean_second_sidebar":"","ocean_disable_margins":"enable","ocean_add_body_class":"","ocean_shortcode_before_top_bar":"","ocean_shortcode_after_top_bar":"","ocean_shortcode_before_header":"","ocean_shortcode_after_header":"","ocean_has_shortcode":"","ocean_shortcode_after_title":"","ocean_shortcode_before_footer_widgets":"","ocean_shortcode_after_footer_widgets":"","ocean_shortcode_before_footer_bottom":"","ocean_shortcode_after_footer_bottom":"","ocean_display_top_bar":"default","ocean_display_header":"default","ocean_header_style":"","ocean_center_header_left_menu":"","ocean_custom_header_template":"","ocean_custom_logo":0,"ocean_custom_retina_logo":0,"ocean_custom_logo_max_width":0,"ocean_custom_logo_tablet_max_width":0,"ocean_custom_logo_mobile_max_width":0,"ocean_custom_logo_max_height":0,"ocean_custom_logo_tablet_max_height":0,"ocean_custom_logo_mobile_max_height":0,"ocean_header_custom_menu":"","ocean_menu_typo_font_family":"","ocean_menu_typo_font_subset":"","ocean_menu_typo_font_size":0,"ocean_menu_typo_font_size_tablet":0,"ocean_menu_typo_font_size_mobile":0,"ocean_menu_typo_font_size_unit":"px","ocean_menu_typo_font_weight":"","ocean_menu_typo_font_weight_tablet":"","ocean_menu_typo_font_weight_mobile":"","ocean_menu_typo_transform":"","ocean_menu_typo_transform_tablet":"","ocean_menu_typo_transform_mobile":"","ocean_menu_typo_line_height":0,"ocean_menu_typo_line_height_tablet":0,"ocean_menu_typo_line_height_mobile":0,"ocean_menu_typo_line_height_unit":"","ocean_menu_typo_spacing":0,"ocean_menu_typo_spacing_tablet":0,"ocean_menu_typo_spacing_mobile":0,"ocean_menu_typo_spacing_unit":"","ocean_menu_link_color":"","ocean_menu_link_color_hover":"","ocean_menu_link_color_active":"","ocean_menu_link_background":"","ocean_menu_link_hover_background":"","ocean_menu_link_active_background":"","ocean_menu_social_links_bg":"","ocean_menu_social_hover_links_bg":"","ocean_menu_social_links_color":"","ocean_menu_social_hover_links_color":"","ocean_disable_title":"default","ocean_disable_heading":"default","ocean_post_title":"","ocean_post_subheading":"","ocean_post_title_style":"","ocean_post_title_background_color":"","ocean_post_title_background":0,"ocean_post_title_bg_image_position":"","ocean_post_title_bg_image_attachment":"","ocean_post_title_bg_image_repeat":"","ocean_post_title_bg_image_size":"","ocean_post_title_height":0,"ocean_post_title_bg_overlay":0.5,"ocean_post_title_bg_overlay_color":"","ocean_disable_breadcrumbs":"default","ocean_breadcrumbs_color":"","ocean_breadcrumbs_separator_color":"","ocean_breadcrumbs_links_color":"","ocean_breadcrumbs_links_hover_color":"","ocean_display_footer_widgets":"default","ocean_display_footer_bottom":"default","ocean_custom_footer_template":"","footnotes":""},"class_list":["post-10","page","type-page","status-publish","hentry","entry","owp-thumbs-layout-horizontal","owp-btn-normal","owp-tabs-layout-horizontal","has-no-thumbnails","has-product-nav"],"_links":{"self":[{"href":"https:\/\/herbalaproach.com\/zh\/wp-json\/wp\/v2\/pages\/10","targetHints":{"allow":["GET"]}}],"collection":[{"href":"https:\/\/herbalaproach.com\/zh\/wp-json\/wp\/v2\/pages"}],"about":[{"href":"https:\/\/herbalaproach.com\/zh\/wp-json\/wp\/v2\/types\/page"}],"author":[{"embeddable":true,"href":"https:\/\/herbalaproach.com\/zh\/wp-json\/wp\/v2\/users\/1"}],"replies":[{"embeddable":true,"href":"https:\/\/herbalaproach.com\/zh\/wp-json\/wp\/v2\/comments?post=10"}],"version-history":[{"count":2,"href":"https:\/\/herbalaproach.com\/zh\/wp-json\/wp\/v2\/pages\/10\/revisions"}],"predecessor-version":[{"id":1297,"href":"https:\/\/herbalaproach.com\/zh\/wp-json\/wp\/v2\/pages\/10\/revisions\/1297"}],"wp:attachment":[{"href":"https:\/\/herbalaproach.com\/zh\/wp-json\/wp\/v2\/media?parent=10"}],"curies":[{"name":"wp","href":"https:\/\/api.w.org\/{rel}","templated":true}]}}