{"id":1254,"date":"2024-10-25T19:26:22","date_gmt":"2024-10-25T18:26:22","guid":{"rendered":"https:\/\/herbalaproach.com\/?post_type=product&#038;p=1254"},"modified":"2024-10-25T19:31:10","modified_gmt":"2024-10-25T18:31:10","slug":"muscimol-gummies","status":"publish","type":"product","link":"https:\/\/herbalaproach.com\/zh\/product\/muscimol-gummies\/","title":{"rendered":"\u9e9d\u9999\u8349\u915a\u8f6f\u7cd6"},"content":{"rendered":"<p class=\"serp-title\">\u9e9d\u9999\u8349\u915a\u8f6f\u7cd6 <a href=\"https:\/\/herbalaproach.com\/zh\/\">\u795e\u5947\u7684\u8611\u83c7<\/a> \u8611\u83c7\u63d0\u53d6\u7269\u8f6f\u7cd6\u7531\u4e0d\u540c\u7684\u8611\u83c7\u7cbe\u5fc3\u6df7\u5408\u800c\u6210\uff0c\u4e3a\u60a8\u5e26\u6765\u72ec\u7279\u7684\u4f53\u9a8c\u3002\u8fd9\u4e9b\u8f6f\u7cd6\u7684\u8bbe\u8ba1\u65e8\u5728\u63d0\u4f9b\u7cbe\u529b\u5145\u6c9b\u3001\u4ee4\u4eba\u632f\u594b\u7684\u611f\u89c9\uff0c\u975e\u5e38\u9002\u5408\u665a\u4e0a\u5916\u51fa\u6e38\u73a9\u6216\u665a\u4e0a\u5728\u5bb6\u653e\u677e\u3002<\/p>\n<p>\u6bcf\u5305\u5305\u542b 4 \u7c92\u5c0f\u718a\u8f6f\u7cd6\uff0c\u6bcf\u7c92\u542b 8 \u6beb\u514b\u9e9d\u9999\u8349\u915a\uff08\u4e00\u79cd\u4ee5\u8ff7\u5e7b\u6548\u679c\u8457\u79f0\u7684\u5929\u7136\u5316\u5408\u7269\uff09\uff0c\u5b8c\u7f8e\u878d\u5408\uff0c\u5e26\u6765\u6109\u60a6\u800c\u6e29\u6696\u7684\u4f53\u9a8c\u3002<\/p>\n<h2>\u9e9d\u9999\u8349\u915a\u8f6f\u7cd6\u7684\u7279\u6027\u548c\u4f18\u52bf\uff1a<\/h2>\n<p>\u5145\u6ee1\u6d3b\u529b\u3001\u4ee4\u4eba\u632f\u594b\uff1a\u662f\u6237\u5916\u5a31\u4e50\u4e4b\u591c\u6216\u5bb6\u4e2d\u4f11\u95f2\u4e4b\u591c\u7684\u7406\u60f3\u4e4b\u9009\u3002<\/p>\n<h2>\u542b\u9e9d\u9999\u8349\u915a\uff1a<\/h2>\n<p>\u6bcf\u9897\u5c0f\u718a\u8f6f\u7cd6\u542b\u6709 8 \u6beb\u514b\u7684\u9e9d\u9999\u8349\u915a\uff0c\u6b63\u662f\u8fd9\u79cd\u6210\u5206\u9020\u5c31\u4e86\u5c0f\u718a\u8f6f\u7cd6\u7684\u72ec\u7279\u6548\u679c\u3002<\/p>\n<h2>\u589e\u5f3a\u611f\u5b98<\/h2>\n<p>\u7528\u6237\u62a5\u544a\u8bf4\uff0c\u4ed6\u4eec\u5bf9\u989c\u8272\u3001\u58f0\u97f3\u3001\u6e29\u5ea6\u548c\u73af\u5883\u7684\u611f\u77e5\u90fd\u53d1\u751f\u4e86\u6539\u53d8\u3002<\/p>\n<p>\u4f7f\u7528\u65b9\u4fbf\uff1a\u5403\u4e00\u9897\u5c0f\u718a\u8f6f\u7cd6\u5c31\u80fd\u83b7\u5f97\u8f7b\u677e\u4f53\u9a8c\uff0c\u5403\u4e24\u9897\u5c0f\u718a\u8f6f\u7cd6\u5c31\u80fd\u83b7\u5f97\u66f4\u6df1\u5c42\u6b21\u7684\u65c5\u7a0b\u3002<\/p>\n<p>\u5929\u7136\u6210\u5206<\/p>\n<p>\u7528\u7cd6\u548c\u8461\u8404\u7cd6\u8c03\u751c\uff0c\u542b\u5929\u7136\u9999\u6599\u548c\u8272\u7d20\u3002<\/p>\n<h2>\u4f7f\u7528\u8bf4\u660e<\/h2>\n<p>\u4f7f\u7528\u4e00\u5757\u6a61\u80f6\u53ef\u5e26\u6765\u6e29\u548c\u3001\u6109\u60a6\u7684\u4f53\u9a8c\uff0c\u8ba9\u60a8\u611f\u89c9\u6e29\u6696\u8212\u9002\u3002\u5982\u679c\u60f3\u83b7\u5f97\u66f4\u5f3a\u70c8\u7684\u4f53\u9a8c\uff0c\u53ef\u540c\u65f6\u670d\u7528\u4e24\u7247\uff0c\u63a2\u7d22\u66f4\u6df1\u5c42\u6b21\u7684\u611f\u5b98\u611f\u53d7\u3002\u8bf7\u786e\u4fdd\u60a8\u5904\u4e8e\u8212\u9002\u7684\u73af\u5883\u4e2d\uff0c\u4ee5\u5145\u5206\u4eab\u53d7\u5176\u6548\u679c\u3002<\/p>\n<h2>\u5c0f\u8d34\u58eb<\/h2>\n<h3>\u5b89\u5168\u7684\u73af\u5883<\/h3>\n<p>\u786e\u4fdd\u60a8\u5904\u4e8e\u719f\u6089\u548c\u5b89\u5168\u7684\u73af\u5883\u4e2d\uff0c\u5c24\u5176\u662f\u5728\u4ee5\u4e0b\u60c5\u51b5\u4e0b<\/p>\n<p>\u628a\u4e24\u4e2a\u679c\u51bb\u5b9d\u5b9d\u90fd\u5e26\u8d70<\/p>\n<h2>\u4e0d\u996e\u9152\uff1a<\/h2>\n<p>\u907f\u514d\u5c06\u8fd9\u4e9b\u5c0f\u718a\u8f6f\u7cd6\u4e0e\u9152\u7cbe\u4e00\u8d77\u98df\u7528\uff0c\u56e0\u4e3a\u8fd9\u4f1a\u5bfc\u81f4\u4e0e\u8611\u83c7\u63d0\u53d6\u7269\u4ea7\u751f\u8d1f\u9762\u4f5c\u7528\u3002<br \/>\n\u6162\u6162\u5f00\u59cb\uff1a\u5982\u679c\u60a8\u662f\u7b2c\u4e00\u6b21\u670d\u7528 Muscimol\uff0c\u8bf7\u4ece\u4ee5\u4e0b\u5242\u91cf\u5f00\u59cb <a href=\"https:\/\/www.youtube.com\/watch?v=8lDobfGQKO0\" target=\"_blank\" rel=\"noopener\">\u5c0f\u718a\u8f6f\u7cd6<\/a>\u770b\u770b\u4f60\u7684\u8eab\u4f53\u6709\u4ec0\u4e48\u53cd\u5e94\u3002<\/p>","protected":false},"excerpt":{"rendered":"<p>Muscimol gummies Magic Mushrooms Gummies mit Pilzextrakt bieten ein einzigartiges Erlebnis dank einer sorgf\u00e4ltig zusammengestellten Mischung aus verschiedenen Pilzen. Diese Gummis wurden entwickelt, um ein energiegeladenes und erhebendes Gef\u00fchl zu vermitteln, was sie perfekt f\u00fcr einen lustigen Abend im Freien oder einen entspannten Abend zu Hause macht. Jede Packung enth\u00e4lt 4 Gummib\u00e4rchen mit je 8 [&hellip;]<\/p>\n","protected":false},"featured_media":1255,"comment_status":"open","ping_status":"closed","template":"","meta":{"ocean_post_layout":"","ocean_both_sidebars_style":"","ocean_both_sidebars_content_width":0,"ocean_both_sidebars_sidebars_width":0,"ocean_sidebar":"0","ocean_second_sidebar":"0","ocean_disable_margins":"enable","ocean_add_body_class":"","ocean_shortcode_before_top_bar":"","ocean_shortcode_after_top_bar":"","ocean_shortcode_before_header":"","ocean_shortcode_after_header":"","ocean_has_shortcode":"","ocean_shortcode_after_title":"","ocean_shortcode_before_footer_widgets":"","ocean_shortcode_after_footer_widgets":"","ocean_shortcode_before_footer_bottom":"","ocean_shortcode_after_footer_bottom":"","ocean_display_top_bar":"default","ocean_display_header":"default","ocean_header_style":"","ocean_center_header_left_menu":"0","ocean_custom_header_template":"0","ocean_custom_logo":0,"ocean_custom_retina_logo":0,"ocean_custom_logo_max_width":0,"ocean_custom_logo_tablet_max_width":0,"ocean_custom_logo_mobile_max_width":0,"ocean_custom_logo_max_height":0,"ocean_custom_logo_tablet_max_height":0,"ocean_custom_logo_mobile_max_height":0,"ocean_header_custom_menu":"0","ocean_menu_typo_font_family":"0","ocean_menu_typo_font_subset":"","ocean_menu_typo_font_size":0,"ocean_menu_typo_font_size_tablet":0,"ocean_menu_typo_font_size_mobile":0,"ocean_menu_typo_font_size_unit":"px","ocean_menu_typo_font_weight":"","ocean_menu_typo_font_weight_tablet":"","ocean_menu_typo_font_weight_mobile":"","ocean_menu_typo_transform":"","ocean_menu_typo_transform_tablet":"","ocean_menu_typo_transform_mobile":"","ocean_menu_typo_line_height":0,"ocean_menu_typo_line_height_tablet":0,"ocean_menu_typo_line_height_mobile":0,"ocean_menu_typo_line_height_unit":"","ocean_menu_typo_spacing":0,"ocean_menu_typo_spacing_tablet":0,"ocean_menu_typo_spacing_mobile":0,"ocean_menu_typo_spacing_unit":"","ocean_menu_link_color":"","ocean_menu_link_color_hover":"","ocean_menu_link_color_active":"","ocean_menu_link_background":"","ocean_menu_link_hover_background":"","ocean_menu_link_active_background":"","ocean_menu_social_links_bg":"","ocean_menu_social_hover_links_bg":"","ocean_menu_social_links_color":"","ocean_menu_social_hover_links_color":"","ocean_disable_title":"default","ocean_disable_heading":"default","ocean_post_title":"","ocean_post_subheading":"","ocean_post_title_style":"","ocean_post_title_background_color":"","ocean_post_title_background":0,"ocean_post_title_bg_image_position":"","ocean_post_title_bg_image_attachment":"","ocean_post_title_bg_image_repeat":"","ocean_post_title_bg_image_size":"","ocean_post_title_height":0,"ocean_post_title_bg_overlay":0.5,"ocean_post_title_bg_overlay_color":"","ocean_disable_breadcrumbs":"default","ocean_breadcrumbs_color":"","ocean_breadcrumbs_separator_color":"","ocean_breadcrumbs_links_color":"","ocean_breadcrumbs_links_hover_color":"","ocean_display_footer_widgets":"default","ocean_display_footer_bottom":"default","ocean_custom_footer_template":"0"},"product_brand":[],"product_cat":[61],"product_tag":[70],"class_list":{"0":"post-1254","1":"product","2":"type-product","3":"status-publish","4":"has-post-thumbnail","6":"product_cat-essbar","7":"product_tag-muscimol-gummies","9":"entry","10":"has-media","12":"first","13":"instock","14":"sale","15":"shipping-taxable","16":"purchasable","17":"product-type-simple","18":"has-product-nav","19":"col","20":"span_1_of_3","21":"owp-content-center","22":"owp-thumbs-layout-horizontal","23":"owp-btn-normal","24":"owp-tabs-layout-horizontal","25":"has-no-thumbnails"},"_links":{"self":[{"href":"https:\/\/herbalaproach.com\/zh\/wp-json\/wp\/v2\/product\/1254","targetHints":{"allow":["GET"]}}],"collection":[{"href":"https:\/\/herbalaproach.com\/zh\/wp-json\/wp\/v2\/product"}],"about":[{"href":"https:\/\/herbalaproach.com\/zh\/wp-json\/wp\/v2\/types\/product"}],"replies":[{"embeddable":true,"href":"https:\/\/herbalaproach.com\/zh\/wp-json\/wp\/v2\/comments?post=1254"}],"wp:featuredmedia":[{"embeddable":true,"href":"https:\/\/herbalaproach.com\/zh\/wp-json\/wp\/v2\/media\/1255"}],"wp:attachment":[{"href":"https:\/\/herbalaproach.com\/zh\/wp-json\/wp\/v2\/media?parent=1254"}],"wp:term":[{"taxonomy":"product_brand","embeddable":true,"href":"https:\/\/herbalaproach.com\/zh\/wp-json\/wp\/v2\/product_brand?post=1254"},{"taxonomy":"product_cat","embeddable":true,"href":"https:\/\/herbalaproach.com\/zh\/wp-json\/wp\/v2\/product_cat?post=1254"},{"taxonomy":"product_tag","embeddable":true,"href":"https:\/\/herbalaproach.com\/zh\/wp-json\/wp\/v2\/product_tag?post=1254"}],"curies":[{"name":"wp","href":"https:\/\/api.w.org\/{rel}","templated":true}]}}