{"id":1364,"date":"2024-11-03T10:20:07","date_gmt":"2024-11-03T09:20:07","guid":{"rendered":"https:\/\/herbalaproach.com\/?post_type=product&#038;p=1364"},"modified":"2026-03-10T08:45:33","modified_gmt":"2026-03-10T07:45:33","slug":"tornado-vape","status":"publish","type":"product","link":"https:\/\/herbalaproach.com\/zh\/product\/tornado-vape\/","title":{"rendered":"\u9f99\u5377\u98ce\u6c7d\u6c34"},"content":{"rendered":"<p class=\"serp-title\">\u9f99\u5377\u98ce Vape\uff0c\u60a8\u662f\u5426\u5df2\u7ecf\u538c\u5026\u4e86\u67af\u71e5\u4e4f\u5473\u7684 Vape\uff1f <a href=\"https:\/\/www.youtube.com\/watch?v=BuOCC3e5o3I\" target=\"_blank\" rel=\"noopener\">\u70df\u5634<\/a> \u7528\u540c\u6837\u5c11\u91cf\u7684\u6ce1\u8299\uff1f\u54a6\uff1fRandM Tornado 9000 Puffs Disposable Vape \u73b0\u5df2\u72ec\u5bb6\u53d1\u552e\uff0c\u6709 48 \u79cd\u7f8e\u5473\u53ef\u4f9b\u9009\u62e9\uff0c\u8ba9\u60a8\u7684\u5473\u857e\u77ac\u95f4\u60ca\u8273\uff01\u5b83\u9884\u88c5\u4e86\u9002\u91cf\u7684 18 \u6beb\u5347\u7535\u5b50\u70df\u6db2\uff0c\u53ef\u5145\u7535\uff0c\u5e76\u914d\u6709 Type-C \u63a5\u53e3\uff0c\u8ba9\u60a8\u7684\u5438\u98df\u4f53\u9a8c\u6beb\u65e0\u538b\u529b\u30029k RandM \u5177\u6709\u5148\u8fdb\u7684\u7f51\u72b6\u7ebf\u5708\uff0c\u786e\u4fdd\u60a8\u4e0d\u4f1a\u54c1\u5c1d\u5230\u7126\u5473\u3002 <span class=\"___SText_anxqe-kmt_\" data-ui-name=\"Link.Text\">\u9f99\u5377\u98ce\u6c7d\u6c34<\/span><\/p>\n<h2><b><strong>RandM Tornado vape Puffs \u4e00\u6b21\u6027\u5438\u7ba1\u7684\u72ec\u5bb6\u5b9a\u4ef7<\/strong><\/b><\/h2>\n<p>\u60f3\u8981\u83b7\u5f97\u9ad8\u54c1\u8d28\u7684\u70df\u96fe\u4f53\u9a8c\uff0c\u4f46\u9884\u7b97\u6709\u9650\uff1f\u867d\u7136\u6211\u4eec\u4e0d\u4f1a\u5728\u8d28\u91cf\u4e0a\u6253\u6298\u6263\uff0c\u4f46\u6211\u4eec\u5173\u5fc3\u7684\u662f\u5982\u4f55\u901a\u8fc7 9k RandM Puffs \u4e3a\u60a8\u63d0\u4f9b\u975e\u51e1\u7684\u5438\u98df\u4f53\u9a8c\uff0c\u800c\u4e0d\u4f1a\u5411\u60a8\u6536\u53d6\u9ad8\u6602\u7684\u8d39\u7528 \u867d\u7136\u6346\u7ed1\u9500\u552e\u7684\u4ef7\u683c\u66f4\u4f18\u60e0\uff0c\u4f46\u8bf7\u4e0d\u8981\u9519\u8fc7\u4ee5\u4e0b\u70ed\u9500\u6346\u7ed1\u4ea7\u54c1\uff01<\/p>\n<ul>\n<li><b><strong>\u5355\u4ef6\u552e\u4ef7\u4ec5\u4e3a 10.99 \u82f1\u9551\uff01<\/strong><\/b><\/li>\n<li><b><strong>2 \u5957\u552e\u4ef7 19.99 \u82f1\u9551<\/strong><\/b><\/li>\n<li><b><strong>\u4e94\u4ef6\u5957\u4ec5\u552e 45.99 \u82f1\u9551<\/strong><\/b><\/li>\n<li><b><strong>10 \u5957\u88c5\u4ec5\u552e 84.99 \u82f1\u9551\uff01<\/strong><\/b><\/li>\n<\/ul>\n<h2><b><strong>RANDM TORNADO 9000\u6251\u4e00\u6b21\u6027\u84b8\u9505\u7684\u89c4\u683c<\/strong><\/b><\/h2>\n<ul>\n<li><b><strong>9000 \u591a\u5217\u706b\u8f66<\/strong><\/b><\/li>\n<li><b><strong>48 \u591a\u79cd\u4ee4\u4eba\u60ca\u53f9\u7684\u53e3\u5473<\/strong><\/b><\/li>\n<li><b><strong>\u5145\u7535\u8bbe\u5907<\/strong><\/b><\/li>\n<li><b><strong>18 \u6beb\u5347\u7535\u5b50\u6db2\u4f53<\/strong><\/b><\/li>\n<li><b><strong>850 \u6beb\u5b89\u65f6\u7535\u6c60<\/strong><\/b><\/li>\n<li><b><strong>\u7f51\u72b6\u7ebf\u5708<\/strong><\/b><\/li>\n<li><b><strong>\u4f18\u96c5\u7684 RGB \u663e\u793a\u5c4f<\/strong><\/b><\/li>\n<\/ul>\n<h2><b><strong>53 \u79cd\u4ee4\u4eba\u5174\u594b\u7684\u53e3\u5473\u4f9b\u60a8\u9009\u62e9\uff0c\u4e3a\u60a8\u7684\u4e91\u6e38\u620f\u589e\u8272\u4e0d\u5c11<\/strong><\/b><\/h2>\n<p>\u8bf7\u5750\u597d\uff0c53 \u79cd\u4e0d\u540c\u7684\u53e3\u5473\u4f1a\u8ba9\u4f60\u75af\u72c2\u3002\u60a8\u8fd8\u60f3\u8981\u4ec0\u4e48\u5462\uff1f\u6539\u5584\u60a8\u7684 <a href=\"https:\/\/herbalaproach.com\/zh\/\">\u5438\u70df\u6e38\u620f<\/a>\u901a\u8fc7\u56e4\u79ef\u72ec\u7279\u7684\u53e3\u5473\uff0c\u8ba9\u60a8\u7684\u5473\u857e\u4eab\u53d7\u7206\u70b8\u822c\u7684\u591a\u6c41\u3002\u9f99\u5377\u98ce<\/p>\n<ol>\n<li><b><strong>\u51b0\u68d2<\/strong><\/b><\/li>\n<li><b><strong>\u84dd\u5148\u751f<\/strong><\/b><\/li>\n<li><b><strong>\u8349\u8393\u897f\u74dc<\/strong><\/b><\/li>\n<li><b><strong>\u6a59\u8272\u82cf\u6253\u6c34<\/strong><\/b><\/li>\n<li><b><strong>\u897f\u74dc\u53e3\u9999\u7cd6<\/strong><\/b><\/li>\n<li><b><strong>\u5f69\u8679\u7cd6<\/strong><\/b><\/li>\n<li><b><strong>\u7c89\u7ea2\u67e0\u6aac\u6c34<\/strong><\/b><\/li>\n<li><b><strong>\u6843\u5b50 \u8292\u679c \u83e0\u841d<\/strong><\/b><\/li>\n<li><b><strong>\u8349\u8393\u9999\u8549<\/strong><\/b><\/li>\n<li><b><strong>\u7f8e\u5473\u51b0\u6dc7\u6dcb<\/strong><\/b><\/li>\n<li><b><strong>\u9ed1\u9f99\u51b0<\/strong><\/b><\/li>\n<li><b><strong>\u8461\u8404\u82a6\u835f<\/strong><\/b><\/li>\n<li><b><strong>\u84dd\u7235\u58eb\u51b0\u6dc7\u6dcb<\/strong><\/b><\/li>\n<li><b><strong>\u7315\u7334\u6843 \u767e\u9999\u679c \u756a\u77f3\u69b4<\/strong><\/b><\/li>\n<li><b><strong>\u5c0f\u718a\u8f6f\u7cd6<\/strong><\/b><\/li>\n<li><b><strong>\u6df7\u5408\u6d46\u679c<\/strong><\/b><\/li>\n<li><b><strong>\u6e05\u51c9\u8584\u8377<\/strong><\/b><\/li>\n<li><b><strong>\u8986\u76c6\u5b50\u897f\u74dc<\/strong><\/b><\/li>\n<li><b><strong>\u6843\u5b50\u67e0\u6aac\u6c34<\/strong><\/b><\/li>\n<li><b><strong>\u756a\u77f3\u69b4\u51b0\u6dc7\u6dcb<\/strong><\/b><\/li>\n<li><b><strong>\u8349\u8393\u67e0\u6aac\u6c34<\/strong><\/b><\/li>\n<li><b><strong>\u897f\u74dc\u96ea\u916a\u51b0\u6dc7\u6dcb<\/strong><\/b><\/li>\n<li><b><strong>\u9999\u8549\u5976\u6cb9\u51bb<\/strong><\/b><\/li>\n<li><b><strong>\u6843\u8393<\/strong><\/b><\/li>\n<li><b><strong>\u8349\u8393\u5976\u6cb9<\/strong><\/b><\/li>\n<li><b><strong>\u9178\u5473\u7cd6\u679c<\/strong><\/b><\/li>\n<li><b><strong>Skittles<\/strong><\/b><\/li>\n<li><b><strong>\u78b3\u9178\u6a31\u6843<\/strong><\/b><\/li>\n<li><b><strong>\u84dd\u8393 \u6a31\u6843 \u5c0f\u7ea2\u8393<\/strong><\/b><\/li>\n<li><b><strong>\u7ef4\u59c6\u6258<\/strong><\/b><\/li>\n<li><b><strong>\u6a31\u6843<\/strong><\/b><\/li>\n<li><b><strong>\u9ed1\u51b0<\/strong><\/b><\/li>\n<li><b><strong>\u8461\u8404<\/strong><\/b><\/li>\n<li><b><strong>Bluelicious \u51b0\u6dc7\u6dcb<\/strong><\/b><\/li>\n<li><b><strong>\u8349\u8393\u51b0<\/strong><\/b><\/li>\n<li><b><strong>\u84dd\u8272\u7235\u58eb\u5e93\u4ec0<\/strong><\/b><\/li>\n<li><b><strong>\u84dd\u8393-\u8986\u76c6\u5b50<\/strong><\/b><\/li>\n<li><b><strong>\u84dd\u8393\u9178\u8986\u76c6\u5b50<\/strong><\/b><\/li>\n<li><b><strong>\u67e0\u6aac\u548c\u9178\u6a59<\/strong><\/b><\/li>\n<li><b><strong>\u8349\u8393\u3001\u8986\u76c6\u5b50\u548c\u6a31\u6843\u51b0\u6dc7\u6dcb<\/strong><\/b><\/li>\n<li><b><strong>\u4e09\u91cd\u8292\u679c<\/strong><\/b><\/li>\n<li><b><strong>\u83e0\u841d<\/strong><\/b><\/li>\n<li><b><strong>\u6a31\u6843\u548c\u6843\u5b50\u67e0\u6aac\u6c34<\/strong><\/b><\/li>\n<li><b><strong>\u84dd\u8393\u51b0\u6dc7\u6dcb<\/strong><\/b><\/li>\n<li><b><strong>\u897f\u74dc\u51b0\u6dc7\u6dcb<\/strong><\/b><\/li>\n<li><b><strong>\u8349\u8393\u548c\u8986\u76c6\u5b50\u51b0\u6dc7\u6dcb<\/strong><\/b><\/li>\n<li><b><strong>\u4f18\u8d28\u8349\u8393\u897f\u74dc<\/strong><\/b><\/li>\n<li><b><strong>\u8349\u8393\u548c\u897f\u74dc\u6ce1\u6ce1\u7cd6<\/strong><\/b><\/li>\n<li><b><strong>\u6a31\u6843-\u6d46\u679c<\/strong><\/b><\/li>\n<li><b><strong>\u590f\u65e5\u6c34\u871c\u6843\u51b0\u6dc7\u6dcb<\/strong><\/b><\/li>\n<li><b><strong>\u897f\u74dc\u5f69\u8679\u7cd6<\/strong><\/b><\/li>\n<li><b><strong>\u8349\u8292\u679c<\/strong><\/b><\/li>\n<li><b><strong>\u6a31\u6843\u53ef\u4e50<\/strong><\/b><\/li>\n<\/ol>\n<p>&nbsp;<\/p>\n<h2><b><strong>\u4f7f\u7528 RandM Tornado 9000 Puffs \u4e00\u6b21\u6027\u5438\u7ba1\uff0c\u63d0\u5347\u60a8\u7684\u4e91\u6e38\u620f\u4f53\u9a8c<\/strong><\/b><\/h2>\n<p>\u6b63\u5b97\u7684 RandM Tornado 9000 \u65e0\u7591\u662f RandM \u4e00\u6b21\u6027\u84b8\u53d1\u5668\u7cfb\u5217\u4e2d\u7684\u7470\u5b9d\u30029000+ \u53e3\u7684\u8d85\u5927\u5bb9\u91cf\u548c\u53ef\u5145\u7535\u7535\u6c60\u5c06\u4e3a\u60a8\u5e26\u6765\u524d\u6240\u672a\u6709\u7684\u4f53\u9a8c\u3002\u8ba9\u6211\u4eec\u5c06\u5b83\u4e0e\u5e02\u573a\u4e0a\u7684\u5176\u4ed6\u4e00\u6b21\u6027\u70df\u96fe\u5438\u9644\u5668\u8fdb\u884c\u6bd4\u8f83\uff0c\u5b83\u4eec\u7684\u70df\u96fe\u5438\u9644\u91cf\u8f83\u4f4e\uff0c\u5305\u88c5\u901a\u5e38\u4e5f\u6bd4\u8f83\u52a3\u8d28\uff0c\u800c\u6211\u4eec\u7684\u76ee\u6807\u53ea\u662f\u63d0\u4f9b\u6700\u597d\u7684\u70df\u96fe\u5438\u9644\u4e4b\u65c5\uff01\u679c\u5473\u548c\u8584\u8377\u5473\u5b8c\u7f8e\u878d\u5408\u7684 48 \u79cd\u53e3\u5473\u4e00\u5b9a\u4f1a\u8ba9\u4f60\u5fc3\u60c5\u6109\u60a6\u3002\u4f18\u8d28\u663e\u793a\u5c4f\u8ba9\u60a8\u7d27\u8ddf\u6700\u65b0\u7684 RGB \u95ea\u5149\u6f6e\u6d41\u3002\u73b0\u5728\u5c31\u8d2d\u4e70 RandM Tornado 9000\uff01<\/p>\n<h2><b><strong>\u66f4\u591a\u7f13\u51b2\u533a<\/strong><\/b><\/h2>\n<p>\u60f3\u7701\u53bb\u53ea\u5438\u51e0\u53e3\u5c31\u66f4\u6362\u70df\u5634\u7684\u9ebb\u70e6\u5417\uff1f\u8003\u8651\u5230\u60a8\u7684\u9700\u6c42\uff0c\u6211\u4eec\u5e26\u6765\u4e86 9k RandM\uff0c\u63d0\u4f9b 9000+ \u53e3\u5438\u6570\uff0c\u8ba9\u60a8\u7684\u70df\u8349\u4e4b\u65c5\u66f4\u52a0\u5065\u5eb7\u3002<\/p>\n<h2><b><strong>RGB \u95ea\u70c1\u6f6e\u6d41\u663e\u793a\u5668<\/strong><\/b><\/h2>\n<p>\u6211\u4eec\u603b\u662f\u5e0c\u671b\u60a8\u770b\u8d77\u6765\u5f88\u65f6\u5c1a\uff0c\u6c38\u8fdc\u4e0d\u4f1a\u89c9\u5f97\u81ea\u5df1\u88ab\u4efb\u4f55\u6f6e\u6d41\u6240\u9057\u5fd8\uff0c9K RandM \u786e\u4fdd\u60a8\u65e0\u8bba\u8d70\u5230\u54ea\u91cc\u90fd\u80fd\u7a7f\u51fa\u54c1\u4f4d\uff0c\u6b64\u5916\uff0c\u60a8\u4e00\u5b9a\u4f1a\u7231\u4e0a\u4ee4\u4eba\u60ca\u53f9\u7684 RGB \u5f69\u8272\u6d41\u7545\u593a\u76ee\u663e\u793a\u5c4f\u3002<\/p>\n<h2><b><strong>850 \u6beb\u5b89\u65f6\u5145\u7535\u7535\u6c60<\/strong><\/b><\/h2>\n<p>\u8ba9\u60a8\u7684\u4e00\u6b21\u6027\u84b8\u53d1\u5668\u53d1\u6325\u6700\u5927\u529f\u6548\u3002RandM Tornado 9000 Puffs \u91c7\u7528\u53ef\u5145\u7535\u7535\u6c60\u548c\u53ef\u5feb\u901f\u5145\u7535\u7684 Type-C \u7aef\u53e3\uff0c\u56e0\u6b64\u60a8\u53ef\u4ee5\u5c3d\u60c5\u4eab\u53d7\u6bcf\u4e00\u53e3\u9999\u6c14\uff0c\u800c\u4e0d\u4f1a\u6d6a\u8d39\u3002\u9f99\u5377\u98ce\u5438\u7ba1<\/p>","protected":false},"excerpt":{"rendered":"<p>Tornado vape, Haben Sie genug von langweiligen Vapes mit der immer gleichen geringen Anzahl an Puffs? Hm? Der RandM Tornado 9000 Puffs Disposable Vape ist jetzt exklusiv in einer riesigen Auswahl von 48 k\u00f6stlichen Geschmacksrichtungen erh\u00e4ltlich, die Ihre Geschmacksnerven sofort zum WOW! Es kommt mit nur eine perfekte Menge von 18 ML vorgef\u00fcllt e Fl\u00fcssigkeit [&hellip;]<\/p>\n","protected":false},"featured_media":1369,"comment_status":"open","ping_status":"closed","template":"","meta":{"ocean_post_layout":"","ocean_both_sidebars_style":"","ocean_both_sidebars_content_width":0,"ocean_both_sidebars_sidebars_width":0,"ocean_sidebar":"0","ocean_second_sidebar":"0","ocean_disable_margins":"enable","ocean_add_body_class":"","ocean_shortcode_before_top_bar":"","ocean_shortcode_after_top_bar":"","ocean_shortcode_before_header":"","ocean_shortcode_after_header":"","ocean_has_shortcode":"","ocean_shortcode_after_title":"","ocean_shortcode_before_footer_widgets":"","ocean_shortcode_after_footer_widgets":"","ocean_shortcode_before_footer_bottom":"","ocean_shortcode_after_footer_bottom":"","ocean_display_top_bar":"default","ocean_display_header":"default","ocean_header_style":"","ocean_center_header_left_menu":"0","ocean_custom_header_template":"0","ocean_custom_logo":0,"ocean_custom_retina_logo":0,"ocean_custom_logo_max_width":0,"ocean_custom_logo_tablet_max_width":0,"ocean_custom_logo_mobile_max_width":0,"ocean_custom_logo_max_height":0,"ocean_custom_logo_tablet_max_height":0,"ocean_custom_logo_mobile_max_height":0,"ocean_header_custom_menu":"0","ocean_menu_typo_font_family":"0","ocean_menu_typo_font_subset":"","ocean_menu_typo_font_size":0,"ocean_menu_typo_font_size_tablet":0,"ocean_menu_typo_font_size_mobile":0,"ocean_menu_typo_font_size_unit":"px","ocean_menu_typo_font_weight":"","ocean_menu_typo_font_weight_tablet":"","ocean_menu_typo_font_weight_mobile":"","ocean_menu_typo_transform":"","ocean_menu_typo_transform_tablet":"","ocean_menu_typo_transform_mobile":"","ocean_menu_typo_line_height":0,"ocean_menu_typo_line_height_tablet":0,"ocean_menu_typo_line_height_mobile":0,"ocean_menu_typo_line_height_unit":"","ocean_menu_typo_spacing":0,"ocean_menu_typo_spacing_tablet":0,"ocean_menu_typo_spacing_mobile":0,"ocean_menu_typo_spacing_unit":"","ocean_menu_link_color":"","ocean_menu_link_color_hover":"","ocean_menu_link_color_active":"","ocean_menu_link_background":"","ocean_menu_link_hover_background":"","ocean_menu_link_active_background":"","ocean_menu_social_links_bg":"","ocean_menu_social_hover_links_bg":"","ocean_menu_social_links_color":"","ocean_menu_social_hover_links_color":"","ocean_disable_title":"default","ocean_disable_heading":"default","ocean_post_title":"","ocean_post_subheading":"","ocean_post_title_style":"","ocean_post_title_background_color":"","ocean_post_title_background":0,"ocean_post_title_bg_image_position":"","ocean_post_title_bg_image_attachment":"","ocean_post_title_bg_image_repeat":"","ocean_post_title_bg_image_size":"","ocean_post_title_height":0,"ocean_post_title_bg_overlay":0.5,"ocean_post_title_bg_overlay_color":"","ocean_disable_breadcrumbs":"default","ocean_breadcrumbs_color":"","ocean_breadcrumbs_separator_color":"","ocean_breadcrumbs_links_color":"","ocean_breadcrumbs_links_hover_color":"","ocean_display_footer_widgets":"default","ocean_display_footer_bottom":"default","ocean_custom_footer_template":"0"},"product_brand":[],"product_cat":[60],"product_tag":[74],"class_list":{"0":"post-1364","1":"product","2":"type-product","3":"status-publish","4":"has-post-thumbnail","6":"product_cat-vapes","7":"product_tag-tornado-vape","9":"entry","10":"has-media","12":"first","13":"instock","14":"sale","15":"shipping-taxable","16":"purchasable","17":"product-type-variable","18":"has-product-nav","19":"col","20":"span_1_of_3","21":"owp-content-center","22":"owp-thumbs-layout-horizontal","23":"owp-btn-normal","24":"owp-tabs-layout-horizontal"},"_links":{"self":[{"href":"https:\/\/herbalaproach.com\/zh\/wp-json\/wp\/v2\/product\/1364","targetHints":{"allow":["GET"]}}],"collection":[{"href":"https:\/\/herbalaproach.com\/zh\/wp-json\/wp\/v2\/product"}],"about":[{"href":"https:\/\/herbalaproach.com\/zh\/wp-json\/wp\/v2\/types\/product"}],"replies":[{"embeddable":true,"href":"https:\/\/herbalaproach.com\/zh\/wp-json\/wp\/v2\/comments?post=1364"}],"wp:featuredmedia":[{"embeddable":true,"href":"https:\/\/herbalaproach.com\/zh\/wp-json\/wp\/v2\/media\/1369"}],"wp:attachment":[{"href":"https:\/\/herbalaproach.com\/zh\/wp-json\/wp\/v2\/media?parent=1364"}],"wp:term":[{"taxonomy":"product_brand","embeddable":true,"href":"https:\/\/herbalaproach.com\/zh\/wp-json\/wp\/v2\/product_brand?post=1364"},{"taxonomy":"product_cat","embeddable":true,"href":"https:\/\/herbalaproach.com\/zh\/wp-json\/wp\/v2\/product_cat?post=1364"},{"taxonomy":"product_tag","embeddable":true,"href":"https:\/\/herbalaproach.com\/zh\/wp-json\/wp\/v2\/product_tag?post=1364"}],"curies":[{"name":"wp","href":"https:\/\/api.w.org\/{rel}","templated":true}]}}