{"id":1380,"date":"2024-11-05T22:12:54","date_gmt":"2024-11-05T21:12:54","guid":{"rendered":"https:\/\/herbalaproach.com\/?post_type=product&#038;p=1380"},"modified":"2026-01-12T00:08:07","modified_gmt":"2026-01-11T23:08:07","slug":"lost-mary-vape","status":"publish","type":"product","link":"https:\/\/herbalaproach.com\/zh\/product\/lost-mary-vape\/","title":{"rendered":"lost mary vape\uff08\u4e00\u6b21\u6027 Vape\uff09"},"content":{"rendered":"<p>\u4e22\u5931\u7684 Mary MO20000 Pro Vape \u627e\u5230\u4e86\uff01\u8fd9\u6b3e\u6700\u5148\u8fdb\u7684\u8bbe\u5907\u96c6\u521b\u65b0\u3001\u65f6\u5c1a\u548c\u9ad8\u6027\u80fd\u4e8e\u4e00\u8eab\uff0c\u53ef\u5c06\u60a8\u7684\u5438\u70df\u6e38\u620f\u63a8\u5411\u6781\u81f4\u3002\u8be5\u8bbe\u5907\u91c7\u7528\u7cbe\u5bc6\u7684\u5de5\u7a0b\u6280\u672f\u548c\u4f18\u8d28\u6750\u6599\u5236\u9020\uff0c\u65e8\u5728\u6ee1\u8db3\u65b0\u8001\u70df\u6c11\u7684\u9700\u6c42\u3002\u8ba9\u6211\u4eec\u6765\u770b\u770b Lost Mary vape MO20000 Pro Vape \u5728\u5f53\u4eca\u4f17\u591a\u70df\u5177\u4e2d\u8131\u9896\u800c\u51fa\u7684\u4e3b\u8981\u7279\u70b9\uff1a<\/p>\n<h3>\u4e3b\u8981\u529f\u80fd<\/h3>\n<ul>\n<li><b><strong>\u9ad8\u5bb9\u91cf\u5145\u7535\u7535\u6c60\uff1a<\/strong><\/b> \u8fd9\u6b3e EBDesign \u70df\u5634\u5185\u7f6e 20000mAh \u5f3a\u52b2\u7535\u6c60\u3002\u8fd9\u4f7f\u5f97 Lost Mary MO20000 Pro Vape \u6bcf\u5929\u90fd\u80fd\u4e3a\u60a8\u63d0\u4f9b\u957f\u65f6\u95f4\u7684\u5438\u98df\u4f53\u9a8c\uff0c\u800c\u65e0\u9700\u9891\u7e41\u5145\u7535\u3002\u4ece\u73b0\u5728\u8d77\uff0c\u5fd8\u8bb0\u7535\u6c60\u7535\u91cf\u4e0d\u8db3\u7684\u6050\u60e7\uff0c\u4eab\u53d7\u4e0d\u95f4\u65ad\u7684\u5438\u98df\u4e50\u8da3\u5427\u3002 Lost Mary Vape<\/li>\n<\/ul>\n<ul>\n<li><b><strong>\u7535\u5b50\u6db2\u4f53\u5bb9\u91cf\u5927\uff1a<\/strong><\/b> Lost Mary by EBDesign vape \u7684\u7535\u5b50\u6db2\u4f53\u5bb9\u5668\u5bb9\u91cf\u4e3a 18 \u6beb\u5347\uff0c\u89e3\u51b3\u4e86\u7ecf\u5e38\u6ce8\u6ee1\u7684\u95ee\u9898\uff01\u8ba9\u60a8\u5c3d\u60c5\u4eab\u53d7\u4e0d\u95f4\u65ad\u7684\u7535\u5b50\u70df\uff01\u4f11\u95f2\u5438\u70df\u8005\u548c\u4e91\u6735\u7231\u597d\u8005\u90fd\u4f1a\u540c\u610f......Lost Mary MO20000 Pro \u7684\u5927\u5bb9\u91cf\u7535\u5b50\u70df\u6db2\u786e\u4fdd\u4e86\u4e00\u6b21\u53c8\u4e00\u6b21\u4ee4\u4eba\u6ee1\u610f\u7684\u5438\u70df\u4f53\u9a8c\u3002<\/li>\n<\/ul>\n<ul>\n<li><b><strong>\u529f\u7387\u53ef\u8c03\uff1a<\/strong><\/b> \u53ef\u8c03\u8282\u529f\u7387\u7684 <a href=\"https:\/\/herbalaproach.com\/zh\/\">\u5931\u843d\u7684\u739b\u4e3d MO20000<\/a> Pro \u5141\u8bb8\u60a8\u6839\u636e\u4e2a\u4eba\u559c\u597d\u8c03\u8282\u84b8\u6c7d\u5f3a\u5ea6\u3002\u901a\u8fc7\u8c03\u8282\u529f\u7387\uff0c\u60a8\u53ef\u4ee5\u968f\u65f6\u6539\u53d8\u84b8\u6c7d\u4ea7\u751f\u91cf\u548c\u5473\u9053\u5f3a\u5ea6\uff0c\u8ba9\u60a8\u5b8c\u5168\u638c\u63a7\u81ea\u5df1\u7684\u5438\u70df\u4f53\u9a8c\u3002 \u8ff7\u5931\u7684\u739b\u4e3d Vape<\/li>\n<li><\/li>\n<li>\n<ul>\n<li><b><strong>\u76f4\u89c2\u7684 OLED \u663e\u793a\u5c4f\uff1a<\/strong><\/b> \u901a\u8fc7 Lost Mary MO20000 Pro \u76f4\u89c2\u7684 OLED \u663e\u793a\u5c4f\uff0c\u60a8\u53ef\u4ee5\u968f\u65f6\u4e86\u89e3\u548c\u63a7\u5236\u60c5\u51b5\u3002\u8f7b\u677e\u76d1\u63a7\u7535\u6c60\u5bff\u547d\u3001\u81ea\u5b9a\u4e49\u529f\u7387\u3001\u7ebf\u5708\u7535\u963b\u7b49\uff0c\u4e00\u76ee\u4e86\u7136\u3002\u5b9e\u65f6\u53cd\u9988\uff0c\u6ee1\u8db3\u5f53\u4eca\u8ffd\u6c42\u4f18\u5316\u4f53\u9a8c\u7684\u7535\u5b50\u70df\u53d1\u70e7\u53cb\u7684\u9700\u6c42\u3002<\/li>\n<\/ul>\n<ul>\n<li><b><strong>\u521b\u610f\u5efa\u7b51<\/strong><\/b>Lost Mary MO20000 Pro Vape \u53ef\u4ee5\u7ecf\u53d7\u65e5\u5e38\u9891\u7e41\u4f7f\u7528\u7684\u4e25\u683c\u8003\u9a8c\uff0c\u5176\u8010\u7528\u7684\u7ed3\u6784\u5c06\u4e3a\u60a8\u5e26\u6765\u4fe1\u5fc3\u3001\u6301\u4e45\u7684\u6109\u60a6\u548c\u5b8c\u7f8e\u7684\u6027\u80fd\u3002\u4ece\u575a\u56fa\u7684\u5916\u58f3\u5230\u9ad8\u54c1\u8d28\u7684\u7ec4\u4ef6\uff0c\u8fd9\u6b3e\u8bbe\u5907\u7684\u6bcf\u4e2a\u65b9\u9762\u90fd\u8bbe\u8ba1\u5f97\u975e\u5e38\u53ef\u9760\u8010\u7528\u3002<\/li>\n<\/ul>\n<ul>\n<li><b><strong>\u5b89\u5168\u9884\u9632\u63aa\u65bd\uff1a<\/strong><\/b> \u5f97\u76ca\u4e8e Lost Mary MO20000 Pro \u7684\u5168\u9762\u5b89\u5168\u529f\u80fd\uff0c\u60a8\u53ef\u4ee5\u5b89\u5fc3\u4eab\u53d7\u4e50\u8da3\u3002\u5185\u7f6e\u4fdd\u62a4\u529f\u80fd\u5305\u62ec\u8fc7\u5145\u4fdd\u62a4\u3001\u77ed\u8def\u4fdd\u62a4\u751a\u81f3\u6b20\u538b\u4fdd\u62a4\u3002\u6bcf\u4e00\u53e3\u90fd\u80fd\u5e26\u6765\u5b89\u5168\u3001\u6109\u60a6\u7684\u5438\u98df\u4f53\u9a8c\u3002<\/li>\n<\/ul>\n<ul>\n<li><b><strong>USB-C \u5145\u7535\u65b9\u4fbf\uff1a<\/strong><\/b> \u6709\u4e86 Lost Mary MO20000 Pro \u7684 USB-C \u5145\u7535\u7aef\u53e3\uff0c\u4e00\u5207\u90fd\u53d8\u5f97\u5feb\u6377\u65b9\u4fbf\u3002\u60a8\u4f1a\u7231\u4e0a\u5feb\u901f\u5145\u7535\u65f6\u95f4\uff0c\u56e0\u4e3a\u60a8\u53ef\u4ee5\u82b1\u66f4\u5c11\u7684\u65f6\u95f4\u7b49\u5f85\uff0c\u66f4\u591a\u7684\u65f6\u95f4\u5438\u98df\u3002<\/li>\n<\/ul>\n<h3>Lost Mary Vape \u7684\u5473\u9053\uff1a<\/h3>\n<ul>\n<li><b><strong>\u84dd\u8272\u7235\u58eb\u51b0<\/strong><\/b>\u51c6\u5907\u597d\u4e0e Blue Razz Ice \u4e00\u8d77\u5f00\u59cb\u4e00\u6bb5\u6fc0\u52a8\u4eba\u5fc3\u7684\u65c5\u7a0b\u5427\u3002\u5f15\u4eba\u77a9\u76ee\u7684\u53e3\u5473\u7ec4\u5408\u518d\u73b0\u4e86\u84dd\u8272\u8986\u76c6\u5b50\u7684\u7ecf\u5178\u53e3\u611f\uff0c\u547c\u51fa\u65f6\u7684\u51b0\u51c9\u8584\u8377\u5473\u66f4\u6dfb\u98ce\u5473\u3002\u4eca\u5929\u5c31\u6765\u4e00\u573a\u84dd\u8272\u72c2\u60f3\u4e4b\u65c5\u5427\uff01<\/li>\n<li>\n<ul>\n<li><b><strong>\u9f99\u996e<\/strong><\/b>\u4f7f\u7528 EBDesigns Dragon Drink\uff08\u9f99\u4e4b\u996e\u6599\uff09\u9999\u6c34\uff0c\u4f53\u9a8c\u795e\u79d8\u7684\u5192\u9669\u4e4b\u65c5\u3002\u8fd9\u6b3e\u795e\u5947\u7684 <a href=\"https:\/\/www.youtube.com\/watch?v=WvMLOboFpPY\" target=\"_blank\" rel=\"noopener\">Vape<\/a> \u6355\u6349\u5f02\u56fd\u706b\u9f99\u679c\u7684\u98ce\u5473\uff0c\u5c06\u5176\u72ec\u7279\u7684\u751c\u5473\u4e0e\u70ed\u5e26\u98ce\u60c5\u5b8c\u7f8e\u878d\u5408\u3002\u611f\u53d7\u706b\u9f99\u7684\u65e0\u9650\u6d3b\u529b\uff0c\u8ba9\u60a8\u7684\u5473\u857e\u75d2\u75d2\uff0c\u6b32\u7f62\u4e0d\u80fd\u3002<\/li>\n<\/ul>\n<ul>\n<li><b><strong>\u8fc8\u963f\u5bc6\u9020\u5e01\u5382<\/strong><\/b> \u7ec8\u4e8e\u6709\u4e00\u6b3e\u53e3\u5473\u548c\u4f60\u4e00\u6837\u9177\u4e86\uff01\u73b0\u5728\uff0c\u60a8\u53ef\u4ee5\u4e00\u8fb9\u4f53\u9a8c\u8fc8\u963f\u5bc6\u7684\u591c\u751f\u6d3b\uff0c\u4e00\u8fb9\u4eab\u53d7\u8fd9\u6b3e EB Design \u6c7d\u6c34\u5e26\u6765\u7684\u6e05\u723d\u8584\u8377\u611f\u89c9\uff01\u50cf\u5f53\u5730\u4eba\u4e00\u6837\u54c1\u5c1d\u5357\u6d77\u6ee9\u7684\u70ed\u5e26\u6e05\u65b0\u98ce\u60c5\uff0c\u8fd8\u80fd\u5236\u4f5c\u5c5e\u4e8e\u81ea\u5df1\u7684\u4e91\u6735\uff01<\/li>\n<\/ul>\n<ul>\n<li><b><strong>\u83e0\u841d\u51b0\u6dc7\u6dcb<\/strong><\/b>\u591a\u6c41\u3001\u91d1\u9ec4\u7684\u83e0\u841d\u662f\u4eca\u5929\u7684\u4e3b\u65cb\u5f8b\uff01\u8fd9\u6b3e\u5c9b\u56fd\u6700\u53d7\u6b22\u8fce\u7684\u70df\u8349\u4e2d\u52a0\u5165\u4e86\u4e00\u4e1d\u6e05\u51c9\u7684\u8584\u8377\u9187\uff0c\u5e26\u6765\u6e05\u65b0\u72ec\u7279\u7684\u70df\u8349\u4f53\u9a8c\u3002\u6bcf\u5438\u4e00\u53e3\uff0c\u5c31\u50cf\u5728\u6d77\u6ee9\u4e0a\u555c\u996e\u4e00\u676f\u51b0\u51bb\u83e0\u841d\u9e21\u5c3e\u9152\uff0c\u8ba9\u60a8\u611f\u89c9\u6e05\u51c9\u8212\u723d\uff0c\u7cbe\u795e\u7115\u53d1\u3002<\/li>\n<\/ul>\n<ul>\n<li><b><strong>\u5f69\u8679\u679c\u5b50\u9732<\/strong><\/b> \u9999\u6d53\u7684\u67d1\u6a58\u548c\u5929\u7136\u7684\u751c\u6d46\u679c\u6df7\u5408\u5728\u4e00\u8d77\uff0c\u6bcf\u4e00\u53e3\u90fd\u80fd\u5e26\u6765\u5f3a\u70c8\u7684\u53e3\u611f\uff01\u60f3\u60f3\u5f69\u8679\u8272\u7684\u51b0\u7cd5\uff01\u6bcf\u4e00\u53e3\u6ce1\u8299\u4e2d\u90fd\u6709\u60a8\u513f\u65f6\u6700\u7231\u7684\u5723\u4ee3\uff0c\u8ba9\u60a8\u56de\u5473\u65e0\u7a77\u3002<\/li>\n<\/ul>\n<ul>\n<li><b><strong>\u706b\u7bad\u51b0\u68d2<\/strong><\/b> \u4e0e\u706b\u7bad\u51b0\u68d2\u4e00\u8d77\uff0c\u6765\u4e00\u6b21\u8bb0\u5fc6\u4e4b\u65c5\u3002\u6a31\u6843\u3001\u84dd\u8272\u8986\u76c6\u5b50\u548c\u67e0\u6aac\u7684\u9999\u751c\u53e3\u5473\uff0c\u5c31\u50cf\u6211\u4eec\u90fd\u719f\u6089\u548c\u559c\u7231\u7684\u6807\u5fd7\u6027\u7ea2\u767d\u84dd\u51b0\u68cd\u4e00\u6837\u3002\u8ba9\u590f\u65e5\u7684\u5473\u9053\u5728\u60a8\u7684\u5473\u857e\u4e0a\u98d8\u8361\uff0c\u611f\u53d7\u51b0\u723d\u548c\u5174\u594b\u3002<\/li>\n<\/ul>\n<\/li>\n<\/ul>\n<\/li>\n<\/ul>","protected":false},"excerpt":{"rendered":"<p>Das verlorene Mary MO20000 Pro Vape wurde gefunden! Dieses hochmoderne Ger\u00e4t kombiniert Innovation, Stil und hohe Leistung und bringt Ihr Vaping-Spiel an die Grenze. Hergestellt mit Pr\u00e4zisionstechnik und nur Premium-Materialien, ist dieses Ger\u00e4t entwickelt, um die Bed\u00fcrfnisse der neuen und langj\u00e4hrigen vapers gleicherma\u00dfen zu erf\u00fcllen. Lassen Sie uns einen Blick auf die Hauptmerkmale werfen, die [&hellip;]<\/p>\n","protected":false},"featured_media":1381,"comment_status":"open","ping_status":"closed","template":"","meta":{"ocean_post_layout":"","ocean_both_sidebars_style":"","ocean_both_sidebars_content_width":0,"ocean_both_sidebars_sidebars_width":0,"ocean_sidebar":"0","ocean_second_sidebar":"0","ocean_disable_margins":"enable","ocean_add_body_class":"","ocean_shortcode_before_top_bar":"","ocean_shortcode_after_top_bar":"","ocean_shortcode_before_header":"","ocean_shortcode_after_header":"","ocean_has_shortcode":"","ocean_shortcode_after_title":"","ocean_shortcode_before_footer_widgets":"","ocean_shortcode_after_footer_widgets":"","ocean_shortcode_before_footer_bottom":"","ocean_shortcode_after_footer_bottom":"","ocean_display_top_bar":"default","ocean_display_header":"default","ocean_header_style":"","ocean_center_header_left_menu":"0","ocean_custom_header_template":"0","ocean_custom_logo":0,"ocean_custom_retina_logo":0,"ocean_custom_logo_max_width":0,"ocean_custom_logo_tablet_max_width":0,"ocean_custom_logo_mobile_max_width":0,"ocean_custom_logo_max_height":0,"ocean_custom_logo_tablet_max_height":0,"ocean_custom_logo_mobile_max_height":0,"ocean_header_custom_menu":"0","ocean_menu_typo_font_family":"0","ocean_menu_typo_font_subset":"","ocean_menu_typo_font_size":0,"ocean_menu_typo_font_size_tablet":0,"ocean_menu_typo_font_size_mobile":0,"ocean_menu_typo_font_size_unit":"px","ocean_menu_typo_font_weight":"","ocean_menu_typo_font_weight_tablet":"","ocean_menu_typo_font_weight_mobile":"","ocean_menu_typo_transform":"","ocean_menu_typo_transform_tablet":"","ocean_menu_typo_transform_mobile":"","ocean_menu_typo_line_height":0,"ocean_menu_typo_line_height_tablet":0,"ocean_menu_typo_line_height_mobile":0,"ocean_menu_typo_line_height_unit":"","ocean_menu_typo_spacing":0,"ocean_menu_typo_spacing_tablet":0,"ocean_menu_typo_spacing_mobile":0,"ocean_menu_typo_spacing_unit":"","ocean_menu_link_color":"","ocean_menu_link_color_hover":"","ocean_menu_link_color_active":"","ocean_menu_link_background":"","ocean_menu_link_hover_background":"","ocean_menu_link_active_background":"","ocean_menu_social_links_bg":"","ocean_menu_social_hover_links_bg":"","ocean_menu_social_links_color":"","ocean_menu_social_hover_links_color":"","ocean_disable_title":"default","ocean_disable_heading":"default","ocean_post_title":"","ocean_post_subheading":"","ocean_post_title_style":"","ocean_post_title_background_color":"","ocean_post_title_background":0,"ocean_post_title_bg_image_position":"","ocean_post_title_bg_image_attachment":"","ocean_post_title_bg_image_repeat":"","ocean_post_title_bg_image_size":"","ocean_post_title_height":0,"ocean_post_title_bg_overlay":0.5,"ocean_post_title_bg_overlay_color":"","ocean_disable_breadcrumbs":"default","ocean_breadcrumbs_color":"","ocean_breadcrumbs_separator_color":"","ocean_breadcrumbs_links_color":"","ocean_breadcrumbs_links_hover_color":"","ocean_display_footer_widgets":"default","ocean_display_footer_bottom":"default","ocean_custom_footer_template":"0"},"product_brand":[],"product_cat":[60],"product_tag":[],"class_list":{"0":"post-1380","1":"product","2":"type-product","3":"status-publish","4":"has-post-thumbnail","6":"product_cat-vapes","8":"entry","9":"has-media","11":"first","12":"instock","13":"sale","14":"shipping-taxable","15":"purchasable","16":"product-type-simple","17":"has-product-nav","18":"col","19":"span_1_of_3","20":"owp-content-center","21":"owp-thumbs-layout-horizontal","22":"owp-btn-normal","23":"owp-tabs-layout-horizontal","24":"has-no-thumbnails"},"_links":{"self":[{"href":"https:\/\/herbalaproach.com\/zh\/wp-json\/wp\/v2\/product\/1380","targetHints":{"allow":["GET"]}}],"collection":[{"href":"https:\/\/herbalaproach.com\/zh\/wp-json\/wp\/v2\/product"}],"about":[{"href":"https:\/\/herbalaproach.com\/zh\/wp-json\/wp\/v2\/types\/product"}],"replies":[{"embeddable":true,"href":"https:\/\/herbalaproach.com\/zh\/wp-json\/wp\/v2\/comments?post=1380"}],"wp:featuredmedia":[{"embeddable":true,"href":"https:\/\/herbalaproach.com\/zh\/wp-json\/wp\/v2\/media\/1381"}],"wp:attachment":[{"href":"https:\/\/herbalaproach.com\/zh\/wp-json\/wp\/v2\/media?parent=1380"}],"wp:term":[{"taxonomy":"product_brand","embeddable":true,"href":"https:\/\/herbalaproach.com\/zh\/wp-json\/wp\/v2\/product_brand?post=1380"},{"taxonomy":"product_cat","embeddable":true,"href":"https:\/\/herbalaproach.com\/zh\/wp-json\/wp\/v2\/product_cat?post=1380"},{"taxonomy":"product_tag","embeddable":true,"href":"https:\/\/herbalaproach.com\/zh\/wp-json\/wp\/v2\/product_tag?post=1380"}],"curies":[{"name":"wp","href":"https:\/\/api.w.org\/{rel}","templated":true}]}}